{"id":9914,"date":"2025-03-02T11:59:37","date_gmt":"2025-03-02T03:59:37","guid":{"rendered":"https:\/\/telejammer.com\/jammer-escondido-sn4-g-de-gps-das-4-antenas\/"},"modified":"2025-03-29T16:29:04","modified_gmt":"2025-03-29T08:29:04","slug":"jammer-escondido-sn4-g-de-gps-das-4-antenas","status":"publish","type":"product","link":"https:\/\/telejammer.com\/pt-br\/jammer-escondido-sn4-g-de-gps-das-4-antenas\/","title":{"rendered":"Jammer escondido SN4-G de GPS das 4 antenas"},"content":{"rendered":"<h1>Jammer escondido SN4-G <a href=\"https:\/\/telejammer.com\/hidden-4-antennas-gps-jammer-sn4-g\/\">de GPS das 4 antenas<\/a><\/h1>\n<p>Mini <a href=\"https:\/\/telejammer.com\/hidden-4-antennas-gps-jammer-sn4-g\/\">jammer<\/a> escondido de GPS das 4 antenas, projeto port\u00e1til do banco do poder, bloco GPS\/GSM sinaliza o JAMMER <\/p>\n<p><strong>Especifica\u00e7\u00f5es b\u00e1sicas<\/strong><\/p>\n<p><strong><b>Tipo de sinal de bloqueio<\/b><\/strong>: GPS \/ GLONASS L1 + L2L5 + GSM900 \/ 1800 ou CDMA850 \/ 1900<\/p>\n<p><strong><b>Pot\u00eancia de sa\u00edda<\/b><\/strong>: Total 1.2W,<\/p>\n<p><strong><b>Raio de jam<\/b><\/strong>: 1-10 metros dependem da intensidade do sinal na \u00e1rea de uso.<\/p>\n<p><strong>Fonte de alimenta\u00e7\u00e3o<\/strong>: USB 5V IN ou OUT<\/p>\n<p><strong><b>Sistema de refrigera\u00e7\u00e3o<\/b><\/strong>: design de comunica\u00e7\u00e3o de baixa pot\u00eancia<\/p>\n<p><strong><b>Tempo de trabalho<\/b><\/strong>: Continue trabalhando em torno de 100 minutos<\/p>\n<p><strong><b>Tamanho do produto<\/b><\/strong>: 106x75x23mm<\/p>\n<p><strong><b>Peso do produto<\/b><\/strong>: aprox. 100g<\/p>\n<p><strong><b>Conte\u00fado do Pacote<\/b><\/strong>: Jammer Host x 1, cabo USB x1&amp;nbsp<\/p>\n<p><strong><b>Descri\u00e7\u00e3o do produto:<\/b><\/strong><br \/>\no mini jammer escondido o mais atrasado de GPS GSM das antenas 4, bloco GPS\/GLONASS L1+L2L5+GSM900\/1800 ou CDMA850\/1900, olha do projeto do bolso como o banco do poder do telefone celular, bateria incorporado 2000mAH de Ni-Mh que trabalha mais 1,5 horas.<\/p>\n<p><strong><b>Vantagens:<\/b><\/strong><\/p>\n<p>4 bandas 1,2 W com bateria Ni-Mh 2000Mah, trabalhando em torno de 1,5 horas Suporte ao uso durante o carregamento da bateria.<\/p>\n<p>Raio de blindagem: (1-10) metros a -75dBm com antenas ocultas omni<\/p>\n<p>Pode ser usado no carro diretamente com cabo de carregamento USB<\/p>\n<p>mini design de bolso de antenas ocultas<\/p>\n<p>&nbsp;<\/p>\n<p><strong>Especifica\u00e7\u00e3o:<\/strong><\/p>\n<table>\n<tbody>\n<tr>\n<td rowspan=\"6\" width=\"85\">SN4-G<\/td>\n<td width=\"185\">Bandas<\/td>\n<p> de frequ\u00eancia<\/p>\n<td width=\"128\">Pot\u00eancia de sa\u00edda (W)<\/td>\n<td width=\"154\">Raio de bloqueio<\/td>\n<\/tr>\n<tr>\n<td width=\"185\">GPS\/GLONASS L1<\/td>\n<td width=\"128\">300mW<\/td>\n<td width=\"154\">1-10 medidores<\/td>\n<\/tr>\n<tr>\n<td width=\"185\">\n GPSL2L5<\/td>\n<td width=\"128\">300mW<\/td>\n<td width=\"154\">1-10 medidores<\/td>\n<\/tr>\n<tr>\n<td width=\"185\">GSM 900 ou CDMA850 MHz<\/td>\n<td width=\"128\">300mW<\/td>\n<td width=\"154\">1-5 metros<\/td>\n<\/tr>\n<tr>\n<td width=\"185\">GSM 1800 ou GSM1900 MHz<\/td>\n<td width=\"128\">300mW<\/td>\n<td width=\"154\">1-5 metros<\/td>\n<\/tr>\n<tr>\n<td colspan=\"3\" width=\"467\">Bateria embutida: 3,7 V 2000 mA \/ h Tempo de trabalho: cerca de 100 minutos<\/p>\n<p>Entrada da fonte de alimenta\u00e7\u00e3o: USB 5V Tempo de carga: cerca de 4 horas<\/p>\n<p>Tamanho do produto: 106x75x23mm NW: 100g<\/td>\n<\/tr>\n<tr>\n<td colspan=\"4\" width=\"553\">o raio de bloqueio ainda depende da for\u00e7a do sinal da \u00e1rea de uso.<\/td>\n<\/tr>\n<\/tbody>\n<\/table>\n<p><strong><b>Servi\u00e7o personalizado OEM:<\/b><\/strong><br \/>\nO servi\u00e7o do OEM da serigrafia pode ser oferecido<\/p>\n<p><strong><b>Aplica\u00e7\u00e3o:<\/b><\/strong><br \/>\no Pode ser aplicado em salas de reuni\u00f5es, salas de confer\u00eancias, museus, galerias, teatros, salas de concerto, igrejas, templos, restaurantes, salas de aula, centros de treinamento, f\u00e1bricas, bancos, trens, \u00f4nibus e muito mais Locais que exigem sil\u00eancio, confidencialidade e seguran\u00e7a da informa\u00e7\u00e3o.<\/p>\n","protected":false},"excerpt":{"rendered":"<p>mini jammer escondido de 4 antenas GPS GSM, bloco GPS\/GLONASS L1+L2L5<\/p>\n","protected":false},"featured_media":7636,"comment_status":"open","ping_status":"closed","template":"","meta":{"_acf_changed":false,"_gspb_post_css":""},"product_cat":[172],"product_tag":[685],"product_brands":[],"class_list":{"0":"post-9914","1":"product","2":"type-product","3":"status-publish","4":"has-post-thumbnail","6":"product_cat-gps-jammer-pt-br","7":"product_tag-gps-jammer-pt-br","9":"first","10":"instock","11":"sale","12":"shipping-taxable","13":"purchasable","14":"product-type-simple"},"ct_brands":[],"aioseo_notices":[],"acf":[],"_links":{"self":[{"href":"https:\/\/telejammer.com\/pt-br\/wp-json\/wp\/v2\/product\/9914","targetHints":{"allow":["GET"]}}],"collection":[{"href":"https:\/\/telejammer.com\/pt-br\/wp-json\/wp\/v2\/product"}],"about":[{"href":"https:\/\/telejammer.com\/pt-br\/wp-json\/wp\/v2\/types\/product"}],"replies":[{"embeddable":true,"href":"https:\/\/telejammer.com\/pt-br\/wp-json\/wp\/v2\/comments?post=9914"}],"wp:featuredmedia":[{"embeddable":true,"href":"https:\/\/telejammer.com\/pt-br\/wp-json\/wp\/v2\/media\/7636"}],"wp:attachment":[{"href":"https:\/\/telejammer.com\/pt-br\/wp-json\/wp\/v2\/media?parent=9914"}],"wp:term":[{"taxonomy":"product_cat","embeddable":true,"href":"https:\/\/telejammer.com\/pt-br\/wp-json\/wp\/v2\/product_cat?post=9914"},{"taxonomy":"product_tag","embeddable":true,"href":"https:\/\/telejammer.com\/pt-br\/wp-json\/wp\/v2\/product_tag?post=9914"},{"taxonomy":"product_brands","embeddable":true,"href":"https:\/\/telejammer.com\/pt-br\/wp-json\/wp\/v2\/product_brands?post=9914"}],"curies":[{"name":"wp","href":"https:\/\/api.w.org\/{rel}","templated":true}]}}