{"id":9845,"date":"2025-03-01T10:01:45","date_gmt":"2025-03-01T02:01:45","guid":{"rendered":"https:\/\/telejammer.com\/jammer-portatil-jt16-do-sinal-de-16-antenas\/"},"modified":"2025-03-29T16:17:46","modified_gmt":"2025-03-29T08:17:46","slug":"jammer-portatil-jt16-do-sinal-de-16-antenas","status":"publish","type":"product","link":"https:\/\/telejammer.com\/pt-br\/jammer-portatil-jt16-do-sinal-de-16-antenas\/","title":{"rendered":"Jammer port\u00e1til JT16 do sinal de 16 antenas"},"content":{"rendered":"<h1 class=\"sr-proMainInfo-baseInfoH1 J-baseInfo-name\" data-prod-tag=\"\"><a href=\"https:\/\/telejammer.com\/portable-signal-jammer-jt16\/\">Jammer port\u00e1til do sinal<\/a> de 16 antenas que obstrui todos os sinais do telefone celular, RF, WiFi, sinais de GPS<\/h1>\n<p>1: JT-1680A que protege sinais do telefone celular 2G, 3G, 4G, 5G, e sinais de GPSL1, GPSL2-L5, 2.4GWIFI, 5.2GWIFI, 5.8GWIFI.<\/p>\n<p>2: JT-1680B que protege sinais do telefone celular 2G, 3G, 4G, 5G, e sinais de GPSL1, GPSL2-L5, 2.4GWIFI, 5.2GWIFI, 5.8GWIFI, Lojack.<\/p>\n<p>Este jammer do telefone celular encontra suas necessidades de obstru\u00e7\u00e3o para os tipos afetados os mais comuns da frequ\u00eancia. E o design port\u00e1til facilita o transporte.<\/p>\n<p>3 ventiladores de resfriamento embutidos e dissipador quente maior garantem que o dispositivo funcione de forma segura e cont\u00ednua<\/p>\n<p><strong>Especifica\u00e7\u00f5es:<\/strong><\/p>\n<p>Padr\u00f5es de interface de cobertura:<\/p>\n<p>JT-1680A<\/p>\n<p>Banda 1: CDMA: 850 a 894 MHz<\/p>\n<p>Banda 2: GSM: 925-960MHz<\/p>\n<p>Banda 3: DCS&amp;: PCS: 1,805 -1990MHz<\/p>\n<p>Banda 4: 3G: 2.110-2.170 MHz<\/p>\n<p>Banda 5: Wi-Fi: 2.400 -2.500 MHz<\/p>\n<p>Banda 6: GPSl1: 1570-1580MHz<\/p>\n<p>Banda 7: 4GLTE: 738 -821MHz<\/p>\n<p>Banda 8: 4GWIMAX: 2620-2690MHz<\/p>\n<p>Banda 9: 315: 315MHz<\/p>\n<p>Banda 10: 433: 433MHz<\/p>\n<p>Banda 11: 868: 868MHz<\/p>\n<p>Banda 12: GPSL2-L5: 1170-1280MHz<\/p>\n<p>Banda 13: 5.2G: 5100-5600MHz<\/p>\n<p>Banda 14: 5.8G: 5600 -5900MHz<\/p>\n<p>Banda 15: 5G1: 3300-3600MHz<\/p>\n<p>Banda 16: 5G2: 3600-3800MHz<\/p>\n<p>&nbsp;<\/p>\n<p>JT-1680B<\/p>\n<p>Banda 1: CDMA e GSM: 850 a 960MHz<\/p>\n<p>Banda 2: DCS \ud83d\ude1b CS: 1.805 a 1990 MHz<\/p>\n<p>Banda 3: 3G: 2.110 a 2.170 MHz<\/p>\n<p>Banda 4: Wi-Fi: 2.400 a 2.500 MHz<\/p>\n<p>Banda 5: GPSl1: 1570 a 1580MHz<\/p>\n<p>Banda 6: 4G LTE: 738 a 821 MHz<\/p>\n<p>Banda 7: 4GWIMAX: 2620 a 2690MHz<\/p>\n<p>Banda 8: 315: 315MHz<\/p>\n<p>Banda 9: 433: 433MHz<\/p>\n<p>Banda 10: 868: 868MHz<\/p>\n<p>Banda 11: GPSL2-L5: 1170 a 1280MHz<\/p>\n<p>Banda 12: 5.2G: 5100-5600MHz<\/p>\n<p>Banda 13: 5.8G: 5600 a 5900MHz<\/p>\n<p>Banda 14: 5G1: 3300-3600MHz<\/p>\n<p>Banda 15: 5G2: 3600-3800MHz<\/p>\n<p>Banda 16: Lojack: 165-174MHz<\/p>\n<p><strong>Tamb\u00e9m podemos personalizar as frequ\u00eancias de acordo com diferentes requisitos, n\u00e3o hesite em contactar-nos a qualquer momento!<\/strong><\/p>\n<p><strong>Par\u00e2metros:<\/strong><\/p>\n<p>Pot\u00eancia de sa\u00edda: 16W<\/p>\n<p>Fonte de alimenta\u00e7\u00e3o: AC100-240V a DC12V IN<\/p>\n<p>Conjunto completo Peso: 2,2 KGS<br \/>\nTamanho: 195 * 128 * 58 (n\u00e3o inclui antenas)<\/p>\n<p>Comprimento da antena: 166mm Ganho: 2.0dbi<\/p>\n<p>Raio de blindagem: 10-25 metros at-70dBm (depende da intensidade do sinal na \u00e1rea fornecida)<\/p>\n<p>Bateria: bateria embutida 7.4V \/ 10000mAh<\/p>\n<p>Tempo de trabalho: Mais de 2 horas<\/p>\n<p>Sistema de refrigera\u00e7\u00e3o: radiador de liga de alum\u00ednio de alta efici\u00eancia, 3x ventiladores de resfriamento embutidos<\/p>\n<p><strong>Caracter\u00edstica e vantagens:<\/strong><\/p>\n<p>1. ODM e ordens DO OEM s\u00e3o bem-vindos.<\/p>\n<p>2. design de tamanho pequeno, f\u00e1cil de transportar.<\/p>\n<p>3. Com interruptor DIP, suporte o ajuste ou desligamento de qualquer banda \u00fanica sem influenciar a opera\u00e7\u00e3o das outras bandas.<\/p>\n<p>4. A dist\u00e2ncia de shileding de at\u00e9 25m, depende da intensidade do sinal em uma determinada \u00e1rea.<\/p>\n<p>5. Antenas omnidirecionais externas. toda a freq\u00fc\u00eancia de TX cobriu apenas o link descendente. <\/p>\n<p>6. Equipado com um carregador de carro, que pode ser usado diretamente no carro, a fonte de alimenta\u00e7\u00e3o 12V DC \/ AC tamb\u00e9m est\u00e1 dispon\u00edvel.<\/p>\n<p>7. Bateria recarreg\u00e1vel embutida de 7,4 v 10000 Mah, tempo de trabalho superior a 2 horas.<\/p>\n<p>8. Silkscreen O servi\u00e7o OEM pode ser oferecido.<\/p>\n<p>9. A tela de energia LED pode exibir dados de porcentagem de pot\u00eancia, corrente, tens\u00e3o e corrente de trabalho.<\/p>\n<p><strong>Aplica\u00e7\u00e3o:<\/strong><\/p>\n<p>1.It pode ser aplicado em salas de reuni\u00f5es, salas de confer\u00eancias, museus, galerias, teatros, salas de concerto, igrejas, templos, restaurantes, salas de aula, centros de treinamento, f\u00e1bricas, bancos, trens, \u00f4nibus e muito mais;<\/p>\n<p>2. Para alguns locais de prop\u00f3sito especial, como hospitais, postos de gasolina e muito mais, fa\u00e7a o teste de campo primeiro para garantir que nenhuma interfer\u00eancia aconte\u00e7a na opera\u00e7\u00e3o normal de seus equipamentos e instrumentos.<\/p>\n","protected":false},"excerpt":{"rendered":"<p><strong><a href=\"https:\/\/telejammer.com\/portable-signal-jammer-jt16\/\">Jammer port\u00e1til do sinal de 16 Antennans<\/a> Bloqueando sinais do telefone celular 2G, 3G, 4G, 5G, e GPSL1, GPSL2-L5, 2.4GWIFI, 5.2GWIFI, 5.8GWIFI, sinais de Lojack<\/strong><\/p>\n","protected":false},"featured_media":6835,"comment_status":"open","ping_status":"closed","template":"","meta":{"_acf_changed":false,"_gspb_post_css":""},"product_cat":[187],"product_tag":[365],"product_brands":[],"class_list":{"0":"post-9845","1":"product","2":"type-product","3":"status-publish","4":"has-post-thumbnail","6":"product_cat-handheld-signal-jammer-pt-br","7":"product_tag-16-antennas-pt-br-2","9":"first","10":"instock","11":"sale","12":"shipping-taxable","13":"purchasable","14":"product-type-simple"},"ct_brands":[],"aioseo_notices":[],"acf":[],"_links":{"self":[{"href":"https:\/\/telejammer.com\/pt-br\/wp-json\/wp\/v2\/product\/9845","targetHints":{"allow":["GET"]}}],"collection":[{"href":"https:\/\/telejammer.com\/pt-br\/wp-json\/wp\/v2\/product"}],"about":[{"href":"https:\/\/telejammer.com\/pt-br\/wp-json\/wp\/v2\/types\/product"}],"replies":[{"embeddable":true,"href":"https:\/\/telejammer.com\/pt-br\/wp-json\/wp\/v2\/comments?post=9845"}],"wp:featuredmedia":[{"embeddable":true,"href":"https:\/\/telejammer.com\/pt-br\/wp-json\/wp\/v2\/media\/6835"}],"wp:attachment":[{"href":"https:\/\/telejammer.com\/pt-br\/wp-json\/wp\/v2\/media?parent=9845"}],"wp:term":[{"taxonomy":"product_cat","embeddable":true,"href":"https:\/\/telejammer.com\/pt-br\/wp-json\/wp\/v2\/product_cat?post=9845"},{"taxonomy":"product_tag","embeddable":true,"href":"https:\/\/telejammer.com\/pt-br\/wp-json\/wp\/v2\/product_tag?post=9845"},{"taxonomy":"product_brands","embeddable":true,"href":"https:\/\/telejammer.com\/pt-br\/wp-json\/wp\/v2\/product_brands?post=9845"}],"curies":[{"name":"wp","href":"https:\/\/api.w.org\/{rel}","templated":true}]}}