{"id":9824,"date":"2025-03-01T12:37:45","date_gmt":"2025-03-01T04:37:45","guid":{"rendered":"https:\/\/telejammer.com\/jammer-portatil-jt24-do-sinal-de-24-antenas\/"},"modified":"2025-03-29T16:17:23","modified_gmt":"2025-03-29T08:17:23","slug":"jammer-portatil-jt24-do-sinal-de-24-antenas","status":"publish","type":"product","link":"https:\/\/telejammer.com\/pt-br\/jammer-portatil-jt24-do-sinal-de-24-antenas\/","title":{"rendered":"Jammer port\u00e1til JT24 do sinal de 24 antenas"},"content":{"rendered":"<h1 data-prod-tag=\"\"><a href=\"https:\/\/telejammer.com\/portable-signal-jammer-jt24\/\">Jammer port\u00e1til JT24 do sinal<\/a> de 24 antenas<\/h1>\n<p class=\"sr-proMainInfo-baseInfoH1 J-baseInfo-name\"><a href=\"https:\/\/telejammer.com\/pt-br\/\">Jammer sem fio<\/a> Handheld novo de 24 faixas para sinais de GPS WiFi RF da sala VIP<\/p>\n<p>Este  <a href=\"https:\/\/telejammer.com\/portable-signal-jammer-jt24\/\">jammer do telefone celular<\/a>  atende \u00e0s suas necessidades de bloqueio para os tipos de frequ\u00eancia afetados mais comuns. E o design port\u00e1til facilita o transporte.<\/p>\n<p>3 ventiladores de resfriamento embutidos e dissipador quente maior garantem que o dispositivo funcione de forma segura e cont\u00ednua.<\/p>\n<p><strong>Especifica\u00e7\u00f5es:<\/strong><br \/>\nPadr\u00f5es de interface de cobertura:<br \/>\n JT-24<\/p>\n<p>Banda 1: LOJACK\/VHF: 135-174MHz<br \/>\nBanda 2: GPS L2-L5: 1170-1280MHz<br \/>\nBanda 3: DCS \/ PCS: 1805-1990MHz<br \/>\nBanda 4: RF433: 433 MHz<br \/>\nBanda 5: GPS L1: 1570-1615MHZ<br \/>\nBanda 6: WIFI 2.4G: 2400-2485MHz<br \/>\nBanda 7: 3G: 2110-2170MHz<br \/>\nBanda 8: CDMA\/GSM: 850-960MHz<br \/>\nBanda 9: 4G1: 738-821MHz<br \/>\nBanda 10: RF868: 868MHz<br \/>\nBanda 11: RF315: 315MHz<br \/>\nBanda 12: 3G1: 2010-2035MHz<br \/>\nBanda 13: UHF: 400-470MHz<br \/>\nBanda 14: 4G2: 725-790MHz<br \/>\nBanda 15: 5G1: 3300-3600 MHz<br \/>\nBanda 16: LORA: 900-930MHz<br \/>\nBanda 17: GPS L3-L4: 1370-1390 MHz<br \/>\nBanda 18: WIFI 5.2G: 5100-5680 MHz<\/p>\n<p>Banda 19: 5G2: 3600-3800 MHz<\/p>\n<p>Banda 20: WIFI 5.8G: 5680-5900MHz<\/p>\n<p>Banda 21: 4G: 2620-2690 MHz<\/p>\n<p>Banda 22: 4G4: 2500-2620 MHz<\/p>\n<p>Banda 23: PCS: 1920-1990 MHz<\/p>\n<p>Banda 24: 4G3: 1417-1518 MHz<\/p>\n<p><strong>Tamb\u00e9m podemos personalizar as frequ\u00eancias de acordo com diferentes requisitos, n\u00e3o hesite em contactar-nos a qualquer momento!<\/strong><\/p>\n<p><strong>Par\u00e2metros:<\/strong><\/p>\n<p>Pot\u00eancia de sa\u00edda: 24W<\/p>\n<p>Fonte de alimenta\u00e7\u00e3o: AC100-240V a DC12V 10A IN<\/p>\n<p>Peso do conjunto completo: 3,4 QUILOGRAMAS<\/p>\n<p>Tamanho: 198 * 132 * 68 (n\u00e3o inclui antenas)<\/p>\n<p>Comprimento da antena: 172mm Ganho: 2.0dbi<\/p>\n<p>Raio de blindagem: 10-25 metros at-70dBm (depende da intensidade do sinal na \u00e1rea fornecida)<\/p>\n<p>Bateria: bateria embutida 7.4V \/ 15000mAh<\/p>\n<p>Tempo de trabalho: mais de 90 minutos<\/p>\n<p>Sistema de refrigera\u00e7\u00e3o: Radiador de liga de alum\u00ednio de alta efici\u00eancia, 3x ventiladores de resfriamento embutidos.<\/p>\n<p>&nbsp;<\/p>\n<p><strong>Caracter\u00edstica e vantagens:<\/strong><\/p>\n<p>1. Com antenas omni de ganho de 2,0 dbi mais longas.<\/p>\n<p>2. Com interruptor DIP, apoie o ajuste ou desligue de qualquer banda \u00fanica sem influenciar a opera\u00e7\u00e3o das outras bandas.<\/p>\n<p>3. Pode ser usado no carro diretamente usando o carregador de carro e o carregador AC vem com o pedido.<\/p>\n<p>4. Dentro de 3 ventiladores de resfriamento e design de dissipador de calor maior garantem a opera\u00e7\u00e3o cont\u00ednua do dispositivo.<\/p>\n<p>5. Pressione a tela de energia para verificar facilmente a porcentagem de energia, corrente, tens\u00e3o e dados de corrente de trabalho.<\/p>\n<p>6. Suporta o trabalho durante o carregamento.<\/p>\n<p>7. As ordens do ODM s\u00e3o bem-vindas.<\/p>\n<p>8. O servi\u00e7o do OEM da serigrafia pode ser oferecido.<\/p>\n<p>9. Antenas omnidirecionais externas. toda a freq\u00fc\u00eancia de TX cobriu apenas o link descendente. <\/p>\n<p>10. Design de tamanho pequeno, f\u00e1cil de transportar.<\/p>\n<p>11. A dist\u00e2ncia de shileding at\u00e9 25m, depende da intensidade do sinal em uma determinada \u00e1rea.<\/p>\n<p>12. Bateria recarreg\u00e1vel embutida de 7,4 v 15000 Mah, tempo de trabalho superior a 90 minutos.<\/p>\n<p>&nbsp;<\/p>\n<p><strong>Aplica\u00e7\u00e3o:<\/strong><\/p>\n<p>1.It pode ser aplicado em salas de reuni\u00f5es, salas de confer\u00eancias, museus, galerias, teatros, salas de concerto, igrejas, templos, restaurantes, salas de aula, centros de treinamento, f\u00e1bricas, bancos, trens, \u00f4nibus e muito mais;<\/p>\n<p>2. Para alguns locais de prop\u00f3sito especial, como hospitais, postos de gasolina e muito mais, fa\u00e7a o teste de campo primeiro para garantir que nenhuma interfer\u00eancia aconte\u00e7a na opera\u00e7\u00e3o normal de seus equipamentos e instrumentos.<\/p>\n<p><strong>Garantia: um ano a partir da data de entrega.<\/strong><\/p>\n","protected":false},"excerpt":{"rendered":"<h1 class=\"sr-proMainInfo-baseInfoH1 J-baseInfo-name\" data-prod-tag=\"\">Jammer sem fio Handheld novo de 24 faixas para sinais de GPS WiFi RF<\/h1>\n","protected":false},"featured_media":7024,"comment_status":"open","ping_status":"closed","template":"","meta":{"_acf_changed":false,"_gspb_post_css":""},"product_cat":[187],"product_tag":[317],"product_brands":[],"class_list":{"0":"post-9824","1":"product","2":"type-product","3":"status-publish","4":"has-post-thumbnail","6":"product_cat-handheld-signal-jammer-pt-br","7":"product_tag-24-antennas-pt-br","9":"first","10":"instock","11":"sale","12":"shipping-taxable","13":"purchasable","14":"product-type-simple"},"ct_brands":[],"aioseo_notices":[],"acf":[],"_links":{"self":[{"href":"https:\/\/telejammer.com\/pt-br\/wp-json\/wp\/v2\/product\/9824","targetHints":{"allow":["GET"]}}],"collection":[{"href":"https:\/\/telejammer.com\/pt-br\/wp-json\/wp\/v2\/product"}],"about":[{"href":"https:\/\/telejammer.com\/pt-br\/wp-json\/wp\/v2\/types\/product"}],"replies":[{"embeddable":true,"href":"https:\/\/telejammer.com\/pt-br\/wp-json\/wp\/v2\/comments?post=9824"}],"wp:featuredmedia":[{"embeddable":true,"href":"https:\/\/telejammer.com\/pt-br\/wp-json\/wp\/v2\/media\/7024"}],"wp:attachment":[{"href":"https:\/\/telejammer.com\/pt-br\/wp-json\/wp\/v2\/media?parent=9824"}],"wp:term":[{"taxonomy":"product_cat","embeddable":true,"href":"https:\/\/telejammer.com\/pt-br\/wp-json\/wp\/v2\/product_cat?post=9824"},{"taxonomy":"product_tag","embeddable":true,"href":"https:\/\/telejammer.com\/pt-br\/wp-json\/wp\/v2\/product_tag?post=9824"},{"taxonomy":"product_brands","embeddable":true,"href":"https:\/\/telejammer.com\/pt-br\/wp-json\/wp\/v2\/product_brands?post=9824"}],"curies":[{"name":"wp","href":"https:\/\/api.w.org\/{rel}","templated":true}]}}