{"id":9497,"date":"2025-02-28T17:30:51","date_gmt":"2025-02-28T09:30:51","guid":{"rendered":"https:\/\/telejammer.com\/28-antenas-jammer-j28\/"},"modified":"2025-03-29T16:08:59","modified_gmt":"2025-03-29T08:08:59","slug":"28-antenas-jammer-j28","status":"publish","type":"product","link":"https:\/\/telejammer.com\/pt-br\/28-antenas-jammer-j28\/","title":{"rendered":"28 Antenas Jammer J28"},"content":{"rendered":"<h1>Bom <a href=\"https:\/\/telejammer.com\/28-antennas-jammer-j28\/\">r\u00e1dio<\/a> refrigerando novo Wi-Fi6E Wi-Fi2.4G Wi-Fi5G GPS LOJACK LORA UHF VHF 433 315 868 CDMA G\/M 3G 4G 5G 5G do sinal do telefone celular, exposi\u00e7\u00e3o do LCD da capacidade da bateria, 28 watts que bloqueiam at\u00e9 25m<\/h1>\n<p><strong>Especifica\u00e7\u00f5es b\u00e1sicas<\/strong><\/p>\n<p><strong><b>Tipo de sinal de jam<\/b><\/strong>: J28: Telefone m\u00f3vel de bandas completas 5G \/ 4G \/ 3G \/ 2G + WiFi2.4G \/ 5G + GPSL1-L5 UHF \/ VHF \/ LOJACK + RC433 315 868 + LORA + R\u00e1dio FM + WiFi6E<\/p>\n<p><strong><b>Pot\u00eancia de sa\u00edda<\/b><\/strong>: Total 28W, 1W cada banda com antenas omni de alto ganho<\/p>\n<p><strong><b>Raio de jam<\/b><\/strong>: 2-25meters Ainda depende do sinal de for\u00e7a em determinada \u00e1rea<\/p>\n<p><strong>Fonte de alimenta\u00e7\u00e3o<\/strong>: AC110-240V a DC12V<\/p>\n<p><strong><b>Sistema de refrigera\u00e7\u00e3o<\/b><\/strong>: radiador de liga de alum\u00ednio de alta efici\u00eancia, ventilador de resfriamento embutido 4x<\/p>\n<p><strong><b>Tempo de trabalho<\/b><\/strong>: bateria embutida: 7,4 V \/ 12000 mAh Continue trabalhando: cerca de 80 minutos<strong><b> <\/b><\/strong><\/p>\n<p><strong><b>Tamanho do produto<\/b><\/strong>: 210x133x85mm (sem antena)<\/p>\n<p><strong><b>Peso do produto<\/b><\/strong>: aprox.3,0 kg<\/p>\n<p><strong><b>Conte\u00fado do pacote<\/b><\/strong>: Jammer Host x 1, antena omni x27, carregador AC x1, carregador de carro x1,<\/p>\n<p><strong><b>Adicional <\/b><\/strong>Tamanho do estojo de transporte 340 x 330x 140 mm, 2,0 kg<\/p>\n<p><strong><b>Descri\u00e7\u00e3o do produto:<\/b><\/strong><br \/>\nOs ventiladores de refrigera\u00e7\u00e3o mais grandes novos do radiador 4 projetam 28 faixas port\u00e1teis com o <a href=\"https:\/\/telejammer.com\/pt-br\/\">jammer sem fio<\/a> completo do sinal de 27 antenas, bloqueando todos os tipos de telefones de Android, de tabuletas, de telefones espertos, de iPhones, de telefones etc. da vit\u00f3ria que protegem a G\/M, 3G, 4G 5G, e CDMA 450Mhz, o GPS do bloco, o Glonass, o Beidou, o Wi-Fi 2.4G, o Wi-Fi 5G, o Wi-Fi 6E, os sinais do Walkie-Talkie UHF\/VHF e do RF como 315,  433, 868.915, LORA, LOJACK etc. Tamb\u00e9m \u00e9 um disjuntor de r\u00e1dio FM de 88-108MHz, o display LCD de capacidade da bateria (porcentagem de capacidade, tens\u00e3o \/ corrente de trabalho) \u00e9 popular no mercado. <\/p>\n<p><strong><b> <\/b><\/strong><\/p>\n<p><strong><b>Vantagens:<\/b><\/strong><\/p>\n<p>O primeiro jammer port\u00e1til de 28 faixas do mundo com 27 antenas projeta, obstruindo o r\u00e1dio de FM e o Wi-Fi 6E e todos os sinais do telefone celular 5G 4G 3G 2G LORA LOJACK GPS Wi-Fi RF<\/p>\n<p>28 watts de pot\u00eancia de sa\u00edda alta, faixa de bloqueio de 2 a 25 metros (at-75dBm, depende da intensidade do sinal em determinada \u00e1rea)<\/p>\n<p>Bom sistema de refrigera\u00e7\u00e3o com 4 ventiladores de refrigera\u00e7\u00e3o dentro e dissipador quente maior para um trabalho mais longo.<\/p>\n<p>Com interruptor DIP, pode ligar\/desligar qualquer banda de sinal sem afetar outras bandas<\/p>\n<p>Com carregador de carro DC12V, a fonte de alimenta\u00e7\u00e3o CA tamb\u00e9m est\u00e1 dispon\u00edvel<\/p>\n<p>Com bateria embutida, pode funcionar 80 minutos, carregamento repetido<\/p>\n<p>Visor LCD de capacidade da bateria (porcentagem de capacidade, tens\u00e3o \/ corrente de trabalho)<\/p>\n<p>Embalagem segura e port\u00e1til para op\u00e7\u00e3o<\/p>\n<p><strong><b>Aplica\u00e7\u00e3o:<\/b><\/strong><br \/>\no Pode ser aplicado em salas de reuni\u00f5es, salas de confer\u00eancias, museus, galerias, teatros, salas de concerto, igrejas, templos, restaurantes, salas de aula, centros de treinamento, f\u00e1bricas, bancos, trens, \u00f4nibus e muito mais Locais que exigem sil\u00eancio, confidencialidade e seguran\u00e7a<br \/>\nda informa\u00e7\u00e3o o Para alguns locais de prop\u00f3sito especial, como hospitais, postos de gasolina e muito mais, fa\u00e7a um teste de campo primeiro para garantir que nenhuma interfer\u00eancia ocorra na opera\u00e7\u00e3o normal de seus equipamentos e instrumentos<\/p>\n<p>&nbsp;<\/p>\n<table>\n<tbody>\n<tr>\n<td colspan=\"4\" width=\"551\"><strong><b>Especifica\u00e7\u00f5es t\u00e9cnicas chaves: Jammer de r\u00e1dio de J28 FM&amp;Wi-Fi6E para no mundo inteiro<\/b><\/strong><\/td>\n<\/tr>\n<tr>\n<td width=\"75\"><strong><b>Canal <\/b><\/strong><\/td>\n<td width=\"150\"><strong><b>Porta<\/b><\/strong><\/td>\n<p> de sa\u00edda<\/p>\n<td width=\"150\"><strong><b>Faixa de<\/b><\/strong><\/td>\n<p> frequ\u00eancia<\/p>\n<td width=\"175\"><strong><b>Pot\u00eancia m\u00e9dia de sa\u00edda<\/b><\/strong><\/td>\n<\/tr>\n<tr>\n<td width=\"75\">CH 1<\/td>\n<td width=\"150\">VHF \/ LOJACK<\/td>\n<td width=\"150\">135-175MHz<\/td>\n<td width=\"175\">30\u00b11dBm\/ 1\u00b10.2W<\/td>\n<\/tr>\n<tr>\n<td width=\"75\">CH 2<\/td>\n<td width=\"150\">5G600<\/td>\n<td width=\"150\">617-698MHz<\/td>\n<td width=\"175\">30\u00b11dBm\/ 1\u00b10.2W<\/td>\n<\/tr>\n<tr>\n<td width=\"75\">CH 3<\/td>\n<td width=\"150\">5G3700<\/td>\n<td width=\"150\">3600-3900MHz<\/td>\n<td width=\"175\">30\u00b11dBm\/ 1\u00b10.2W<\/td>\n<\/tr>\n<tr>\n<td width=\"75\">CH 4<\/td>\n<td width=\"150\">3G2100<\/td>\n<td width=\"150\">2110-2180MHZ<\/td>\n<td width=\"175\">30\u00b11dBm\/ 1\u00b10.2W<\/td>\n<\/tr>\n<tr>\n<td width=\"75\">CH 5<\/td>\n<td width=\"150\">RC-868<\/td>\n<td width=\"150\">868MHz<\/td>\n<td width=\"175\">30\u00b11dBm\/ 1\u00b10.2W<\/td>\n<\/tr>\n<tr>\n<td width=\"75\">CH 6<\/td>\n<td width=\"150\">WIFI5.2G 802.11.a<\/td>\n<td width=\"150\">5100-5500MHz<\/td>\n<td width=\"175\">30\u00b11dBm\/ 1\u00b10.2W<\/td>\n<\/tr>\n<tr>\n<td width=\"75\">CH 7<\/td>\n<td width=\"150\">4G2600<\/td>\n<td width=\"150\">2620-2690MHZ<\/td>\n<td width=\"175\">30\u00b11dBm\/ 1\u00b10.2W<\/td>\n<\/tr>\n<tr>\n<td width=\"75\">CH 8<\/td>\n<td width=\"150\">4G800<\/td>\n<td width=\"150\">790-826MHz<\/td>\n<td width=\"175\">30\u00b11dBm\/ 1\u00b10.2W<\/td>\n<\/tr>\n<tr>\n<td width=\"75\">CH 9<\/td>\n<td width=\"150\">R\u00e1dio<\/td>\n<p> FM<\/p>\n<td width=\"150\">80-108MHz<\/td>\n<td width=\"175\">30\u00b11dBm\/ 1\u00b10.2W<\/td>\n<\/tr>\n<tr>\n<td width=\"75\">CH 10<\/td>\n<td width=\"150\">RC-433<\/td>\n<td width=\"150\">433-434MHz<\/td>\n<td width=\"175\">30\u00b11dBm\/ 1\u00b10.2W<\/td>\n<\/tr>\n<tr>\n<td width=\"75\">CH 11<\/td>\n<td width=\"150\">4G700<\/td>\n<td width=\"150\">700-803MHz<\/td>\n<td width=\"175\">30\u00b11dBm\/ 1\u00b10.2W<\/td>\n<\/tr>\n<tr>\n<td width=\"75\">CH 12<\/td>\n<td width=\"150\">GPSL1<\/td>\n<td width=\"150\">1560-1610MHz<\/td>\n<td width=\"175\">30\u00b11dBm\/ 1\u00b10.2W<\/td>\n<\/tr>\n<tr>\n<td width=\"75\">CH 13<\/td>\n<td width=\"150\">LORA\/RC915<\/td>\n<td width=\"150\">900-930MHz<\/td>\n<td width=\"175\">30\u00b11dBm\/ 1\u00b10.2W<\/td>\n<\/tr>\n<tr>\n<td width=\"75\">CH 14<\/td>\n<td width=\"150\">4G2500<\/td>\n<td width=\"150\">2500-2620MHz<\/td>\n<td width=\"175\">30\u00b11dBm\/ 1\u00b10.2W<\/td>\n<\/tr>\n<tr>\n<td width=\"75\">CH 15<\/td>\n<td width=\"150\">\n GPSL2L3L4L5<\/td>\n<td width=\"150\">1170-1390MHz<\/td>\n<td width=\"175\">30\u00b11dBm\/ 1\u00b10.2W<\/td>\n<\/tr>\n<tr>\n<td width=\"75\">CH 16<\/td>\n<td width=\"150\">\n CDMA850<\/td>\n<td width=\"150\">851-894MHZ<\/td>\n<td width=\"175\">30\u00b11dBm\/ 1\u00b10.2W<\/td>\n<\/tr>\n<tr>\n<td width=\"75\">CH 17<\/td>\n<td width=\"150\">4G1700<\/td>\n<td width=\"150\">1710-1780MHz<\/td>\n<td width=\"175\">30\u00b11dBm\/ 1\u00b10.2W<\/td>\n<\/tr>\n<tr>\n<td width=\"75\">CH 18<\/td>\n<td width=\"150\">WIFI 6E 802.11ax<\/td>\n<td width=\"150\">5925\u20136425MHz<\/td>\n<td width=\"175\">30\u00b11dBm\/ 1\u00b10.2W<\/td>\n<\/tr>\n<tr>\n<td width=\"75\">CH 19<\/td>\n<td width=\"150\">RC-315<\/td>\n<td width=\"150\">315MHz<\/td>\n<td width=\"175\">30\u00b11dBm\/ 1\u00b10.2W<\/td>\n<\/tr>\n<tr>\n<td width=\"75\">CH 20<\/td>\n<td width=\"150\">GSM900<\/td>\n<td width=\"150\">925-960MHz<\/td>\n<td width=\"175\">30\u00b11dBm\/ 1\u00b10.2W<\/td>\n<\/tr>\n<tr>\n<td width=\"75\">CH 21<\/td>\n<td width=\"150\">\n DCS1800<\/td>\n<td width=\"150\">1805-1920MHz<\/td>\n<td width=\"175\">30\u00b11dBm\/ 1\u00b10.2W<\/td>\n<\/tr>\n<tr>\n<td width=\"75\">CH 22<\/td>\n<td width=\"150\">WIFI2.4G 802.11.b &gt;<\/td>\n<td width=\"150\">2400-2500MHz<\/td>\n<td width=\"175\">30\u00b11dBm\/ 1\u00b10.2W<\/td>\n<\/tr>\n<tr>\n<td width=\"75\">CH 23<\/td>\n<td width=\"150\">WIFI5.8G 802.11.a<\/td>\n<td width=\"150\">5500-5900MHz<\/td>\n<td width=\"175\">30\u00b11dBm\/ 1\u00b10.2W<\/td>\n<\/tr>\n<tr>\n<td width=\"75\">CH 24<\/td>\n<td width=\"150\">5G3300\/3500<\/td>\n<td width=\"150\">3300-3600MHZ<\/td>\n<td width=\"175\">30\u00b11dBm\/ 1\u00b10.2W<\/td>\n<\/tr>\n<tr>\n<td width=\"75\">CH 25<\/td>\n<td width=\"150\">UHF&amp;CDMA450<\/td>\n<td width=\"150\">400-470MHz<\/td>\n<td width=\"175\">30\u00b11dBm\/ 1\u00b10.2W<\/td>\n<\/tr>\n<tr>\n<td width=\"75\">CH 26<\/td>\n<td width=\"150\">5G1500<\/td>\n<td width=\"150\">1427-1518MHz<\/td>\n<td width=\"175\">30\u00b11dBm\/ 1\u00b10.2W<\/td>\n<\/tr>\n<tr>\n<td width=\"75\">CH 27<\/td>\n<td width=\"150\">\n PCS1900<\/td>\n<td width=\"150\">1920-2000MHz<\/td>\n<td width=\"175\">30\u00b11dBm\/ 1\u00b10.2W<\/td>\n<\/tr>\n<tr>\n<td width=\"75\">CH 28<\/td>\n<td width=\"150\">4G2300<\/td>\n<td width=\"150\">2300-2400MHz<\/td>\n<td width=\"175\">30\u00b11dBm\/ 1\u00b10.2W<\/td>\n<\/tr>\n<tr>\n<td colspan=\"4\" width=\"551\">Pot\u00eancia total: 28W<br \/>\nRaio de blindagem: (2-25) metros, ainda depende do sinal de for\u00e7a em determinada \u00e1rea<\/td>\n<\/tr>\n<tr>\n<td colspan=\"4\" width=\"551\">Fonte de alimenta\u00e7\u00e3o: adaptador 50 a 60Hz AC (110-240V AC \/ 12V DC)<\/p>\n<p> Carregador de carro: DC12V IN<\/p>\n<p>A bateria embutida continua funcionando: cerca de 80 minutos<\/p>\n<p>Suporta carregamento e uso simult\u00e2neos, mas n\u00e3o sugere fazer com frequ\u00eancia (mais de 3 horas)<\/td>\n<\/tr>\n<tr>\n<td colspan=\"4\" width=\"551\">Dimens\u00f5es: (comprimento, largura, altura) 210x132x85mm (sem antena)<\/p>\n<p> Comprimento da antena: 192mm<\/p>\n<p>Ganho: 1-3dbi<\/td>\n<\/tr>\n<tr>\n<td colspan=\"4\" width=\"551\">Tamanho neutro da embalagem: 295 * 260 * 125 mm<\/p>\n<p>Peso bruto: 4,0 kg<\/td>\n<\/tr>\n<tr>\n<td colspan=\"4\" width=\"551\">Tamanho da embalagem do estojo seguro: 345 * 335 * 145 mm<\/p>\n<p>Peso bruto: 6,0 kg<\/td>\n<\/tr>\n<tr>\n<td colspan=\"4\" width=\"551\">Garantia: um ano a partir da data de entrega<\/td>\n<\/tr>\n<\/tbody>\n<\/table>\n<p>&nbsp;<\/p>\n<p>&nbsp;<\/p>\n","protected":false},"excerpt":{"rendered":"<p>Portable 28 faixas com o jammer sem fio completo do jammer de 28 antenas Jammer, bloqueando todos os tipos de telefones de Android, de tabuletas, de telefones espertos, de iPhones, de telefones etc. da vit\u00f3ria que protegem a G\/M, 3G, 4G 5G, e CDMA 450Mhz, obstruem GPS, Glonass, Beidou, Wi-Fi 2.4G, Wi-Fi 5G, Wi-Fi 6E, Walkie-Talkie UHF\/VHF e sinais do RF como 315, 433, 868.915, LORA, LOJACK etc. Tamb\u00e9m \u00e9 um disjuntor de r\u00e1dio FM de 88-108MHz, o display LCD de capacidade da bateria (porcentagem de capacidade, tens\u00e3o \/ corrente de trabalho) \u00e9 popular no mercado. <\/p>\n","protected":false},"featured_media":6592,"comment_status":"open","ping_status":"closed","template":"","meta":{"_acf_changed":false,"_gspb_post_css":""},"product_cat":[187,195],"product_tag":[301,598],"product_brands":[],"class_list":{"0":"post-9497","1":"product","2":"type-product","3":"status-publish","4":"has-post-thumbnail","6":"product_cat-handheld-signal-jammer-pt-br","7":"product_cat-powerful-signal-jammer-pt-br","8":"product_tag-27-antennas-pt-br","9":"product_tag-28-antenas","11":"first","12":"instock","13":"sale","14":"shipping-taxable","15":"purchasable","16":"product-type-simple"},"ct_brands":[],"aioseo_notices":[],"acf":[],"_links":{"self":[{"href":"https:\/\/telejammer.com\/pt-br\/wp-json\/wp\/v2\/product\/9497","targetHints":{"allow":["GET"]}}],"collection":[{"href":"https:\/\/telejammer.com\/pt-br\/wp-json\/wp\/v2\/product"}],"about":[{"href":"https:\/\/telejammer.com\/pt-br\/wp-json\/wp\/v2\/types\/product"}],"replies":[{"embeddable":true,"href":"https:\/\/telejammer.com\/pt-br\/wp-json\/wp\/v2\/comments?post=9497"}],"wp:featuredmedia":[{"embeddable":true,"href":"https:\/\/telejammer.com\/pt-br\/wp-json\/wp\/v2\/media\/6592"}],"wp:attachment":[{"href":"https:\/\/telejammer.com\/pt-br\/wp-json\/wp\/v2\/media?parent=9497"}],"wp:term":[{"taxonomy":"product_cat","embeddable":true,"href":"https:\/\/telejammer.com\/pt-br\/wp-json\/wp\/v2\/product_cat?post=9497"},{"taxonomy":"product_tag","embeddable":true,"href":"https:\/\/telejammer.com\/pt-br\/wp-json\/wp\/v2\/product_tag?post=9497"},{"taxonomy":"product_brands","embeddable":true,"href":"https:\/\/telejammer.com\/pt-br\/wp-json\/wp\/v2\/product_brands?post=9497"}],"curies":[{"name":"wp","href":"https:\/\/api.w.org\/{rel}","templated":true}]}}