{"id":9388,"date":"2025-02-14T14:57:55","date_gmt":"2025-02-14T06:57:55","guid":{"rendered":"https:\/\/telejammer.com\/termos-e-condicoes\/"},"modified":"2025-03-29T15:39:03","modified_gmt":"2025-03-29T07:39:03","slug":"termos-e-condicoes","status":"publish","type":"page","link":"https:\/\/telejammer.com\/pt-br\/termos-e-condicoes\/","title":{"rendered":"Termos e condi\u00e7\u00f5es"},"content":{"rendered":"\n<div class=\"wp-block-greenshift-blocks-container gspb_container gspb_container-gsbp-497bc73\" id=\"gspb_container-id-gsbp-497bc73\">\n<p>Os pre\u00e7os e a disponibilidade dos produtos est\u00e3o sujeitos a altera\u00e7\u00f5es sem aviso pr\u00e9vio. No caso de pre\u00e7os incorretos devido a um erro tipogr\u00e1fico ou informa\u00e7\u00f5es incorretas de pre\u00e7os recebidas de um fornecedor, a Telejammer se reserva o direito de recusar ou cancelar qualquer pedido de um produto com pre\u00e7o incorreto, independentemente de o pedido ter sido confirmado ou de o pagamento ter sido efetuado. Se o pagamento tiver sido efetuado e seu pedido for cancelado, <strong>o Telejammer<\/strong> reembolsar\u00e1 imediatamente o valor da sua forma de pagamento.  <\/p>\n\n\n\n<p>Todas as telas que aparecem no Site, incluindo gr\u00e1ficos, textos, designs, bot\u00f5es, logotipos, imagens e \u00edcones, bem como a sele\u00e7\u00e3o, a montagem e o arranjo, s\u00e3o de propriedade exclusiva da The Jammer Shop ou de seus fornecedores e\/ou licenciadores. O conte\u00fado deste site serve apenas para que voc\u00ea compre ou fa\u00e7a um pedido neste site e n\u00e3o deve ser usado para outros fins. Qualquer outro uso, de qualquer forma ou por qualquer meio, incluindo modifica\u00e7\u00e3o, reprodu\u00e7\u00e3o, upload, postagem, transmiss\u00e3o ou distribui\u00e7\u00e3o, sem a permiss\u00e3o pr\u00e9via por escrito da <strong>Telejammer<\/strong> \u00e9 estritamente proibido. Todos os softwares usados no site s\u00e3o de propriedade exclusiva da Telejammer ou do software.   <\/p>\n\n\n\n<p><strong>O Telejammer.com<\/strong> n\u00e3o faz representa\u00e7\u00f5es ou garantias, expressas ou impl\u00edcitas, com rela\u00e7\u00e3o aos produtos vendidos no Telejammer.com. Em nenhum caso o Telejammer.com ser\u00e1 responsabilizado por quaisquer danos e, em particular, o Telejammer.com n\u00e3o ser\u00e1 respons\u00e1vel por quaisquer danos especiais, indiretos, conseq\u00fcenciais, incidentais ou perda de propriedade, perda de renda ou perda de uso, pelo site do computador port\u00e1til ou pelas informa\u00e7\u00f5es nele contidas ou relacionadas, independentemente de tais danos serem em contrato, neglig\u00eancia, ato il\u00edcito, lei, equidade, direito ou de outra forma. <\/p>\n\n\n\n<p>Podemos alterar e atualizar os Termos de Uso periodicamente, sem aviso pr\u00e9vio. Esteja ciente de nossos termos de uso para coleta, uso e divulga\u00e7\u00e3o. Se voc\u00ea tiver alguma d\u00favida, preocupa\u00e7\u00e3o ou coment\u00e1rio sobre esta Pol\u00edtica de Privacidade, entre em contato conosco pelo e-mail info@Telejammer.com  <\/p>\n<\/div>\n\n<p><\/p>\n","protected":false},"excerpt":{"rendered":"","protected":false},"author":1,"featured_media":0,"parent":0,"menu_order":0,"comment_status":"closed","ping_status":"closed","template":"","meta":{"_acf_changed":false,"_gspb_post_css":".gspb_container-id-gsbp-497bc73{flex-direction:column;box-sizing:border-box}#gspb_container-id-gsbp-497bc73.gspb_container>p:last-of-type{margin-bottom:0}#gspb_container-id-gsbp-497bc73.gspb_container{position:relative}","footnotes":""},"class_list":["post-9388","page","type-page","status-publish","hentry"],"blocksy_meta":[],"aioseo_notices":[],"acf":[],"_links":{"self":[{"href":"https:\/\/telejammer.com\/pt-br\/wp-json\/wp\/v2\/pages\/9388","targetHints":{"allow":["GET"]}}],"collection":[{"href":"https:\/\/telejammer.com\/pt-br\/wp-json\/wp\/v2\/pages"}],"about":[{"href":"https:\/\/telejammer.com\/pt-br\/wp-json\/wp\/v2\/types\/page"}],"author":[{"embeddable":true,"href":"https:\/\/telejammer.com\/pt-br\/wp-json\/wp\/v2\/users\/1"}],"replies":[{"embeddable":true,"href":"https:\/\/telejammer.com\/pt-br\/wp-json\/wp\/v2\/comments?post=9388"}],"version-history":[{"count":1,"href":"https:\/\/telejammer.com\/pt-br\/wp-json\/wp\/v2\/pages\/9388\/revisions"}],"predecessor-version":[{"id":9390,"href":"https:\/\/telejammer.com\/pt-br\/wp-json\/wp\/v2\/pages\/9388\/revisions\/9390"}],"wp:attachment":[{"href":"https:\/\/telejammer.com\/pt-br\/wp-json\/wp\/v2\/media?parent=9388"}],"curies":[{"name":"wp","href":"https:\/\/api.w.org\/{rel}","templated":true}]}}