{"id":9375,"date":"2025-02-14T15:05:45","date_gmt":"2025-02-14T07:05:45","guid":{"rendered":"https:\/\/telejammer.com\/devolucoes-e-reembolsos\/"},"modified":"2025-03-29T15:38:44","modified_gmt":"2025-03-29T07:38:44","slug":"devolucoes-e-reembolsos","status":"publish","type":"page","link":"https:\/\/telejammer.com\/pt-br\/devolucoes-e-reembolsos\/","title":{"rendered":"Devolu\u00e7\u00f5es e reembolsos"},"content":{"rendered":"\n<details class=\"wp-block-details is-layout-flow wp-block-details-is-layout-flow\"><summary>Todos os pedidos da nossa loja s\u00e3o <strong>enviados GRATUITAMENTE por via terrestre padr\u00e3o. <\/strong><br>Todos os pedidos s\u00e3o normalmente processados dentro de 48 a 72 horas, de segunda a sexta-feira, exceto finais de semana e feriados.<br>A Telejammer aceita T\/T de banco para banco e western union<br>Tamb\u00e9m aceitamos cart\u00f5es de cr\u00e9dito e v\u00e1rias carteiras. Voc\u00ea precisa entrar em contato conosco para solicitar o n\u00famero da sua conta.<br>Todos os estilos de desconto s\u00e3o de venda final. N\u00e3o h\u00e1 reembolsos.<br>Os pedidos s\u00e3o enviados por FEDEX, UPS, DHL e 4PX EXPRESS.<br>Estima-se que os pedidos sejam entregues em 5 a 7 dias \u00fateis a partir da data do pedido (exceto finais de semana). Os pedidos internacionais s\u00e3o enviados em um prazo de 5 a 7 dias \u00fateis e podem levar at\u00e9 14 dias \u00fateis para serem entregues, dependendo do servi\u00e7o de remessa.   <br><strong>ENVIO E RASTREAMENTO<\/strong><br>Depois que o seu pedido sai do nosso dep\u00f3sito, ficamos \u00e0 merc\u00ea da transportadora para entreg\u00e1-lo a voc\u00ea. <br>As informa\u00e7\u00f5es de rastreamento ser\u00e3o enviadas por e-mail no momento do envio. N\u00e3o se esque\u00e7a de rastrear seu pacote, pois isso \u00e9 de responsabilidade do cliente.   <strong>*Por favor, verifique o filtro de spam!<\/strong><br><strong>TRANSPORTE INTERNACIONAL<\/strong><br>Canad\u00e1, Austr\u00e1lia, Nova Zel\u00e2ndia, Reino Unido, M\u00e9xico, Fran\u00e7a, Alemanha, Noruega, Su\u00e9cia, Dinamarca, Holanda, B\u00e9lgica, \u00c1ustria, Espanha, Su\u00ed\u00e7a, Irlanda, Hong Kong, Jap\u00e3o, Cingapura, Rep\u00fablica Tcheca, Coreia do Sul, Gr\u00e9cia, Israel, Taiwan, Ant\u00edgua e Barbuda, Aruba, Argentina, Bahamas, Barbados, Belize, Bermuda, Ilhas Cayman, China, Ilhas Cook, Cuba, Cura\u00e7ao, Dominica, Rep\u00fablica Dominicana, Fiji, Finl\u00e2ndia, Groenl\u00e2ndia, Hungria, Isl\u00e2ndia, Jamaica, Filipinas, Pol\u00f4nia, Costa Rica, Samoa, Ilhas Salom\u00e3o, Tail\u00e2ndia, Tonga, Ilhas Turcas e Caicos, Ilhas Menores Distantes dos Estados Unidos, Vietn\u00e3, Ilhas Virgens.<br>Os clientes internacionais s\u00e3o respons\u00e1veis por todos os impostos, taxas e encargos de remessa em ambas as dire\u00e7\u00f5es &#8211; remessa e devolu\u00e7\u00e3o.<br>EMPTY HEADING<br><strong>DEVOLU\u00c7\u00d5ES E TROCAS<\/strong><br><strong>Voc\u00ea tem 30 dias para devolver ou trocar um item.<\/strong><br>Para devolver ou trocar itens, solicite uma AUTORIZA\u00c7\u00c3O DE DEVOLU\u00c7\u00c3O. <br>A Telejammer aceita devolu\u00e7\u00f5es de mercadorias n\u00e3o usadas, n\u00e3o lavadas e com defeito no prazo de 30 dias ap\u00f3s a compra. Os itens devem ser devolvidos nas mesmas condi\u00e7\u00f5es em que voc\u00ea os recebeu; quaisquer sinais de desgaste n\u00e3o ser\u00e3o aceitos para devolu\u00e7\u00e3o ou troca. Ao experimentar sua nova compra, pedimos que voc\u00ea evite usar \u00f3leos essenciais ou fragr\u00e2ncias fortes e\/ou abra\u00e7ar seus amigos peludos. Isso impregna as pe\u00e7as de vestu\u00e1rio e as torna invend\u00e1veis. Os itens devolvidos a n\u00f3s &#8211; a menos que tenham sido recebidos com defeito ou danificados &#8211; devem estar em condi\u00e7\u00f5es de serem revendidos para que voc\u00ea tenha direito a cr\u00e9dito.    <br><br>Queremos que voc\u00ea fique 100% satisfeito com a sua compra e incentivamos voc\u00ea a experimentar as pe\u00e7as em casa para garantir um \u00f3timo ajuste. Seguimos um rigoroso protocolo de sa\u00fade e saneamento em nosso dep\u00f3sito para que voc\u00ea possa se sentir seguro ao experimentar as pe\u00e7as que receber de n\u00f3s. Se, mesmo assim, voc\u00ea decidir lavar as pe\u00e7as antes de experiment\u00e1-las, infelizmente n\u00e3o poderemos mais aceit\u00e1-las para devolu\u00e7\u00e3o ou troca. Agradecemos a sua compreens\u00e3o! <br>Inclua sua lista de pacotes com uma nota detalhada para agilizar o processamento.<br>Os itens do Telejammer comprados em butiques independentes e parceiros de varejo devem ser devolvidos ao local onde foram comprados.   <\/summary>\n<p><\/p>\n<\/details>\n","protected":false},"excerpt":{"rendered":"","protected":false},"author":1,"featured_media":0,"parent":0,"menu_order":0,"comment_status":"closed","ping_status":"closed","template":"","meta":{"_acf_changed":false,"_gspb_post_css":"","footnotes":""},"class_list":["post-9375","page","type-page","status-publish","hentry"],"blocksy_meta":[],"aioseo_notices":[],"acf":[],"_links":{"self":[{"href":"https:\/\/telejammer.com\/pt-br\/wp-json\/wp\/v2\/pages\/9375","targetHints":{"allow":["GET"]}}],"collection":[{"href":"https:\/\/telejammer.com\/pt-br\/wp-json\/wp\/v2\/pages"}],"about":[{"href":"https:\/\/telejammer.com\/pt-br\/wp-json\/wp\/v2\/types\/page"}],"author":[{"embeddable":true,"href":"https:\/\/telejammer.com\/pt-br\/wp-json\/wp\/v2\/users\/1"}],"replies":[{"embeddable":true,"href":"https:\/\/telejammer.com\/pt-br\/wp-json\/wp\/v2\/comments?post=9375"}],"version-history":[{"count":1,"href":"https:\/\/telejammer.com\/pt-br\/wp-json\/wp\/v2\/pages\/9375\/revisions"}],"predecessor-version":[{"id":9377,"href":"https:\/\/telejammer.com\/pt-br\/wp-json\/wp\/v2\/pages\/9375\/revisions\/9377"}],"wp:attachment":[{"href":"https:\/\/telejammer.com\/pt-br\/wp-json\/wp\/v2\/media?parent=9375"}],"curies":[{"name":"wp","href":"https:\/\/api.w.org\/{rel}","templated":true}]}}