{"id":9817,"date":"2025-03-01T13:24:00","date_gmt":"2025-03-01T05:24:00","guid":{"rendered":"https:\/\/telejammer.com\/ukryte-anteny-zagluszacz-zdalnego-sterowania-jt-160d\/"},"modified":"2025-03-29T16:17:14","modified_gmt":"2025-03-29T08:17:14","slug":"ukryte-anteny-zagluszacz-zdalnego-sterowania-jt-160d","status":"publish","type":"product","link":"https:\/\/telejammer.com\/pl\/ukryte-anteny-zagluszacz-zdalnego-sterowania-jt-160d\/","title":{"rendered":"Ukryte anteny Zag\u0142uszacz zdalnego sterowania JT-160D"},"content":{"rendered":"<h1 data-prod-tag=\"\">Ukryte anteny <a href=\"https:\/\/telejammer.com\/remote-control-jammer-jt-160d\/\">Zag\u0142uszacz zdalnego sterowania<\/a> JT-160D<\/h1>\n<p class=\"sr-proMainInfo-baseInfoH1 J-baseInfo-name\">Mini ukryte anteny Design Block <a href=\"https:\/\/telejammer.com\/remote-control-jammer-jt-160d\/\">Sygna\u0142y zdalnego sterowania Zag\u0142uszacz<\/a> Zasi\u0119g zag\u0142uszania do 20 metr\u00f3w<\/p>\n<p>Mo\u017ce blokowa\u0107 sygna\u0142y zdalnego sterowania 315 MHz, 433 MHz, 868 MHz, 915 MHz, a kieszonkowa konstrukcja wygl\u0105da jak power bank telefonu kom\u00f3rkowego.<\/p>\n<p><b>Cz\u0119stotliwo\u015b\u0107:<\/b><\/p>\n<p>315 MHz 1 W<\/p>\n<p>433MHz 1W<\/p>\n<p>868 MHz 1 W<\/p>\n<p>915 MHz 1 W<\/p>\n<p><b>Specyfikacje<\/b><br \/>\n\u2022G\u0142\u00f3wna funkcja: blokuj sygna\u0142y zdalnego sterowania.<br \/>\n\u2022 Cz\u0119stotliwo\u015b\u0107 zag\u0142uszania: 315 MHz, 433 MHz, 868 MHz, 915 MHz.<br \/>\n\u2022Promie\u0144 zag\u0142uszania: 20 metr\u00f3w<br \/>\n\u2022Ca\u0142kowita moc wyj\u015bciowa: 4 waty<br \/>\n\u2022Sterowanie pok\u0142adowe: ON\/OFF<br \/>\n\u2022\u0179r\u00f3d\u0142o zasilania: \u0142adowarka sieciowa 5V\/1A,.<br \/>\n-Typ: najbezpieczniejsza bateria<br \/>\n polimerowa &#8211; Pojemno\u015b\u0107: 1050 mAh, 3,7 V<br \/>\n &#8211; Wska\u017aniki \u0142adowania: Zmienia kolor na czerwony podczas \u0142adowania i wy\u0142\u0105cza si\u0119 po pe\u0142nym na\u0142adowaniu.<br \/>\n-U\u017cycie: 120 kolejnych minut<br \/>\n\u2022 Czas \u0142adowania: 3,5 godziny<br \/>\n\u2022 Kolor:<br \/>\n\u2022Wymiary: 110 x 62 x 18 mm (d\u0142. x szer. x g\u0142.)<br \/>\n\u2022 Rozmiar opakowania: 200 x 140 x 65 mm (d\u0142. x szer. x g\u0142.)<br \/>\n\u2022 Waga netto: 80g<br \/>\n\u2022 Waga brutto: 0,2 kg<\/p>\n<p>&nbsp;<\/p>\n<p><strong>Gwarancja: jeden rok od daty dostawy<\/strong><\/p>\n<p><b>Akcesoria<\/b><br \/>\n\u2022 Zag\u0142uszacz<br \/>\n zaprojektowany z mini ukrytymi antenami\u2022 \u0141adowarka sieciowa<\/p>\n<p>\u2022Przew\u00f3d USB<\/p>\n","protected":false},"excerpt":{"rendered":"<p>Mini ukryte anteny Design Block <a href=\"https:\/\/telejammer.com\/remote-control-jammer-jt-160d\/\">Pilot Control Sygna\u0142y Jammer Jammer<\/a><\/p>\n<p>315MHZ 433MHZ 868MHZ 915MHZ<\/p>\n","protected":false},"featured_media":7095,"comment_status":"open","ping_status":"closed","template":"","meta":{"_acf_changed":false,"_gspb_post_css":""},"product_cat":[198],"product_tag":[637],"product_brands":[],"class_list":{"0":"post-9817","1":"product","2":"type-product","3":"status-publish","4":"has-post-thumbnail","6":"product_cat-rc-control-jammer-pl","7":"product_tag-zagluszacz-rc","9":"first","10":"instock","11":"sale","12":"shipping-taxable","13":"purchasable","14":"product-type-simple"},"ct_brands":[],"aioseo_notices":[],"acf":[],"_links":{"self":[{"href":"https:\/\/telejammer.com\/pl\/wp-json\/wp\/v2\/product\/9817","targetHints":{"allow":["GET"]}}],"collection":[{"href":"https:\/\/telejammer.com\/pl\/wp-json\/wp\/v2\/product"}],"about":[{"href":"https:\/\/telejammer.com\/pl\/wp-json\/wp\/v2\/types\/product"}],"replies":[{"embeddable":true,"href":"https:\/\/telejammer.com\/pl\/wp-json\/wp\/v2\/comments?post=9817"}],"wp:featuredmedia":[{"embeddable":true,"href":"https:\/\/telejammer.com\/pl\/wp-json\/wp\/v2\/media\/7095"}],"wp:attachment":[{"href":"https:\/\/telejammer.com\/pl\/wp-json\/wp\/v2\/media?parent=9817"}],"wp:term":[{"taxonomy":"product_cat","embeddable":true,"href":"https:\/\/telejammer.com\/pl\/wp-json\/wp\/v2\/product_cat?post=9817"},{"taxonomy":"product_tag","embeddable":true,"href":"https:\/\/telejammer.com\/pl\/wp-json\/wp\/v2\/product_tag?post=9817"},{"taxonomy":"product_brands","embeddable":true,"href":"https:\/\/telejammer.com\/pl\/wp-json\/wp\/v2\/product_brands?post=9817"}],"curies":[{"name":"wp","href":"https:\/\/api.w.org\/{rel}","templated":true}]}}