{"id":9733,"date":"2025-02-18T20:03:42","date_gmt":"2025-02-18T12:03:42","guid":{"rendered":"https:\/\/telejammer.com\/12-anten-pelne-pasma-wszystko-w-jednym-zagluszacz-sygnalu-telefonu-komorkowego-blokowanie-wszystkich-sygnalow-telefonu-komorkowego-2g-3g-4g-5g-sygnaly-gps-wifi\/"},"modified":"2025-03-29T16:13:19","modified_gmt":"2025-03-29T08:13:19","slug":"12-anten-pelne-pasma-wszystko-w-jednym-zagluszacz-sygnalu-telefonu-komorkowego-blokowanie-wszystkich-sygnalow-telefonu-komorkowego-2g-3g-4g-5g-sygnaly-gps-wifi","status":"publish","type":"product","link":"https:\/\/telejammer.com\/pl\/12-anten-pelne-pasma-wszystko-w-jednym-zagluszacz-sygnalu-telefonu-komorkowego-blokowanie-wszystkich-sygnalow-telefonu-komorkowego-2g-3g-4g-5g-sygnaly-gps-wifi\/","title":{"rendered":"12 anten Pe\u0142ne pasma Wszystko w jednym Zag\u0142uszacz sygna\u0142u telefonu kom\u00f3rkowego Blokowanie wszystkich sygna\u0142\u00f3w telefonu kom\u00f3rkowego 2G.3G.4G.5G Sygna\u0142y GPS WIFI"},"content":{"rendered":"<h1>12 anten Zag\u0142uszacz sygna\u0142u z ekranem LCD<\/h1>\n<p>12 anten <a href=\"https:\/\/telejammer.com\/pl\/\">Zag\u0142uszacz sygna\u0142u<\/a> to zag\u0142uszacz sygna\u0142u, kt\u00f3ry mo\u017ce blokowa\u0107 GSM, CDMA, Wi-Fi, sygna\u0142 GPS i tak dalej. Mo\u017ce blokowa\u0107 sygna\u0142 bezprzewodowy GSM, CDMA, WIFI, GPS, Bluetooth, WLAN i tak dalej. <\/p>\n<p>\u2605Najnowsza przeno\u015bna konstrukcja 12 cz\u0119stotliwo\u015bci typu &#8222;wszystko w jednym&#8221; blokuj\u0105cych wszystkie sygna\u0142y telefonu kom\u00f3rkowego 2G.3G.4G.5G Sygna\u0142y GPS WIFI 12-watowa<br \/>\n\u2605wysoka moc wyj\u015bciowa i anteny o wysokim zysku, zasi\u0119g zag\u0142uszania od 10 do 25 metr\u00f3w (przy -75dBm, w zale\u017cno\u015bci od si\u0142y sygna\u0142u w danym obszarze)<br \/>\n \u2605Dobry system ch\u0142odzenia z wentylatorami ch\u0142odz\u0105cymi wewn\u0105trz i mocniejszym gor\u0105cym zlewem.<br \/>\n\u2605 Z prze\u0142\u0105cznikiem DIP, mo\u017ce w\u0142\u0105cza\u0107 \/ wy\u0142\u0105cza\u0107 dowolne pasmo sygna\u0142u bez wp\u0142ywu na inne pasma<br \/>\n\u2605 Z \u0142adowark\u0105 samochodow\u0105, mo\u017ce by\u0107 u\u017cywana bezpo\u015brednio w samochodzie, dost\u0119pny jest r\u00f3wnie\u017c zasilacz 12 V DC \/ AC<br \/>\n\u2605Z wbudowan\u0105 wi\u0119ksz\u0105 bateri\u0105, mo\u017ce pracowa\u0107 d\u0142u\u017cej ni\u017c (2,5 godziny) 150 minut, mo\u017cna * wielokrotnie \u0142adowa\u0107<br \/>\n\u2605Tylko zak\u0142\u00f3canie \u0142\u0105cza w d\u00f3\u0142 i brak przechwytywania na stacji bazowej<\/p>\n<p>CDMA 850-894 MHz<br \/>\nGSM 925-960 MHz DCS i PCS 1805-1990 MHz<br \/>\n3G 2110-2170 MHz<br \/>\n4G 2620-2690 MHz<br \/>\n4G1 790-826 MHz<br \/>\n5.2G 5100-5680 MHz 5,8 G 5680-5900 MHz<br \/>\n5G 3400 do 3600 MHz 5G1 3600 do 3800 MHz GPS 1570-1615 MHz WIFI 2400-2485 MHz<\/p>\n<p>&nbsp;<\/p>\n<p>Moc wyj\u015bciowa: 12 W Zasilanie: AC110-240V do DC12V Pe\u0142ny zestaw Waga: 2,5 kg<\/p>\n<p>Rozmiar: 195 * 102 * 48 mm (bez anteny) D\u0142ugo\u015b\u0107 anteny: 166 mm Zysk: 2,0 dbi<\/p>\n<p>Promie\u0144 ekranowania: 10-25 metr\u00f3w (w zale\u017cno\u015bci od si\u0142y sygna\u0142u w danym obszarze)<\/p>\n<p>Czas pracy: Wbudowana bateria: 7,4 V \/ 12000 mAh Kontynuuj prac\u0119: ponad 2,5 godziny<\/p>\n<p>System ch\u0142odzenia: wysokowydajny grzejnik ze stopu aluminium, wbudowany 3xwentylator ch\u0142odz\u0105cy<\/p>\n","protected":false},"excerpt":{"rendered":"<p>\u2605Najnowsza przeno\u015bna konstrukcja 12 cz\u0119stotliwo\u015bci typu &#8222;wszystko w jednym&#8221; blokuj\u0105cych wszystkie sygna\u0142y telefonu kom\u00f3rkowego 2G.3G.4G.5G Sygna\u0142y GPS WIFI 12-watowa<br \/>\n\u2605wysoka moc wyj\u015bciowa i anteny o wysokim zysku, zasi\u0119g zag\u0142uszania od 10 do 25 metr\u00f3w (przy -75dBm, w zale\u017cno\u015bci od si\u0142y sygna\u0142u w danym obszarze)<br \/>\n \u2605Dobry system ch\u0142odzenia z wentylatorami ch\u0142odz\u0105cymi wewn\u0105trz i mocniejszym gor\u0105cym zlewem.<br \/>\n\u2605 Z prze\u0142\u0105cznikiem DIP, mo\u017ce w\u0142\u0105cza\u0107 \/ wy\u0142\u0105cza\u0107 dowolne pasmo sygna\u0142u bez wp\u0142ywu na inne pasma<br \/>\n\u2605 Z \u0142adowark\u0105 samochodow\u0105, mo\u017ce by\u0107 u\u017cywana bezpo\u015brednio w samochodzie, dost\u0119pny jest r\u00f3wnie\u017c zasilacz 12 V DC \/ AC<br \/>\n\u2605Z wbudowan\u0105 wi\u0119ksz\u0105 bateri\u0105, mo\u017ce pracowa\u0107 d\u0142u\u017cej ni\u017c (2,5 godziny) 150 minut, mo\u017cna * wielokrotnie \u0142adowa\u0107<br \/>\n\u2605Tylko zak\u0142\u00f3canie \u0142\u0105cza w d\u00f3\u0142 i brak przechwytywania na stacji bazowej<\/p>\n","protected":false},"featured_media":4548,"comment_status":"open","ping_status":"closed","template":"","meta":{"_acf_changed":false,"_gspb_post_css":""},"product_cat":[185],"product_tag":[247],"product_brands":[],"class_list":{"0":"post-9733","1":"product","2":"type-product","3":"status-publish","4":"has-post-thumbnail","6":"product_cat-handheld-signal-jammer-pl","7":"product_tag-12-antennas-jammer-lcd-pl-2","9":"first","10":"instock","11":"sale","12":"shipping-taxable","13":"purchasable","14":"product-type-simple"},"ct_brands":[],"aioseo_notices":[],"acf":[],"_links":{"self":[{"href":"https:\/\/telejammer.com\/pl\/wp-json\/wp\/v2\/product\/9733","targetHints":{"allow":["GET"]}}],"collection":[{"href":"https:\/\/telejammer.com\/pl\/wp-json\/wp\/v2\/product"}],"about":[{"href":"https:\/\/telejammer.com\/pl\/wp-json\/wp\/v2\/types\/product"}],"replies":[{"embeddable":true,"href":"https:\/\/telejammer.com\/pl\/wp-json\/wp\/v2\/comments?post=9733"}],"wp:featuredmedia":[{"embeddable":true,"href":"https:\/\/telejammer.com\/pl\/wp-json\/wp\/v2\/media\/4548"}],"wp:attachment":[{"href":"https:\/\/telejammer.com\/pl\/wp-json\/wp\/v2\/media?parent=9733"}],"wp:term":[{"taxonomy":"product_cat","embeddable":true,"href":"https:\/\/telejammer.com\/pl\/wp-json\/wp\/v2\/product_cat?post=9733"},{"taxonomy":"product_tag","embeddable":true,"href":"https:\/\/telejammer.com\/pl\/wp-json\/wp\/v2\/product_tag?post=9733"},{"taxonomy":"product_brands","embeddable":true,"href":"https:\/\/telejammer.com\/pl\/wp-json\/wp\/v2\/product_brands?post=9733"}],"curies":[{"name":"wp","href":"https:\/\/api.w.org\/{rel}","templated":true}]}}