{"id":9730,"date":"2025-02-18T20:09:38","date_gmt":"2025-02-18T12:09:38","guid":{"rendered":"https:\/\/telejammer.com\/reczny-18-pasmowy-zagluszacz-sygnalu-telefonu-komorkowego-5g-z-nylonowa-oslona-blokujacy-2g-3g-4g-5g-wi-fi-gps-uhf-vhf-18-w-zagluszanie-do-25-m\/"},"modified":"2025-03-29T16:13:17","modified_gmt":"2025-03-29T08:13:17","slug":"reczny-18-pasmowy-zagluszacz-sygnalu-telefonu-komorkowego-5g-z-nylonowa-oslona-blokujacy-2g-3g-4g-5g-wi-fi-gps-uhf-vhf-18-w-zagluszanie-do-25-m","status":"publish","type":"product","link":"https:\/\/telejammer.com\/pl\/reczny-18-pasmowy-zagluszacz-sygnalu-telefonu-komorkowego-5g-z-nylonowa-oslona-blokujacy-2g-3g-4g-5g-wi-fi-gps-uhf-vhf-18-w-zagluszanie-do-25-m\/","title":{"rendered":"R\u0119czny 18-pasmowy zag\u0142uszacz sygna\u0142u telefonu kom\u00f3rkowego 5G z nylonow\u0105 os\u0142on\u0105, blokuj\u0105cy 2G 3G 4G 5G Wi-Fi GPS UHF VHF, 18 W Zag\u0142uszanie do 25 m"},"content":{"rendered":"<p>R\u0119czny 18-pasmowy<a href=\"https:\/\/telejammer.com\/pt-br\/?post_type=product&#038;p=9728\"> zag\u0142uszacz sygna\u0142u telefonu kom\u00f3rkowego 5G<\/a> mo\u017ce skutecznie blokowa\u0107 fale elektromagnetyczne 2G 3G 4G 5G Wi-Fi GPS UHF VHF, 18Watt. To urz\u0105dzenie zag\u0142uszaj\u0105ce zapewnia r\u00f3wnie\u017c \u0142adn\u0105 przeno\u015bn\u0105 konstrukcj\u0119 i jest ma\u0142e i lekkie, wi\u0119c ty <\/p>\n<p><strong>Typ sygna\u0142u zaci\u0119cia<\/strong>:<\/p>\n<p>N18-EU: Pe\u0142ne pasma Telefon kom\u00f3rkowy 5G \/ 4G \/ 3G \/ 2G + WiFi2.4G \/ 5G + GPSL1-L5 UHF \/ VHF \/ LOJACK + RC433 315<\/p>\n<p>N18-US: Pe\u0142ne pasma Telefon kom\u00f3rkowy 5G \/ 4G \/ 3G \/ 2G + WiFi2.4G \/ 5G + GPSL1-L5 + VHF \/ LOJACK+RC433 315<\/p>\n<p><strong>Moc wyj\u015bciowa<\/strong>: \u0142\u0105cznie 18 W, 1 W w ka\u017cdym pa\u015bmie z antenami dook\u00f3lnymi o mocy 2dbi<\/p>\n<p><strong>Promie\u0144 zaci\u0119cia<\/strong>: 2-25 metr\u00f3w Nadal zale\u017cy od si\u0142y sygna\u0142u w danym obszarze<\/p>\n<p><strong>Zasilanie<\/strong>: AC110-240V do DC12V<\/p>\n<p><strong>System ch\u0142odzenia<\/strong>: wysokowydajny grzejnik ze stopu aluminium, wbudowany 3x wentylator ch\u0142odz\u0105cy<\/p>\n<p><strong>Czas pracy<\/strong>: Wbudowana bateria: 7,4 V \/ 12000 mAh Kontynuuj prac\u0119: oko\u0142o 2,5 godziny<\/p>\n<p><strong>Rozmiar produktu<\/strong>: 190 x 126 x 46 mm (bez anteny dook\u00f3lnej)<\/p>\n<p><strong>Waga produktu<\/strong>: ok. 2,0 kg<\/p>\n<p><strong>Zawarto\u015b\u0107 Paczki<\/strong>: <a href=\"https:\/\/telejammer.com\/pl\/\">Jammer<\/a> Host x 1, \u0142adowarka sieciowa x1, antena dook\u00f3lna x16, \u0142adowarka samochodowa x1, nylonowa os\u0142ona x1.<\/p>\n<p><strong>Opis produktu:<\/strong><br \/>\nNajnowsze 18 pasm z 16 antenami typu &#8222;wszystko w jednym&#8221; <a href=\"https:\/\/telejammer.com\/pl\/\">bezprzewodowy zag\u0142uszacz sygna\u0142u<\/a> z nylonow\u0105 os\u0142on\u0105 do przeno\u015bnego,<a href=\"https:\/\/telejammer.com\/pl\/\"> zag\u0142uszaj\u0105cego wszystkich typ\u00f3w telefon\u00f3w z Androidem<\/a>, tablet\u00f3w, smartfon\u00f3w, iPhone&#8217;\u00f3w, telefon\u00f3w Win itp., kt\u00f3re korzystaj\u0105 z 2G, 3G, 4G 5G i CDMA 450Mhz, Block LOJACK GPS, Wi-Fi 5G, Walkie-Talkie UHF \/ VHF i sygna\u0142y RF, takie jak 315, 433, 868 itp. Niezbyt du\u017cy i z wy\u015bwietlaczem LCD jest popularny <\/p>\n<p><strong>Zalety:<\/strong><\/p>\n<p>Pierwszy na \u015bwiecie <a href=\"https:\/\/telejammer.com\/pl\/handheld-signal-jammer-pl\/\">przeno\u015bny zag\u0142uszacz<\/a> 18 pasm z 16 antenami (kana\u0142 12\/13,15\/16 wykorzystywa\u0142 konstrukcj\u0119 dwupasmow\u0105, eliminowa\u0142 wzajemne zak\u0142\u00f3cenia zbyt wielu i zamyka\u0142 kana\u0142y), blokuj\u0105c wszystkie sygna\u0142y GPS Wi-Fi RF telefon\u00f3w kom\u00f3rkowych 5G 4G 3G 2G LOJACK GPS<\/p>\n<p>Wysoka moc wyj\u015bciowa 18 W, zakres zag\u0142uszania od 2 do 25 metr\u00f3w (przy -75dBm, w zale\u017cno\u015bci od si\u0142y sygna\u0142u w danym obszarze)<\/p>\n<p>Dobry system ch\u0142odzenia z 3 wentylatorami ch\u0142odz\u0105cymi wewn\u0105trz i wi\u0119kszym gor\u0105cym zlewem, nylonowa os\u0142ona do r\u0119ki<\/p>\n<p>Z prze\u0142\u0105cznikiem DIP, mo\u017ce w\u0142\u0105cza\u0107 \/ wy\u0142\u0105cza\u0107 dowolne pasmo sygna\u0142u bez wp\u0142ywu na inne pasma<\/p>\n<p>Z \u0142adowark\u0105 samochodow\u0105 dost\u0119pny jest r\u00f3wnie\u017c zasilacz 12 V DC\/AC<\/p>\n<p>Z wbudowan\u0105 wi\u0119ksz\u0105 bateri\u0105, mo\u017ce pracowa\u0107 150 minut, wielokrotne \u0142adowanie<\/p>\n<p>Wy\u015bwietlacz LCD pojemno\u015bci baterii (procent pojemno\u015bci, napi\u0119cie robocze\/pr\u0105d roboczy<\/p>\n<p><strong>Us\u0142uga dostosowana do potrzeb OEM:<\/strong><br \/>\nDostosowane do specjalnego pasma<br \/>\ncz\u0119stotliwo\u015bci Mo\u017cna zaoferowa\u0107 us\u0142ug\u0119 OEM sitodruku<\/p>\n<p><strong>Zastosowanie<\/strong><strong>:<\/strong><br \/>\n o Mo\u017ce by\u0107 stosowany w salach konferencyjnych, salach konferencyjnych, muzeach, galeriach, teatrach, salach koncertowych, ko\u015bcio\u0142ach, \u015bwi\u0105tyniach, restauracjach, salach lekcyjnych, centrach szkoleniowych, fabrykach, bankach, poci\u0105gach, autobusach i innych Miejsca, kt\u00f3re wymagaj\u0105 ciszy, poufno\u015bci i bezpiecze\u0144stwa<br \/>\ninformacji o W przypadku niekt\u00f3rych lokalizacji specjalnego przeznaczenia, takich jak szpitale, stacje benzynowe i inne, nale\u017cy najpierw przeprowadzi\u0107 test w terenie, aby upewni\u0107 si\u0119, \u017ce nie dosz\u0142o do zak\u0142\u00f3ce\u0144 w normalnym dzia\u0142aniu ich sprz\u0119tu i instrument<\/p>\n<table width=\"99%\">\n<tbody>\n<tr>\n<td colspan=\"4\" width=\"100%\"><strong>Najwa\u017cniejsze dane techniczne: N18-EU<\/strong><\/td>\n<\/tr>\n<tr>\n<td width=\"13%\"><strong>Kana\u0142<\/strong><\/td>\n<td width=\"27%\"><strong>Port wyj\u015bciowy<\/strong><\/td>\n<td width=\"29%\"><strong>Zakres<\/strong><\/td>\n<p> cz\u0119stotliwo\u015bci<\/p>\n<td width=\"30%\"><strong>\u015arednia moc wyj\u015bciowa<\/strong><\/td>\n<\/tr>\n<tr>\n<td width=\"13%\">CH 1<\/td>\n<td width=\"27%\">UHF&amp;CDMA450<\/td>\n<td width=\"29%\">400-470 MHz<\/td>\n<td width=\"30%\">30\u00b11dBm\/ 1\u00b10,2 W<\/td>\n<\/tr>\n<tr>\n<td width=\"13%\">CH 2<\/td>\n<td width=\"27%\">Klasa GPSL1<\/td>\n<td width=\"29%\">1570-1610 MHz<\/td>\n<td width=\"30%\">30\u00b11dBm\/ 1\u00b10,2 W<\/td>\n<\/tr>\n<tr>\n<td width=\"13%\">CH 3<\/td>\n<td width=\"27%\">5G3500<\/td>\n<p> powiedzia\u0142:<\/p>\n<td width=\"29%\">3400-3600 MHz<\/td>\n<td width=\"30%\">30\u00b11dBm\/ 1\u00b10,2 W<\/td>\n<\/tr>\n<tr>\n<td width=\"13%\">CH 4<\/td>\n<td width=\"27%\">Zobacz materia\u0142 4G2300<\/td>\n<td width=\"29%\">2300-2400 MHZ<\/td>\n<td width=\"30%\">30\u00b11dBm\/ 1\u00b10,2 W<\/td>\n<\/tr>\n<tr>\n<td width=\"13%\">Rozdzia\u0142 5<\/td>\n<td width=\"27%\">Sie\u0107 WIFI5.2G<\/td>\n<td width=\"29%\">5100-5500 MHz<\/td>\n<td width=\"30%\">30\u00b11dBm\/ 1\u00b10,2 W<\/td>\n<\/tr>\n<tr>\n<td width=\"13%\">CH 6<\/td>\n<td width=\"27%\">\n GPSL2L5<\/td>\n<td width=\"29%\">1170-1280 MHz<\/td>\n<td width=\"30%\">30\u00b11dBm\/ 1\u00b10,2 W<\/td>\n<\/tr>\n<tr>\n<td width=\"13%\">CH 7<\/td>\n<td width=\"27%\">5G1400<\/td>\n<p> powiedzia\u0142:<\/p>\n<td width=\"29%\">1427-1518 MHz<\/td>\n<td width=\"30%\">30\u00b11dBm\/ 1\u00b10,2 W<\/td>\n<\/tr>\n<tr>\n<td width=\"13%\">Nr kat. 8<\/td>\n<td width=\"27%\">4G2600<\/td>\n<p> powiedzia\u0142:<\/p>\n<td width=\"29%\">2570-2690MHZ<\/td>\n<td width=\"30%\">30\u00b11dBm\/ 1\u00b10,2 W<\/td>\n<\/tr>\n<tr>\n<td width=\"13%\">CH 9<\/td>\n<td width=\"27%\">VHF\/LOJACK<\/td>\n<td width=\"29%\">135-175 MHz<\/td>\n<td width=\"30%\">30\u00b11dBm\/ 1\u00b10,2 W<\/td>\n<\/tr>\n<tr>\n<td width=\"13%\">CH 10<\/td>\n<td width=\"27%\">Sie\u0107 WIFI2.4G<\/td>\n<td width=\"29%\">2400-2500 MHz<\/td>\n<td width=\"30%\">30\u00b11dBm\/ 1\u00b10,2 W<\/td>\n<\/tr>\n<tr>\n<td width=\"13%\">Nr kat. 11<\/td>\n<td width=\"27%\">Zobacz materia\u0142 RC315<\/td>\n<td width=\"29%\">315 MHz<\/td>\n<td width=\"30%\">30\u00b11dBm\/ 1\u00b10,2 W<\/td>\n<\/tr>\n<tr>\n<td rowspan=\"2\" width=\"13%\">CH12 \/CH13<\/td>\n<td width=\"27%\">Zobacz materia\u0142 3G2100<\/td>\n<p> powiedzia\u0142:<\/p>\n<td width=\"29%\">2110-2170 MHz<\/td>\n<td width=\"30%\">30\u00b11dBm\/ 1\u00b10,2 W<\/td>\n<\/tr>\n<tr>\n<td width=\"27%\">4G800<\/td>\n<p> powiedzia\u0142:<\/p>\n<td width=\"29%\">758-826 MHz<\/td>\n<td width=\"30%\">30\u00b11dBm\/ 1\u00b10,2W<\/td>\n<\/tr>\n<tr>\n<td width=\"13%\">CH 14<\/td>\n<td width=\"27%\">Zobacz materia\u0142 RC433<\/td>\n<td width=\"29%\">433 MHz<\/td>\n<td width=\"30%\">30\u00b11dBm\/ 1\u00b10,2 W<\/td>\n<\/tr>\n<tr>\n<td rowspan=\"2\" width=\"13%\">CH 15\/CH 16<\/td>\n<td width=\"27%\">\n DCS1800<\/td>\n<td width=\"29%\">1805-1880 MHz<\/td>\n<td width=\"30%\">30\u00b11dBm\/ 1\u00b10,2 W<\/td>\n<\/tr>\n<tr>\n<td width=\"27%\">Telefon kom\u00f3rkowy GSM900<\/td>\n<td width=\"29%\">925-960 MHz<\/td>\n<td width=\"30%\">30\u00b11dBm\/ 1\u00b10,2W<\/td>\n<\/tr>\n<tr>\n<td width=\"13%\">Nr kat. 17<\/td>\n<td width=\"27%\">5G3700<\/td>\n<p> powiedzia\u0142:<\/p>\n<td width=\"29%\">3600-3900 MHz<\/td>\n<td width=\"30%\">30\u00b11dBm\/ 1\u00b10,2 W<\/td>\n<\/tr>\n<tr>\n<td width=\"13%\">Nr kat. 18<\/td>\n<td width=\"27%\">Sie\u0107 WIFI5.8G<\/td>\n<td width=\"29%\">5500-5900 MHz<\/td>\n<td width=\"30%\">30\u00b11dBm\/ 1\u00b10,2 W<\/td>\n<\/tr>\n<tr>\n<td colspan=\"4\" width=\"100%\">Zasilanie: adapter 50 do 60 Hz AC (110-240 V AC \/ 12 V DC) \u0141adowarka samochodowa: DC12V IN<\/td>\n<\/tr>\n<tr>\n<td colspan=\"4\" width=\"100%\">Wymiary: (d\u0142ugo\u015b\u0107, szeroko\u015b\u0107, wysoko\u015b\u0107) 190x126x46mm (bez anteny)D\u0142ugo\u015b\u0107 anteny: 195mm Zysk: 2.0dbi<\/td>\n<\/tr>\n<tr>\n<td colspan=\"4\" width=\"100%\">Rozmiar opakowania: 330 * 250 * 80 mm Waga netto: 1,6 kg Waga brutto: 2,5 kg<\/td>\n<\/tr>\n<tr>\n<td colspan=\"4\" width=\"100%\">Ca\u0142kowita moc: 18W<br \/>\nPromie\u0144 ekranowania: (2-25) metr\u00f3w przy -75dBm Nadal zale\u017cy od si\u0142y sygna\u0142u w danym obszarze<br \/>\nWbudowana bateria: 7,4 V \/ 12000 mAh Kontynuuj prac\u0119: oko\u0142o 2,5 godziny<\/td>\n<\/tr>\n<tr>\n<td colspan=\"4\" width=\"100%\">Gwarancja: jeden rok od daty dostawy<\/td>\n<\/tr>\n<\/tbody>\n<\/table>\n<p>&nbsp;<\/p>\n<table width=\"99%\">\n<tbody>\n<tr>\n<td colspan=\"4\" width=\"100%\"><strong>Najwa\u017cniejsze dane techniczne: N18-US<\/strong><\/td>\n<\/tr>\n<tr>\n<td width=\"13%\"><strong>Kana\u0142<\/strong><\/td>\n<td width=\"20%\"><strong>Port wyj\u015bciowy<\/strong><\/td>\n<td width=\"35%\"><strong>Zakres<\/strong><\/td>\n<p> cz\u0119stotliwo\u015bci<\/p>\n<td width=\"30%\"><strong>\u015arednia moc wyj\u015bciowa<\/strong><\/td>\n<\/tr>\n<tr>\n<td width=\"13%\">CH 1<\/td>\n<td width=\"20%\">5G600<\/td>\n<p> powiedzia\u0142:<\/p>\n<td width=\"35%\">617-685 MHz<\/td>\n<td width=\"30%\">30\u00b11dBm\/ 1\u00b10,2 W<\/td>\n<\/tr>\n<tr>\n<td width=\"13%\">CH 2<\/td>\n<td width=\"20%\">Klasa GPSL1<\/td>\n<td width=\"35%\">1570-1610 MHz<\/td>\n<td width=\"30%\">30\u00b11dBm\/ 1\u00b10,2 W<\/td>\n<\/tr>\n<tr>\n<td width=\"13%\">CH 3<\/td>\n<td width=\"20%\">5G3500<\/td>\n<p> powiedzia\u0142:<\/p>\n<td width=\"35%\">3400-3600 MHz<\/td>\n<td width=\"30%\">30\u00b11dBm\/ 1\u00b10,2 W<\/td>\n<\/tr>\n<tr>\n<td width=\"13%\">CH 4<\/td>\n<td width=\"20%\">Zobacz materia\u0142 4G2300<\/td>\n<td width=\"35%\">2300-2400 MHZ<\/td>\n<td width=\"30%\">30\u00b11dBm\/ 1\u00b10,2 W<\/td>\n<\/tr>\n<tr>\n<td width=\"13%\">Rozdzia\u0142 5<\/td>\n<td width=\"20%\">Sie\u0107 WIFI5.2G<\/td>\n<td width=\"35%\">5100-5500 MHz<\/td>\n<td width=\"30%\">30\u00b11dBm\/ 1\u00b10,2 W<\/td>\n<\/tr>\n<tr>\n<td width=\"13%\">CH 6<\/td>\n<td width=\"20%\">\n GPSL2L5<\/td>\n<td width=\"35%\">1170-1280 MHz<\/td>\n<td width=\"30%\">30\u00b11dBm\/ 1\u00b10,2 W<\/td>\n<\/tr>\n<tr>\n<td width=\"13%\">CH 7<\/td>\n<td width=\"20%\">4G1700\/GPSL3L4\/ LORA<\/td>\n<td width=\"35%\">1710-1780\/1370-1390\/900-930MHz<\/td>\n<td width=\"30%\">30\u00b11dBm\/ 1\u00b10,2 W<\/td>\n<\/tr>\n<tr>\n<td width=\"13%\">Nr kat. 8<\/td>\n<td width=\"20%\">4G2600<\/td>\n<p> powiedzia\u0142:<\/p>\n<td width=\"35%\">2500-2690 MHZ<\/td>\n<td width=\"30%\">30\u00b11dBm\/ 1\u00b10,2 W<\/td>\n<\/tr>\n<tr>\n<td width=\"13%\">CH 9<\/td>\n<td width=\"20%\">VHF\/LOJACK<\/td>\n<td width=\"35%\">135-175 MHz<\/td>\n<td width=\"30%\">30\u00b11dBm\/ 1\u00b10,2 W<\/td>\n<\/tr>\n<tr>\n<td width=\"13%\">CH 10<\/td>\n<td width=\"20%\">Sie\u0107 WIFI2.4G<\/td>\n<td width=\"35%\">2400-2500 MHz<\/td>\n<td width=\"30%\">30\u00b11dBm\/ 1\u00b10,2 W<\/td>\n<\/tr>\n<tr>\n<td width=\"13%\">Nr kat. 11<\/td>\n<td width=\"20%\">Zobacz materia\u0142 RC315<\/td>\n<td width=\"35%\">315 MHz<\/td>\n<td width=\"30%\">30\u00b11dBm\/ 1\u00b10,2 W<\/td>\n<\/tr>\n<tr>\n<td rowspan=\"2\" width=\"13%\">CH12 \/CH 13<\/td>\n<td width=\"20%\">Zobacz materia\u0142 3G2100<\/td>\n<p> powiedzia\u0142:<\/p>\n<td width=\"35%\">2110-2180 MHz<\/td>\n<td width=\"30%\">30\u00b11dBm\/ 1\u00b10,2 W<\/td>\n<\/tr>\n<tr>\n<td width=\"20%\">4G700<\/td>\n<p> powiedzia\u0142:<\/p>\n<td width=\"35%\">700-803 MHz<\/td>\n<td width=\"30%\">30\u00b11dBm\/ 1\u00b10,2W<\/td>\n<\/tr>\n<tr>\n<td width=\"13%\">CH 14<\/td>\n<td width=\"20%\">Zobacz materia\u0142 RC433<\/td>\n<td width=\"35%\">433 MHz<\/td>\n<td width=\"30%\">30\u00b11dBm\/ 1\u00b10,2 W<\/td>\n<\/tr>\n<tr>\n<td rowspan=\"2\" width=\"13%\">CH 15\/CH 16<\/td>\n<td width=\"20%\">\n PCS1900<\/td>\n<td width=\"35%\">1930-2000 MHz<\/td>\n<td width=\"30%\">30\u00b11dBm\/ 1\u00b10,2 W<\/td>\n<\/tr>\n<tr>\n<td width=\"20%\">CDMA\/RC868<\/td>\n<td width=\"35%\">850-894 MHz<\/td>\n<td width=\"30%\">30\u00b11dBm\/ 1\u00b10,2W<\/td>\n<\/tr>\n<tr>\n<td width=\"13%\">Nr kat. 17<\/td>\n<td width=\"20%\">5G3700<\/td>\n<p> powiedzia\u0142:<\/p>\n<td width=\"35%\">3600-3900 MHz<\/td>\n<td width=\"30%\">30\u00b11dBm\/ 1\u00b10,2 W<\/td>\n<\/tr>\n<tr>\n<td width=\"13%\">Nr kat. 18<\/td>\n<td width=\"20%\">Sie\u0107 WIFI5.8G<\/td>\n<td width=\"35%\">5500-5900 MHz<\/td>\n<td width=\"30%\">30\u00b11dBm\/ 1\u00b10,2 W<\/td>\n<\/tr>\n<tr>\n<td colspan=\"4\" width=\"100%\">Zasilanie: adapter 50 do 60 Hz AC (110-240 V AC \/ 12 V DC) \u0141adowarka samochodowa: DC12V IN<\/td>\n<\/tr>\n<tr>\n<td colspan=\"4\" width=\"100%\">Wymiary: (d\u0142ugo\u015b\u0107, szeroko\u015b\u0107, wysoko\u015b\u0107) 190x126x46mm (bez anteny)D\u0142ugo\u015b\u0107 anteny: 195mm Zysk: 2.0dbi<\/td>\n<\/tr>\n<tr>\n<td colspan=\"4\" width=\"100%\">Rozmiar opakowania: 330 * 250 * 80 mm Waga netto: 1,6 kg Waga brutto: 2,5 kg<\/td>\n<\/tr>\n<tr>\n<td colspan=\"4\" width=\"100%\">Ca\u0142kowita moc: 18W<br \/>\nPromie\u0144 ekranowania: (2-25) metr\u00f3w przy -75dBm Nadal zale\u017cy od si\u0142y sygna\u0142u w danym obszarze<br \/>\nWbudowana bateria: 7,4 V \/ 12000 mAh Kontynuuj prac\u0119: oko\u0142o 2,5 godziny<\/td>\n<\/tr>\n<tr>\n<td colspan=\"4\" width=\"100%\">Gwarancja: jeden rok od daty dostawy<\/td>\n<\/tr>\n<\/tbody>\n<\/table>\n","protected":false},"excerpt":{"rendered":"<p>Najnowsze 18 pasm z 16 antenami typu &#8222;wszystko w jednym&#8221; <a href=\"https:\/\/telejammer.com\/pl\/\">bezprzewodowy zag\u0142uszacz sygna\u0142u<\/a> z nylonow\u0105 os\u0142on\u0105 do przeno\u015bnego, zag\u0142uszaj\u0105cego wszystkich typ\u00f3w telefon\u00f3w z Androidem, tablet\u00f3w, smartfon\u00f3w, iPhone&#8217;\u00f3w, telefon\u00f3w Win itp., kt\u00f3re korzystaj\u0105 z 2G, 3G, 4G 5G i CDMA 450Mhz, Block LOJACK GPS, Wi-Fi 5G, Walkie-Talkie UHF \/ VHF i sygna\u0142y RF, takie jak 315, 433, 868 itp. Niezbyt du\u017cy i z wy\u015bwietlaczem LCD jest popularny w 2021 roku i w kolejnych latach. <\/p>\n<p>R\u0119czny 18-pasmowy zag\u0142uszacz sygna\u0142u telefonu kom\u00f3rkowego 5G mo\u017ce skutecznie blokowa\u0107 fale elektromagnetyczne 2G 3G 4G 5G Wi-Fi GPS UHF VHF, 18Watt. To urz\u0105dzenie zag\u0142uszaj\u0105ce zapewnia r\u00f3wnie\u017c \u0142adn\u0105 przeno\u015bn\u0105 konstrukcj\u0119 i jest ma\u0142e i lekkie, wi\u0119c ty <\/p>\n","protected":false},"featured_media":4368,"comment_status":"open","ping_status":"closed","template":"","meta":{"_acf_changed":false,"_gspb_post_css":""},"product_cat":[185],"product_tag":[346],"product_brands":[],"class_list":{"0":"post-9730","1":"product","2":"type-product","3":"status-publish","4":"has-post-thumbnail","6":"product_cat-handheld-signal-jammer-pl","7":"product_tag-18-bands-signal-jammer-pl-2","9":"first","10":"instock","11":"sale","12":"shipping-taxable","13":"purchasable","14":"product-type-simple"},"ct_brands":[],"aioseo_notices":[],"acf":[],"_links":{"self":[{"href":"https:\/\/telejammer.com\/pl\/wp-json\/wp\/v2\/product\/9730","targetHints":{"allow":["GET"]}}],"collection":[{"href":"https:\/\/telejammer.com\/pl\/wp-json\/wp\/v2\/product"}],"about":[{"href":"https:\/\/telejammer.com\/pl\/wp-json\/wp\/v2\/types\/product"}],"replies":[{"embeddable":true,"href":"https:\/\/telejammer.com\/pl\/wp-json\/wp\/v2\/comments?post=9730"}],"wp:featuredmedia":[{"embeddable":true,"href":"https:\/\/telejammer.com\/pl\/wp-json\/wp\/v2\/media\/4368"}],"wp:attachment":[{"href":"https:\/\/telejammer.com\/pl\/wp-json\/wp\/v2\/media?parent=9730"}],"wp:term":[{"taxonomy":"product_cat","embeddable":true,"href":"https:\/\/telejammer.com\/pl\/wp-json\/wp\/v2\/product_cat?post=9730"},{"taxonomy":"product_tag","embeddable":true,"href":"https:\/\/telejammer.com\/pl\/wp-json\/wp\/v2\/product_tag?post=9730"},{"taxonomy":"product_brands","embeddable":true,"href":"https:\/\/telejammer.com\/pl\/wp-json\/wp\/v2\/product_brands?post=9730"}],"curies":[{"name":"wp","href":"https:\/\/api.w.org\/{rel}","templated":true}]}}