{"id":9586,"date":"2025-02-19T17:38:23","date_gmt":"2025-02-19T09:38:23","guid":{"rendered":"https:\/\/telejammer.com\/8-kanalowy-zagluszacz-sygnalu-bezprzewodowego-telefonu-z-zagluszaniem-anteny-wewnetrznej-o-duzej-mocy-80-w-dla-2g-3g-4g-5g-wifi\/"},"modified":"2025-03-29T16:10:34","modified_gmt":"2025-03-29T08:10:34","slug":"8-kanalowy-zagluszacz-sygnalu-bezprzewodowego-telefonu-z-zagluszaniem-anteny-wewnetrznej-o-duzej-mocy-80-w-dla-2g-3g-4g-5g-wifi","status":"publish","type":"product","link":"https:\/\/telejammer.com\/pl\/8-kanalowy-zagluszacz-sygnalu-bezprzewodowego-telefonu-z-zagluszaniem-anteny-wewnetrznej-o-duzej-mocy-80-w-dla-2g-3g-4g-5g-wifi\/","title":{"rendered":"8-kana\u0142owy zag\u0142uszacz sygna\u0142u bezprzewodowego telefonu z zag\u0142uszaniem anteny wewn\u0119trznej o du\u017cej mocy 80 W dla 2G \/ 3G \/ 4G \/ 5G \/ WiFi"},"content":{"rendered":"<h3>Ten <a href=\"https:\/\/telejammer.com\/pl\/\">szkolny zag\u0142uszacz telefon\u00f3w WiFi<\/a> o du\u017cej mocy jest szeroko stosowany w wi\u0119zieniach, szko\u0142ach, akademikach, zespo\u0142ach wojskowych, du\u017cych fabrykach i parkingach itp. do ochrony sygna\u0142u Wi-Fi telefonu w zasi\u0119gu 5-50 m.<\/h3>\n<h3><a href=\"https:\/\/telejammer.com\/product\/8-channel-phone-wireless-signal-jammer-with-80w-high-power-inner-antenna-jammer-for-2g-3g-4g-5g-wifi\/\">8-kana\u0142owy zag\u0142uszacz sygna\u0142u bezprzewodowego telefonu<\/a> to pot\u0119\u017cny bloker sygna\u0142u bezprzewodowego, kt\u00f3ry mo\u017ce jednocze\u015bnie zag\u0142usza\u0107 wiele sygna\u0142\u00f3w bezprzewodowych. Mo\u017ce by\u0107 u\u017cywany do zapobiegania w\u0142amaniom do telefon\u00f3w z niebieskimi z\u0119bami, przechwytywaniu telefonu i pods\u0142uchiwaniu telefonu. <\/h3>\n<p><strong>1. Wprowadzenie do produktu<\/strong><\/p>\n<p>Dzi\u0119ki antenom wewn\u0105trz, ten <a href=\"https:\/\/telejammer.com\/pl\/\">zag\u0142uszacz szkolnych telefon\u00f3w Wi-Fi<\/a> o du\u017cej mocy jest idealny na spotkania, sale lekcyjne i inne \u015brodowiska wewn\u0119trzne. Posiada wzmacniacz RF o wysokiej integracji 10 W na kanale, \u0142\u0105cznie 80 W, aby zapewni\u0107 du\u017cy obszar pokrycia 300-400 metr\u00f3w kwadratowych. <\/p>\n<p><b>Specyfikacja<\/b><\/p>\n<div class=\"rich-text-table\">\n<table>\n<colgroup>\n<col><\/colgroup>\n<tbody>\n<tr>\nNr <\/p>\n<td>modu\u0142u TXtelsig<\/td>\n<td>TX-T80W<\/td>\n<\/tr>\n<tr>\n<td>G\u0142\u00f3wna pojemno\u015b\u0107<\/td>\n<p> silnika<\/p>\n<td>370 * 145 * 346 mm<\/td>\n<\/tr>\n<tr>\n<td>Masa<\/td>\n<p> silnika g\u0142\u00f3wnego<\/p>\n<td>5KG<\/td>\n<\/tr>\n<tr>\n<td>Temperatura<\/td>\n<p> pracy<\/p>\n<td>Od -40 do 55\u00baC<\/td>\n<\/tr>\n<tr>\n<td>Wilgotno\u015b\u0107 wzgl\u0119dna<\/td>\n<td>&lt;=80%<\/td>\n<\/tr>\n<tr>\n<td>Zasilacz<\/td>\n<td>24V 12A<\/td>\n<\/tr>\n<tr>\n<td>Moc wej\u015bciowa<\/td>\n<td>Pr\u0105d przemienny 100-240 V DC 24 V<\/td>\n<\/tr>\n<tr>\n<td>Dane<\/td>\n<p> anteny<\/p>\n<td>wbudowany zysk anteny orientacyjnej 5-7dBi<\/td>\n<\/tr>\n<tr>\n<td>Sterowanie prze\u0142\u0105cznikami<\/td>\n<td>Prze\u0142\u0105cznik r\u0119czny<\/td>\n<\/tr>\n<tr>\n<td>Gwarancja<\/td>\n<td>1 rok<\/td>\n<\/tr>\n<\/tbody>\n<\/table>\n<\/div>\n<p><b>Szczeg\u00f3\u0142y cz\u0119stotliwo\u015bci zag\u0142uszania<\/b><\/p>\n<div class=\"rich-text-table\">\n<table>\n<colgroup>\n<col><\/colgroup>\n<tbody>\n<tr>\n<td>Kana\u0142<\/td>\n<td>Cz\u0119stotliwo\u015b\u0107<\/td>\n<p> robocza<\/p>\n<td>Moc wyj\u015bciowa (\u00b11dBm)<\/td>\n<\/tr>\n<tr>\n<td>Telefon kom\u00f3rkowy GSM900<\/td>\n<td>925-960 MHZ<\/td>\n<td>10W<\/td>\n<\/tr>\n<tr>\n<td>\n DCS1800<\/td>\n<td>1805-1850 MHZ<\/td>\n<td>10W<\/td>\n<\/tr>\n<tr>\n<td>Sie\u0107 4G TDD-LTE<\/td>\n<td>1880-1920MHZ<\/td>\n<td>10W<\/td>\n<\/tr>\n<tr>\n<td>3G TD-SCDMA<\/td>\n<td>2010-2170MHZ<\/td>\n<td>10W<\/td>\n<\/tr>\n<tr>\n<td>Sie\u0107 3G TDD-LTE<\/td>\n<td>2110-2175MHZ<\/td>\n<td>10W<\/td>\n<\/tr>\n<tr>\n<td>Sie\u0107 4G\/WIFI<\/td>\n<td>2300-2400 MHZ<\/td>\n<td>10W<\/td>\n<\/tr>\n<tr>\n<td>Sie\u0107 4G TDD-LTE<\/td>\n<td>2555-2655MHZ<\/td>\n<td>10W<\/td>\n<\/tr>\n<\/tbody>\n<\/table>\n<\/div>\n<p><img decoding=\"async\" class=\" lazyloaded\" src=\"https:\/\/i.trade-cloud.com.cn\/upload\/6382\/image\/20210405\/111_395292.jpg\" alt=\"\" data-src=\"https:\/\/i.trade-cloud.com.cn\/upload\/6382\/image\/20210405\/111_395292.jpg\"><\/p>\n<p><strong>2. Specyfikacja<\/strong><\/p>\n<div class=\"p-bl\">\n<table class=\"p-blas\" border=\"1\" width=\"100%\">\n<tbody>\n<tr>\n<td>Rodzaj<\/td>\n<p> produktu<\/p>\n<td>TX-T80W HighpowerschoolWi-Fiphoneblockerjammer<\/td>\n<\/tr>\n<tr>\nZakres <\/p>\n<td>zag\u0142uszania<\/td>\n<td>Promie\u0144 5-50 metr\u00f3w<\/td>\n<\/tr>\n<tr>\n<td>Kana\u0142y<\/td>\n<p> robocze<\/p>\n<td>8Kana\u0142Dostosowane<\/td>\n<\/tr>\n<tr>\n\u015arednia moc <\/p>\n<td>wyj\u015bciowa<\/td>\n<td>10W<\/td>\n<\/tr>\n<tr>\nCa\u0142kowita moc <\/p>\n<td>wyj\u015bciowa<\/td>\n<td>80W<\/td>\n<\/tr>\n<tr>\n<td>Rozmiar<\/td>\n<p> cia\u0142a<\/p>\n<td>42 * 38 * 7,5 CM<\/td>\n<\/tr>\n<tr>\n<td>Masa<\/td>\n<p> cia\u0142a<\/p>\n<td>5,3 kg<\/td>\n<\/tr>\n<tr>\n<td>Wbudowana antena<\/td>\n<td>Kierunkowy95\u00b0 w poziomie<\/p>\n<p>35\u00b0 w pionie<\/td>\n<\/tr>\n<tr>\n<td>Temperatura<\/td>\n<p> pracy<\/p>\n<td>-20 \u00b0C ~ 75 \u00b0C<\/td>\n<\/tr>\n<tr>\n<td>Wilgotno\u015b\u0107<\/td>\n<p> robocza<\/p>\n<td>35 ~ 95%<\/td>\n<\/tr>\n<tr>\n<td>Pob\u00f3r<\/td>\n<td>\u2264240 W<\/td>\n<\/tr>\n<tr>\n<td>Pob\u00f3r<\/td>\n<p> mocy<\/p>\n<td>Pr\u0105d przemienny 110 V ~ 240 V.<\/td>\n<\/tr>\n<tr>\n<td>Moc wyj\u015bciowa<\/td>\n<td>Pr\u0105d sta\u0142y 24V\/8A<\/td>\n<\/tr>\n<\/tbody>\n<\/table>\n<\/div>\n<p><strong>3. Funkcja produktu<\/strong><\/p>\n<p>* Zwi\u0119z\u0142y kszta\u0142t z wbudowan\u0105 anten\u0105 kierunkow\u0105<\/p>\n<p>* Wysoka moc wyj\u015bciowa na kana\u0142 10 W, \u0142\u0105cznie 80 W<\/p>\n<p>* Zasi\u0119g tarczy: 5-50 metr\u00f3w (-75dBm, miejsce otwarte)<\/p>\n<p>* Specjalna konstrukcja otworu wentylacyjnego po dw\u00f3ch stronach, lagerowa pow\u0142oka, wewn\u0119trzne wentylatory i gruby radiator wewn\u0105trz<\/p>\n<p>* Oryginalne komponenty elektroniczne i uk\u0142ad scalony w celu utrzymania dobrej wydajno\u015bci i d\u0142ugiej \u017cywotno\u015bci<\/p>\n<p>* \u0141atwa instalacja do monta\u017cu na \u015bcianie lub na biurku w celu zag\u0142uszania szkolnego telefonu Wi-Fi o du\u017cej mocy<\/p>\n<p><strong>4. Wiele aplikacji<\/strong><\/p>\n<p>W przypadku tego szkolnego zag\u0142uszacza telefon\u00f3w Wi-Fi o du\u017cej mocy, takich jak egzaminy, szko\u0142a, sala konferencyjna, miejsce parkingowe, biuro, dom, teatr, biblioteka, sala szkoleniowa itp<br \/>\n.<\/p>\n","protected":false},"excerpt":{"rendered":"<h3>Ten <a href=\"https:\/\/telejammer.com\/pl\/\">szkolny zag\u0142uszacz<\/a> telefon\u00f3w WiFi o du\u017cej mocy jest szeroko stosowany w wi\u0119zieniach, szko\u0142ach, akademikach, zespo\u0142ach wojskowych, du\u017cych fabrykach i parkingach itp. do ochrony sygna\u0142u Wi-Fi telefonu w zasi\u0119gu 5-50 m.<\/h3>\n<p>8-kana\u0142owy <a href=\"https:\/\/telejammer.com\/pl\/\">zag\u0142uszacz sygna\u0142u bezprzewodowego<\/a> telefonu, \u0142atwy w instalacji i obs\u0142udze, antena obracaj\u0105ca si\u0119 o 360 stopni, du\u017ca moc, \u0142atwy w u\u017cyciu, niskie zu\u017cycie, stabilna wydajno\u015b\u0107, wysokie bezpiecze\u0144stwo. Jest to wyj\u0105tkowy produkt, kt\u00f3ry jest szeroko stosowany w szkole, biurze, supermarkecie, parku, rodzinie i innych miejscach do zag\u0142uszania sygna\u0142u <\/p>\n","protected":false},"featured_media":5583,"comment_status":"open","ping_status":"closed","template":"","meta":{"_acf_changed":false,"_gspb_post_css":""},"product_cat":[157],"product_tag":[697],"product_brands":[],"class_list":{"0":"post-9586","1":"product","2":"type-product","3":"status-publish","4":"has-post-thumbnail","6":"product_cat-desktop-signal-jammer-pl","7":"product_tag-zagluszacz-pulpitu","9":"first","10":"instock","11":"sale","12":"shipping-taxable","13":"purchasable","14":"product-type-simple"},"ct_brands":[],"aioseo_notices":[],"acf":[],"_links":{"self":[{"href":"https:\/\/telejammer.com\/pl\/wp-json\/wp\/v2\/product\/9586","targetHints":{"allow":["GET"]}}],"collection":[{"href":"https:\/\/telejammer.com\/pl\/wp-json\/wp\/v2\/product"}],"about":[{"href":"https:\/\/telejammer.com\/pl\/wp-json\/wp\/v2\/types\/product"}],"replies":[{"embeddable":true,"href":"https:\/\/telejammer.com\/pl\/wp-json\/wp\/v2\/comments?post=9586"}],"wp:featuredmedia":[{"embeddable":true,"href":"https:\/\/telejammer.com\/pl\/wp-json\/wp\/v2\/media\/5583"}],"wp:attachment":[{"href":"https:\/\/telejammer.com\/pl\/wp-json\/wp\/v2\/media?parent=9586"}],"wp:term":[{"taxonomy":"product_cat","embeddable":true,"href":"https:\/\/telejammer.com\/pl\/wp-json\/wp\/v2\/product_cat?post=9586"},{"taxonomy":"product_tag","embeddable":true,"href":"https:\/\/telejammer.com\/pl\/wp-json\/wp\/v2\/product_tag?post=9586"},{"taxonomy":"product_brands","embeddable":true,"href":"https:\/\/telejammer.com\/pl\/wp-json\/wp\/v2\/product_brands?post=9586"}],"curies":[{"name":"wp","href":"https:\/\/api.w.org\/{rel}","templated":true}]}}