{"id":9477,"date":"2025-03-01T09:18:28","date_gmt":"2025-03-01T01:18:28","guid":{"rendered":"https:\/\/telejammer.com\/18-anteny-przenosny-zagluszacz-sygnalu-jt18\/"},"modified":"2025-03-29T16:08:39","modified_gmt":"2025-03-29T08:08:39","slug":"18-anteny-przenosny-zagluszacz-sygnalu-jt18","status":"publish","type":"product","link":"https:\/\/telejammer.com\/pl\/18-anteny-przenosny-zagluszacz-sygnalu-jt18\/","title":{"rendered":"18 Anteny Przeno\u015bny zag\u0142uszacz sygna\u0142u JT18"},"content":{"rendered":"<h1>18 anten <a href=\"https:\/\/telejammer.com\/portable-signal-jammer-jt18\/\">przeno\u015bny zag\u0142uszacz sygna\u0142u<\/a> blokuj\u0105cy telefon kom\u00f3rkowy 2G, 3G, 4G, 5G, GPS, WIFI, VHF UHF. Sygna\u0142y Lojack.RF.<\/h1>\n<p>\u2605Z d\u0142u\u017cszymi antenami dook\u00f3lnymi o zysku 2,0 dbi,<br \/>\n\u2605Z prze\u0142\u0105cznikiem DIP, oddzielnym prze\u0142\u0105cznikiem dla ka\u017cdego pasma, wraz z dzia\u0142aj\u0105cym \u015bwiat\u0142em LED<br \/>\n\u2605Mo\u017ce by\u0107 u\u017cywany bezpo\u015brednio w samochodzie, z \u0142adowark\u0105 samochodow\u0105 i \u0142adowark\u0105 sieciow\u0105<br \/>\n\u2605Wewn\u0119trzne wentylatory ch\u0142odz\u0105ce i wi\u0119ksza konstrukcja radiatora zapewniaj\u0105 ci\u0105g\u0142\u0105 prac\u0119 urz\u0105dzenia<br \/>\n\u2605 naci\u015bnij ekran zasilania, aby \u0142atwo sprawdzi\u0107 procent mocy, pr\u0105d, napi\u0119cie, dane pr\u0105du roboczego<br \/>\n\u2605 Wspomagaj prac\u0119 podczas \u0142adowania<\/p>\n<p>1. Lojack \/ VHF: 135-174 MHz<br \/>\n2. GPS L2-L5: 1170-1230 MHz<br \/>\n3. DCS \/ PCS: 1805-1990 MHz<br \/>\n4. RF 433: 433 MHz<br \/>\n5. GPS L1: 1570-1580 MHZ<br \/>\n6. WIFI 2.4G: 2400-2500 MHz<br \/>\n7. 3G: 2110-2170 MHz<br \/>\n8. CDMA: 850 ~ 960 MHz<br \/>\n9. 4G LTE: 738-826 MHz<br \/>\n10. RF 868: 868 MHz<br \/>\n11. RF 315: 315 MHz<br \/>\n12. 4G WIMAX: 2620-2690 MHz<br \/>\n13. WIFI 5.2G: 5100-5680 MHz<br \/>\n14. WIFI 5.8G: 5680-5900 MHz<br \/>\n15. 5G LTE1: 3400-3600 MHz<br \/>\n16. GPS L3-L4: 1370-1390 MHz<br \/>\n17: 5G LTE2: 3600-3800 MHz<br \/>\n18: UHF: 400-470 MHz<\/p>\n<p>Moc wyj\u015bciowa: 16 W Zasilanie: AC100-240V DO DC12V IN<\/p>\n<p>Rozmiar: 195 x 128 x 58 mm (bez anteny) Pe\u0142ny zestaw Waga: 2,25 kg<br \/>\nD\u0142ugo\u015b\u0107 anteny: 166 mm Zysk: 2,0 dbi<\/p>\n<p>Promie\u0144 ekranowania: 5-25 metr\u00f3w (w zale\u017cno\u015bci od si\u0142y sygna\u0142u w danym obszarze)<\/p>\n<p>Czas pracy: wbudowana bateria: 7,4 V \/ 12500 mAh Kontynuuj prac\u0119: ponad 2 godziny<\/p>\n<p>System ch\u0142odzenia: wysokowydajny grzejnik ze stopu aluminium, wbudowane 3x wentylatory ch\u0142odz\u0105ce<\/p>\n<table style=\"border-collapse: collapse; width: 558.02pt;\" border=\"0\" width=\"744\" cellspacing=\"0\" cellpadding=\"0\">\n<tbody>\n<tr style=\"height: 13.50pt;\">\n<td class=\"et3\" style=\"height: 13.50pt; width: 558.00pt;\" colspan=\"3\" width=\"744\" height=\"18\">Uwagi:<\/td>\n<\/tr>\n<tr style=\"height: 24.75pt;\">\n<td class=\"et5\" style=\"height: 24.75pt; width: 558.00pt;\" colspan=\"3\" width=\"744\" height=\"33\">1) Cena jest oparta na cenie fabrycznej bez podatku i koszt\u00f3w wysy\u0142ki, cena ko\u0144cowa zostanie ustalona na podstawie ilo\u015bci zam\u00f3wienia i specjalnych wymaga\u0144.<\/td>\n<\/tr>\n<tr style=\"height: 24.75pt;\">\n<td class=\"et5\" style=\"height: 24.75pt; width: 558.00pt;\" colspan=\"3\" width=\"744\" height=\"33\">2) Dostosujemy cz\u0119stotliwo\u015b\u0107 do kraju, w kt\u00f3rym z\u0142o\u017cysz zam\u00f3wienie.<\/td>\n<\/tr>\n<tr style=\"height: 24.75pt;\">\n<td class=\"et5\" style=\"height: 24.75pt; width: 558.00pt;\" colspan=\"3\" width=\"744\" height=\"33\">3) Wa\u017cno\u015b\u0107: 50 dni po wycenie, przed z\u0142o\u017ceniem zam\u00f3wienia potwierd\u017a ponownie, je\u015bli wyst\u0105pi\u0105 jakiekolwiek zmiany na rynku<\/td>\n<\/tr>\n<\/tbody>\n<\/table>\n","protected":false},"excerpt":{"rendered":"<p>Nowe <a href=\"https:\/\/telejammer.com\/portable-signal-jammer-jt18\/\">18 anten przeno\u015bny zag\u0142uszacz sygna\u0142u blokuj\u0105cy<\/a> telefon kom\u00f3rkowy 2G, 3G, 4G, 5G, GPS, WIFI, VHF UHF. Sygna\u0142y Lojack.RF.<\/p>\n","protected":false},"featured_media":6816,"comment_status":"open","ping_status":"closed","template":"","meta":{"_acf_changed":false,"_gspb_post_css":""},"product_cat":[185],"product_tag":[384,353],"product_brands":[],"class_list":{"0":"post-9477","1":"product","2":"type-product","3":"status-publish","4":"has-post-thumbnail","6":"product_cat-handheld-signal-jammer-pl","7":"product_tag-18-antennas-pl","8":"product_tag-18-bands-pl","10":"first","11":"instock","12":"sale","13":"shipping-taxable","14":"purchasable","15":"product-type-simple"},"ct_brands":[],"aioseo_notices":[],"acf":[],"_links":{"self":[{"href":"https:\/\/telejammer.com\/pl\/wp-json\/wp\/v2\/product\/9477","targetHints":{"allow":["GET"]}}],"collection":[{"href":"https:\/\/telejammer.com\/pl\/wp-json\/wp\/v2\/product"}],"about":[{"href":"https:\/\/telejammer.com\/pl\/wp-json\/wp\/v2\/types\/product"}],"replies":[{"embeddable":true,"href":"https:\/\/telejammer.com\/pl\/wp-json\/wp\/v2\/comments?post=9477"}],"wp:featuredmedia":[{"embeddable":true,"href":"https:\/\/telejammer.com\/pl\/wp-json\/wp\/v2\/media\/6816"}],"wp:attachment":[{"href":"https:\/\/telejammer.com\/pl\/wp-json\/wp\/v2\/media?parent=9477"}],"wp:term":[{"taxonomy":"product_cat","embeddable":true,"href":"https:\/\/telejammer.com\/pl\/wp-json\/wp\/v2\/product_cat?post=9477"},{"taxonomy":"product_tag","embeddable":true,"href":"https:\/\/telejammer.com\/pl\/wp-json\/wp\/v2\/product_tag?post=9477"},{"taxonomy":"product_brands","embeddable":true,"href":"https:\/\/telejammer.com\/pl\/wp-json\/wp\/v2\/product_brands?post=9477"}],"curies":[{"name":"wp","href":"https:\/\/api.w.org\/{rel}","templated":true}]}}