{"id":9444,"date":"2023-10-12T10:02:45","date_gmt":"2023-10-12T02:02:45","guid":{"rendered":"https:\/\/telejammer.com\/nowy-zagluszacz-sygnalu-wifi-blokujacy-wifi-2-4g-5-2g-5-8g-2w-na-kanal\/"},"modified":"2025-03-29T16:03:34","modified_gmt":"2025-03-29T08:03:34","slug":"nowy-zagluszacz-sygnalu-wifi-blokujacy-wifi-2-4g-5-2g-5-8g-2w-na-kanal","status":"publish","type":"product","link":"https:\/\/telejammer.com\/pl\/nowy-zagluszacz-sygnalu-wifi-blokujacy-wifi-2-4g-5-2g-5-8g-2w-na-kanal\/","title":{"rendered":"Nowy zag\u0142uszacz sygna\u0142u WiFi blokuj\u0105cy WiFi 2.4G 5.2G 5.8G 2W na kana\u0142"},"content":{"rendered":"&#13;\n<h2><strong>Nowy zag\u0142uszacz sygna\u0142u WiFi blokuj\u0105cy WiFi 2.4G 5.2G 5.8G 2W na kana\u0142<\/strong><\/h2>&#13;\n<p><b>Funkcje:<\/b><\/p>&#13;\n<p>1. Szeroki zakres 100-150 metr\u00f3w kwadratowych, zag\u0142uszacz WIFI<\/p>&#13;\n<p>2. Konstrukcja o du\u017cej mocy, pojedyncza moc 2 W, ca\u0142kowita maksymalna moc ca\u0142kowita do 6 W<\/p>&#13;\n<p>3. Wbudowana antena dook\u00f3lna, zasi\u0119g ekranowania odnosi si\u0119 do okr\u0105g\u0142ego obszaru wy\u015brodkowanego na maszynie. Ekranowany sygna\u0142 jest wysy\u0142any przez hosta i rozchodzi si\u0119 na zewn\u0105trz od silnego do s\u0142abego. <\/p>&#13;\n<p>4. Otw\u00f3r wentylacji konwekcyjnej oraz wbudowany wydajny radiator i wentylator zapobiegaj\u0105 miejscowemu gromadzeniu si\u0119 ciep\u0142a i wydajnemu odprowadzaniu ciep\u0142a<\/p>&#13;\n<p>5. Wbudowana bateria litowa 12V 4ah, dost\u0119pna w dowolnym miejscu i czasie, \u0142atwa do przenoszenia<\/p>&#13;\n<p><b>Pasmo cz\u0119stotliwo\u015bci sygna\u0142u mo\u017cna dostosowa\u0107.<\/b><\/p>&#13;\n<p><b>Ni\u017csza cz\u0119stotliwo\u015b\u0107 to konwencjonalna cz\u0119stotliwo\u015b\u0107 wysy\u0142ki (WIFI2.4G, 5.2G, 5.8G), a cz\u0119stotliwo\u015b\u0107 mo\u017cna dostosowa\u0107  <\/b><\/p>&#13;\n<p>Cz\u0119stotliwo\u015b\u0107 sygna\u0142u<\/p>&#13;\n<p>WIFI2.4G 2400-2480MHz 33dBm 33dBm\/30KHz(min)<\/p>&#13;\n<p>WIFI5.2G 5150-5350MHz 33dBm 33dBm \/ 30KHz (min)<\/p>&#13;\n<p>WIFI5.8G 5720-5850MHz 33dBm 33dBm\/30KHz(min)<\/p>&#13;\n<p>Zasilanie: AC110 ~ 240V 50\/60MHz<\/p>&#13;\n<p>Wbudowana bateria: 12V 4ah Odleg\u0142o\u015b\u0107 odniesienia: 10-15 M (w zale\u017cno\u015bci od si\u0142y sygna\u0142u WIFI za pomoc\u0105 blokera)<\/p>&#13;\n<p>Pob\u00f3r mocy: 15 W Waga 0,5 kg Rozmiar: 215 * 43 * 90 mm (wysoko\u015b\u0107 * szeroko\u015b\u0107 * d\u0142ugo\u015b\u0107)<\/p>&#13;\n","protected":false},"excerpt":{"rendered":"<p><!-- wp:paragraph --><\/p>\n<p><b>Nowe 3 anteny Przeno\u015bny r\u0119czny 6W WIFI Zag\u0142uszacz sygna\u0142u WIFI Przerywacz WIFI  <\/b><\/p>\n<p><!-- \/wp:paragraph --><\/p>\n","protected":false},"featured_media":3954,"comment_status":"open","ping_status":"closed","template":"","meta":{"_acf_changed":false,"_gspb_post_css":""},"product_cat":[185],"product_tag":[539],"product_brands":[],"class_list":{"0":"post-9444","1":"product","2":"type-product","3":"status-publish","4":"has-post-thumbnail","6":"product_cat-handheld-signal-jammer-pl","7":"product_tag-zagluszacz-sygnalu-wi-fi","9":"first","10":"instock","11":"sale","12":"shipping-taxable","13":"purchasable","14":"product-type-simple"},"ct_brands":[],"aioseo_notices":[],"acf":[],"_links":{"self":[{"href":"https:\/\/telejammer.com\/pl\/wp-json\/wp\/v2\/product\/9444","targetHints":{"allow":["GET"]}}],"collection":[{"href":"https:\/\/telejammer.com\/pl\/wp-json\/wp\/v2\/product"}],"about":[{"href":"https:\/\/telejammer.com\/pl\/wp-json\/wp\/v2\/types\/product"}],"replies":[{"embeddable":true,"href":"https:\/\/telejammer.com\/pl\/wp-json\/wp\/v2\/comments?post=9444"}],"wp:featuredmedia":[{"embeddable":true,"href":"https:\/\/telejammer.com\/pl\/wp-json\/wp\/v2\/media\/3954"}],"wp:attachment":[{"href":"https:\/\/telejammer.com\/pl\/wp-json\/wp\/v2\/media?parent=9444"}],"wp:term":[{"taxonomy":"product_cat","embeddable":true,"href":"https:\/\/telejammer.com\/pl\/wp-json\/wp\/v2\/product_cat?post=9444"},{"taxonomy":"product_tag","embeddable":true,"href":"https:\/\/telejammer.com\/pl\/wp-json\/wp\/v2\/product_tag?post=9444"},{"taxonomy":"product_brands","embeddable":true,"href":"https:\/\/telejammer.com\/pl\/wp-json\/wp\/v2\/product_brands?post=9444"}],"curies":[{"name":"wp","href":"https:\/\/api.w.org\/{rel}","templated":true}]}}