{"id":9303,"date":"2023-10-11T15:20:45","date_gmt":"2023-10-11T07:20:45","guid":{"rendered":"https:\/\/telejammer.com\/przenosny-zagluszacz-sygnalu-18-pasm-z-obudowa-abs-dla-2g-3g-4g-5g-wi-fi-gps-uhf-vhf-18w\/"},"modified":"2025-03-29T15:37:48","modified_gmt":"2025-03-29T07:37:48","slug":"przenosny-zagluszacz-sygnalu-18-pasm-z-obudowa-abs-dla-2g-3g-4g-5g-wi-fi-gps-uhf-vhf-18w","status":"publish","type":"product","link":"https:\/\/telejammer.com\/pl\/przenosny-zagluszacz-sygnalu-18-pasm-z-obudowa-abs-dla-2g-3g-4g-5g-wi-fi-gps-uhf-vhf-18w\/","title":{"rendered":"Przeno\u015bny zag\u0142uszacz sygna\u0142u 18 pasm z obudow\u0105 ABS dla 2G 3G 4G 5G Wi-Fi GPS UHF VHF 18W"},"content":{"rendered":"&#13;\n<h1>Portable 18 Bands Signal Jammer<\/h1>&#13;\n<p>Najnowszy r\u0119czny 18-zakresowy zag\u0142uszacz sygna\u0142u 5G z obudow\u0105 ABS, blokuj\u0105cy 2G 3G 4G 5G Wi-Fi GPS UHF VHF, zag\u0142uszanie 18 W do 25 m<br\/><strong>Model: <\/strong>TJ-2206P18<br\/><strong>Kolor: <\/strong>Czarny<\/p>&#13;\n<p><strong>Podstawowe specyfikacje<\/strong><br\/><strong>Typ sygna\u0142u Jam\uff1a<\/strong><br\/>CKJ-2206P18-EU: Pe\u0142nozakresowy telefon kom\u00f3rkowy 5G\/4G\/3G\/2G +WiFi2.4G\/5G+ GPSL1-L5 UHF\/VHF\/LOJACK+RC433 315<br\/>CKJ-2206P18-US: Pe\u0142nozakresowy telefon kom\u00f3rkowy 5G\/4G\/3G\/2G +WiFi2.<em>4G\/5G+<\/em> GPSL1-L5+VHF\/LOJACK+RC433 315<br\/><strong>Moc wyj\u015bciowa \uff1a \u0141\u0105cznie<\/strong>18W \uff0c 1W na pasmo z antenami dook\u00f3lnymi o zysku 2dbi<br\/><strong>Jam Radius: 2-25 metr\u00f3w<\/strong>Nadal zale\u017cy od si\u0142y sygna\u0142u w danym obszarze<br\/><strong>Zasilanie\uff1aAC110-240V<\/strong>do DC12V<br\/><strong>System ch\u0142odzenia \uff1a Wysokowydajny<\/strong>radiator ze stopu aluminium, wbudowany 3-wentylator ch\u0142odz\u0105cy<br\/><strong>Czas pracy\uff1aWbudowana<\/strong>bateria: 7,4 V\/12000 mAh Kontynuuj prac\u0119: Oko\u0142o 2,0 godzin<br\/><strong>Rozmiar produktu\uff1a210x130x46mm<\/strong>(bez anteny)<br\/><strong>Waga produktu<\/strong>: ok. 2,0 kg<br\/><strong>Zawarto\u015b\u0107 opakowania: Jammer<\/strong>Host x 1, \u0142adowarka sieciowa x1, antena dook\u00f3lna x16, \u0142adowarka samochodowa x1,<\/p>&#13;\n<p><strong>Opis produktu:<\/strong><br\/>Najnowszy przeno\u015bny zag\u0142uszacz sygna\u0142u z obudow\u0105 ABS, 18 pasm z 16 antenami, zag\u0142uszaj\u0105cy wszystkie typy telefon\u00f3w z systemem Android, tablet\u00f3w, smartfon\u00f3w, iPhone&#8217;\u00f3w, telefon\u00f3w z systemem Win itp. korzystaj\u0105cych z 2G, 3G, 4G 5G i CDMA 450 MHz, Blokuj LOJACK GPS, Wi-Fi 5G, Walkie-Talkie UHF \/ VHF i sygna\u0142y RF, takie jak 315, 433, 868 itp. Niezbyt du\u017ce i z wy\u015bwietlaczem LCD s\u0105 popularne w 2021 roku i w nadchodz\u0105cych latach. <\/p>&#13;\n<p><strong>Zalety:<\/strong><br\/>Pierwszy na \u015bwiecie 18-zakresowy przeno\u015bny zag\u0142uszacz z 16 antenami w obudowie ABS (kana\u0142 12\/13,15\/16 wykorzystuj\u0105cy konstrukcj\u0119 dwuzakresow\u0105, eliminuj\u0105cy wzajemne zak\u0142\u00f3cenia zbyt wielu i bliskich kana\u0142\u00f3w), blokuj\u0105cy wszystkie telefony kom\u00f3rkowe 5G 4G 3G 2G LOJACK GPS Wi-Fi RF sygna\u0142y<br\/>Wysoka moc wyj\u015bciowa 18 W, zasi\u0119g zag\u0142uszania od 2 do 25 metr\u00f3w (przy 75 dBm, w zale\u017cno\u015bci od si\u0142y sygna\u0142u w danym obszarze)<br\/>Dobry system ch\u0142odzenia z 3 wewn\u0119trznymi wentylatorami i wi\u0119kszym radiatorem, nylonowa os\u0142ona na r\u0119k\u0119<br\/>Za pomoc\u0105 prze\u0142\u0105cznika DIP mo\u017cna w\u0142\u0105czy\u0107\/wy\u0142\u0105czy\u0107 dowolne pasmo sygna\u0142u bez wp\u0142ywu na inne pasma.<br\/>Z \u0142adowark\u0105 samochodow\u0105 dost\u0119pne jest r\u00f3wnie\u017c zasilanie 12V DC\/AC<br\/>Z wbudowan\u0105 wi\u0119ksz\u0105 bateri\u0105, mo\u017ce pracowa\u0107 120 minut, wielokrotne \u0142adowanie<br\/>Wy\u015bwietlacz LCD pojemno\u015bci akumulatora (procent pojemno\u015bci, napi\u0119cie\/pr\u0105d roboczy)<\/p>&#13;\n<p><strong>Zastosowanie<\/strong><strong>:<\/strong><br\/>o Mo\u017ce by\u0107 stosowany w salach konferencyjnych, salach konferencyjnych, muzeach, galeriach, teatrach, salach koncertowych, ko\u015bcio\u0142ach, \u015bwi\u0105tyniach, restauracjach, salach lekcyjnych, centrach szkoleniowych, fabrykach, bankach, poci\u0105gach, autobusach i innych miejscach, kt\u00f3re wymagaj\u0105 ciszy, poufno\u015bci i bezpiecze\u0144stwa informacji<br\/>o W przypadku niekt\u00f3rych miejsc specjalnego przeznaczenia, takich jak szpitale, stacje benzynowe i inne, nale\u017cy najpierw przeprowadzi\u0107 test w terenie, aby upewni\u0107 si\u0119, \u017ce nie wyst\u0105pi\u0142y \u017cadne zak\u0142\u00f3cenia w normalnym dzia\u0142aniu ich sprz\u0119tu i instrumentu.<\/p>&#13;\n<table border=\"1\" width=\"99%\" cellspacing=\"0\" cellpadding=\"0\">&#13;\n<tbody>&#13;\n<tr>&#13;\n<td colspan=\"4\"><strong>Key technical specifications: CKJ-2206P18-EU 5G Cellphone Jammer<\/strong><\/td>&#13;\n<\/tr>&#13;\n<tr>&#13;\n<td><strong>Channel<\/strong><\/td>&#13;\n<td><strong>Output port<\/strong><\/td>&#13;\n<td><strong>Frequency range<\/strong><\/td>&#13;\n<td><strong>Average out-putting power<\/strong><\/td>&#13;\n<\/tr>&#13;\n<tr>&#13;\n<td>CH 1<\/td>&#13;\n<td>UHF&amp;CDMA450<\/td>&#13;\n<td>400-470MHz<\/td>&#13;\n<td>30\u00b11dBm\/ 1\u00b10.2W<\/td>&#13;\n<\/tr>&#13;\n<tr>&#13;\n<td>CH 2<\/td>&#13;\n<td>4G800<\/td>&#13;\n<td>758-826MHz<\/td>&#13;\n<td>30\u00b11dBm\/ 1\u00b10.2W<\/td>&#13;\n<\/tr>&#13;\n<tr>&#13;\n<td>CH 3<\/td>&#13;\n<td>5G3500<\/td>&#13;\n<td>3400-3600MHz<\/td>&#13;\n<td>30\u00b11dBm\/ 1\u00b10.2W<\/td>&#13;\n<\/tr>&#13;\n<tr>&#13;\n<td>CH 4<\/td>&#13;\n<td>4G2300<\/td>&#13;\n<td>2300-2400MHZ<\/td>&#13;\n<td>30\u00b11dBm\/ 1\u00b10.2W<\/td>&#13;\n<\/tr>&#13;\n<tr>&#13;\n<td>CH 5<\/td>&#13;\n<td>WIFI5.2G<\/td>&#13;\n<td>5100-5500MHz<\/td>&#13;\n<td>30\u00b11dBm\/ 1\u00b10.2W<\/td>&#13;\n<\/tr>&#13;\n<tr>&#13;\n<td>CH 6<\/td>&#13;\n<td>GPSL2L5<\/td>&#13;\n<td>1170-1280MHz<\/td>&#13;\n<td>30\u00b11dBm\/ 1\u00b10.2W<\/td>&#13;\n<\/tr>&#13;\n<tr>&#13;\n<td>CH 7<\/td>&#13;\n<td>5G1400<\/td>&#13;\n<td>1427-1518MHz<\/td>&#13;\n<td>30\u00b11dBm\/ 1\u00b10.2W<\/td>&#13;\n<\/tr>&#13;\n<tr>&#13;\n<td>CH 8<\/td>&#13;\n<td>4G2600<\/td>&#13;\n<td>2570-2690MHZ<\/td>&#13;\n<td>30\u00b11dBm\/ 1\u00b10.2W<\/td>&#13;\n<\/tr>&#13;\n<tr>&#13;\n<td>CH 9<\/td>&#13;\n<td>VHF\/LOJACK<\/td>&#13;\n<td>135-175MHz<\/td>&#13;\n<td>30\u00b11dBm\/ 1\u00b10.2W<\/td>&#13;\n<\/tr>&#13;\n<tr>&#13;\n<td>CH 10<\/td>&#13;\n<td>GPSL1<\/td>&#13;\n<td>1570-1610MHz<\/td>&#13;\n<td>30\u00b11dBm\/ 1\u00b10.2W<\/td>&#13;\n<\/tr>&#13;\n<tr>&#13;\n<td>CH 11<\/td>&#13;\n<td>RC315<\/td>&#13;\n<td>315MHz<\/td>&#13;\n<td>30\u00b11dBm\/ 1\u00b10.2W<\/td>&#13;\n<\/tr>&#13;\n<tr>&#13;\n<td rowspan=\"2\">CH12 \/<br\/>CH13<\/td>&#13;\n<td>DCS1800<\/td>&#13;\n<td>1805-1880MHz<\/td>&#13;\n<td>30\u00b11dBm\/ 1\u00b10.2W<\/td>&#13;\n<\/tr>&#13;\n<tr>&#13;\n<td>GSM900<\/td>&#13;\n<td>925-960MHz<\/td>&#13;\n<td>30\u00b11dBm\/ 1\u00b10.2W<\/td>&#13;\n<\/tr>&#13;\n<tr>&#13;\n<td>CH 14<\/td>&#13;\n<td>RC433<\/td>&#13;\n<td>433MHz<\/td>&#13;\n<td>30\u00b11dBm\/ 1\u00b10.2W<\/td>&#13;\n<\/tr>&#13;\n<tr>&#13;\n<td rowspan=\"2\">CH 15\/<br\/>CH 16<\/td>&#13;\n<td>WIFI2.4G<\/td>&#13;\n<td>2400-2500MHz<\/td>&#13;\n<td>30\u00b11dBm\/ 1\u00b10.2W<\/td>&#13;\n<\/tr>&#13;\n<tr>&#13;\n<td>WIFI5.8G<\/td>&#13;\n<td>5500-5900MHz<\/td>&#13;\n<td>30\u00b11dBm\/ 1\u00b10.2W<\/td>&#13;\n<\/tr>&#13;\n<tr>&#13;\n<td>CH 17<\/td>&#13;\n<td>5G3700<\/td>&#13;\n<td>3600-3900MHz<\/td>&#13;\n<td>30\u00b11dBm\/ 1\u00b10.2W<\/td>&#13;\n<\/tr>&#13;\n<tr>&#13;\n<td>CH 18<\/td>&#13;\n<td>3G2100<\/td>&#13;\n<td>2110-2170MHz<\/td>&#13;\n<td>30\u00b11dBm\/ 1\u00b10.2W<\/td>&#13;\n<\/tr>&#13;\n<tr>&#13;\n<td colspan=\"4\">Power supply: adapter 50 to 60Hz AC (110-240V AC\/12V DC)\u00a0 Car Charger: DC12V IN<br\/>Built-in battery:7.4V\/12000mAh\u00a0\u00a0 Continue working: Around 2.0 hours<\/td>&#13;\n<\/tr>&#13;\n<tr>&#13;\n<td colspan=\"4\">Dimensions: (length ,width, height) 210x130x46mm (without antenna)<br\/>Length of antenna :195mm\u00a0\u00a0 Gain:2.0dbi<\/td>&#13;\n<\/tr>&#13;\n<tr>&#13;\n<td colspan=\"4\">Packing size:\u00a0330*250*80mm \u00a0\u00a0\u00a0\u00a0\u00a0\u00a0\u00a0Net weight: 1.5kg\u00a0\u00a0\u00a0\u00a0\u00a0\u00a0 \u00a0Gross weight: 2.0kg<\/td>&#13;\n<\/tr>&#13;\n<tr>&#13;\n<td colspan=\"4\">Total power: 18W<br\/>Shielding radius: (2-25) meters at -75dBm Still depends on the strength signal in given area<br\/>Built-in battery:7.4V\/12000mAh Continue working: around 2.0 hours<\/td>&#13;\n<\/tr>&#13;\n<tr>&#13;\n<td colspan=\"4\">Warranty: one year from delivery date<\/td>&#13;\n<\/tr>&#13;\n<\/tbody>&#13;\n<\/table>&#13;\n<table border=\"1\" width=\"99%\" cellspacing=\"0\" cellpadding=\"0\">&#13;\n<tbody>&#13;\n<tr>&#13;\n<td colspan=\"4\"><strong>Key technical specifications: P18-US\u00a05G Cellphone Jammer<\/strong><\/td>&#13;\n<\/tr>&#13;\n<tr>&#13;\n<td><strong>Channel<\/strong><\/td>&#13;\n<td><strong>Output port<\/strong><\/td>&#13;\n<td><strong>Frequency range<\/strong><\/td>&#13;\n<td><strong>Average out-putting power<\/strong><\/td>&#13;\n<\/tr>&#13;\n<tr>&#13;\n<td>CH 1<\/td>&#13;\n<td>UHF\/ 5G600<\/td>&#13;\n<td>400-470 or 617-685MHz<\/td>&#13;\n<td>30\u00b11dBm\/ 1\u00b10.2W<\/td>&#13;\n<\/tr>&#13;\n<tr>&#13;\n<td>CH 2<\/td>&#13;\n<td>4G700<\/td>&#13;\n<td>700-803MHz<\/td>&#13;\n<td>30\u00b11dBm\/ 1\u00b10.2W<\/td>&#13;\n<\/tr>&#13;\n<tr>&#13;\n<td>CH 3<\/td>&#13;\n<td>5G3500<\/td>&#13;\n<td>3400-3600MHz<\/td>&#13;\n<td>30\u00b11dBm\/ 1\u00b10.2W<\/td>&#13;\n<\/tr>&#13;\n<tr>&#13;\n<td>CH 4<\/td>&#13;\n<td>4G2300<\/td>&#13;\n<td>2300-2400MHZ<\/td>&#13;\n<td>30\u00b11dBm\/ 1\u00b10.2W<\/td>&#13;\n<\/tr>&#13;\n<tr>&#13;\n<td>CH 5<\/td>&#13;\n<td>WIFI5.2G<\/td>&#13;\n<td>5100-5500MHz<\/td>&#13;\n<td>30\u00b11dBm\/ 1\u00b10.2W<\/td>&#13;\n<\/tr>&#13;\n<tr>&#13;\n<td>CH 6<\/td>&#13;\n<td>GPSL2L5<\/td>&#13;\n<td>1170-1280MHz<\/td>&#13;\n<td>30\u00b11dBm\/ 1\u00b10.2W<\/td>&#13;\n<\/tr>&#13;\n<tr>&#13;\n<td>CH 7<\/td>&#13;\n<td>4G1700\/GPSL3L4\/ LORA<\/td>&#13;\n<td>1710-1780 or 1370-1390 or 900-930MHz<\/td>&#13;\n<td>30\u00b11dBm\/ 1\u00b10.2W<\/td>&#13;\n<\/tr>&#13;\n<tr>&#13;\n<td>CH 8<\/td>&#13;\n<td>4G2600<\/td>&#13;\n<td>2496-2690MHZ<\/td>&#13;\n<td>30\u00b11dBm\/ 1\u00b10.2W<\/td>&#13;\n<\/tr>&#13;\n<tr>&#13;\n<td>CH 9<\/td>&#13;\n<td>VHF\/LOJACK<\/td>&#13;\n<td>135-175MHz<\/td>&#13;\n<td>30\u00b11dBm\/ 1\u00b10.2W<\/td>&#13;\n<\/tr>&#13;\n<tr>&#13;\n<td>CH 10<\/td>&#13;\n<td>GPSL1<\/td>&#13;\n<td>1570-1610MHz<\/td>&#13;\n<td>30\u00b11dBm\/ 1\u00b10.2W<\/td>&#13;\n<\/tr>&#13;\n<tr>&#13;\n<td>CH 11<\/td>&#13;\n<td>RC315<\/td>&#13;\n<td>315MHz<\/td>&#13;\n<td>30\u00b11dBm\/ 1\u00b10.2W<\/td>&#13;\n<\/tr>&#13;\n<tr>&#13;\n<td rowspan=\"2\">CH12 \/<br\/>CH 13<\/td>&#13;\n<td>PCS1900<\/td>&#13;\n<td>1920-2000MHz<\/td>&#13;\n<td>30\u00b11dBm\/ 1\u00b10.2W<\/td>&#13;\n<\/tr>&#13;\n<tr>&#13;\n<td>CDMA850<\/td>&#13;\n<td>850-894MHz<\/td>&#13;\n<td>30\u00b11dBm\/ 1\u00b10.2W<\/td>&#13;\n<\/tr>&#13;\n<tr>&#13;\n<td>CH 14<\/td>&#13;\n<td>RC433<\/td>&#13;\n<td>433MHz<\/td>&#13;\n<td>30\u00b11dBm\/ 1\u00b10.2W<\/td>&#13;\n<\/tr>&#13;\n<tr>&#13;\n<td rowspan=\"2\">CH 15\/<br\/>CH 16<\/td>&#13;\n<td>WIFI2.4G<\/td>&#13;\n<td>2400-2500MHz<\/td>&#13;\n<td>30\u00b11dBm\/ 1\u00b10.2W<\/td>&#13;\n<\/tr>&#13;\n<tr>&#13;\n<td>WIFI5.8G<\/td>&#13;\n<td>5500-5900MHz<\/td>&#13;\n<td>30\u00b11dBm\/ 1\u00b10.2W<\/td>&#13;\n<\/tr>&#13;\n<tr>&#13;\n<td>CH 17<\/td>&#13;\n<td>5G3700<\/td>&#13;\n<td>3600-3900MHz<\/td>&#13;\n<td>30\u00b11dBm\/ 1\u00b10.2W<\/td>&#13;\n<\/tr>&#13;\n<tr>&#13;\n<td>CH 18<\/td>&#13;\n<td>3G2100<\/td>&#13;\n<td>2110-2180MHz<\/td>&#13;\n<td>30\u00b11dBm\/ 1\u00b10.2W<\/td>&#13;\n<\/tr>&#13;\n<tr>&#13;\n<td colspan=\"4\">Power supply: adapter 50 to 60Hz AC (110-240V AC\/12V DC)\u00a0 Car Charger: DC12V IN<br\/>Built-in battery:7.4V\/12000mAh\u00a0\u00a0 Continue working: Around 2.0 hours<\/td>&#13;\n<\/tr>&#13;\n<tr>&#13;\n<td colspan=\"4\">Dimensions: (length ,width, height) 210x130x46mm (without antenna)<br\/>Length of antenna :195mm\u00a0\u00a0 Gain:2.0dbi<\/td>&#13;\n<\/tr>&#13;\n<tr>&#13;\n<td colspan=\"4\">Packing size:\u00a0330*250*80mm \u00a0\u00a0\u00a0\u00a0\u00a0\u00a0\u00a0Net weight: 1.5kg\u00a0\u00a0\u00a0\u00a0\u00a0\u00a0 \u00a0Gross weight: 2.0kg<\/td>&#13;\n<\/tr>&#13;\n<tr>&#13;\n<td colspan=\"4\">Total power: 18W<br\/>Shielding radius: (2-25) meters at -75dBm Still depends on the strength signal in given area<br\/>Built-in battery:7.4V\/12000mAh Continue working: around 2.0 hours<\/td>&#13;\n<\/tr>&#13;\n<tr>&#13;\n<td colspan=\"4\">Warranty: one year from delivery date<\/td>&#13;\n<\/tr>&#13;\n<\/tbody>&#13;\n<\/table>&#13;\n","protected":false},"excerpt":{"rendered":"<p>Pierwszy na \u015bwiecie 18-pasmowy przeno\u015bny zag\u0142uszacz z 16 antenami w obudowie ABS (kana\u0142 12\/13,15\/16 wykorzystuj\u0105cy konstrukcj\u0119 dwuzakresow\u0105, eliminuj\u0105cy wzajemne zak\u0142\u00f3cenia zbyt wielu i bliskich kana\u0142\u00f3w), blokuj\u0105cy wszystkie sygna\u0142y radiowe telefonu kom\u00f3rkowego 5G 4G 3G 2G LOJACK GPS Wi-Fi<br \/>18 wat\u00f3w wysokiej mocy wyj\u015bciowej, zasi\u0119g zag\u0142uszania od 2 do 25 metr\u00f3w<\/p>\n","protected":false},"featured_media":4233,"comment_status":"open","ping_status":"closed","template":"","meta":{"_acf_changed":false,"_gspb_post_css":""},"product_cat":[185,145],"product_tag":[489],"product_brands":[],"class_list":{"0":"post-9303","1":"product","2":"type-product","3":"status-publish","4":"has-post-thumbnail","6":"product_cat-handheld-signal-jammer-pl","7":"product_cat-anti-voice-jammer-pl","8":"product_tag-przenosny-zagluszacz-sygnalu-18-pasm","10":"first","11":"instock","12":"sale","13":"shipping-taxable","14":"purchasable","15":"product-type-simple"},"ct_brands":[],"aioseo_notices":[],"acf":[],"_links":{"self":[{"href":"https:\/\/telejammer.com\/pl\/wp-json\/wp\/v2\/product\/9303","targetHints":{"allow":["GET"]}}],"collection":[{"href":"https:\/\/telejammer.com\/pl\/wp-json\/wp\/v2\/product"}],"about":[{"href":"https:\/\/telejammer.com\/pl\/wp-json\/wp\/v2\/types\/product"}],"replies":[{"embeddable":true,"href":"https:\/\/telejammer.com\/pl\/wp-json\/wp\/v2\/comments?post=9303"}],"wp:featuredmedia":[{"embeddable":true,"href":"https:\/\/telejammer.com\/pl\/wp-json\/wp\/v2\/media\/4233"}],"wp:attachment":[{"href":"https:\/\/telejammer.com\/pl\/wp-json\/wp\/v2\/media?parent=9303"}],"wp:term":[{"taxonomy":"product_cat","embeddable":true,"href":"https:\/\/telejammer.com\/pl\/wp-json\/wp\/v2\/product_cat?post=9303"},{"taxonomy":"product_tag","embeddable":true,"href":"https:\/\/telejammer.com\/pl\/wp-json\/wp\/v2\/product_tag?post=9303"},{"taxonomy":"product_brands","embeddable":true,"href":"https:\/\/telejammer.com\/pl\/wp-json\/wp\/v2\/product_brands?post=9303"}],"curies":[{"name":"wp","href":"https:\/\/api.w.org\/{rel}","templated":true}]}}