{"id":9392,"date":"2025-02-14T14:57:55","date_gmt":"2025-02-14T06:57:55","guid":{"rendered":"https:\/\/telejammer.com\/regulamin\/"},"modified":"2025-03-29T15:39:03","modified_gmt":"2025-03-29T07:39:03","slug":"regulamin","status":"publish","type":"page","link":"https:\/\/telejammer.com\/pl\/regulamin\/","title":{"rendered":"Regulamin"},"content":{"rendered":"\n<div class=\"wp-block-greenshift-blocks-container gspb_container gspb_container-gsbp-497bc73\" id=\"gspb_container-id-gsbp-497bc73\">\n<p>Ceny i dost\u0119pno\u015b\u0107 produkt\u00f3w mog\u0105 ulec zmianie bez powiadomienia. W przypadku nieprawid\u0142owych cen z powodu b\u0142\u0119du typograficznego lub nieprawid\u0142owych informacji o cenach otrzymanych od dostawcy, Telejammer zastrzega sobie prawo do odmowy lub anulowania zam\u00f3wienia na produkt o nieprawid\u0142owej cenie, niezale\u017cnie od tego, czy zam\u00f3wienie zosta\u0142o potwierdzone lub czy dokonano p\u0142atno\u015bci. Je\u015bli p\u0142atno\u015b\u0107 zosta\u0142a dokonana, a zam\u00f3wienie zosta\u0142o anulowane, <strong>Telejammer<\/strong> niezw\u0142ocznie zwr\u00f3ci kwot\u0119 z p\u0142atno\u015bci.  <\/p>\n\n\n\n<p>Wszystkie ekrany pojawiaj\u0105ce si\u0119 w Witrynie, w tym grafika, tekst, projekty, przyciski, logo, obrazy i ikony, a tak\u017ce wyb\u00f3r, monta\u017c i uk\u0142ad, s\u0105 wy\u0142\u0105czn\u0105 w\u0142asno\u015bci\u0105 The Jammer Shop lub jego dostawc\u00f3w i\/lub licencjodawc\u00f3w. Zawarto\u015b\u0107 tej strony internetowej s\u0142u\u017cy wy\u0142\u0105cznie do robienia zakup\u00f3w lub sk\u0142adania zam\u00f3wie\u0144 na tej stronie i nie mo\u017ce by\u0107 wykorzystywana do innych cel\u00f3w. Jakiekolwiek inne wykorzystanie w jakiejkolwiek formie lub w jakikolwiek spos\u00f3b, w tym modyfikacja, powielanie, przesy\u0142anie, publikowanie, transmisja lub dystrybucja, bez uprzedniej pisemnej zgody <strong>Telejammer<\/strong> jest surowo zabronione. Wszelkie oprogramowanie wykorzystywane na stronie internetowej jest wy\u0142\u0105czn\u0105 w\u0142asno\u015bci\u0105 Telejammer lub oprogramowania.   <\/p>\n\n\n\n<p><strong>Telejammer<\/strong>.com nie sk\u0142ada \u017cadnych o\u015bwiadcze\u0144 ani gwarancji, wyra\u017anych lub dorozumianych, w odniesieniu do produkt\u00f3w sprzedawanych na Telejammer.com. W \u017cadnym wypadku Telejammer.com nie ponosi odpowiedzialno\u015bci za jakiekolwiek szkody, a w szczeg\u00f3lno\u015bci Telejammer.com nie ponosi odpowiedzialno\u015bci za jakiekolwiek szczeg\u00f3lne, po\u015brednie, wt\u00f3rne, przypadkowe szkody lub utrat\u0119 w\u0142asno\u015bci, utrat\u0119 dochodu lub utrat\u0119 mo\u017cliwo\u015bci korzystania z witryny komputerowej notebooka lub informacji w niej zawartych lub powi\u0105zanych, niezale\u017cnie od tego, czy takie szkody wynikaj\u0105 z umowy, zaniedbania, czynu niedozwolonego, prawa, s\u0142uszno\u015bci, prawa lub w inny spos\u00f3b. <\/p>\n\n\n\n<p>Mo\u017cemy zmienia\u0107 i aktualizowa\u0107 Warunki u\u017cytkowania od czasu do czasu bez powiadomienia. Prosimy o zapoznanie si\u0119 z naszymi warunkami gromadzenia, wykorzystywania i ujawniania danych. W przypadku jakichkolwiek pyta\u0144, w\u0105tpliwo\u015bci lub uwag dotycz\u0105cych niniejszej Polityki prywatno\u015bci prosimy o kontakt pod adresem info@Telejammer.com.  <\/p>\n<\/div>\n\n<p><\/p>\n","protected":false},"excerpt":{"rendered":"","protected":false},"author":1,"featured_media":0,"parent":0,"menu_order":0,"comment_status":"closed","ping_status":"closed","template":"","meta":{"_acf_changed":false,"_gspb_post_css":".gspb_container-id-gsbp-497bc73{flex-direction:column;box-sizing:border-box}#gspb_container-id-gsbp-497bc73.gspb_container>p:last-of-type{margin-bottom:0}#gspb_container-id-gsbp-497bc73.gspb_container{position:relative}","footnotes":""},"class_list":["post-9392","page","type-page","status-publish","hentry"],"blocksy_meta":[],"aioseo_notices":[],"acf":[],"_links":{"self":[{"href":"https:\/\/telejammer.com\/pl\/wp-json\/wp\/v2\/pages\/9392","targetHints":{"allow":["GET"]}}],"collection":[{"href":"https:\/\/telejammer.com\/pl\/wp-json\/wp\/v2\/pages"}],"about":[{"href":"https:\/\/telejammer.com\/pl\/wp-json\/wp\/v2\/types\/page"}],"author":[{"embeddable":true,"href":"https:\/\/telejammer.com\/pl\/wp-json\/wp\/v2\/users\/1"}],"replies":[{"embeddable":true,"href":"https:\/\/telejammer.com\/pl\/wp-json\/wp\/v2\/comments?post=9392"}],"version-history":[{"count":1,"href":"https:\/\/telejammer.com\/pl\/wp-json\/wp\/v2\/pages\/9392\/revisions"}],"predecessor-version":[{"id":9394,"href":"https:\/\/telejammer.com\/pl\/wp-json\/wp\/v2\/pages\/9392\/revisions\/9394"}],"wp:attachment":[{"href":"https:\/\/telejammer.com\/pl\/wp-json\/wp\/v2\/media?parent=9392"}],"curies":[{"name":"wp","href":"https:\/\/api.w.org\/{rel}","templated":true}]}}