{"id":9384,"date":"2025-02-14T15:05:45","date_gmt":"2025-02-14T07:05:45","guid":{"rendered":"https:\/\/telejammer.com\/zwroty-i-refundacje\/"},"modified":"2025-03-29T15:39:03","modified_gmt":"2025-03-29T07:39:03","slug":"zwroty-i-refundacje","status":"publish","type":"page","link":"https:\/\/telejammer.com\/pl\/zwroty-i-refundacje\/","title":{"rendered":"Zwroty i refundacje"},"content":{"rendered":"\n<details class=\"wp-block-details is-layout-flow wp-block-details-is-layout-flow\"><summary>Wszystkie zam\u00f3wienia w naszym sklepie <strong>DARMOWA standardowa wysy\u0142ka naziemna. <\/strong><br>Wszystkie zam\u00f3wienia s\u0105 zazwyczaj przetwarzane w ci\u0105gu 48 do 72 godzin od poniedzia\u0142ku do pi\u0105tku, z wy\u0142\u0105czeniem weekend\u00f3w i \u015bwi\u0105t.<br>Telejammer akceptuje T \/ T bank to bank i western union<br>Obs\u0142ugujemy r\u00f3wnie\u017c karty kredytowe i r\u00f3\u017cne portfele. Musisz skontaktowa\u0107 si\u0119 z nami, aby poprosi\u0107 o numer konta.<br>Wszystkie style przeceny s\u0105 ostateczn\u0105 sprzeda\u017c\u0105. Brak zwrot\u00f3w.<br>Zam\u00f3wienia wysy\u0142amy FEDEX, UPS, DHL i 4PX EXPRESS.<br>Szacuje si\u0119, \u017ce zam\u00f3wienia zostan\u0105 dostarczone w ci\u0105gu 5-7 dni roboczych od daty zam\u00f3wienia (z wy\u0142\u0105czeniem weekend\u00f3w). Zam\u00f3wienia mi\u0119dzynarodowe s\u0105 wysy\u0142ane w ci\u0105gu 5 do 7 dni roboczych, a ich dostarczenie mo\u017ce zaj\u0105\u0107 do 14 dni roboczych w zale\u017cno\u015bci od us\u0142ugi wysy\u0142ki.   <br><strong>WYSY\u0141KA I \u015aLEDZENIE<\/strong><br>Gdy zam\u00f3wienie opu\u015bci nasz magazyn, jeste\u015bmy zdani na \u0142ask\u0119 przewo\u017anika dostarczaj\u0105cego je do Ciebie. <br>Informacje o \u015bledzeniu zostan\u0105 wys\u0142ane e-mailem po wysy\u0142ce. Nie zapomnij \u015bledzi\u0107 swojej paczki, jest to odpowiedzialno\u015b\u0107 klienta.   <strong>*sprawd\u017a filtr antyspamowy!<\/strong><br><strong>WYSY\u0141KA MI\u0118DZYNARODOWA<\/strong><br>Kanada, Australia, Nowa Zelandia, Wielka Brytania, Meksyk, Francja, Niemcy, Norwegia, Szwecja, Dania, Holandia, Belgia, Austria, Hiszpania, Szwajcaria, Irlandia, Hongkong, Japonia, Singapur, Czechy, Korea Po\u0142udniowa, Grecja, Izrael, Tajwan, Antigua i Barbuda, Aruba, Argentyna, Bahamy, Barbados, Belize, Bermudy, Kajmany, Chiny, Wyspy Cooka, Kuba, Cura\u00e7ao, Dominika, Dominikana, Fid\u017ci, Finlandia, Grenlandia, W\u0119gry, Islandia, Jamajka, Filipiny, Polska, Kostaryka, Samoa, Wyspy Salomona, Tajlandia, Tonga, Wyspy Turks i Caicos, Mniejsze Wyspy Zewn\u0119trzne Stan\u00f3w Zjednoczonych, Wietnam, Wyspy Dziewicze.<br>Klienci mi\u0119dzynarodowi s\u0105 odpowiedzialni za wszystkie podatki, c\u0142a i koszty wysy\u0142ki w obu kierunkach &#8211; wysy\u0142ki i zwrot\u00f3w.<br>EMPTY HEADING<br><strong>ZWROTY I WYMIANY<\/strong><br><strong>Masz 30 dni na zwrot lub wymian\u0119 towaru.<\/strong><br>Aby dokona\u0107 zwrotu lub wymiany towaru, popro\u015b o AUTORYZACJ\u0118 ZWROTU. <br>Telejammer akceptuje zwroty nienoszonych, niemytych i wadliwych towar\u00f3w w ci\u0105gu 30 dni od zakupu. Produkty musz\u0105 by\u0107 zwr\u00f3cone w takim samym stanie, w jakim je otrzyma\u0142e\u015b; wszelkie oznaki zu\u017cycia nie b\u0119d\u0105 akceptowane do zwrotu lub wymiany. Podczas przymierzania nowego zakupu prosimy o unikanie noszenia olejk\u00f3w eterycznych lub silnych zapach\u00f3w i\/lub przytulania swoich futrzanych przyjaci\u00f3\u0142. Powoduje to przenikanie odzie\u017cy i sprawia, \u017ce nie nadaje si\u0119 ona do sprzeda\u017cy. Przedmioty zwr\u00f3cone do nas &#8211; o ile nie zosta\u0142y otrzymane wadliwe lub uszkodzone &#8211; musz\u0105 by\u0107 w stanie nadaj\u0105cym si\u0119 do ponownej sprzeda\u017cy, aby kwalifikowa\u0107 si\u0119 do otrzymania kredytu.    <br><br>Chcemy, aby\u015b by\u0142 w 100% zadowolony z zakupu i zach\u0119camy do przymierzenia odzie\u017cy w domu, aby zapewni\u0107 doskona\u0142e dopasowanie. W naszym magazynie przestrzegamy \u015bcis\u0142ego protoko\u0142u sanitarnego, dzi\u0119ki czemu mo\u017cesz czu\u0107 si\u0119 bezpiecznie podczas przymierzania otrzymanych od nas produkt\u00f3w. Je\u015bli mimo to zdecydujesz si\u0119 wypra\u0107 odzie\u017c przed przymierzeniem, niestety nie b\u0119dziemy mogli przyj\u0105\u0107 jej do zwrotu lub wymiany. Dzi\u0119kujemy za zrozumienie! <br>Prosimy o do\u0142\u0105czenie listy paczek ze szczeg\u00f3\u0142ow\u0105 notatk\u0105, aby przyspieszy\u0107 przetwarzanie.<br>Produkty Telejammer zakupione w niezale\u017cnych butikach i u partner\u00f3w detalicznych musz\u0105 zosta\u0107 zwr\u00f3cone do miejsca, w kt\u00f3rym zosta\u0142y zakupione.   <\/summary>\n<p><\/p>\n<\/details>\n","protected":false},"excerpt":{"rendered":"","protected":false},"author":1,"featured_media":0,"parent":0,"menu_order":0,"comment_status":"closed","ping_status":"closed","template":"","meta":{"_acf_changed":false,"_gspb_post_css":"","footnotes":""},"class_list":["post-9384","page","type-page","status-publish","hentry"],"blocksy_meta":[],"aioseo_notices":[],"acf":[],"_links":{"self":[{"href":"https:\/\/telejammer.com\/pl\/wp-json\/wp\/v2\/pages\/9384","targetHints":{"allow":["GET"]}}],"collection":[{"href":"https:\/\/telejammer.com\/pl\/wp-json\/wp\/v2\/pages"}],"about":[{"href":"https:\/\/telejammer.com\/pl\/wp-json\/wp\/v2\/types\/page"}],"author":[{"embeddable":true,"href":"https:\/\/telejammer.com\/pl\/wp-json\/wp\/v2\/users\/1"}],"replies":[{"embeddable":true,"href":"https:\/\/telejammer.com\/pl\/wp-json\/wp\/v2\/comments?post=9384"}],"version-history":[{"count":1,"href":"https:\/\/telejammer.com\/pl\/wp-json\/wp\/v2\/pages\/9384\/revisions"}],"predecessor-version":[{"id":9387,"href":"https:\/\/telejammer.com\/pl\/wp-json\/wp\/v2\/pages\/9384\/revisions\/9387"}],"wp:attachment":[{"href":"https:\/\/telejammer.com\/pl\/wp-json\/wp\/v2\/media?parent=9384"}],"curies":[{"name":"wp","href":"https:\/\/api.w.org\/{rel}","templated":true}]}}