{"id":9713,"date":"2025-02-18T20:23:22","date_gmt":"2025-02-18T12:23:22","guid":{"rendered":"https:\/\/telejammer.com\/jammer-portatile-di-wifi-con-12-antenne-4g-3g-2g-wifi2-4g-5-8g-gpsl1-lojackrc433-315-868\/"},"modified":"2025-03-29T16:12:56","modified_gmt":"2025-03-29T08:12:56","slug":"jammer-portatile-di-wifi-con-12-antenne-4g-3g-2g-wifi2-4g-5-8g-gpsl1-lojackrc433-315-868","status":"publish","type":"product","link":"https:\/\/telejammer.com\/it\/jammer-portatile-di-wifi-con-12-antenne-4g-3g-2g-wifi2-4g-5-8g-gpsl1-lojackrc433-315-868\/","title":{"rendered":"Jammer portatile di WIFI con 12 antenne 4G\/3G\/2G +WiFi2.4G\/5.8G+ GPSL1 +LOJACK+RC433 315 868"},"content":{"rendered":"<p><strong>Tipo di segnale di inceppamento<\/strong>: 1: N12-A: Telefono cellulare a bande complete 4G \/ 3G \/ 2G + WiFi2.4G \/ 5.8G + GPSL1 + LOJACK + RC433 315 868<\/p>\n<p>2: N12-B: Telefono cellulare a bande complete 4G \/ 3G \/ 2G + WiFi2.4G + GPSL1 L2 L5 + LOJACK + RC433 315 868<\/p>\n<p><strong>Potenza di uscita<\/strong>: totale 8,4 W, 0,7 W per banda (aggiungere antenne con guadagno superiore a 12 Watt)<\/p>\n<p><strong>Raggio di inceppamento<\/strong>: 2-20 metri<\/p>\n<p><strong>Alimentazione<\/strong>: da AC110-240V a DC12V<\/p>\n<p><strong>Sistema di raffreddamento<\/strong>: radiatore in lega di alluminio ad alta efficienza, ventola di raffreddamento 2x incorporata<\/p>\n<p><strong>Orario di lavoro<\/strong>: batteria incorporata: 7,4 V \/ 10000 mAh Continua a lavorare: pi\u00f9 di 2,0 + ore<\/p>\n<p><strong>Dimensioni del prodotto<\/strong>: 165x 93x 46 mm (non include l&#8217;antenna) Lunghezza dell&#8217;antenna: 166 mm Guadagno: 2,0 dbi<\/p>\n<p><strong>Peso del prodotto<\/strong>: circa 2,0 kg<\/p>\n<p><strong>Contenuto della confezione<\/strong>: Jammer Host x 1, Caricabatterie CA x1, Antenna x12, Caricabatteria da auto x1, Copertura in nylon x1.<\/p>\n<p><strong>Vantaggi:<\/strong><\/p>\n<p>L&#8217;ultimo design portatile 12 frequenze all-in-one che bloccano tutti i segnali del telefono cellulare, LOJACK GPS, Wi-Fi, segnali RF<\/p>\n<p>8,4 watt di alta potenza di uscita e antenne ad alto guadagno, intervallo di jamming da 2 a 20 metri (a -75dBm, dipende dalla potenza del segnale in una determinata area)<\/p>\n<p>Buon sistema di raffreddamento con ventole di raffreddamento all&#8217;interno e dissipatore caldo pi\u00f9 grande<\/p>\n<p>Con l&#8217;interruttore DIP, \u00e8 possibile attivare\/disattivare qualsiasi banda di segnale senza influire su altre bande<\/p>\n<p>Con caricabatteria per auto, pu\u00f2 essere utilizzato direttamente in auto, \u00e8 disponibile anche l&#8217;alimentazione 12V DC\/AC<\/p>\n<p>Con la batteria pi\u00f9 grande incorporata, pu\u00f2 funzionare pi\u00f9 di (2,0 + ore) 120 minuti, pu\u00f2 essere ricaricata ripetutamente<\/p>\n<p>Copertura in nylon per proteggere e portatile.<\/p>\n<p><strong>Servizio personalizzato OEM:<\/strong><br \/>\nPersonalizzato per banda di frequenza speciale, Wi-Fi5G, fotocamera wireless da 1,2 GHz ecc<br \/>\n. \u00c8 possibile offrire un servizio OEM serigrafico<\/p>\n<p><strong>Applicazione<\/strong><strong>:<\/strong><br \/>\n o Pu\u00f2 essere applicato in sale riunioni, sale conferenze, musei, gallerie, teatri, sale da concerto, chiese, templi, ristoranti, aule, centri di formazione, fabbriche, banche, treni, autobus e altro ancora Luoghi che richiedono silenzio, riservatezza e sicurezza delle informazioni<\/p>\n<table width=\"99%\">\n<tbody>\n<tr>\n<td colspan=\"4\" width=\"100%\"><strong>Principali specifiche tecniche: N12-A<\/strong><\/td>\n<\/tr>\n<tr>\n<td width=\"10%\"><strong>Canale<\/strong><\/td>\n<td width=\"23%\"><strong>Porta<\/strong><\/td>\n<p> di uscita<\/p>\n<td width=\"35%\"><strong>Gamma di<\/strong><\/td>\n<p> frequenza<\/p>\n<td width=\"30%\"><strong>Potenza media in uscita<\/strong><\/td>\n<\/tr>\n<tr>\n<td width=\"10%\">\n 1<\/td>\n<td width=\"23%\">4GLTE 700<\/td>\n<td width=\"35%\">700-803 o 790-862 MHz<\/td>\n<td width=\"30%\">28,5 dBm\/0,7 W<\/td>\n<\/tr>\n<tr>\n<td width=\"10%\">numero arabo<\/td>\n<td width=\"23%\">CDMA o RC868<\/td>\n<td width=\"35%\">851-894 o 868 MHz<\/td>\n<td width=\"30%\">28,5 dBm\/0,7 W<\/td>\n<\/tr>\n<tr>\n<td width=\"10%\">\n 3<\/td>\n<td width=\"23%\">GPSL1<\/td>\n<td width=\"35%\">1570-1610 MHz<\/td>\n<td width=\"30%\">28,5 dBm\/0,7 W<\/td>\n<\/tr>\n<tr>\n<td width=\"10%\">\n 4<\/td>\n<td width=\"23%\">Wi-Fi 2.4G<\/td>\n<td width=\"35%\">2400-2500 MHz<\/td>\n<td width=\"30%\">28,5 dBm\/0,7 W<\/td>\n<\/tr>\n<tr>\n<td width=\"10%\">\n 5<\/td>\n<td width=\"23%\">3G<\/td>\n<td width=\"35%\">2110-2170 MHz<\/td>\n<td width=\"30%\">28,5 dBm\/0,7 W<\/td>\n<\/tr>\n<tr>\n<td width=\"10%\">\n 6<\/td>\n<td width=\"23%\">4G2600 o 2300<\/td>\n<td width=\"35%\">2500-2690 o 2300-2400 MHz<\/td>\n<td width=\"30%\">28,5 dBm\/0,7 W<\/td>\n<\/tr>\n<tr>\n<td width=\"10%\">\n 7<\/td>\n<td width=\"23%\">LOJACK o VHF<\/td>\n<td width=\"35%\">167-175 o 135-175 MHz<\/td>\n<td width=\"30%\">28,5 dBm\/0,7 W<\/td>\n<\/tr>\n<tr>\n<td width=\"10%\">\n 8<\/td>\n<td width=\"23%\">RC315<\/td>\n<td width=\"35%\">315 MHz<\/td>\n<td width=\"30%\">28,5 dBm\/0,7 W<\/td>\n<\/tr>\n<tr>\n<td width=\"10%\">\n 9<\/td>\n<td width=\"23%\">RC433 o UHF<\/td>\n<td width=\"35%\">433 o 400-470 MHz<\/td>\n<td width=\"30%\">28,5 dBm\/0,7 W<\/td>\n<\/tr>\n<tr>\n<td width=\"10%\">10<\/td>\n<td width=\"23%\">GSM<\/td>\n<td width=\"35%\">925-960 MHz<\/td>\n<td width=\"30%\">28,5 dBm\/0,7 W<\/td>\n<\/tr>\n<tr>\n<td width=\"10%\">11<\/td>\n<td width=\"23%\">DCS o PCS<\/td>\n<td width=\"35%\">1805-1880 o 1920-1990 MHz<\/td>\n<td width=\"30%\">28,5 dBm\/0,7 W<\/td>\n<\/tr>\n<tr>\n<td width=\"10%\">12<\/td>\n<td width=\"23%\">Wi-Fi 5.8G<\/td>\n<td width=\"35%\">5725-5850 MHz<\/td>\n<td width=\"30%\">28,5 dBm\/0,7 W<\/td>\n<\/tr>\n<tr>\n<td colspan=\"4\" width=\"100%\">Alimentazione: adattatore da 50 a 60Hz AC (110-240V AC\/12V DC) Caricabatteria da auto: DC12V IN<\/td>\n<\/tr>\n<tr>\n<td colspan=\"4\" width=\"100%\">Dimensioni: (lunghezza, larghezza, altezza) 165 * 96 * 46 mm (non includere l&#8217;antenna) Lunghezza dell&#8217;antenna: 166 mm Guadagno: 2,0 dbi<\/td>\n<\/tr>\n<tr>\n<td colspan=\"4\" width=\"100%\">Dimensioni dell&#8217;imballaggio: 25 * 24 * 8 cm Peso netto: 1,5 kg Peso lordo: 2,0 kg<\/td>\n<\/tr>\n<tr>\n<td colspan=\"4\" width=\"100%\">Potenza totale: 8,4 W<br \/>\nRaggio di schermatura: (2-20) metri a -75 dBm Dipende ancora dalla potenza del segnale in una determinata area<br \/>\nBatteria incorporata: 7,4 V \/ 10000 mAh Continua a lavorare: pi\u00f9 di 2,0 + ore<\/td>\n<\/tr>\n<tr>\n<td colspan=\"4\" width=\"100%\">Garanzia: un anno dalla data di consegna<\/td>\n<\/tr>\n<\/tbody>\n<\/table>\n<table width=\"99%\">\n<tbody>\n<tr>\n<td colspan=\"4\" width=\"100%\"><strong>Principali specifiche tecniche: N12-B<\/strong><\/td>\n<\/tr>\n<tr>\n<td width=\"10%\"><strong>Canale<\/strong><\/td>\n<td width=\"23%\"><strong>Porta<\/strong><\/td>\n<p> di uscita<\/p>\n<td width=\"35%\"><strong>Gamma di<\/strong><\/td>\n<p> frequenza<\/p>\n<td width=\"30%\"><strong>Potenza media in uscita<\/strong><\/td>\n<\/tr>\n<tr>\n<td width=\"10%\">\n 1<\/td>\n<td width=\"23%\">4GLTE 700<\/td>\n<td width=\"35%\">700-803 o 790-862 MHz<\/td>\n<td width=\"30%\">28,5 dBm\/0,7 W<\/td>\n<\/tr>\n<tr>\n<td width=\"10%\">numero arabo<\/td>\n<td width=\"23%\">CDMA o RC868<\/td>\n<td width=\"35%\">851-894 o 868 MHz<\/td>\n<td width=\"30%\">28,5 dBm\/0,7 W<\/td>\n<\/tr>\n<tr>\n<td width=\"10%\">\n 3<\/td>\n<td width=\"23%\">GPSL1<\/td>\n<td width=\"35%\">1570-1610 MHz<\/td>\n<td width=\"30%\">28,5 dBm\/0,7 W<\/td>\n<\/tr>\n<tr>\n<td width=\"10%\">\n 4<\/td>\n<td width=\"23%\">GPSL2L5 o PCS<\/td>\n<td width=\"35%\">1170-1280 o 1920-1990 MHz<\/td>\n<td width=\"30%\">28,5 dBm\/0,7 W<\/td>\n<\/tr>\n<tr>\n<td width=\"10%\">\n 5<\/td>\n<td width=\"23%\">3G<\/td>\n<td width=\"35%\">2110-2170 MHz<\/td>\n<td width=\"30%\">28,5 dBm\/0,7 W<\/td>\n<\/tr>\n<tr>\n<td width=\"10%\">\n 6<\/td>\n<td width=\"23%\">4G2600 o 2300<\/td>\n<td width=\"35%\">2500-2690 o 2300-2400 MHz<\/td>\n<td width=\"30%\">28,5 dBm\/0,7 W<\/td>\n<\/tr>\n<tr>\n<td width=\"10%\">\n 7<\/td>\n<td width=\"23%\">LOJACK o VHF<\/td>\n<td width=\"35%\">167-175 o 135-175 MHz<\/td>\n<td width=\"30%\">28,5 dBm\/0,7 W<\/td>\n<\/tr>\n<tr>\n<td width=\"10%\">\n 8<\/td>\n<td width=\"23%\">RC315<\/td>\n<td width=\"35%\">315 MHz<\/td>\n<td width=\"30%\">28,5 dBm\/0,7 W<\/td>\n<\/tr>\n<tr>\n<td width=\"10%\">\n 9<\/td>\n<td width=\"23%\">RC433 o UHF<\/td>\n<td width=\"35%\">433 o 400-470 MHz<\/td>\n<td width=\"30%\">28,5 dBm\/0,7 W<\/td>\n<\/tr>\n<tr>\n<td width=\"10%\">10<\/td>\n<td width=\"23%\">GSM<\/td>\n<td width=\"35%\">925-960 MHz<\/td>\n<td width=\"30%\">28,5 dBm\/0,7 W<\/td>\n<\/tr>\n<tr>\n<td width=\"10%\">11<\/td>\n<td width=\"23%\">DCS o PCS<\/td>\n<td width=\"35%\">1805-1880 o 1920-1990 MHz<\/td>\n<td width=\"30%\">28,5 dBm\/0,7 W<\/td>\n<\/tr>\n<tr>\n<td width=\"10%\">12<\/td>\n<td width=\"23%\">Wi-Fi 2.4G<\/td>\n<td width=\"35%\">2400-2500 MHz<\/td>\n<td width=\"30%\">28,5 dBm\/0,7 W<\/td>\n<\/tr>\n<tr>\n<td colspan=\"4\" width=\"100%\">Alimentazione: adattatore da 50 a 60Hz AC (110-240V AC\/12V DC) Caricabatteria da auto: DC12V IN<\/td>\n<\/tr>\n<tr>\n<td colspan=\"4\" width=\"100%\">Dimensioni: (lunghezza, larghezza, altezza) 165 * 96 * 46 mm (non includere l&#8217;antenna) Lunghezza dell&#8217;antenna: 166 mm Guadagno: 2,0 dbi<\/td>\n<\/tr>\n<tr>\n<td colspan=\"4\" width=\"100%\">Dimensioni dell&#8217;imballaggio: 25 * 24 * 8 cm Peso netto: 1,5 kg Peso lordo: 2,0 kg<\/td>\n<\/tr>\n<tr>\n<td colspan=\"4\" width=\"100%\">Potenza totale: 8,4 W<br \/>\nRaggio di schermatura: (2-20) metri a -75 dBm Dipende ancora dalla potenza del segnale in una determinata area<br \/>\nBatteria incorporata: 7,4 V \/ 10000 mAh Continua a lavorare: pi\u00f9 di 2,0 + ore<\/td>\n<\/tr>\n<\/tbody>\n<\/table>\n","protected":false},"excerpt":{"rendered":"<p>Le ultime 12 antenne pi\u00f9 il jammer di segnale del telefono cellulare portatile Dissipatore caldo pi\u00f9 grande e batteria da 8,4 Watt Jamming fino a 20 m<\/p>\n","protected":false},"featured_media":4664,"comment_status":"open","ping_status":"closed","template":"","meta":{"_acf_changed":false,"_gspb_post_css":""},"product_cat":[181],"product_tag":[236],"product_brands":[],"class_list":{"0":"post-9713","1":"product","2":"type-product","3":"status-publish","4":"has-post-thumbnail","6":"product_cat-handheld-signal-jammer-it","7":"product_tag-12-antennas-jammer-it","9":"first","10":"instock","11":"sale","12":"shipping-taxable","13":"purchasable","14":"product-type-simple"},"ct_brands":[],"aioseo_notices":[],"acf":[],"_links":{"self":[{"href":"https:\/\/telejammer.com\/it\/wp-json\/wp\/v2\/product\/9713","targetHints":{"allow":["GET"]}}],"collection":[{"href":"https:\/\/telejammer.com\/it\/wp-json\/wp\/v2\/product"}],"about":[{"href":"https:\/\/telejammer.com\/it\/wp-json\/wp\/v2\/types\/product"}],"replies":[{"embeddable":true,"href":"https:\/\/telejammer.com\/it\/wp-json\/wp\/v2\/comments?post=9713"}],"wp:featuredmedia":[{"embeddable":true,"href":"https:\/\/telejammer.com\/it\/wp-json\/wp\/v2\/media\/4664"}],"wp:attachment":[{"href":"https:\/\/telejammer.com\/it\/wp-json\/wp\/v2\/media?parent=9713"}],"wp:term":[{"taxonomy":"product_cat","embeddable":true,"href":"https:\/\/telejammer.com\/it\/wp-json\/wp\/v2\/product_cat?post=9713"},{"taxonomy":"product_tag","embeddable":true,"href":"https:\/\/telejammer.com\/it\/wp-json\/wp\/v2\/product_tag?post=9713"},{"taxonomy":"product_brands","embeddable":true,"href":"https:\/\/telejammer.com\/it\/wp-json\/wp\/v2\/product_brands?post=9713"}],"curies":[{"name":"wp","href":"https:\/\/api.w.org\/{rel}","templated":true}]}}