{"id":9688,"date":"2025-02-18T21:01:27","date_gmt":"2025-02-18T13:01:27","guid":{"rendered":"https:\/\/telejammer.com\/anti-inseguimento-gps-l1-l2-2-antenne-signal-jammer\/"},"modified":"2025-03-29T16:12:30","modified_gmt":"2025-03-29T08:12:30","slug":"anti-inseguimento-gps-l1-l2-2-antenne-signal-jammer","status":"publish","type":"product","link":"https:\/\/telejammer.com\/it\/anti-inseguimento-gps-l1-l2-2-antenne-signal-jammer\/","title":{"rendered":"Anti inseguimento GPS L1 L2 2 antenne Signal Jammer"},"content":{"rendered":"<p>Anti <a href=\"https:\/\/telejammer.com\/it\/?post_type=product&#038;p=9688\">Tracking GPS L1 L2 Antenne Signal Jammer<\/a>, l&#8217;uso di GPS tracking sta diventando sempre pi\u00f9 comune nella societ\u00e0 di oggi, ma \u00e8 molto importante proteggere la nostra privacy e sicurezza.<\/p>\n<p><strong>Anti Tracking GPSL1 L2 <a href=\"https:\/\/telejammer.com\/it\/\">Disturbatore di segnale <\/a> <\/strong><\/p>\n<p><strong>1. Introduzione al prodotto<\/strong><\/p>\n<p>aInoltre, alcune societ\u00e0 di veicoli per auto ipotecarie hanno sicuramente bisogno di questo <a href=\"https:\/\/telejammer.com\/it\/\">disturbatore di segnale<\/a> Anti Tracking GPSL1 L2. Quando l&#8217;auto di qualcuno in azienda, o qualcuno acquista un&#8217;auto ipotecaria dall&#8217;azienda, si preoccupano che l&#8217;auto venga rintracciata o pedinata dal proprietario originale e che l&#8217;auto venga facilmente rubata. <\/p>\n<p><img decoding=\"async\" class=\" lazyloaded\" src=\"https:\/\/i.trade-cloud.com.cn\/upload\/6382\/image\/20210406\/111_623807.jpg\" alt=\"\" data-src=\"https:\/\/i.trade-cloud.com.cn\/upload\/6382\/image\/20210406\/111_623807.jpg\"><\/p>\n<p><strong>2. Specifica<\/strong><\/p>\n<div class=\"p-bl\">\n<table class=\"p-blas\" border=\"1\" width=\"100%\">\n<tbody>\n<tr>\n<td>Marchio<\/td>\n<td>TeleJammer<\/td>\n<\/tr>\n<tr>\n<td>Modello<\/td>\n<td>Tele-N2<\/td>\n<\/tr>\n<tr>\n<td>Tipo di<\/td>\n<p> prodotto<\/p>\n<td><a href=\"https:\/\/telejammer.com\/it\/?post_type=product&#038;p=9688\">Anti Tracking GPS<\/a> L1 L2 Disturbatore di segnale<\/td>\n<\/tr>\n<tr>\n<td>Intervallo<\/td>\n<p> di disturbo<\/p>\n<td>5-10 metri<\/td>\n<\/tr>\n<tr>\n<td>Banda<\/td>\n<p> di lavoro<\/p>\n<td>GPS L1 1560-1620 MHz<br \/>\nGPS L2 1100-1300 MHz<\/td>\n<\/tr>\n<tr>\nPotenza <\/p>\n<td>media in uscita<\/td>\n<td>2 Watt<\/td>\n<\/tr>\n<tr>\nPotenza <\/p>\n<td>di uscita totale<\/td>\n<td>4 Watt<\/td>\n<\/tr>\n<tr>\n<td>Grandezza<\/td>\n<td>95 * 20 * 44 millimetri<\/td>\n<\/tr>\n<tr>\n<td>Peso<\/td>\n<td>250 g<\/td>\n<\/tr>\n<tr>\n<td>Tipo di<\/td>\n<p> batteria<\/p>\n<td>Batteria al litio ricaricabile<\/td>\n<\/tr>\n<tr>\n<td>Durata<\/td>\n<p> della batteria<\/p>\n<td>2-5 ore<\/td>\n<\/tr>\n<tr>\n<td>Materiale<\/td>\n<p> OutShell<\/p>\n<td>Re ossidazione Lega di Alluminio<\/td>\n<\/tr>\n<tr>\n<td>Tipo di<\/td>\n<p> antenna<\/p>\n<td>Antenna omnidirezionale<\/td>\n<\/tr>\n<tr>\n<td>Temperatura<\/td>\n<p> di lavoro<\/p>\n<td>-40 \u00b0C ~ 75 \u00b0C<\/td>\n<\/tr>\n<tr>\n<td>Umidit\u00e0 relativa<\/td>\n<td>35~85%<\/td>\n<\/tr>\n<tr>\n<td>Ingresso<\/td>\n<p> alimentazione<\/p>\n<td>AC110 ~ 240V<\/td>\n<\/tr>\n<tr>\n<td>Potenza in uscita<\/td>\n<td>CC 12V<\/td>\n<\/tr>\n<tr>\n<td>Accessorio<\/td>\n<td>Adattatore CA, caricabatteria per auto, manuale utente<\/td>\n<\/tr>\n<\/tbody>\n<\/table>\n<\/div>\n<p><strong>3. Caratteristiche del prodotto<\/strong><\/p>\n<p>* Pu\u00f2 <a href=\"https:\/\/telejammer.com\/it\/?post_type=product&#038;p=9688\">schermare tutti i segnali di localizzazione GPS<\/a> intorno a qualcuno<\/p>\n<p>* Totalmente anti tracciamento, anti tailing, una promessa di sicurezza<\/p>\n<p>* Uso prolungato grazie alla batteria al litio interna ricaricabile 2-5 ore<\/p>\n<p>* Uso diretto sul veicolo da parte di un accendisigari dell&#8217;auto<\/p>\n<p>* Guscio esterno in lega di alluminio durevole, impermeabile, antipolvere, resistente al calore<\/p>\n<p>* Antenna funzionale ad alto guadagno<\/p>\n<p>* Anti Tracking GPSL1 L2 Disturbatore di segnale<\/p>\n<p><strong>4. Applicazione multipla<\/strong><\/p>\n<p>Per questo disturbatore di segnale anti tracciamento GPSL1 L2:<\/p>\n<p>Anti tracciamento quando si guida da soli<\/p>\n<p>Anti tailing durante i viaggi personali<\/p>\n<p>Sistema di posizionamento globale anti GPS<\/p>\n<p><strong>5. Pi\u00f9 foto<\/strong><\/p>\n<p><img decoding=\"async\" class=\" lazyloaded\" src=\"https:\/\/i.trade-cloud.com.cn\/upload\/6382\/image\/20210406\/555b_316973.jpg\" alt=\"\" data-src=\"https:\/\/i.trade-cloud.com.cn\/upload\/6382\/image\/20210406\/555b_316973.jpg\"><\/p>\n<p><img decoding=\"async\" class=\" lazyloaded\" src=\"https:\/\/i.trade-cloud.com.cn\/upload\/6382\/image\/20210406\/555c_892443.jpg\" alt=\"\" data-src=\"https:\/\/i.trade-cloud.com.cn\/upload\/6382\/image\/20210406\/555c_892443.jpg\"><\/p>\n","protected":false},"excerpt":{"rendered":"<h3>Questo <a href=\"https:\/\/telejammer.com\/it\/\">disturbatore di segnale<\/a> anti tracciamento GPSL1 L2 viene utilizzato per prevenire qualcuno dal problema di tracciamento. Ogni volta che guidi, viaggi, soprattutto le ragazze da sole, e potresti preoccuparti molto del problema della sicurezza di essere seguito da uno sconosciuto o da un gruppo pericoloso. <\/h3>\n<p>Il <a href=\"https:\/\/telejammer.com\/it\/\">disturbatore di segnale<\/a> GPS L1 L2 2 antenne \u00e8 una soluzione perfetta per bloccare i segnali GPS L1 L2. \u00c8 un jammer bidirezionale e pu\u00f2 disturbare i segnali GPS dai satelliti L1 L2. <\/p>\n","protected":false},"featured_media":4898,"comment_status":"open","ping_status":"closed","template":"","meta":{"_acf_changed":false,"_gspb_post_css":""},"product_cat":[175],"product_tag":[687],"product_brands":[],"class_list":{"0":"post-9688","1":"product","2":"type-product","3":"status-publish","4":"has-post-thumbnail","6":"product_cat-gps-jammer-it","7":"product_tag-disturbatore-gps","9":"first","10":"instock","11":"sale","12":"shipping-taxable","13":"purchasable","14":"product-type-simple"},"ct_brands":[],"aioseo_notices":[],"acf":[],"_links":{"self":[{"href":"https:\/\/telejammer.com\/it\/wp-json\/wp\/v2\/product\/9688","targetHints":{"allow":["GET"]}}],"collection":[{"href":"https:\/\/telejammer.com\/it\/wp-json\/wp\/v2\/product"}],"about":[{"href":"https:\/\/telejammer.com\/it\/wp-json\/wp\/v2\/types\/product"}],"replies":[{"embeddable":true,"href":"https:\/\/telejammer.com\/it\/wp-json\/wp\/v2\/comments?post=9688"}],"wp:featuredmedia":[{"embeddable":true,"href":"https:\/\/telejammer.com\/it\/wp-json\/wp\/v2\/media\/4898"}],"wp:attachment":[{"href":"https:\/\/telejammer.com\/it\/wp-json\/wp\/v2\/media?parent=9688"}],"wp:term":[{"taxonomy":"product_cat","embeddable":true,"href":"https:\/\/telejammer.com\/it\/wp-json\/wp\/v2\/product_cat?post=9688"},{"taxonomy":"product_tag","embeddable":true,"href":"https:\/\/telejammer.com\/it\/wp-json\/wp\/v2\/product_tag?post=9688"},{"taxonomy":"product_brands","embeddable":true,"href":"https:\/\/telejammer.com\/it\/wp-json\/wp\/v2\/product_brands?post=9688"}],"curies":[{"name":"wp","href":"https:\/\/api.w.org\/{rel}","templated":true}]}}