{"id":9683,"date":"2025-02-18T21:23:34","date_gmt":"2025-02-18T13:23:34","guid":{"rendered":"https:\/\/telejammer.com\/emittente-di-disturbo-del-segnale-dellautomobile-di-glonass-gps-2-antenne-dellipoteca\/"},"modified":"2025-03-29T16:12:22","modified_gmt":"2025-03-29T08:12:22","slug":"emittente-di-disturbo-del-segnale-dellautomobile-di-glonass-gps-2-antenne-dellipoteca","status":"publish","type":"product","link":"https:\/\/telejammer.com\/it\/emittente-di-disturbo-del-segnale-dellautomobile-di-glonass-gps-2-antenne-dellipoteca\/","title":{"rendered":"Emittente di disturbo del segnale dell&#8217;automobile di Glonass GPS 2 antenne dell&#8217;ipoteca"},"content":{"rendered":"<p>Questo \u00e8 un <a href=\"https:\/\/telejammer.com\/it\/\">disturbatore di segnale<\/a> GPS glonass di alta qualit\u00e0 che pu\u00f2 bloccare i segnali GPS da tutti i dispositivi di navigazione GPS per auto e anche dai telefoni cellulari. Questo jammer \u00e8 una buona soluzione per i conducenti che vogliono viaggiare in un paese dove non c&#8217;\u00e8 segnale GPS. <\/p>\n<p><strong>Emittente di disturbo del segnale dell&#8217;automobile di Glonass GPS <a href=\"https:\/\/telejammer.com\/ru\/?post_type=product&#038;p=9677\">2 antenne dell&#8217;ipoteca<\/a><\/strong><\/p>\n<p><strong>1.<\/strong> <strong>Introduzione al prodotto<\/strong><\/p>\n<p>Con questo <a href=\"\/?product_cat=gps-jammer-signal-jammer\">disturbatore di segnale GPS<\/a> Glonass per auto ipoteca, qualcuno pu\u00f2 guidare l&#8217;auto in sicurezza e sbarazzarsi del monitoraggio di localizzazione GPS da parte dell&#8217;azienda, moglie, marito, molestie pericolose e criminali, ecc.<\/p>\n<p><img decoding=\"async\" class=\" lazyloaded\" src=\"https:\/\/i.trade-cloud.com.cn\/upload\/6382\/image\/20210406\/111_645458.jpg\" alt=\"\" data-src=\"https:\/\/i.trade-cloud.com.cn\/upload\/6382\/image\/20210406\/111_645458.jpg\"><\/p>\n<p><strong>2. Specifica<\/strong><\/p>\n<div class=\"p-bl\">\n<table class=\"p-blas\" border=\"1\" width=\"100%\">\n<tbody>\n<tr>\n<td>Marchio<\/td>\n<td>Emittente telematica<\/td>\n<\/tr>\n<tr>\n<td>Modello<\/td>\n<td>TX-Mini 2<\/td>\n<\/tr>\n<tr>\n<td>Tipo di<\/td>\n<p> prodotto<\/p>\n<td><a href=\"https:\/\/telejammer.com\/ru\/?post_type=product&#038;p=9677\">Emittente di disturbo del segnale GPS di Glonass dell&#8217;automobile<\/a> di Ipoteca<\/td>\n<\/tr>\n<tr>\n<td>Intervallo<\/td>\n<p> di disturbo<\/p>\n<td>5-10 metri<\/td>\n<\/tr>\n<tr>\n<td>Banda<\/td>\n<p> di lavoro<\/p>\n<td>GPSL1+Glonass1560-1620MHz<br \/>\nGPSL2 + BDS: 1200-1280 MHz<\/td>\n<\/tr>\n<tr>\nPotenza <\/p>\n<td>media in uscita<\/td>\n<td>10 mW<\/td>\n<\/tr>\n<tr>\nPotenza <\/p>\n<td>di uscita totale<\/td>\n<td>20 mW<\/td>\n<\/tr>\n<tr>\n<td>Grandezza<\/td>\n<td>100 * 500 * 25 millimetri<\/td>\n<\/tr>\n<tr>\n<td>Peso<\/td>\n<td>80 g<\/td>\n<\/tr>\n<tr>\n<td>Alimentatore<\/td>\n<td>Accendino Cigaratte per auto<\/td>\n<\/tr>\n<tr>\n<td>Materiale<\/td>\n<p> OutShell<\/p>\n<td>Resina militare durevole<\/td>\n<\/tr>\n<tr>\n<td>Tipo di<\/td>\n<p> antenna<\/p>\n<td>Antenna omnidirezionale<\/td>\n<\/tr>\n<tr>\n<td>Temperatura<\/td>\n<p> di lavoro<\/p>\n<td>-40 \u00b0C ~ 75 \u00b0C<\/td>\n<\/tr>\n<tr>\n<td>Umidit\u00e0 relativa<\/td>\n<td>35~85%<\/td>\n<\/tr>\n<tr>\n<td>Potenza in uscita<\/td>\n<td>CC 12V<\/td>\n<\/tr>\n<\/tbody>\n<\/table>\n<\/div>\n<p><strong>3.<\/strong> <strong>Caratteristiche del prodotto<\/strong><\/p>\n<p>* Dimensioni estremamente ridotte<\/p>\n<p>*<a href=\"https:\/\/telejammer.com\/it\/\"> Disturbare completamente il segnale GPS<\/a> nel raggio di 5-10 metri<\/p>\n<p>* Antenna omnidirezionale ad alto guadagno<\/p>\n<p>* Plastica resistente impermeabile<\/p>\n<p>* Utilizzato direttamente sull&#8217;auto<\/p>\n<p>* Basso consumo energetico<\/p>\n<p>* Totalmente nascosto, nessuno trover\u00e0<\/p>\n<p>* Uso multiplo in auto, camion, altri veicoli, ecc.<\/p>\n<p>* Emittente ipotecaria per auto Glonass <a href=\"\/?product_cat=gps-jammer-signal-jammer\">Disturbatore di segnale GPS<\/a><\/p>\n<p><strong>4.<\/strong> <strong>Pi\u00f9 foto<\/strong><\/p>\n<p><img decoding=\"async\" class=\" lazyloaded\" src=\"https:\/\/i.trade-cloud.com.cn\/upload\/6382\/image\/20210406\/555_41686.jpg\" alt=\"\" data-src=\"https:\/\/i.trade-cloud.com.cn\/upload\/6382\/image\/20210406\/555_41686.jpg\"><\/p>\n","protected":false},"excerpt":{"rendered":"<h3>\u00c8 abbastanza sicuro nella tua auto privata con questo jammer di segnale GPS Glonass per auto a 2 canali. Pu\u00f2 interferire con il segnale di tracciamento e posizionamento GPS nell&#8217;area di 5 \u2013 10 metri. <\/h3>\n<p>Questo \u00e8 un disturbatore di segnale GPS glonass di alta qualit\u00e0 che pu\u00f2 bloccare i segnali GPS da tutti i dispositivi di navigazione GPS per auto e anche dai telefoni cellulari. Questo jammer \u00e8 una buona soluzione per i conducenti che vogliono viaggiare in un paese dove non c&#8217;\u00e8 segnale GPS. <\/p>\n","protected":false},"featured_media":4925,"comment_status":"open","ping_status":"closed","template":"","meta":{"_acf_changed":false,"_gspb_post_css":""},"product_cat":[175],"product_tag":[687],"product_brands":[],"class_list":{"0":"post-9683","1":"product","2":"type-product","3":"status-publish","4":"has-post-thumbnail","6":"product_cat-gps-jammer-it","7":"product_tag-disturbatore-gps","9":"first","10":"instock","11":"sale","12":"shipping-taxable","13":"purchasable","14":"product-type-simple"},"ct_brands":[],"aioseo_notices":[],"acf":[],"_links":{"self":[{"href":"https:\/\/telejammer.com\/it\/wp-json\/wp\/v2\/product\/9683","targetHints":{"allow":["GET"]}}],"collection":[{"href":"https:\/\/telejammer.com\/it\/wp-json\/wp\/v2\/product"}],"about":[{"href":"https:\/\/telejammer.com\/it\/wp-json\/wp\/v2\/types\/product"}],"replies":[{"embeddable":true,"href":"https:\/\/telejammer.com\/it\/wp-json\/wp\/v2\/comments?post=9683"}],"wp:featuredmedia":[{"embeddable":true,"href":"https:\/\/telejammer.com\/it\/wp-json\/wp\/v2\/media\/4925"}],"wp:attachment":[{"href":"https:\/\/telejammer.com\/it\/wp-json\/wp\/v2\/media?parent=9683"}],"wp:term":[{"taxonomy":"product_cat","embeddable":true,"href":"https:\/\/telejammer.com\/it\/wp-json\/wp\/v2\/product_cat?post=9683"},{"taxonomy":"product_tag","embeddable":true,"href":"https:\/\/telejammer.com\/it\/wp-json\/wp\/v2\/product_tag?post=9683"},{"taxonomy":"product_brands","embeddable":true,"href":"https:\/\/telejammer.com\/it\/wp-json\/wp\/v2\/product_brands?post=9683"}],"curies":[{"name":"wp","href":"https:\/\/api.w.org\/{rel}","templated":true}]}}