{"id":9569,"date":"2025-02-19T18:17:33","date_gmt":"2025-02-19T10:17:33","guid":{"rendered":"https:\/\/telejammer.com\/emittente-di-disturbo-del-segnale-da-tavolo-del-telefono-cellulare-ad-alta-potenza-di-40w-con-14-antenne-emittente-di-disturbo-del-segnale-wireless-per-gps-wifi-2-4g-5g\/"},"modified":"2025-03-29T16:10:19","modified_gmt":"2025-03-29T08:10:19","slug":"emittente-di-disturbo-del-segnale-da-tavolo-del-telefono-cellulare-ad-alta-potenza-di-40w-con-14-antenne-emittente-di-disturbo-del-segnale-wireless-per-gps-wifi-2-4g-5g","status":"publish","type":"product","link":"https:\/\/telejammer.com\/it\/emittente-di-disturbo-del-segnale-da-tavolo-del-telefono-cellulare-ad-alta-potenza-di-40w-con-14-antenne-emittente-di-disturbo-del-segnale-wireless-per-gps-wifi-2-4g-5g\/","title":{"rendered":"Emittente di disturbo del segnale da tavolo del telefono cellulare ad alta potenza di 40W con 14 antenne, emittente di disturbo del segnale wireless per GPS\/WiFi\/2.4G\/5g"},"content":{"rendered":"<p>Questo <a href=\"https:\/\/telejammer.com\/it\/\">disturbatore del segnale del telefono cellulare<\/a> pu\u00f2 bloccare i segnali GSM e CDMA dai telefoni cellulari e da altri dispositivi wireless. Le antenne di questo <a href=\"http:\/\/signal%20jammer\/\">disturbatore di segnale<\/a> possono bloccare i segnali da qualsiasi direzione, il che pu\u00f2 estendere la portata fino a 10 metri. <\/p>\n<p><b>Caratteristiche del<\/b><br \/>\n prodotto1. L&#8217;antenna singola \u00e8 con una potenza di uscita di 3-5 W per bloccare i segnali in modo efficiente e la potenza di<br \/>\nciascuna antenna pu\u00f2 essere regolata singolarmente o insieme ad altre<br \/>\n2. Ventola a basso rumore e guscio in lega di alluminio per resistere ad ambienti<br \/>\nad alta temperatura 3. Creando efficacemente sottosezioni di spettro, interferendo solo in downlink e non portando alcuna intercettazione<br \/>\ndella stazione base<\/p>\n<p><b>Specificazione<\/b><\/p>\n<div class=\"rich-text-table\">\n<table>\n<colgroup>\n<col><\/colgroup>\n<tbody>\n<tr>\n<td>TXtelsig No.<\/td>\n<td>TX-H14K<\/td>\n<\/tr>\n<tr>\n<td>Digitare<\/td>\n<td><a href=\"https:\/\/telejammer.com\/pl\/?post_type=product&#038;p=9568\">Disturbatore di segnale a 14 antenne<\/a><\/td>\n<\/tr>\n<tr>\n<td>Grandezza<\/td>\n<td>330 * 230 * 56 millimetri<\/td>\n<\/tr>\n<tr>\n<td>Peso<\/td>\n<td>5,0 kg<\/td>\n<\/tr>\n<tr>\n<td>Alimentatore<\/td>\n<td>Adattatore CA<\/td>\n<\/tr>\n<tr>\n<td>Gittata<\/td>\n<p> scudo<\/p>\n<td>5-20 metri (la potenza di uscita della singola antenna \u00e8 3-5 W)<\/td>\n<\/tr>\n<tr>\n<td>Frequenza<\/td>\n<p> dello scudo<\/p>\n<td>2G 3G 4G GPS WiFi Personalizzato 5G<\/td>\n<\/tr>\n<tr>\n<td>Umidit\u00e0<\/td>\n<td>%-95%<\/td>\n<\/tr>\n<tr>\n<td>Temperatura<\/td>\n<p> di funzionamento<\/p>\n<td>Da -20\u00baC a +55\u00baC<\/td>\n<\/tr>\n<\/tbody>\n<\/table>\n<\/div>\n<p><b>Dettagli scudo<\/b><\/p>\n<div class=\"rich-text-table\">\n<table>\n<colgroup>\n<col><\/colgroup>\n<tbody>\n<tr>\n<td rowspan=\"2\">Porta<\/td>\n<p> di uscita<\/p>\n<td rowspan=\"2\">Frequenza<\/td>\n<td>Media<\/td>\n<td>Uscita canale<\/td>\n<\/tr>\n<tr>\n<td>Mettere il potere<\/td>\n<td>Mettere il potere<\/td>\n<\/tr>\n<tr>\n<td>150 MHZ<\/td>\n<td>135-200 MHz<\/td>\n<td>30dBm<\/td>\n<td>6dBm\/30KHz (min)<\/td>\n<\/tr>\n<tr>\n<td>250 MHZ<\/td>\n<td>200-300 MHz<\/td>\n<td>30dBm<\/td>\n<td>1dBm\/30KHz (minimo)<\/td>\n<\/tr>\n<tr>\n<td>350 MHZ<\/td>\n<td>300-400 MHz<\/td>\n<td>30dBm<\/td>\n<td>1dBm\/30KHz (minimo)<\/td>\n<\/tr>\n<tr>\n<td>450 MHZ<\/td>\n<td>400-500 MHz<\/td>\n<td>29dBm<\/td>\n<td>-2dBm\/30KHz (min)<\/td>\n<\/tr>\n<tr>\n<td>550 MHZ<\/td>\n<td>500-600 MHz<\/td>\n<td>29dBm<\/td>\n<td>-3dBm\/30KHz (min)<\/td>\n<\/tr>\n<tr>\n<td>650 MHZ<\/td>\n<td>600-700 MHz<\/td>\n<td>29dBm<\/td>\n<td>3dBm\/30KHz (min)<\/td>\n<\/tr>\n<tr>\n<td>750 MHZ<\/td>\n<td>700-800 MHz<\/td>\n<td>29dBm<\/td>\n<td>-2dBm\/30KHz (min)<\/td>\n<\/tr>\n<tr>\n<td>CDMA<\/td>\n<td>851-894 MHZ<\/td>\n<td>30dBm<\/td>\n<td>3dBm\/30KHz (min)<\/td>\n<\/tr>\n<tr>\n<td>GSM<\/td>\n<td>925-960 MHZ<\/td>\n<td>30dBm<\/td>\n<td>3dBm\/30KHz (min)<\/td>\n<\/tr>\n<tr>\n<td>DCS<\/td>\n<td>1805-1990 MHZ<\/td>\n<td>30dBm<\/td>\n<td>3dBm\/30KHz (min)<\/td>\n<\/tr>\n<tr>\n<td>3G<\/td>\n<td>2110-2170 MHZ<\/td>\n<td>30dBm<\/td>\n<td>3dBm\/30KHz (min)<\/td>\n<\/tr>\n<tr>\n<td>WIMAX<\/td>\n<td>2300-2400 MHZ<\/td>\n<td>30dBm<\/td>\n<td>3dBm\/30KHz (min)<\/td>\n<\/tr>\n<tr>\n<td>CONNESSIONE WIFI<\/td>\n<td>2400-2500 MHZ<\/td>\n<td>30dBm<\/td>\n<td>3dBm\/30KHz (min)<\/td>\n<\/tr>\n<tr>\n<td>4G<\/td>\n<td>2620-2690 MHZ<\/td>\n<td>30dBm<\/td>\n<td>3dBm\/30KHz (min)<\/td>\n<\/tr>\n<\/tbody>\n<\/table>\n<\/div>\n<p><b>Applicazione<\/b><br \/>\n1. Scuola, sala d&#8217;esame, prigione, club, governo<br \/>\n2. Sala conferenze, auditorium, tribunale<br \/>\n3. Cinema, Museo del teatro<br \/>\n4. Luogo in cui i segnali mobili e di altro tipo sono vietati come stazioni di servizio, militari, ospedali<br \/>\ndi confine benzina, dogana, ecc.<\/p>\n","protected":false},"excerpt":{"rendered":"<p><b>TX-H14K<\/b> Questo jammer a spettro completo \u00e8 con 14 canali e ogni canale ha la potenza di uscita RF per schermare il segnale pericoloso secondo il vostro proprio bisogno.<\/p>\n<p>Il modo migliore per migliorare il segnale del telefono cellulare, per proteggere i dati e la privacy, utilizzare un jammer per telefoni cellulari. Il <a href=\"https:\/\/telejammer.com\/it\/\">jammer per telefoni cellulari<\/a> ha 14 antenne integrate. Ha una gamma di frequenza di alta qualit\u00e0, che pu\u00f2 proteggere i dati e la privacy del tuo cellulare. \u00c8 un&#8217;ottima soluzione per   <\/p>\n","protected":false},"featured_media":5654,"comment_status":"open","ping_status":"closed","template":"","meta":{"_acf_changed":false,"_gspb_post_css":""},"product_cat":[155],"product_tag":[270],"product_brands":[],"class_list":{"0":"post-9569","1":"product","2":"type-product","3":"status-publish","4":"has-post-thumbnail","6":"product_cat-desktop-signal-jammer-it","7":"product_tag-14-antennas-jammer-it-2","9":"first","10":"instock","11":"sale","12":"shipping-taxable","13":"purchasable","14":"product-type-simple"},"ct_brands":[],"aioseo_notices":[],"acf":[],"_links":{"self":[{"href":"https:\/\/telejammer.com\/it\/wp-json\/wp\/v2\/product\/9569","targetHints":{"allow":["GET"]}}],"collection":[{"href":"https:\/\/telejammer.com\/it\/wp-json\/wp\/v2\/product"}],"about":[{"href":"https:\/\/telejammer.com\/it\/wp-json\/wp\/v2\/types\/product"}],"replies":[{"embeddable":true,"href":"https:\/\/telejammer.com\/it\/wp-json\/wp\/v2\/comments?post=9569"}],"wp:featuredmedia":[{"embeddable":true,"href":"https:\/\/telejammer.com\/it\/wp-json\/wp\/v2\/media\/5654"}],"wp:attachment":[{"href":"https:\/\/telejammer.com\/it\/wp-json\/wp\/v2\/media?parent=9569"}],"wp:term":[{"taxonomy":"product_cat","embeddable":true,"href":"https:\/\/telejammer.com\/it\/wp-json\/wp\/v2\/product_cat?post=9569"},{"taxonomy":"product_tag","embeddable":true,"href":"https:\/\/telejammer.com\/it\/wp-json\/wp\/v2\/product_tag?post=9569"},{"taxonomy":"product_brands","embeddable":true,"href":"https:\/\/telejammer.com\/it\/wp-json\/wp\/v2\/product_brands?post=9569"}],"curies":[{"name":"wp","href":"https:\/\/api.w.org\/{rel}","templated":true}]}}