{"id":9396,"date":"2025-02-14T14:57:55","date_gmt":"2025-02-14T06:57:55","guid":{"rendered":"https:\/\/telejammer.com\/termini-e-condizioni\/"},"modified":"2025-03-29T15:39:03","modified_gmt":"2025-03-29T07:39:03","slug":"termini-e-condizioni","status":"publish","type":"page","link":"https:\/\/telejammer.com\/it\/termini-e-condizioni\/","title":{"rendered":"Termini e condizioni"},"content":{"rendered":"\n<div class=\"wp-block-greenshift-blocks-container gspb_container gspb_container-gsbp-497bc73\" id=\"gspb_container-id-gsbp-497bc73\">\n<p>I prezzi e la disponibilit\u00e0 dei prodotti sono soggetti a modifiche senza preavviso. In caso di prezzi errati dovuti a un errore tipografico o a informazioni errate sui prezzi ricevute da un fornitore, Telejammer si riserva il diritto di rifiutare o annullare qualsiasi ordine per un prodotto con un prezzo errato, indipendentemente dal fatto che l&#8217;ordine sia stato confermato o che il pagamento sia stato effettuato. Se il pagamento \u00e8 stato effettuato e l&#8217;ordine viene annullato, <strong>Telejammer<\/strong> rimborser\u00e0 immediatamente l&#8217;importo del tuo metodo di pagamento.  <\/p>\n\n\n\n<p>Tutte le schermate che compaiono sul Sito, compresi grafici, testi, disegni, pulsanti, loghi, immagini e icone, nonch\u00e9 la selezione, l&#8217;assemblaggio e la disposizione, sono di propriet\u00e0 esclusiva di The Jammer Shop o dei suoi fornitori e\/o licenziatari. Il contenuto di questo sito web \u00e8 destinato esclusivamente all&#8217;acquisto o all&#8217;effettuazione di un ordine su questo sito web e non pu\u00f2 essere utilizzato per altri scopi. Qualsiasi altro utilizzo in qualsiasi forma o con qualsiasi mezzo, compresa la modifica, la riproduzione, il caricamento, la pubblicazione, la trasmissione o la distribuzione, senza il previo consenso scritto di <strong>Telejammer<\/strong> \u00e8 severamente vietato. Tutti i software utilizzati nel sito web sono di propriet\u00e0 esclusiva di Telejammer o del software.   <\/p>\n\n\n\n<p><strong>Telejammer.com<\/strong> non rilascia alcuna dichiarazione o garanzia, espressa o implicita, in relazione ai prodotti venduti su Telejammer.com. In nessun caso Telejammer.com sar\u00e0 responsabile per eventuali danni e, in particolare, Telejammer.com non sar\u00e0 responsabile per danni speciali, indiretti, consequenziali, incidentali o per la perdita di propriet\u00e0, di reddito o di utilizzo, da parte del sito informatico del notebook o delle informazioni in esso contenute o ad esso collegate, indipendentemente dal fatto che tali danni siano dovuti a contratto, negligenza, illecito, legge, equit\u00e0, diritto o altro. <\/p>\n\n\n\n<p>Possiamo modificare e aggiornare le Condizioni d&#8217;uso di tanto in tanto senza preavviso. Ti invitiamo a conoscere i nostri termini d&#8217;uso per la raccolta, l&#8217;utilizzo e la divulgazione dei dati. In caso di domande, dubbi o commenti sulla presente Informativa sulla privacy, contattaci all&#8217;indirizzo info@Telejammer.com.  <\/p>\n<\/div>\n\n<p><\/p>\n","protected":false},"excerpt":{"rendered":"","protected":false},"author":1,"featured_media":0,"parent":0,"menu_order":0,"comment_status":"closed","ping_status":"closed","template":"","meta":{"_acf_changed":false,"_gspb_post_css":".gspb_container-id-gsbp-497bc73{flex-direction:column;box-sizing:border-box}#gspb_container-id-gsbp-497bc73.gspb_container>p:last-of-type{margin-bottom:0}#gspb_container-id-gsbp-497bc73.gspb_container{position:relative}","footnotes":""},"class_list":["post-9396","page","type-page","status-publish","hentry"],"blocksy_meta":[],"aioseo_notices":[],"acf":[],"_links":{"self":[{"href":"https:\/\/telejammer.com\/it\/wp-json\/wp\/v2\/pages\/9396","targetHints":{"allow":["GET"]}}],"collection":[{"href":"https:\/\/telejammer.com\/it\/wp-json\/wp\/v2\/pages"}],"about":[{"href":"https:\/\/telejammer.com\/it\/wp-json\/wp\/v2\/types\/page"}],"author":[{"embeddable":true,"href":"https:\/\/telejammer.com\/it\/wp-json\/wp\/v2\/users\/1"}],"replies":[{"embeddable":true,"href":"https:\/\/telejammer.com\/it\/wp-json\/wp\/v2\/comments?post=9396"}],"version-history":[{"count":1,"href":"https:\/\/telejammer.com\/it\/wp-json\/wp\/v2\/pages\/9396\/revisions"}],"predecessor-version":[{"id":9398,"href":"https:\/\/telejammer.com\/it\/wp-json\/wp\/v2\/pages\/9396\/revisions\/9398"}],"wp:attachment":[{"href":"https:\/\/telejammer.com\/it\/wp-json\/wp\/v2\/media?parent=9396"}],"curies":[{"name":"wp","href":"https:\/\/api.w.org\/{rel}","templated":true}]}}