{"id":9389,"date":"2025-02-14T15:05:45","date_gmt":"2025-02-14T07:05:45","guid":{"rendered":"https:\/\/telejammer.com\/restituzioni-e-rimborsi\/"},"modified":"2025-03-29T15:39:03","modified_gmt":"2025-03-29T07:39:03","slug":"restituzioni-e-rimborsi","status":"publish","type":"page","link":"https:\/\/telejammer.com\/it\/restituzioni-e-rimborsi\/","title":{"rendered":"Restituzioni e rimborsi"},"content":{"rendered":"\n<details class=\"wp-block-details is-layout-flow wp-block-details-is-layout-flow\"><summary>Tutti gli ordini del nostro negozio prevedono <strong>la spedizione standard gratuita via terra. <\/strong><br>Tutti gli ordini vengono generalmente evasi entro 48-72 ore dal luned\u00ec al venerd\u00ec, esclusi i fine settimana e i giorni festivi.<br>Telejammer accetta T\/T da banca a banca e western union<br>Supportiamo anche carte di credito e vari portafogli. Devi contattarci per richiedere il tuo numero di conto.<br>Tutti i modelli in ribasso sono a saldo. Nessun rimborso.<br>Gli ordini vengono spediti tramite FEDEX, UPS, DHL e 4PX EXPRESS.<br>La consegna degli ordini \u00e8 prevista entro 5-7 giorni lavorativi dalla data dell&#8217;ordine (esclusi i fine settimana). Gli ordini internazionali vengono spediti entro 5-7 giorni lavorativi e la consegna pu\u00f2 richiedere fino a 14 giorni lavorativi a seconda del servizio di spedizione.   <br><strong>SPEDIZIONE E TRACCIAMENTO<\/strong><br>Una volta che il tuo ordine lascia il nostro magazzino, siamo alla merc\u00e9 del corriere che lo consegna. <br>Le informazioni sulla tracciabilit\u00e0 saranno inviate via e-mail al momento della spedizione. Non dimenticare di tracciare il tuo pacco, \u00e8 una responsabilit\u00e0 del cliente.   <strong>*Controlla il filtro antispam!<\/strong><br><strong>SPEDIZIONE INTERNAZIONALE<\/strong><br>Canada, Australia, Nuova Zelanda, Regno Unito, Messico, Francia, Germania, Norvegia, Svezia, Danimarca, Paesi Bassi, Belgio, Austria, Spagna, Svizzera, Irlanda, Hong Kong, Giappone, Singapore, Repubblica Ceca, Corea del Sud, Grecia, Israele, Taiwan, Antigua e Barbuda, Aruba, Argentina, Bahamas, Barbados, Belize, Bermuda, Isole Cayman, Cina, Isole Cook, Cuba, Cura\u00e7ao, Dominica, Repubblica Dominicana, Figi, Finlandia, Groenlandia, Ungheria, Islanda, Giamaica, Filippine, Polonia, Costa Rica, Samoa, Isole Salomone, Thailandia, Tonga, Isole Turks e Caicos, Isole Minori degli Stati Uniti, Vietnam, Isole Vergini.<br>I clienti internazionali sono responsabili di tutte le tasse, i dazi e le spese di spedizione in entrambe le direzioni &#8211; spedizione e restituzione.<br>TESTA VUOTA<br><strong>RESI E CAMBI<\/strong><br><strong>Hai 30 giorni di tempo per restituire o cambiare un articolo.<\/strong><br>Per restituire o cambiare un articolo richiedi un&#8217;AUTORIZZAZIONE AL RESO. <br>Telejammer accetta la restituzione di articoli non indossati, non lavati e difettosi entro 30 giorni dall&#8217;acquisto. Gli articoli devono essere restituiti nelle stesse condizioni in cui sono stati ricevuti; eventuali segni di usura non saranno accettati per la restituzione o il cambio. Quando provi il tuo nuovo acquisto, ti chiediamo di evitare di indossare oli essenziali o fragranze forti e\/o di abbracciare i tuoi amici pelosi. Questo impregna i capi e li rende invendibili. Gli articoli restituiti, a meno che non siano stati ricevuti difettosi o danneggiati, devono essere in condizioni tali da poter essere rivenduti.    <br><br>Vogliamo che tu sia entusiasta al 100% del tuo acquisto e ti invitiamo a provare i capi a casa per assicurarti una vestibilit\u00e0 ottimale. Nel nostro magazzino ci atteniamo a un rigido protocollo igienico-sanitario, per cui puoi sentirti sicuro quando provi i capi che ricevi da noi. Se decidi di lavare i capi prima di provarli, purtroppo non possiamo pi\u00f9 accettarli per la restituzione o il cambio. Apprezziamo la tua comprensione! <br>Ti preghiamo di includere la tua lista dei pacchi con una nota dettagliata per accelerare l&#8217;elaborazione.<br>Gli articoli Telejammer acquistati presso boutique indipendenti e partner di vendita al dettaglio devono essere restituiti al luogo in cui sono stati acquistati.   <\/summary>\n<p><\/p>\n<\/details>\n","protected":false},"excerpt":{"rendered":"","protected":false},"author":1,"featured_media":0,"parent":0,"menu_order":0,"comment_status":"closed","ping_status":"closed","template":"","meta":{"_acf_changed":false,"_gspb_post_css":"","footnotes":""},"class_list":["post-9389","page","type-page","status-publish","hentry"],"blocksy_meta":[],"aioseo_notices":[],"acf":[],"_links":{"self":[{"href":"https:\/\/telejammer.com\/it\/wp-json\/wp\/v2\/pages\/9389","targetHints":{"allow":["GET"]}}],"collection":[{"href":"https:\/\/telejammer.com\/it\/wp-json\/wp\/v2\/pages"}],"about":[{"href":"https:\/\/telejammer.com\/it\/wp-json\/wp\/v2\/types\/page"}],"author":[{"embeddable":true,"href":"https:\/\/telejammer.com\/it\/wp-json\/wp\/v2\/users\/1"}],"replies":[{"embeddable":true,"href":"https:\/\/telejammer.com\/it\/wp-json\/wp\/v2\/comments?post=9389"}],"version-history":[{"count":1,"href":"https:\/\/telejammer.com\/it\/wp-json\/wp\/v2\/pages\/9389\/revisions"}],"predecessor-version":[{"id":9391,"href":"https:\/\/telejammer.com\/it\/wp-json\/wp\/v2\/pages\/9389\/revisions\/9391"}],"wp:attachment":[{"href":"https:\/\/telejammer.com\/it\/wp-json\/wp\/v2\/media?parent=9389"}],"curies":[{"name":"wp","href":"https:\/\/api.w.org\/{rel}","templated":true}]}}