{"id":9793,"date":"2025-03-01T14:37:49","date_gmt":"2025-03-01T06:37:49","guid":{"rendered":"https:\/\/telejammer.com\/12-antennes-plus-brouilleur-de-signal-portable-jp12\/"},"modified":"2025-03-29T16:16:50","modified_gmt":"2025-03-29T08:16:50","slug":"12-antennes-plus-brouilleur-de-signal-portable-jp12","status":"publish","type":"product","link":"https:\/\/telejammer.com\/fr\/12-antennes-plus-brouilleur-de-signal-portable-jp12\/","title":{"rendered":"12 antennes plus brouilleur de signal portable JP12"},"content":{"rendered":"<h1>12 antennes plus <a href=\"https:\/\/telejammer.com\/12-antennas-plus-portable-signal-jammer-jp12\/\">brouilleur de signal portable JP12<\/a><\/h1>\n<p class=\"sr-proMainInfo-baseInfoH1 J-baseInfo-name\">12 antennes plus tout-en-un bloquant 2g 3G 4G 5g GPS WiFi Lojack <a href=\"https:\/\/telejammer.com\/12-antennas-plus-portable-signal-jammer-jp12\/\">Phone Signal Brouilleur<\/a><\/p>\n<p>1&nbsp;: JYT-1260A blindage des signaux de t\u00e9l\u00e9phone portable 2G, 3G, 4G, 5G et GPSL1, WIFI.<br \/>\n2&nbsp;: JYT-1260B blindage des signaux de t\u00e9l\u00e9phone portable 2G, 3G, 4G, 5G et GPSL1, WIFI, LOJACK.<br \/>\nCe brouilleur de t\u00e9l\u00e9phone portable r\u00e9pond \u00e0 vos besoins de blocage pour les types de fr\u00e9quences affect\u00e9es les plus courants.<br \/>\nEt la conception portable le rend facile \u00e0 transporter.<\/p>\n<p>Les 3 ventilateurs de refroidissement int\u00e9gr\u00e9s et le dissipateur chaud plus puissant garantissent que l\u2019appareil fonctionne en toute s\u00e9curit\u00e9 et en continu<\/p>\n<p><strong>Sp\u00e9cifications:<\/strong><br \/>\nNormes d\u2019interface de couverture&nbsp;:<br \/>\n JT-1260A<\/p>\n<p>Bande 1 : CDMA : 850-894 MHz<br \/>\nBande 2 : GSM : 925-960 MHz<\/p>\n<p>Bande 3 : DCS&amp;PCS : 1805-1990MHz<br \/>\nBande 4 : 3G : 2110-2170MHz<br \/>\nBande 5 : 4G : 2620-2690MHz<br \/>\nBande 6 : 4G1 : 738-821MHz<br \/>\nBande 7 : 5.2G : 5100-5600MHz<\/p>\n<p>Bande 8 : 5.8G : 5600-5900MHz<br \/>\nBande 9 :5G1 : 3300 \u00e0 3600MHz<\/p>\n<p>Bande 10 : 5G2 : 3600 \u00e0 3800 MHz<\/p>\n<p>Bande 11 : GPSL1 : 1570-1580 MHz<\/p>\n<p>Bande 12 : WIFI : 2400-2485MHz<\/p>\n<p>JT-1260B<\/p>\n<p>Bande 1 : CDMA et GSM : 850-960 MHz<\/p>\n<p>Bande 2 : DCS&amp;PCS : 1805-1990MHz<br \/>\nBande 3 : 3G : 2110-2170MHz<br \/>\nBande 4 : 4G : 2620-2690MHz<br \/>\nBande 5 : 4G1 : 738-821MHz<br \/>\nBande 6 : 5.2G WIFI : 5100-5600MHz<\/p>\n<p>Bande 7 : 5.8G WIFI : 5600-5900MHz<br \/>\nBande 8 : 5G1 : 3300 \u00e0 3600MHz<\/p>\n<p>Bande 9 : 5G2 : 3600 \u00e0 3800 MHz<\/p>\n<p>Bande 10 : GPSL1 : 1570-1580 MHz<\/p>\n<p>Bande 11 : WIFI : 2400-2485MHz<\/p>\n<p>Bande 12 : Lojack : 165-174 MHz<\/p>\n<p><strong>Nous pouvons \u00e9galement personnaliser les fr\u00e9quences en fonction de diff\u00e9rentes exigences, n\u2019h\u00e9sitez pas \u00e0 nous contacter \u00e0 tout moment&nbsp;!<\/strong><\/p>\n<div><\/div>\n<div>\n<div><strong>Caract\u00e9ristiques et avantages :<\/strong><\/div>\n<div>\n<p>1. Les commandes ODM et OEM sont les bienvenues.<br \/>\n2. Conception de petite taille, facile \u00e0 caryer.<\/p>\n<p>3. Avec le commutateur DIP, prenez en charge le r\u00e9glage ou la d\u00e9sactivation de n\u2019importe quelle bande unique sans influencer le fonctionnement des autres bandes.<br \/>\n4. La distance de levage jusqu\u2019\u00e0 20 m, d\u00e9pend de la force du signal dans une zone donn\u00e9e.<br \/>\n5. Antennes omnidirectionnelles externes. toute la fr\u00e9quence TX couverte liaison descendante uniquement. <\/p>\n<p>6.\u00c9quip\u00e9 d\u2019un chargeur de voiture, qui peut \u00eatre utilis\u00e9 directement dans la voiture, l\u2019alimentation 12V DC \/ AC est \u00e9galement disponible.<\/p>\n<p>7. Batterie rechargeable int\u00e9gr\u00e9e 7.4v 4600mAh, temps de travail jusqu\u2019\u00e0 90 minutes<br \/>\n8.Le service OEM de s\u00e9rigraphie peut \u00eatre offert.<\/p>\n<\/div>\n<p>9. Bon syst\u00e8me de refroidissement avec ventilateurs de refroidissement \u00e0 l\u2019int\u00e9rieur et dissipateur chaud plus fort.<\/p>\n<p><strong>Param\u00e8tres :<\/strong><\/p>\n<p>Puissance de sortie : 12 W<\/p>\n<p>Alimentation : AC110-240V \u00e0 DC12V<\/p>\n<p>Poids de l\u2019ensemble complet&nbsp;: 2KGS<br \/>\nTaille&nbsp;: 171 * 98 * 58 (ne pas inclure les antennes)<\/p>\n<p>Rayon de blindage : 10-20 m\u00e8tres \u00e0-75 dBm (d\u00e9pend de la force du signal dans la zone donn\u00e9e)<\/p>\n<p>Batterie&nbsp;: Batterie int\u00e9gr\u00e9e 7,4 V \/ 4600 mAh<\/p>\n<p>Temps de travail&nbsp;: Plus de 90 minutes<br \/>\nSyst\u00e8me de refroidissement&nbsp;: Radiateur en alliage d\u2019aluminium \u00e0 haut rendement, 3 ventilateurs de refroidissement int\u00e9gr\u00e9s<\/p>\n<p><strong>Application :<\/strong><\/p>\n<p>1.It peut \u00eatre appliqu\u00e9 dans les salles de r\u00e9union, les salles de conf\u00e9rence, les mus\u00e9es, les galeries, les th\u00e9\u00e2tres, les salles de concert, les \u00e9glises, les temples, les restaurants, les salles de classe, les centres de formation, les usines, les banques, les trains, les bus et plus encore&nbsp;;<br \/>\n2. Pour certains endroits \u00e0 usage sp\u00e9cial tels que les h\u00f4pitaux, les stations-service et plus encore, veuillez d\u2019abord effectuer un test sur le terrain pour vous assurer qu\u2019aucune interf\u00e9rence ne s\u2019est produite avec le fonctionnement normal de leur \u00e9quipement et instrument.<\/p>\n<p><strong>Garantie : un an \u00e0 compter de la date de livraison.<\/strong><\/p>\n<\/div>\n","protected":false},"excerpt":{"rendered":"<p>12 antennes plus tout-en-un bloquant 2g 3G 4G 5g GPS WiFi Lojack Phone Signal Brouilleur<\/p>\n","protected":false},"featured_media":7245,"comment_status":"open","ping_status":"closed","template":"","meta":{"_acf_changed":false,"_gspb_post_css":""},"product_cat":[179],"product_tag":[229],"product_brands":[],"class_list":{"0":"post-9793","1":"product","2":"type-product","3":"status-publish","4":"has-post-thumbnail","6":"product_cat-handheld-signal-jammer-fr","7":"product_tag-12-antennas-fr-2","9":"first","10":"instock","11":"sale","12":"shipping-taxable","13":"purchasable","14":"product-type-simple"},"ct_brands":[],"aioseo_notices":[],"acf":[],"_links":{"self":[{"href":"https:\/\/telejammer.com\/fr\/wp-json\/wp\/v2\/product\/9793","targetHints":{"allow":["GET"]}}],"collection":[{"href":"https:\/\/telejammer.com\/fr\/wp-json\/wp\/v2\/product"}],"about":[{"href":"https:\/\/telejammer.com\/fr\/wp-json\/wp\/v2\/types\/product"}],"replies":[{"embeddable":true,"href":"https:\/\/telejammer.com\/fr\/wp-json\/wp\/v2\/comments?post=9793"}],"wp:featuredmedia":[{"embeddable":true,"href":"https:\/\/telejammer.com\/fr\/wp-json\/wp\/v2\/media\/7245"}],"wp:attachment":[{"href":"https:\/\/telejammer.com\/fr\/wp-json\/wp\/v2\/media?parent=9793"}],"wp:term":[{"taxonomy":"product_cat","embeddable":true,"href":"https:\/\/telejammer.com\/fr\/wp-json\/wp\/v2\/product_cat?post=9793"},{"taxonomy":"product_tag","embeddable":true,"href":"https:\/\/telejammer.com\/fr\/wp-json\/wp\/v2\/product_tag?post=9793"},{"taxonomy":"product_brands","embeddable":true,"href":"https:\/\/telejammer.com\/fr\/wp-json\/wp\/v2\/product_brands?post=9793"}],"curies":[{"name":"wp","href":"https:\/\/api.w.org\/{rel}","templated":true}]}}