{"id":9734,"date":"2025-02-18T20:09:38","date_gmt":"2025-02-18T12:09:38","guid":{"rendered":"https:\/\/telejammer.com\/brouilleur-de-signal-de-telephone-portable-portable-18-bandes-5g-avec-couverture-en-nylon-bloquant-2g-3g-4g-wi-fi-5g-gps-uhf-vhf-brouillage-de-18-watts-jusqua-25m\/"},"modified":"2025-03-29T16:13:19","modified_gmt":"2025-03-29T08:13:19","slug":"brouilleur-de-signal-de-telephone-portable-portable-18-bandes-5g-avec-couverture-en-nylon-bloquant-2g-3g-4g-wi-fi-5g-gps-uhf-vhf-brouillage-de-18-watts-jusqua-25m","status":"publish","type":"product","link":"https:\/\/telejammer.com\/fr\/brouilleur-de-signal-de-telephone-portable-portable-18-bandes-5g-avec-couverture-en-nylon-bloquant-2g-3g-4g-wi-fi-5g-gps-uhf-vhf-brouillage-de-18-watts-jusqua-25m\/","title":{"rendered":"Brouilleur de signal de t\u00e9l\u00e9phone portable portable 18 bandes 5G avec couverture en nylon, bloquant 2G 3G 4G Wi-Fi 5G GPS UHF VHF, brouillage de 18 watts jusqu\u2019\u00e0 25m"},"content":{"rendered":"<p>Le<a href=\"https:\/\/telejammer.com\/pt-br\/?post_type=product&#038;p=9728\"> brouilleur de signal de t\u00e9l\u00e9phone portable 18 bandes 5G<\/a> peut bloquer efficacement les ondes \u00e9lectromagn\u00e9tiques de 2G, 3G, 4G, 5G, Wi-Fi, GPS, UHF, VHF, 18Watt. Ce dispositif de brouillage offre \u00e9galement un joli design portable, et est petit et l\u00e9ger, de sorte que vous <\/p>\n<p><strong>Type de signal de brouillage<\/strong> :<\/p>\n<p>N18-EU&nbsp;: T\u00e9l\u00e9phonie mobile pleine bande 5G \/ 4G \/ 3G \/ 2G + WiFi2.4G \/ 5G + GPSL1-L5 UHF \/ VHF \/ LOJACK + RC433 315<\/p>\n<p>N18-US&nbsp;: T\u00e9l\u00e9phone mobile pleine bande 5G \/ 4G \/ 3G \/ 2G + WiFi2.4G \/ 5G + GPSL1-L5 + VHF \/ LOJACK + RC433 315<\/p>\n<p><strong>Puissance de sortie<\/strong>&nbsp;: Total 18W, 1W chaque bande avec des antennes omni de gains de 2dbi<\/p>\n<p><strong>Rayon de bourrage<\/strong>&nbsp;: 2-25 m\u00e8tres D\u00e9pend toujours du signal de force dans une zone donn\u00e9e<\/p>\n<p><strong>Alimentation<\/strong>&nbsp;: AC110-240V \u00e0 DC12V<\/p>\n<p><strong>Syst\u00e8me de refroidissement<\/strong>&nbsp;: radiateur en alliage d\u2019aluminium \u00e0 haut rendement, ventilateur de refroidissement 3x int\u00e9gr\u00e9<\/p>\n<p><strong>Temps de travail<\/strong>&nbsp;: Batterie int\u00e9gr\u00e9e&nbsp;: 7.4V \/ 12000mAh Continuer \u00e0 travailler&nbsp;: environ 2.5 heures<\/p>\n<p><strong>Taille du produit<\/strong>&nbsp;: 190x126x46 mm (sans antenne omni)<\/p>\n<p><strong>Poids du produit<\/strong>&nbsp;: env.2.0kg<\/p>\n<p><strong>Contenu de l\u2019emballage<\/strong>&nbsp;:<a href=\"https:\/\/telejammer.com\/fr\/\">Jammer<\/a> Host x 1, Chargeur AC x1, antenne omni x16, chargeur de voiture x1, couverture en nylon x1.<\/p>\n<p><strong>Description du produit&nbsp;:<\/strong><br \/>\nLes derni\u00e8res 18 bandes avec 16 antennes tout-en-un <a href=\"https:\/\/telejammer.com\/fr\/\">brouilleur de signal sans fil<\/a> avec couvercle en nylon pour portable,<a href=\"https:\/\/telejammer.com\/fr\/\"> brouillant tous les types de t\u00e9l\u00e9phones Android<\/a>, tablettes, t\u00e9l\u00e9phones intelligents, iPhones, t\u00e9l\u00e9phones Win, etc. qui utilisent 2G, 3G, 4G 5G et CDMA 450Mhz, Block LOJACK GPS, Wi-Fi 5G, Talkie-walkie UHF \/ VHF et signaux RF comme 315, 433, 868 etc. Pas trop grand et avec un \u00e9cran LCD est populaire <\/p>\n<p><strong>Avantages:<\/strong><\/p>\n<p>Le premier <a href=\"https:\/\/telejammer.com\/fr\/handheld-signal-jammer-fr\/\">brouilleur portable<\/a> 18 bandes au monde avec 16 antennes (le canal 12\/13,15\/16 utilis\u00e9 \u00e0 double bande, \u00e9limine les interf\u00e9rences mutuelles des canaux trop nombreux et proches), bloquant tous les signaux de t\u00e9l\u00e9phone portable 5G 4G 3G 2G LOJACK GPS Wi-Fi RF<\/p>\n<p>Puissance de sortie \u00e9lev\u00e9e de 18 watts, port\u00e9e de brouillage de 2 \u00e0 25 m\u00e8tres (\u00e0-75 dBm, d\u00e9pend de la force du signal dans une zone donn\u00e9e)<\/p>\n<p>Bon syst\u00e8me de refroidissement avec 3 ventilateurs de refroidissement \u00e0 l\u2019int\u00e9rieur et un plus grand \u00e9vier chaud, couverture en nylon pour portable<\/p>\n<p>Avec commutateur DIP, peut activer \/ d\u00e9sactiver n\u2019importe quelle bande de signal sans affecter les autres bandes<\/p>\n<p>Avec chargeur de voiture, une alimentation 12V DC\/AC est \u00e9galement disponible<\/p>\n<p>Avec une batterie int\u00e9gr\u00e9e plus grande, peut fonctionner 150 minutes, charge r\u00e9p\u00e9t\u00e9e<\/p>\n<p>Affichage LCD de la capacit\u00e9 de la batterie (pourcentage de capacit\u00e9, tension\/courant de travail)<\/p>\n<p><strong>Service personnalis\u00e9 OEM&nbsp;:<\/strong><br \/>\nPersonnalis\u00e9 pour une bande<br \/>\nde fr\u00e9quence sp\u00e9ciale, un service OEM de s\u00e9rigraphie peut \u00eatre propos\u00e9<\/p>\n<p><strong>Application<\/strong><strong>&nbsp;:<\/strong><br \/>\no Il peut \u00eatre appliqu\u00e9 dans les salles de r\u00e9union, les salles de conf\u00e9rence, les mus\u00e9es, les galeries, les th\u00e9\u00e2tres, les salles de concert, les \u00e9glises, les temples, les restaurants, les salles de classe, les centres de formation, les usines, les banques, les trains, les bus et plus encore Lieux qui n\u00e9cessitent le silence, la confidentialit\u00e9 et la s\u00e9curit\u00e9<br \/>\nde l\u2019information o Pour certains endroits \u00e0 usage sp\u00e9cial tels que les h\u00f4pitaux, les stations-service et plus encore, veuillez d\u2019abord effectuer un test sur le terrain pour vous assurer qu\u2019aucune interf\u00e9rence ne s\u2019est produite avec le fonctionnement normal de leur \u00e9quipement et instrument<\/p>\n<table width=\"99%\">\n<tbody>\n<tr>\n<td colspan=\"4\" width=\"100%\"><strong>Caract\u00e9ristiques techniques cl\u00e9s : N18-EU<\/strong><\/td>\n<\/tr>\n<tr>\n<td width=\"13%\"><strong>Canal<\/strong><\/td>\n<td width=\"27%\"><strong>Port<\/strong><\/td>\n<p> de sortie<\/p>\n<td width=\"29%\"><strong>Gamme de<\/strong><\/td>\n<p> fr\u00e9quences<\/p>\n<td width=\"30%\"><strong>Puissance de sortie moyenne<\/strong><\/td>\n<\/tr>\n<tr>\n<td width=\"13%\">CH 1<\/td>\n<td width=\"27%\">UHF&amp;CDMA450<\/td>\n<td width=\"29%\">400 \u00e0 470 MHz<\/td>\n<td width=\"30%\">30\u00b11dBm\/ 1\u00b10.2W<\/td>\n<\/tr>\n<tr>\n<td width=\"13%\">CH 2<\/td>\n<td width=\"27%\">GPSL1<\/td>\n<td width=\"29%\">1570 \u00e0 1610 MHz<\/td>\n<td width=\"30%\">30\u00b11dBm\/ 1\u00b10.2W<\/td>\n<\/tr>\n<tr>\n<td width=\"13%\">CH 3<\/td>\n<td width=\"27%\">R\u00e9f\u00e9rence 5G3500<\/td>\n<td width=\"29%\">3400-3600 MHz<\/td>\n<td width=\"30%\">30\u00b11dBm\/ 1\u00b10.2W<\/td>\n<\/tr>\n<tr>\n<td width=\"13%\">CH 4<\/td>\n<td width=\"27%\">R\u00e9f. 4G2300<\/td>\n<td width=\"29%\">2300 \u00e0 2400 MHZ<\/td>\n<td width=\"30%\">30\u00b11dBm\/ 1\u00b10.2W<\/td>\n<\/tr>\n<tr>\n<td width=\"13%\">CH 5<\/td>\n<td width=\"27%\">WIFI5.2G<\/td>\n<td width=\"29%\">5100 \u00e0 5500 MHz<\/td>\n<td width=\"30%\">30\u00b11dBm\/ 1\u00b10.2W<\/td>\n<\/tr>\n<tr>\n<td width=\"13%\">CH 6<\/td>\n<td width=\"27%\">\n GPSL2L5<\/td>\n<td width=\"29%\">1170 \u00e0 1280 MHz<\/td>\n<td width=\"30%\">30\u00b11dBm\/ 1\u00b10.2W<\/td>\n<\/tr>\n<tr>\n<td width=\"13%\">CH 7<\/td>\n<td width=\"27%\">R\u00e9f\u00e9rence 5G1400<\/td>\n<td width=\"29%\">1427 \u00e0 1518 MHz<\/td>\n<td width=\"30%\">30\u00b11dBm\/ 1\u00b10.2W<\/td>\n<\/tr>\n<tr>\n<td width=\"13%\">CH 8<\/td>\n<td width=\"27%\">R\u00e9f. 4G2600<\/td>\n<td width=\"29%\">2570 \u00e0 2690 MHZ<\/td>\n<td width=\"30%\">30\u00b11dBm\/ 1\u00b10.2W<\/td>\n<\/tr>\n<tr>\n<td width=\"13%\">CH 9<\/td>\n<td width=\"27%\">VHF\/LOJACK<\/td>\n<td width=\"29%\">135 \u00e0 175 MHz<\/td>\n<td width=\"30%\">30\u00b11dBm\/ 1\u00b10.2W<\/td>\n<\/tr>\n<tr>\n<td width=\"13%\">CH 10<\/td>\n<td width=\"27%\">WIFI2.4G<\/td>\n<td width=\"29%\">2400-2500MHz<\/td>\n<td width=\"30%\">30\u00b11dBm\/ 1\u00b10.2W<\/td>\n<\/tr>\n<tr>\n<td width=\"13%\">CH 11<\/td>\n<td width=\"27%\">RC315<\/td>\n<td width=\"29%\">315 MHz<\/td>\n<td width=\"30%\">30\u00b11dBm\/ 1\u00b10.2W<\/td>\n<\/tr>\n<tr>\n<td rowspan=\"2\" width=\"13%\">CH12 \/CH13<\/td>\n<td width=\"27%\">R\u00e9f\u00e9rence 3G2100<\/td>\n<td width=\"29%\">2110 \u00e0 2170 MHz<\/td>\n<td width=\"30%\">30\u00b11dBm\/ 1\u00b10.2W<\/td>\n<\/tr>\n<tr>\n<td width=\"27%\">4G800<\/td>\n<td width=\"29%\">758 \u00e0 826 MHz<\/td>\n<td width=\"30%\">30\u00b11dBm\/ 1\u00b10.2W<\/td>\n<\/tr>\n<tr>\n<td width=\"13%\">CH 14<\/td>\n<td width=\"27%\">RC433<\/td>\n<td width=\"29%\">433 MHz<\/td>\n<td width=\"30%\">30\u00b11dBm\/ 1\u00b10.2W<\/td>\n<\/tr>\n<tr>\n<td rowspan=\"2\" width=\"13%\">CH 15\/CH 16<\/td>\n<td width=\"27%\">\n DCS1800<\/td>\n<td width=\"29%\">1805 \u00e0 1880 MHz<\/td>\n<td width=\"30%\">30\u00b11dBm\/ 1\u00b10.2W<\/td>\n<\/tr>\n<tr>\n<td width=\"27%\">C\u00e2ble GSM900<\/td>\n<td width=\"29%\">925 \u00e0 960 MHz<\/td>\n<td width=\"30%\">30\u00b11dBm\/ 1\u00b10.2W<\/td>\n<\/tr>\n<tr>\n<td width=\"13%\">CH 17<\/td>\n<td width=\"27%\">R\u00e9f\u00e9rence 5G3700<\/td>\n<td width=\"29%\">3600 \u00e0 3900 MHz<\/td>\n<td width=\"30%\">30\u00b11dBm\/ 1\u00b10.2W<\/td>\n<\/tr>\n<tr>\n<td width=\"13%\">CH 18<\/td>\n<td width=\"27%\">WIFI5.8G<\/td>\n<td width=\"29%\">5500 \u00e0 5900 MHz<\/td>\n<td width=\"30%\">30\u00b11dBm\/ 1\u00b10.2W<\/td>\n<\/tr>\n<tr>\n<td colspan=\"4\" width=\"100%\">Alimentation : adaptateur 50 \u00e0 60Hz AC (110-240V AC\/12V DC) Chargeur de voiture : DC12V IN<\/td>\n<\/tr>\n<tr>\n<td colspan=\"4\" width=\"100%\">Dimensions&nbsp;: (longueur, largeur, hauteur) 190x126x46mm (sans antenne)Longueur de l\u2019antenne&nbsp;: 195mm Gain&nbsp;: 2.0dbi<\/td>\n<\/tr>\n<tr>\n<td colspan=\"4\" width=\"100%\">Taille de l\u2019emballage&nbsp;: 330 * 250 * 80mm Poids net&nbsp;: 1,6 kg Poids brut&nbsp;: 2,5 kg<\/td>\n<\/tr>\n<tr>\n<td colspan=\"4\" width=\"100%\">Puissance totale&nbsp;: 18W<br \/>\nRayon de blindage&nbsp;: (2-25) m\u00e8tres \u00e0 -75dBm D\u00e9pend toujours de la force du signal dans une zone<br \/>\ndonn\u00e9e Batterie int\u00e9gr\u00e9e&nbsp;: 7.4V \/ 12000mAh Continuer \u00e0 travailler&nbsp;: environ 2.5 heures<\/td>\n<\/tr>\n<tr>\n<td colspan=\"4\" width=\"100%\">Garantie : un an \u00e0 compter de la date de livraison<\/td>\n<\/tr>\n<\/tbody>\n<\/table>\n<p>&nbsp;<\/p>\n<table width=\"99%\">\n<tbody>\n<tr>\n<td colspan=\"4\" width=\"100%\"><strong>Caract\u00e9ristiques techniques cl\u00e9s : N18-US<\/strong><\/td>\n<\/tr>\n<tr>\n<td width=\"13%\"><strong>Canal<\/strong><\/td>\n<td width=\"20%\"><strong>Port<\/strong><\/td>\n<p> de sortie<\/p>\n<td width=\"35%\"><strong>Gamme de<\/strong><\/td>\n<p> fr\u00e9quences<\/p>\n<td width=\"30%\"><strong>Puissance de sortie moyenne<\/strong><\/td>\n<\/tr>\n<tr>\n<td width=\"13%\">CH 1<\/td>\n<td width=\"20%\">R\u00e9f\u00e9rence 5G600<\/td>\n<td width=\"35%\">617 \u00e0 685 MHz<\/td>\n<td width=\"30%\">30\u00b11dBm\/ 1\u00b10.2W<\/td>\n<\/tr>\n<tr>\n<td width=\"13%\">CH 2<\/td>\n<td width=\"20%\">GPSL1<\/td>\n<td width=\"35%\">1570 \u00e0 1610 MHz<\/td>\n<td width=\"30%\">30\u00b11dBm\/ 1\u00b10.2W<\/td>\n<\/tr>\n<tr>\n<td width=\"13%\">CH 3<\/td>\n<td width=\"20%\">R\u00e9f\u00e9rence 5G3500<\/td>\n<td width=\"35%\">3400-3600 MHz<\/td>\n<td width=\"30%\">30\u00b11dBm\/ 1\u00b10.2W<\/td>\n<\/tr>\n<tr>\n<td width=\"13%\">CH 4<\/td>\n<td width=\"20%\">R\u00e9f. 4G2300<\/td>\n<td width=\"35%\">2300 \u00e0 2400 MHZ<\/td>\n<td width=\"30%\">30\u00b11dBm\/ 1\u00b10.2W<\/td>\n<\/tr>\n<tr>\n<td width=\"13%\">CH 5<\/td>\n<td width=\"20%\">WIFI5.2G<\/td>\n<td width=\"35%\">5100 \u00e0 5500 MHz<\/td>\n<td width=\"30%\">30\u00b11dBm\/ 1\u00b10.2W<\/td>\n<\/tr>\n<tr>\n<td width=\"13%\">CH 6<\/td>\n<td width=\"20%\">\n GPSL2L5<\/td>\n<td width=\"35%\">1170 \u00e0 1280 MHz<\/td>\n<td width=\"30%\">30\u00b11dBm\/ 1\u00b10.2W<\/td>\n<\/tr>\n<tr>\n<td width=\"13%\">CH 7<\/td>\n<td width=\"20%\">4G1700\/GPSL3L4\/ LORA<\/td>\n<td width=\"35%\">1710-1780\/1370-1390\/900-930MHz<\/td>\n<td width=\"30%\">30\u00b11dBm\/ 1\u00b10.2W<\/td>\n<\/tr>\n<tr>\n<td width=\"13%\">CH 8<\/td>\n<td width=\"20%\">R\u00e9f. 4G2600<\/td>\n<td width=\"35%\">2500 \u00e0 2690 MHZ<\/td>\n<td width=\"30%\">30\u00b11dBm\/ 1\u00b10.2W<\/td>\n<\/tr>\n<tr>\n<td width=\"13%\">CH 9<\/td>\n<td width=\"20%\">VHF\/LOJACK<\/td>\n<td width=\"35%\">135 \u00e0 175 MHz<\/td>\n<td width=\"30%\">30\u00b11dBm\/ 1\u00b10.2W<\/td>\n<\/tr>\n<tr>\n<td width=\"13%\">CH 10<\/td>\n<td width=\"20%\">WIFI2.4G<\/td>\n<td width=\"35%\">2400-2500MHz<\/td>\n<td width=\"30%\">30\u00b11dBm\/ 1\u00b10.2W<\/td>\n<\/tr>\n<tr>\n<td width=\"13%\">CH 11<\/td>\n<td width=\"20%\">RC315<\/td>\n<td width=\"35%\">315 MHz<\/td>\n<td width=\"30%\">30\u00b11dBm\/ 1\u00b10.2W<\/td>\n<\/tr>\n<tr>\n<td rowspan=\"2\" width=\"13%\">CH12 \/CH 13<\/td>\n<td width=\"20%\">R\u00e9f\u00e9rence 3G2100<\/td>\n<td width=\"35%\">2110 \u00e0 2180 MHz<\/td>\n<td width=\"30%\">30\u00b11dBm\/ 1\u00b10.2W<\/td>\n<\/tr>\n<tr>\n<td width=\"20%\">4G700<\/td>\n<td width=\"35%\">700 \u00e0 803 MHz<\/td>\n<td width=\"30%\">30\u00b11dBm\/ 1\u00b10.2W<\/td>\n<\/tr>\n<tr>\n<td width=\"13%\">CH 14<\/td>\n<td width=\"20%\">RC433<\/td>\n<td width=\"35%\">433 MHz<\/td>\n<td width=\"30%\">30\u00b11dBm\/ 1\u00b10.2W<\/td>\n<\/tr>\n<tr>\n<td rowspan=\"2\" width=\"13%\">CH 15\/CH 16<\/td>\n<td width=\"20%\">\n PCS1900<\/td>\n<td width=\"35%\">1930-2000MHz<\/td>\n<td width=\"30%\">30\u00b11dBm\/ 1\u00b10.2W<\/td>\n<\/tr>\n<tr>\n<td width=\"20%\">CDMA\/RC868<\/td>\n<td width=\"35%\">850 \u00e0 894 MHz<\/td>\n<td width=\"30%\">30\u00b11dBm\/ 1\u00b10.2W<\/td>\n<\/tr>\n<tr>\n<td width=\"13%\">CH 17<\/td>\n<td width=\"20%\">R\u00e9f\u00e9rence 5G3700<\/td>\n<td width=\"35%\">3600 \u00e0 3900 MHz<\/td>\n<td width=\"30%\">30\u00b11dBm\/ 1\u00b10.2W<\/td>\n<\/tr>\n<tr>\n<td width=\"13%\">CH 18<\/td>\n<td width=\"20%\">WIFI5.8G<\/td>\n<td width=\"35%\">5500 \u00e0 5900 MHz<\/td>\n<td width=\"30%\">30\u00b11dBm\/ 1\u00b10.2W<\/td>\n<\/tr>\n<tr>\n<td colspan=\"4\" width=\"100%\">Alimentation : adaptateur 50 \u00e0 60Hz AC (110-240V AC\/12V DC) Chargeur de voiture : DC12V IN<\/td>\n<\/tr>\n<tr>\n<td colspan=\"4\" width=\"100%\">Dimensions&nbsp;: (longueur, largeur, hauteur) 190x126x46mm (sans antenne)Longueur de l\u2019antenne&nbsp;: 195mm Gain&nbsp;: 2.0dbi<\/td>\n<\/tr>\n<tr>\n<td colspan=\"4\" width=\"100%\">Taille de l\u2019emballage&nbsp;: 330 * 250 * 80mm Poids net&nbsp;: 1,6 kg Poids brut&nbsp;: 2,5 kg<\/td>\n<\/tr>\n<tr>\n<td colspan=\"4\" width=\"100%\">Puissance totale&nbsp;: 18W<br \/>\nRayon de blindage&nbsp;: (2-25) m\u00e8tres \u00e0 -75dBm D\u00e9pend toujours de la force du signal dans une zone<br \/>\ndonn\u00e9e Batterie int\u00e9gr\u00e9e&nbsp;: 7.4V \/ 12000mAh Continuer \u00e0 travailler&nbsp;: environ 2.5 heures<\/td>\n<\/tr>\n<tr>\n<td colspan=\"4\" width=\"100%\">Garantie : un an \u00e0 compter de la date de livraison<\/td>\n<\/tr>\n<\/tbody>\n<\/table>\n","protected":false},"excerpt":{"rendered":"<p>Les derni\u00e8res 18 bandes avec 16 antennes tout-en-un <a href=\"https:\/\/telejammer.com\/fr\/\">brouilleur de signal sans fil<\/a> avec couvercle en nylon pour portable, brouillant tous les types de t\u00e9l\u00e9phones Android, tablettes, t\u00e9l\u00e9phones intelligents, iPhones, t\u00e9l\u00e9phones Win, etc. qui utilisent 2G, 3G, 4G 5G et CDMA 450Mhz, Block LOJACK GPS, Wi-Fi 5G, Talkie-walkie UHF \/ VHF et signaux RF comme 315, 433, 868 etc. Pas trop grand et avec un \u00e9cran LCD est populaire en 2021 et dans les ann\u00e9es \u00e0 venir. <\/p>\n<p>Le brouilleur de signal de t\u00e9l\u00e9phone portable 18 bandes 5G peut bloquer efficacement les ondes \u00e9lectromagn\u00e9tiques de 2G, 3G, 4G, 5G, Wi-Fi, GPS, UHF, VHF, 18Watt. Ce dispositif de brouillage offre \u00e9galement un joli design portable, et est petit et l\u00e9ger, de sorte que vous <\/p>\n","protected":false},"featured_media":4365,"comment_status":"open","ping_status":"closed","template":"","meta":{"_acf_changed":false,"_gspb_post_css":""},"product_cat":[179],"product_tag":[342],"product_brands":[],"class_list":{"0":"post-9734","1":"product","2":"type-product","3":"status-publish","4":"has-post-thumbnail","6":"product_cat-handheld-signal-jammer-fr","7":"product_tag-18-bands-signal-jammer-fr-2","9":"first","10":"instock","11":"sale","12":"shipping-taxable","13":"purchasable","14":"product-type-simple"},"ct_brands":[],"aioseo_notices":[],"acf":[],"_links":{"self":[{"href":"https:\/\/telejammer.com\/fr\/wp-json\/wp\/v2\/product\/9734","targetHints":{"allow":["GET"]}}],"collection":[{"href":"https:\/\/telejammer.com\/fr\/wp-json\/wp\/v2\/product"}],"about":[{"href":"https:\/\/telejammer.com\/fr\/wp-json\/wp\/v2\/types\/product"}],"replies":[{"embeddable":true,"href":"https:\/\/telejammer.com\/fr\/wp-json\/wp\/v2\/comments?post=9734"}],"wp:featuredmedia":[{"embeddable":true,"href":"https:\/\/telejammer.com\/fr\/wp-json\/wp\/v2\/media\/4365"}],"wp:attachment":[{"href":"https:\/\/telejammer.com\/fr\/wp-json\/wp\/v2\/media?parent=9734"}],"wp:term":[{"taxonomy":"product_cat","embeddable":true,"href":"https:\/\/telejammer.com\/fr\/wp-json\/wp\/v2\/product_cat?post=9734"},{"taxonomy":"product_tag","embeddable":true,"href":"https:\/\/telejammer.com\/fr\/wp-json\/wp\/v2\/product_tag?post=9734"},{"taxonomy":"product_brands","embeddable":true,"href":"https:\/\/telejammer.com\/fr\/wp-json\/wp\/v2\/product_brands?post=9734"}],"curies":[{"name":"wp","href":"https:\/\/api.w.org\/{rel}","templated":true}]}}