{"id":9580,"date":"2025-02-19T17:38:23","date_gmt":"2025-02-19T09:38:23","guid":{"rendered":"https:\/\/telejammer.com\/brouilleur-de-signal-sans-fil-de-telephone-a-8-canaux-avec-brouilleur-dantenne-interne-haute-puissance-80w-pour-2g-3g-4g-5g-wifi\/"},"modified":"2025-03-29T16:10:30","modified_gmt":"2025-03-29T08:10:30","slug":"brouilleur-de-signal-sans-fil-de-telephone-a-8-canaux-avec-brouilleur-dantenne-interne-haute-puissance-80w-pour-2g-3g-4g-5g-wifi","status":"publish","type":"product","link":"https:\/\/telejammer.com\/fr\/brouilleur-de-signal-sans-fil-de-telephone-a-8-canaux-avec-brouilleur-dantenne-interne-haute-puissance-80w-pour-2g-3g-4g-5g-wifi\/","title":{"rendered":"Brouilleur de signal sans fil de t\u00e9l\u00e9phone \u00e0 8 canaux avec brouilleur d\u2019antenne interne haute puissance 80W pour 2G \/ 3G \/ 4G \/ 5G \/ WiFi"},"content":{"rendered":"<h3>Ce <a href=\"https:\/\/telejammer.com\/fr\/\">brouilleur de bloqueur de t\u00e9l\u00e9phone WiFi<\/a> d\u2019\u00e9cole de haute puissance est largement utilis\u00e9 dans les prisons, les \u00e9coles, les dortoirs, les \u00e9quipes militaires, les grandes usines et les parkings, etc. pour prot\u00e9ger le signal wifi du t\u00e9l\u00e9phone dans une port\u00e9e de 5 \u00e0 50 m.<\/h3>\n<h3><a href=\"https:\/\/telejammer.com\/product\/8-channel-phone-wireless-signal-jammer-with-80w-high-power-inner-antenna-jammer-for-2g-3g-4g-5g-wifi\/\">Le brouilleur de signal sans fil de t\u00e9l\u00e9phone \u00e0 8 canaux<\/a> est un puissant bloqueur de signal sans fil qui peut brouiller plusieurs signaux sans fil simultan\u00e9ment. Il peut \u00eatre utilis\u00e9 pour emp\u00eacher le piratage de t\u00e9l\u00e9phone Bluetooth, l\u2019interception de t\u00e9l\u00e9phone et l\u2019\u00e9coute clandestine de t\u00e9l\u00e9phone. <\/h3>\n<p><strong>1. Pr\u00e9sentation du produit<\/strong><\/p>\n<p>Avec ses antennes \u00e0 l\u2019int\u00e9rieur, ce <a href=\"https:\/\/telejammer.com\/fr\/\">bloqueur de t\u00e9l\u00e9phone Wi-Fi<\/a> scolaire haute puissance est parfait pour les r\u00e9unions, les salles de classe et autres environnements int\u00e9rieurs. Il dispose d\u2019un amplificateur RF \u00e0 haute int\u00e9gration de 10 W par canal, d\u2019un total de 80 W pour assurer une couverture de grande surface de 300 \u00e0 400 m\u00e8tres carr\u00e9s. <\/p>\n<p><b>Sp\u00e9cification<\/b><\/p>\n<div class=\"rich-text-table\">\n<table>\n<colgroup>\n<col><\/colgroup>\n<tbody>\n<tr>\n<td>TXtelsig Num\u00e9ro<\/td>\n<p> de module<\/p>\n<td>TX-T80W<\/td>\n<\/tr>\n<tr>\n<td>Taille du<\/td>\n<p> moteur principal<\/p>\n<td>370 * 145 * 346 mm<\/td>\n<\/tr>\n<tr>\n<td>Poids du<\/td>\n<p> moteur principal<\/p>\n<td>5KG<\/td>\n<\/tr>\n<tr>\n<td>Temp\u00e9rature de<\/td>\n<p> fonctionnement<\/p>\n<td>-40 \u00e0 55 \u00baC<\/td>\n<\/tr>\n<tr>\n<td>Humidit\u00e9 relative<\/td>\n<td>&lt;= 80 %<\/td>\n<\/tr>\n<tr>\n<td>Alimentation<\/td>\n<td>24V 12A<\/td>\n<\/tr>\n<tr>\n<td>Puissance d\u2019entr\u00e9e<\/td>\n<td>AC 100-240V DC 24V<\/td>\n<\/tr>\n<tr>\nDonn\u00e9es <\/p>\n<td>d\u2019antenne<\/td>\n<td>gain d\u2019antenne d\u2019orientation int\u00e9gr\u00e9 5-7dBi<\/td>\n<\/tr>\n<tr>\n<td>Contr\u00f4le de<\/td>\n<p> s\u00e9lection<\/p>\n<td>Interrupteur manuel<\/td>\n<\/tr>\n<tr>\n<td>Garantie<\/td>\n<td>1 an<\/td>\n<\/tr>\n<\/tbody>\n<\/table>\n<\/div>\n<p><b>D\u00e9tails de la fr\u00e9quence de brouillage<\/b><\/p>\n<div class=\"rich-text-table\">\n<table>\n<colgroup>\n<col><\/colgroup>\n<tbody>\n<tr>\n<td>Canal<\/td>\n<td>Fr\u00e9quence de<\/td>\n<p> travail<\/p>\n<td>Puissance de sortie (\u00b11dBm)<\/td>\n<\/tr>\n<tr>\n<td>C\u00e2ble GSM900<\/td>\n<td>925 \u00e0 960 MHZ<\/td>\n<td>10 W<\/td>\n<\/tr>\n<tr>\n<td>\n DCS1800<\/td>\n<td>1805 \u00e0 1850 MHZ<\/td>\n<td>10 W<\/td>\n<\/tr>\n<tr>\n<td>4G TDD-LTE<\/td>\n<td>1880 \u00e0 1920 MHZ<\/td>\n<td>10 W<\/td>\n<\/tr>\n<tr>\n<td>3G TD-SCDMA<\/td>\n<td>2010-2170MHZ<\/td>\n<td>10 W<\/td>\n<\/tr>\n<tr>\n<td>3G TDD-LTE<\/td>\n<td>2110-2175MHZ<\/td>\n<td>10 W<\/td>\n<\/tr>\n<tr>\n<td>4G\/WIFI<\/td>\n<td>2300 \u00e0 2400 MHZ<\/td>\n<td>10 W<\/td>\n<\/tr>\n<tr>\n<td>4G TDD-LTE<\/td>\n<td>2555 \u00e0 2655 MHZ<\/td>\n<td>10 W<\/td>\n<\/tr>\n<\/tbody>\n<\/table>\n<\/div>\n<p><img decoding=\"async\" class=\" lazyloaded\" src=\"https:\/\/i.trade-cloud.com.cn\/upload\/6382\/image\/20210405\/111_395292.jpg\" alt=\"\" data-src=\"https:\/\/i.trade-cloud.com.cn\/upload\/6382\/image\/20210405\/111_395292.jpg\"><\/p>\n<p><strong>2. Sp\u00e9cification<\/strong><\/p>\n<div class=\"p-bl\">\n<table class=\"p-blas\" border=\"1\" width=\"100%\">\n<tbody>\n<tr>\n<td>Type de<\/td>\n<p> produit<\/p>\n<td>TX-T80W HighpowerschoolWi-Fiphoneblockerbrouilleur<\/td>\n<\/tr>\n<tr>\n<td>JammingRange<\/td>\n<td>5-50 m\u00e8tres de rayon<\/td>\n<\/tr>\n<tr>\n<td>Canaux<\/td>\n<p> de travail<\/p>\n<td>8canalpersonnalis\u00e9<\/td>\n<\/tr>\n<tr>\nPuissance <\/p>\n<td>de sortie moyenne<\/td>\n<td>10 W<\/td>\n<\/tr>\n<tr>\nPuissance <\/p>\n<td>de sortie totale<\/td>\n<td>80 W<\/td>\n<\/tr>\n<tr>\n<td>Taille du<\/td>\n<p> corps<\/p>\n<td>42 * 38 * 7,5 CM<\/td>\n<\/tr>\n<tr>\n<td>Poids corporel<\/td>\n<td>5,3 kg<\/td>\n<\/tr>\n<tr>\n<td>Antenne<\/td>\n<p> int\u00e9gr\u00e9e<\/p>\n<td>Directionnel95\u00b0horizontal<\/p>\n<p>35\u00b0vertical<\/td>\n<\/tr>\n<tr>\n<td>Temp\u00e9rature de<\/td>\n<p> fonctionnement<\/p>\n<td>-20\u00b0C~75\u00b0C<\/td>\n<\/tr>\n<tr>\n<td>Humidit\u00e9 de<\/td>\n<p> travail<\/p>\n<td>35 ~ 95&nbsp;%<\/td>\n<\/tr>\n<tr>\n<td>Consommation<\/td>\n<p> \u00e9lectrique<\/p>\n<td>\u2264240 W<\/td>\n<\/tr>\n<tr>\nEntr\u00e9e <\/p>\n<td>d\u2019alimentation<\/td>\n<td>AC110V ~ 240V<\/td>\n<\/tr>\n<tr>\n<td>Puissance de sortie<\/td>\n<td>DC 24V\/8A<\/td>\n<\/tr>\n<\/tbody>\n<\/table>\n<\/div>\n<p><strong>3. Caract\u00e9ristique du produit<\/strong><\/p>\n<p>* Forme concise avec antenne directionnelle int\u00e9gr\u00e9e<\/p>\n<p>* Puissance de sortie \u00e9lev\u00e9e chaque canal 10W, total 80W<\/p>\n<p>* Port\u00e9e du bouclier&nbsp;: 5-50 m\u00e8tres (-75dBm, endroit ouvert)<\/p>\n<p>* Conception de structure sp\u00e9ciale de trou de ventilation sur deux c\u00f4t\u00e9s, coquille de laver, ventilateurs int\u00e9rieurs et dissipateur thermique \u00e9pais \u00e0 l\u2019int\u00e9rieur<\/p>\n<p>* Composants \u00e9lectroniques d\u2019origine et circuit int\u00e9gr\u00e9 pour maintenir de bonnes performances et une longue dur\u00e9e de vie<\/p>\n<p>* Installation facile pour un support mural ou un bureau pour un bloqueur de t\u00e9l\u00e9phone Wi-Fi d\u2019\u00e9cole haute puissance brouilleur<\/p>\n<p><strong>4. Multi application<\/strong><\/p>\n<p>Pour ce brouilleur de bloqueur de t\u00e9l\u00e9phone Wi-Fi d\u2019\u00e9cole de haute puissance, tel que les examens, l\u2019\u00e9cole, la salle de conf\u00e9rence, le parking, le bureau, la maison, le th\u00e9\u00e2tre, la biblioth\u00e8que, la salle de formation, etc<br \/>\n.<\/p>\n","protected":false},"excerpt":{"rendered":"<h3>Ce <a href=\"https:\/\/telejammer.com\/fr\/\">brouilleur de bloqueur<\/a> de t\u00e9l\u00e9phone WiFi d\u2019\u00e9cole de haute puissance est largement utilis\u00e9 dans les prisons, les \u00e9coles, les dortoirs, les \u00e9quipes militaires, les grandes usines et les parkings, etc. pour prot\u00e9ger le signal wifi du t\u00e9l\u00e9phone dans une port\u00e9e de 5 \u00e0 50 m.<\/h3>\n<p><a href=\"https:\/\/telejammer.com\/fr\/\">Brouilleur de signal sans fil<\/a> de t\u00e9l\u00e9phone \u00e0 8 canaux, facile \u00e0 installer et \u00e0 utiliser, antenne rotative \u00e0 360 degr\u00e9s, haute puissance, facile \u00e0 utiliser, faible consommation, performances stables, haute s\u00e9curit\u00e9. C\u2019est un produit unique qui est largement utilis\u00e9 dans l\u2019\u00e9cole, le bureau, le supermarch\u00e9, le parc, la famille et d\u2019autres endroits pour le brouillage de signal <\/p>\n","protected":false},"featured_media":5580,"comment_status":"open","ping_status":"closed","template":"","meta":{"_acf_changed":false,"_gspb_post_css":""},"product_cat":[154],"product_tag":[692],"product_brands":[],"class_list":{"0":"post-9580","1":"product","2":"type-product","3":"status-publish","4":"has-post-thumbnail","6":"product_cat-desktop-signal-jammer-fr","7":"product_tag-brouilleur-de-bureau","9":"first","10":"instock","11":"sale","12":"shipping-taxable","13":"purchasable","14":"product-type-simple"},"ct_brands":[],"aioseo_notices":[],"acf":[],"_links":{"self":[{"href":"https:\/\/telejammer.com\/fr\/wp-json\/wp\/v2\/product\/9580","targetHints":{"allow":["GET"]}}],"collection":[{"href":"https:\/\/telejammer.com\/fr\/wp-json\/wp\/v2\/product"}],"about":[{"href":"https:\/\/telejammer.com\/fr\/wp-json\/wp\/v2\/types\/product"}],"replies":[{"embeddable":true,"href":"https:\/\/telejammer.com\/fr\/wp-json\/wp\/v2\/comments?post=9580"}],"wp:featuredmedia":[{"embeddable":true,"href":"https:\/\/telejammer.com\/fr\/wp-json\/wp\/v2\/media\/5580"}],"wp:attachment":[{"href":"https:\/\/telejammer.com\/fr\/wp-json\/wp\/v2\/media?parent=9580"}],"wp:term":[{"taxonomy":"product_cat","embeddable":true,"href":"https:\/\/telejammer.com\/fr\/wp-json\/wp\/v2\/product_cat?post=9580"},{"taxonomy":"product_tag","embeddable":true,"href":"https:\/\/telejammer.com\/fr\/wp-json\/wp\/v2\/product_tag?post=9580"},{"taxonomy":"product_brands","embeddable":true,"href":"https:\/\/telejammer.com\/fr\/wp-json\/wp\/v2\/product_brands?post=9580"}],"curies":[{"name":"wp","href":"https:\/\/api.w.org\/{rel}","templated":true}]}}