{"id":9482,"date":"2025-03-01T09:18:28","date_gmt":"2025-03-01T01:18:28","guid":{"rendered":"https:\/\/telejammer.com\/18-antennes-brouilleur-de-signal-portable-jt18\/"},"modified":"2025-03-29T16:08:41","modified_gmt":"2025-03-29T08:08:41","slug":"18-antennes-brouilleur-de-signal-portable-jt18","status":"publish","type":"product","link":"https:\/\/telejammer.com\/fr\/18-antennes-brouilleur-de-signal-portable-jt18\/","title":{"rendered":"18 Antennes Brouilleur de signal portable JT18"},"content":{"rendered":"<h1>18 antennes <a href=\"https:\/\/telejammer.com\/portable-signal-jammer-jt18\/\">brouilleur de signal portable<\/a> bloquant t\u00e9l\u00e9phone portable 2G, 3G, 4G, 5G, GPS, WIFI, VHF UHF. Signaux Lojack.RF.<\/h1>\n<p>\u2605Avec des antennes omnidirectionnelles \u00e0 gain plus long de 2,0 dbi,<br \/>\n\u2605Avec interrupteur DIP, interrupteur s\u00e9par\u00e9 pour chaque bande, accompagn\u00e9 d\u2019une lumi\u00e8re LED de travail<br \/>\n\u2605Pourrait \u00eatre utilis\u00e9 directement dans la voiture, avec un chargeur de voiture et un chargeur AC<br \/>\n\u2605Les ventilateurs de refroidissement int\u00e9rieurs et la conception du dissipateur thermique plus grand garantissent que l\u2019appareil fonctionne en continu<br \/>\n\u2605 appuyez sur l\u2019\u00e9cran d\u2019affichage de l\u2019alimentation pour v\u00e9rifier facilement le pourcentage de puissance, le courant, la tension, les donn\u00e9es de courant de travail<br \/>\n\u2605 Soutenir le travail lorsqu\u2019il est en charge<\/p>\n<p>1. Lojack \/ VHF : 135-174 MHz<br \/>\n2. GPS L2-L5 : 1170-1230 MHz<br \/>\n3. DCS\/PCS : 1805-1990 MHz<br \/>\n4. RF 433 : 433 MHz<br \/>\n5. GPS L1 : 1570-1580MHZ<br \/>\n6. WIFI 2.4G : 2400-2500 MHz<br \/>\n7. 3G : 2110-2170 MHz<br \/>\n8. CDMA&nbsp;: 850 ~ 960 MHz<br \/>\n9. 4G LTE&nbsp;: 738-826MHz<br \/>\n10. RF 868 : 868 MHz<br \/>\n11. RF 315 : 315 MHz<br \/>\n12. WIMAX 4G : 2620-2690 MHz<br \/>\n13. WIFI 5.2G : 5100-5680 MHz<br \/>\n14. WIFI 5.8G : 5680-5900MHz<br \/>\n15. 5G LTE1 : 3400-3600 MHz<br \/>\n16. GPS L3-L4 : 1370-1390 MHz<br \/>\n17 : 5G LTE2 : 3600-3800 MHz<br \/>\n18 : UHF : 400-470 MHz<\/p>\n<p>Puissance de sortie&nbsp;: 16W Alimentation&nbsp;: AC100-240V \u00c0 DC12V IN<\/p>\n<p>Taille 195 x 128 x 58 mm (sans antenne incluse) Ensemble complet Poids&nbsp;: 2,25 kg<br \/>\nLongueur de l\u2019antenne&nbsp;: 166 mm Gain&nbsp;: 2,0 dbi<\/p>\n<p>Rayon de blindage&nbsp;: 5-25 m\u00e8tres (d\u00e9pend de la force du signal dans la zone donn\u00e9e)<\/p>\n<p>Temps de travail&nbsp;: Batterie int\u00e9gr\u00e9e&nbsp;: 7.4V \/ 12500mAh Continuer \u00e0 travailler&nbsp;: plus de 2 heures<\/p>\n<p>Syst\u00e8me de refroidissement&nbsp;: radiateur en alliage d\u2019aluminium \u00e0 haut rendement, 3x ventilateurs de refroidissement int\u00e9gr\u00e9s<\/p>\n<table style=\"border-collapse: collapse; width: 558.02pt;\" border=\"0\" width=\"744\" cellspacing=\"0\" cellpadding=\"0\">\n<tbody>\n<tr style=\"height: 13.50pt;\">\n<td class=\"et3\" style=\"height: 13.50pt; width: 558.00pt;\" colspan=\"3\" width=\"744\" height=\"18\">Remarques:<\/td>\n<\/tr>\n<tr style=\"height: 24.75pt;\">\n<td class=\"et5\" style=\"height: 24.75pt; width: 558.00pt;\" colspan=\"3\" width=\"744\" height=\"33\">1) Le prix est bas\u00e9 sur le prix d\u2019usine sans taxe ni frais d\u2019exp\u00e9dition, le prix final sera d\u00e9cid\u00e9 en fonction de la quantit\u00e9 command\u00e9e et de vos besoins sp\u00e9ciaux.<\/td>\n<\/tr>\n<tr style=\"height: 24.75pt;\">\n<td class=\"et5\" style=\"height: 24.75pt; width: 558.00pt;\" colspan=\"3\" width=\"744\" height=\"33\">2) Nous personnaliserons la fr\u00e9quence en fonction du pays lorsque vous passez la commande.<\/td>\n<\/tr>\n<tr style=\"height: 24.75pt;\">\n<td class=\"et5\" style=\"height: 24.75pt; width: 558.00pt;\" colspan=\"3\" width=\"744\" height=\"33\">3) Validit\u00e9&nbsp;: 50 jours apr\u00e8s le devis, avant de passer la commande, veuillez confirmer \u00e0 nouveau en cas de changements sur le march\u00e9<\/td>\n<\/tr>\n<\/tbody>\n<\/table>\n","protected":false},"excerpt":{"rendered":"<p>Nouveau <a href=\"https:\/\/telejammer.com\/portable-signal-jammer-jt18\/\">brouilleur de signal portable \u00e0 18 antennes<\/a> bloquant le t\u00e9l\u00e9phone portable 2G, 3G, 4G, 5G, GPS, WIFI, VHF UHF. Signaux Lojack.RF.<\/p>\n","protected":false},"featured_media":6813,"comment_status":"open","ping_status":"closed","template":"","meta":{"_acf_changed":false,"_gspb_post_css":""},"product_cat":[179],"product_tag":[377,356],"product_brands":[],"class_list":{"0":"post-9482","1":"product","2":"type-product","3":"status-publish","4":"has-post-thumbnail","6":"product_cat-handheld-signal-jammer-fr","7":"product_tag-18-antennas-fr","8":"product_tag-18-bands-fr","10":"first","11":"instock","12":"sale","13":"shipping-taxable","14":"purchasable","15":"product-type-simple"},"ct_brands":[],"aioseo_notices":[],"acf":[],"_links":{"self":[{"href":"https:\/\/telejammer.com\/fr\/wp-json\/wp\/v2\/product\/9482","targetHints":{"allow":["GET"]}}],"collection":[{"href":"https:\/\/telejammer.com\/fr\/wp-json\/wp\/v2\/product"}],"about":[{"href":"https:\/\/telejammer.com\/fr\/wp-json\/wp\/v2\/types\/product"}],"replies":[{"embeddable":true,"href":"https:\/\/telejammer.com\/fr\/wp-json\/wp\/v2\/comments?post=9482"}],"wp:featuredmedia":[{"embeddable":true,"href":"https:\/\/telejammer.com\/fr\/wp-json\/wp\/v2\/media\/6813"}],"wp:attachment":[{"href":"https:\/\/telejammer.com\/fr\/wp-json\/wp\/v2\/media?parent=9482"}],"wp:term":[{"taxonomy":"product_cat","embeddable":true,"href":"https:\/\/telejammer.com\/fr\/wp-json\/wp\/v2\/product_cat?post=9482"},{"taxonomy":"product_tag","embeddable":true,"href":"https:\/\/telejammer.com\/fr\/wp-json\/wp\/v2\/product_tag?post=9482"},{"taxonomy":"product_brands","embeddable":true,"href":"https:\/\/telejammer.com\/fr\/wp-json\/wp\/v2\/product_brands?post=9482"}],"curies":[{"name":"wp","href":"https:\/\/api.w.org\/{rel}","templated":true}]}}