{"id":9307,"date":"2023-10-11T15:20:45","date_gmt":"2023-10-11T07:20:45","guid":{"rendered":"https:\/\/telejammer.com\/brouilleur-de-signaux-portable-18-bandes-avec-coque-abs-pour-2g-3g-4g-5g-wi-fi-gps-uhf-vhf-18w\/"},"modified":"2025-03-29T15:38:00","modified_gmt":"2025-03-29T07:38:00","slug":"brouilleur-de-signaux-portable-18-bandes-avec-coque-abs-pour-2g-3g-4g-5g-wi-fi-gps-uhf-vhf-18w","status":"publish","type":"product","link":"https:\/\/telejammer.com\/fr\/brouilleur-de-signaux-portable-18-bandes-avec-coque-abs-pour-2g-3g-4g-5g-wi-fi-gps-uhf-vhf-18w\/","title":{"rendered":"Brouilleur de signaux portable 18 bandes avec coque ABS pour 2G 3G 4G 5G Wi-Fi GPS UHF VHF 18W"},"content":{"rendered":"&#13;\n<h1>Portable 18 Bands Signal Jammer<\/h1>&#13;\n<p>Le dernier brouilleur de signaux de t\u00e9l\u00e9phone portable 18 bandes 5G avec une coque en ABS, bloquant 2G 3G 4G 5G Wi-Fi GPS UHF VHF,18Watt Jamming up to 25m<br\/><strong>Mod\u00e8le : <\/strong>TJ-2206P18<br\/><strong>Couleur : <\/strong>Noir<\/p>&#13;\n<p><strong>Sp\u00e9cifications de base<\/strong><br\/><strong>Jam Signal Type\uff1a<\/strong><br\/>CKJ-2206P18-EU : T\u00e9l\u00e9phone mobile toutes bandes 5G\/4G\/3G\/2G +WiFi2.4G\/5G+ GPSL1-L5 UHF\/VHF\/LOJACK+RC433 315<br\/>CKJ-2206P18-US : T\u00e9l\u00e9phone mobile toutes bandes 5G\/4G\/3G\/2G +WiFi2.<em>4G\/5G+<\/em> GPSL1-L5+VHF\/LOJACK+RC433 315<br\/><strong>Puissance de sortie\uff1aTotal<\/strong>18W\uff0c1W chaque bande avec des antennes omni \u00e0 gains 2dbi<br\/><strong>Rayon de brouillage\uff1a2-25 m\u00e8tres<\/strong>D\u00e9pend toujours de la force du signal dans la zone donn\u00e9e<br\/><strong>Alimentation\uff1aAC110-240V<\/strong>\u00e0 DC12V<br\/><strong>Syst\u00e8me de refroidissement\uff1aRadiateur<\/strong>en alliage d&rsquo;aluminium <strong>\u00e0 haute<\/strong>efficacit\u00e9, ventilateur de refroidissement 3x int\u00e9gr\u00e9<br\/><strong>Dur\u00e9e de fonctionnement\uff1aBatterie int\u00e9gr\u00e9e<\/strong>: 7.4V\/12000mAh Fonctionnement continu : Environ 2 heures<br\/><strong>Taille du produit\uff1a210x130x46mm<\/strong>(sans antenne)<br\/><strong>Poids du produit<\/strong>: environ 2,0 kg<br\/><strong>Contenu de l&#8217;emballage\uff1aJammer<\/strong>Host x 1, AC Charger x1, omni antenna x16, Car Charger x1,<\/p>&#13;\n<p><strong>Description du produit :<\/strong><br\/>La derni\u00e8re coque ABS portable 18 bandes avec 16 antennes tout-en-un design brouilleur de signal sans fil, brouiller tous les types de t\u00e9l\u00e9phones Android, tablettes, t\u00e9l\u00e9phones intelligents, iPhones, t\u00e9l\u00e9phones Win etc. qui utilisent 2G, 3G, 4G 5G, et CDMA 450Mhz, bloquer LOJACK GPS, Wi-Fi 5G, Walkie-Talkie UHF\/VHF et les signaux RF comme 315, 433, 868, etc. Les appareils pas trop grands et dot\u00e9s d&rsquo;un \u00e9cran LCD seront populaires en 2021 et dans les ann\u00e9es \u00e0 venir. <\/p>&#13;\n<p><strong>Avantages :<\/strong><br\/>Le premier brouilleur portable 18 bandes au monde avec 16 antennes en ABS (les canaux 12\/13,15\/16 sont utilis\u00e9s en double bande, \u00e9liminant les interf\u00e9rences mutuelles des canaux trop nombreux et trop proches), bloquant tous les signaux RF des t\u00e9l\u00e9phones cellulaires 5G 4G 3G 2G LOJACK GPS Wi-Fi.<br\/>Puissance de sortie \u00e9lev\u00e9e de 18 watts, port\u00e9e de brouillage de 2 \u00e0 25 m\u00e8tres (\u00e0 75 dBm, en fonction de la force du signal dans une zone donn\u00e9e)<br\/>Bon syst\u00e8me de refroidissement avec 3 ventilateurs \u00e0 l&rsquo;int\u00e9rieur et un plus grand puits de chaleur, housse en nylon pour l&rsquo;ordinateur de poche<br\/>Gr\u00e2ce au commutateur DIP, vous pouvez activer\/d\u00e9sactiver n&rsquo;importe quelle bande de signal sans affecter les autres bandes.<br\/>Chargeur de voiture, alimentation 12V DC\/AC \u00e9galement disponible.<br\/>La batterie int\u00e9gr\u00e9e, plus grande, peut fonctionner pendant 120 minutes, en cas de recharge r\u00e9p\u00e9t\u00e9e.<br\/>Affichage LCD de la capacit\u00e9 de la batterie (pourcentage de capacit\u00e9, tension\/courant de fonctionnement)<\/p>&#13;\n<p><strong>Application\uff1a<\/strong><br\/>o Il peut \u00eatre utilis\u00e9 dans les salles de r\u00e9union, les salles de conf\u00e9rence, les mus\u00e9es, les galeries, les th\u00e9\u00e2tres, les salles de concert, les \u00e9glises, les temples, les restaurants, les salles de classe, les centres de formation, les usines, les banques, les trains, les bus, etc. Les lieux qui exigent le silence, la confidentialit\u00e9 et la s\u00e9curit\u00e9 des informations<br\/>o Pour certains lieux \u00e0 usage sp\u00e9cial tels que les h\u00f4pitaux, les stations-service, etc., veuillez d&rsquo;abord proc\u00e9der \u00e0 des essais sur le terrain pour vous assurer qu&rsquo;aucune interf\u00e9rence n&rsquo;est survenue dans le fonctionnement normal de leur \u00e9quipement et de leurs instruments.<\/p>&#13;\n<table border=\"1\" width=\"99%\" cellspacing=\"0\" cellpadding=\"0\">&#13;\n<tbody>&#13;\n<tr>&#13;\n<td colspan=\"4\"><strong>Key technical specifications: CKJ-2206P18-EU 5G Cellphone Jammer<\/strong><\/td>&#13;\n<\/tr>&#13;\n<tr>&#13;\n<td><strong>Channel<\/strong><\/td>&#13;\n<td><strong>Output port<\/strong><\/td>&#13;\n<td><strong>Frequency range<\/strong><\/td>&#13;\n<td><strong>Average out-putting power<\/strong><\/td>&#13;\n<\/tr>&#13;\n<tr>&#13;\n<td>CH 1<\/td>&#13;\n<td>UHF&amp;CDMA450<\/td>&#13;\n<td>400-470MHz<\/td>&#13;\n<td>30\u00b11dBm\/ 1\u00b10.2W<\/td>&#13;\n<\/tr>&#13;\n<tr>&#13;\n<td>CH 2<\/td>&#13;\n<td>4G800<\/td>&#13;\n<td>758-826MHz<\/td>&#13;\n<td>30\u00b11dBm\/ 1\u00b10.2W<\/td>&#13;\n<\/tr>&#13;\n<tr>&#13;\n<td>CH 3<\/td>&#13;\n<td>5G3500<\/td>&#13;\n<td>3400-3600MHz<\/td>&#13;\n<td>30\u00b11dBm\/ 1\u00b10.2W<\/td>&#13;\n<\/tr>&#13;\n<tr>&#13;\n<td>CH 4<\/td>&#13;\n<td>4G2300<\/td>&#13;\n<td>2300-2400MHZ<\/td>&#13;\n<td>30\u00b11dBm\/ 1\u00b10.2W<\/td>&#13;\n<\/tr>&#13;\n<tr>&#13;\n<td>CH 5<\/td>&#13;\n<td>WIFI5.2G<\/td>&#13;\n<td>5100-5500MHz<\/td>&#13;\n<td>30\u00b11dBm\/ 1\u00b10.2W<\/td>&#13;\n<\/tr>&#13;\n<tr>&#13;\n<td>CH 6<\/td>&#13;\n<td>GPSL2L5<\/td>&#13;\n<td>1170-1280MHz<\/td>&#13;\n<td>30\u00b11dBm\/ 1\u00b10.2W<\/td>&#13;\n<\/tr>&#13;\n<tr>&#13;\n<td>CH 7<\/td>&#13;\n<td>5G1400<\/td>&#13;\n<td>1427-1518MHz<\/td>&#13;\n<td>30\u00b11dBm\/ 1\u00b10.2W<\/td>&#13;\n<\/tr>&#13;\n<tr>&#13;\n<td>CH 8<\/td>&#13;\n<td>4G2600<\/td>&#13;\n<td>2570-2690MHZ<\/td>&#13;\n<td>30\u00b11dBm\/ 1\u00b10.2W<\/td>&#13;\n<\/tr>&#13;\n<tr>&#13;\n<td>CH 9<\/td>&#13;\n<td>VHF\/LOJACK<\/td>&#13;\n<td>135-175MHz<\/td>&#13;\n<td>30\u00b11dBm\/ 1\u00b10.2W<\/td>&#13;\n<\/tr>&#13;\n<tr>&#13;\n<td>CH 10<\/td>&#13;\n<td>GPSL1<\/td>&#13;\n<td>1570-1610MHz<\/td>&#13;\n<td>30\u00b11dBm\/ 1\u00b10.2W<\/td>&#13;\n<\/tr>&#13;\n<tr>&#13;\n<td>CH 11<\/td>&#13;\n<td>RC315<\/td>&#13;\n<td>315MHz<\/td>&#13;\n<td>30\u00b11dBm\/ 1\u00b10.2W<\/td>&#13;\n<\/tr>&#13;\n<tr>&#13;\n<td rowspan=\"2\">CH12 \/<br\/>CH13<\/td>&#13;\n<td>DCS1800<\/td>&#13;\n<td>1805-1880MHz<\/td>&#13;\n<td>30\u00b11dBm\/ 1\u00b10.2W<\/td>&#13;\n<\/tr>&#13;\n<tr>&#13;\n<td>GSM900<\/td>&#13;\n<td>925-960MHz<\/td>&#13;\n<td>30\u00b11dBm\/ 1\u00b10.2W<\/td>&#13;\n<\/tr>&#13;\n<tr>&#13;\n<td>CH 14<\/td>&#13;\n<td>RC433<\/td>&#13;\n<td>433MHz<\/td>&#13;\n<td>30\u00b11dBm\/ 1\u00b10.2W<\/td>&#13;\n<\/tr>&#13;\n<tr>&#13;\n<td rowspan=\"2\">CH 15\/<br\/>CH 16<\/td>&#13;\n<td>WIFI2.4G<\/td>&#13;\n<td>2400-2500MHz<\/td>&#13;\n<td>30\u00b11dBm\/ 1\u00b10.2W<\/td>&#13;\n<\/tr>&#13;\n<tr>&#13;\n<td>WIFI5.8G<\/td>&#13;\n<td>5500-5900MHz<\/td>&#13;\n<td>30\u00b11dBm\/ 1\u00b10.2W<\/td>&#13;\n<\/tr>&#13;\n<tr>&#13;\n<td>CH 17<\/td>&#13;\n<td>5G3700<\/td>&#13;\n<td>3600-3900MHz<\/td>&#13;\n<td>30\u00b11dBm\/ 1\u00b10.2W<\/td>&#13;\n<\/tr>&#13;\n<tr>&#13;\n<td>CH 18<\/td>&#13;\n<td>3G2100<\/td>&#13;\n<td>2110-2170MHz<\/td>&#13;\n<td>30\u00b11dBm\/ 1\u00b10.2W<\/td>&#13;\n<\/tr>&#13;\n<tr>&#13;\n<td colspan=\"4\">Power supply: adapter 50 to 60Hz AC (110-240V AC\/12V DC)\u00a0 Car Charger: DC12V IN<br\/>Built-in battery:7.4V\/12000mAh\u00a0\u00a0 Continue working: Around 2.0 hours<\/td>&#13;\n<\/tr>&#13;\n<tr>&#13;\n<td colspan=\"4\">Dimensions: (length ,width, height) 210x130x46mm (without antenna)<br\/>Length of antenna :195mm\u00a0\u00a0 Gain:2.0dbi<\/td>&#13;\n<\/tr>&#13;\n<tr>&#13;\n<td colspan=\"4\">Packing size:\u00a0330*250*80mm \u00a0\u00a0\u00a0\u00a0\u00a0\u00a0\u00a0Net weight: 1.5kg\u00a0\u00a0\u00a0\u00a0\u00a0\u00a0 \u00a0Gross weight: 2.0kg<\/td>&#13;\n<\/tr>&#13;\n<tr>&#13;\n<td colspan=\"4\">Total power: 18W<br\/>Shielding radius: (2-25) meters at -75dBm Still depends on the strength signal in given area<br\/>Built-in battery:7.4V\/12000mAh Continue working: around 2.0 hours<\/td>&#13;\n<\/tr>&#13;\n<tr>&#13;\n<td colspan=\"4\">Warranty: one year from delivery date<\/td>&#13;\n<\/tr>&#13;\n<\/tbody>&#13;\n<\/table>&#13;\n<table border=\"1\" width=\"99%\" cellspacing=\"0\" cellpadding=\"0\">&#13;\n<tbody>&#13;\n<tr>&#13;\n<td colspan=\"4\"><strong>Key technical specifications: P18-US\u00a05G Cellphone Jammer<\/strong><\/td>&#13;\n<\/tr>&#13;\n<tr>&#13;\n<td><strong>Channel<\/strong><\/td>&#13;\n<td><strong>Output port<\/strong><\/td>&#13;\n<td><strong>Frequency range<\/strong><\/td>&#13;\n<td><strong>Average out-putting power<\/strong><\/td>&#13;\n<\/tr>&#13;\n<tr>&#13;\n<td>CH 1<\/td>&#13;\n<td>UHF\/ 5G600<\/td>&#13;\n<td>400-470 or 617-685MHz<\/td>&#13;\n<td>30\u00b11dBm\/ 1\u00b10.2W<\/td>&#13;\n<\/tr>&#13;\n<tr>&#13;\n<td>CH 2<\/td>&#13;\n<td>4G700<\/td>&#13;\n<td>700-803MHz<\/td>&#13;\n<td>30\u00b11dBm\/ 1\u00b10.2W<\/td>&#13;\n<\/tr>&#13;\n<tr>&#13;\n<td>CH 3<\/td>&#13;\n<td>5G3500<\/td>&#13;\n<td>3400-3600MHz<\/td>&#13;\n<td>30\u00b11dBm\/ 1\u00b10.2W<\/td>&#13;\n<\/tr>&#13;\n<tr>&#13;\n<td>CH 4<\/td>&#13;\n<td>4G2300<\/td>&#13;\n<td>2300-2400MHZ<\/td>&#13;\n<td>30\u00b11dBm\/ 1\u00b10.2W<\/td>&#13;\n<\/tr>&#13;\n<tr>&#13;\n<td>CH 5<\/td>&#13;\n<td>WIFI5.2G<\/td>&#13;\n<td>5100-5500MHz<\/td>&#13;\n<td>30\u00b11dBm\/ 1\u00b10.2W<\/td>&#13;\n<\/tr>&#13;\n<tr>&#13;\n<td>CH 6<\/td>&#13;\n<td>GPSL2L5<\/td>&#13;\n<td>1170-1280MHz<\/td>&#13;\n<td>30\u00b11dBm\/ 1\u00b10.2W<\/td>&#13;\n<\/tr>&#13;\n<tr>&#13;\n<td>CH 7<\/td>&#13;\n<td>4G1700\/GPSL3L4\/ LORA<\/td>&#13;\n<td>1710-1780 or 1370-1390 or 900-930MHz<\/td>&#13;\n<td>30\u00b11dBm\/ 1\u00b10.2W<\/td>&#13;\n<\/tr>&#13;\n<tr>&#13;\n<td>CH 8<\/td>&#13;\n<td>4G2600<\/td>&#13;\n<td>2496-2690MHZ<\/td>&#13;\n<td>30\u00b11dBm\/ 1\u00b10.2W<\/td>&#13;\n<\/tr>&#13;\n<tr>&#13;\n<td>CH 9<\/td>&#13;\n<td>VHF\/LOJACK<\/td>&#13;\n<td>135-175MHz<\/td>&#13;\n<td>30\u00b11dBm\/ 1\u00b10.2W<\/td>&#13;\n<\/tr>&#13;\n<tr>&#13;\n<td>CH 10<\/td>&#13;\n<td>GPSL1<\/td>&#13;\n<td>1570-1610MHz<\/td>&#13;\n<td>30\u00b11dBm\/ 1\u00b10.2W<\/td>&#13;\n<\/tr>&#13;\n<tr>&#13;\n<td>CH 11<\/td>&#13;\n<td>RC315<\/td>&#13;\n<td>315MHz<\/td>&#13;\n<td>30\u00b11dBm\/ 1\u00b10.2W<\/td>&#13;\n<\/tr>&#13;\n<tr>&#13;\n<td rowspan=\"2\">CH12 \/<br\/>CH 13<\/td>&#13;\n<td>PCS1900<\/td>&#13;\n<td>1920-2000MHz<\/td>&#13;\n<td>30\u00b11dBm\/ 1\u00b10.2W<\/td>&#13;\n<\/tr>&#13;\n<tr>&#13;\n<td>CDMA850<\/td>&#13;\n<td>850-894MHz<\/td>&#13;\n<td>30\u00b11dBm\/ 1\u00b10.2W<\/td>&#13;\n<\/tr>&#13;\n<tr>&#13;\n<td>CH 14<\/td>&#13;\n<td>RC433<\/td>&#13;\n<td>433MHz<\/td>&#13;\n<td>30\u00b11dBm\/ 1\u00b10.2W<\/td>&#13;\n<\/tr>&#13;\n<tr>&#13;\n<td rowspan=\"2\">CH 15\/<br\/>CH 16<\/td>&#13;\n<td>WIFI2.4G<\/td>&#13;\n<td>2400-2500MHz<\/td>&#13;\n<td>30\u00b11dBm\/ 1\u00b10.2W<\/td>&#13;\n<\/tr>&#13;\n<tr>&#13;\n<td>WIFI5.8G<\/td>&#13;\n<td>5500-5900MHz<\/td>&#13;\n<td>30\u00b11dBm\/ 1\u00b10.2W<\/td>&#13;\n<\/tr>&#13;\n<tr>&#13;\n<td>CH 17<\/td>&#13;\n<td>5G3700<\/td>&#13;\n<td>3600-3900MHz<\/td>&#13;\n<td>30\u00b11dBm\/ 1\u00b10.2W<\/td>&#13;\n<\/tr>&#13;\n<tr>&#13;\n<td>CH 18<\/td>&#13;\n<td>3G2100<\/td>&#13;\n<td>2110-2180MHz<\/td>&#13;\n<td>30\u00b11dBm\/ 1\u00b10.2W<\/td>&#13;\n<\/tr>&#13;\n<tr>&#13;\n<td colspan=\"4\">Power supply: adapter 50 to 60Hz AC (110-240V AC\/12V DC)\u00a0 Car Charger: DC12V IN<br\/>Built-in battery:7.4V\/12000mAh\u00a0\u00a0 Continue working: Around 2.0 hours<\/td>&#13;\n<\/tr>&#13;\n<tr>&#13;\n<td colspan=\"4\">Dimensions: (length ,width, height) 210x130x46mm (without antenna)<br\/>Length of antenna :195mm\u00a0\u00a0 Gain:2.0dbi<\/td>&#13;\n<\/tr>&#13;\n<tr>&#13;\n<td colspan=\"4\">Packing size:\u00a0330*250*80mm \u00a0\u00a0\u00a0\u00a0\u00a0\u00a0\u00a0Net weight: 1.5kg\u00a0\u00a0\u00a0\u00a0\u00a0\u00a0 \u00a0Gross weight: 2.0kg<\/td>&#13;\n<\/tr>&#13;\n<tr>&#13;\n<td colspan=\"4\">Total power: 18W<br\/>Shielding radius: (2-25) meters at -75dBm Still depends on the strength signal in given area<br\/>Built-in battery:7.4V\/12000mAh Continue working: around 2.0 hours<\/td>&#13;\n<\/tr>&#13;\n<tr>&#13;\n<td colspan=\"4\">Warranty: one year from delivery date<\/td>&#13;\n<\/tr>&#13;\n<\/tbody>&#13;\n<\/table>&#13;\n","protected":false},"excerpt":{"rendered":"<p>Le premier brouilleur portable 18 bandes au monde avec 16 antennes en ABS (les canaux 12\/13,15\/16 sont utilis\u00e9s en double bande, \u00e9liminant les interf\u00e9rences mutuelles des canaux trop nombreux et trop proches), bloquant tous les signaux RF des t\u00e9l\u00e9phones portables 5G 4G 3G 2G LOJACK GPS Wi-Fi<br \/>Puissance de sortie \u00e9lev\u00e9e de 18 watts, port\u00e9e de brouillage de 2 \u00e0 25 m\u00e8tres.<\/p>\n","protected":false},"featured_media":4230,"comment_status":"open","ping_status":"closed","template":"","meta":{"_acf_changed":false,"_gspb_post_css":""},"product_cat":[179,146],"product_tag":[495],"product_brands":[],"class_list":{"0":"post-9307","1":"product","2":"type-product","3":"status-publish","4":"has-post-thumbnail","6":"product_cat-handheld-signal-jammer-fr","7":"product_cat-anti-voice-jammer-fr","8":"product_tag-brouilleur-de-signaux-portable-18-bandes","10":"first","11":"instock","12":"sale","13":"shipping-taxable","14":"purchasable","15":"product-type-simple"},"ct_brands":[],"aioseo_notices":[],"acf":[],"_links":{"self":[{"href":"https:\/\/telejammer.com\/fr\/wp-json\/wp\/v2\/product\/9307","targetHints":{"allow":["GET"]}}],"collection":[{"href":"https:\/\/telejammer.com\/fr\/wp-json\/wp\/v2\/product"}],"about":[{"href":"https:\/\/telejammer.com\/fr\/wp-json\/wp\/v2\/types\/product"}],"replies":[{"embeddable":true,"href":"https:\/\/telejammer.com\/fr\/wp-json\/wp\/v2\/comments?post=9307"}],"wp:featuredmedia":[{"embeddable":true,"href":"https:\/\/telejammer.com\/fr\/wp-json\/wp\/v2\/media\/4230"}],"wp:attachment":[{"href":"https:\/\/telejammer.com\/fr\/wp-json\/wp\/v2\/media?parent=9307"}],"wp:term":[{"taxonomy":"product_cat","embeddable":true,"href":"https:\/\/telejammer.com\/fr\/wp-json\/wp\/v2\/product_cat?post=9307"},{"taxonomy":"product_tag","embeddable":true,"href":"https:\/\/telejammer.com\/fr\/wp-json\/wp\/v2\/product_tag?post=9307"},{"taxonomy":"product_brands","embeddable":true,"href":"https:\/\/telejammer.com\/fr\/wp-json\/wp\/v2\/product_brands?post=9307"}],"curies":[{"name":"wp","href":"https:\/\/api.w.org\/{rel}","templated":true}]}}