{"id":9304,"date":"2023-10-12T09:58:42","date_gmt":"2023-10-12T01:58:42","guid":{"rendered":"https:\/\/telejammer.com\/brouilleur-portable-10-antennes-pour-telephone-portable-lojack-gps-wi-fi-blocker\/"},"modified":"2025-03-29T15:37:48","modified_gmt":"2025-03-29T07:37:48","slug":"brouilleur-portable-10-antennes-pour-telephone-portable-lojack-gps-wi-fi-blocker","status":"publish","type":"product","link":"https:\/\/telejammer.com\/fr\/brouilleur-portable-10-antennes-pour-telephone-portable-lojack-gps-wi-fi-blocker\/","title":{"rendered":"Brouilleur portable 10 antennes pour t\u00e9l\u00e9phone portable LOJACK GPS Wi-Fi Blocker"},"content":{"rendered":"&#13;\n<h1>Portable 10 antennas jammer<\/h1>&#13;\n<p>Le dernier brouilleur de signaux sans fil portable tout-en-un, 10 bandes brouillant tous les types de t\u00e9l\u00e9phones Android, tablettes, Smart Phones, iPhones, Win phones etc. qui utilisent 2G, 3G, 4G, et CDMA 450Mhz, Bloquer LOJACK GPS, Wi-Fi, Walkie-Talkie UHF\/VHF et signaux RF comme 315, 433, 868 est populaire en 2017 et dans les ann\u00e9es \u00e0 venir Avantages :<br\/>Le premier appareil portatif au monde 10 fr\u00e9quences tout-en-un bloquant tous les signaux de t\u00e9l\u00e9phone cellulaire, LOJACK GPS, Wi-Fi, signaux RF Puissance de sortie de 7 watts et antennes \u00e0 haut gain, port\u00e9e de brouillage de 2 \u00e0 20 m\u00e8tres (\u00e0 75 dBm, en fonction de la force du signal dans la zone donn\u00e9e) avec housse en nylon Accrochez-le ou portez-le au bras ou \u00e0 la ceinture, Facile \u00e0 transporter, portable Bon syst\u00e8me de refroidissement avec des ventilateurs \u00e0 l&rsquo;int\u00e9rieur et un plus grand puits de chaleur Avec interrupteur DIP, peut activer\/d\u00e9sactiver n&rsquo;importe quelle bande de signal sans affecter les autres bandes Avec chargeur de voiture, peut \u00eatre utilis\u00e9 dans la voiture directement, 12V DC\/AC L&rsquo;alimentation \u00e9lectrique est \u00e9galement disponible Avec une batterie int\u00e9gr\u00e9e plus grande, peut fonctionner plus de (2.0+ heures) 120 minutes : utilisation de la batterie de haute capacit\u00e9 la plus s\u00fbre au monde, peut \u00eatre recharg\u00e9e plusieurs fois.<\/p>&#13;\n<p>Application :<br\/>Il peut \u00eatre utilis\u00e9 dans les salles de r\u00e9union, les salles de conf\u00e9rence, les mus\u00e9es, les galeries, les th\u00e9\u00e2tres, les salles de concert, les \u00e9glises, les temples, les restaurants, les salles de classe, les centres de formation, les usines, les banques, les trains, les bus et autres lieux qui requi\u00e8rent le silence, la confidentialit\u00e9 et la s\u00e9curit\u00e9 des informations<br\/>Pour certains lieux \u00e0 usage sp\u00e9cial tels que les h\u00f4pitaux, les stations-service et autres, veuillez d&rsquo;abord effectuer des essais sur le terrain pour vous assurer qu&rsquo;aucune interf\u00e9rence ne se produit dans le fonctionnement normal de leur \u00e9quipement et de leurs instruments.<\/p>&#13;\n<h4>Manufacturer Specifications<\/h4>&#13;\n<p>LoJack : 167-175MHz<br\/>-GSM:925-960MHz<br\/>-DCS ou PCS:1805-1880 ou 1920-1990MHz<br\/>Wi-Fi 2.4G : 2400-2500MHz<br\/>Wi-Fi 5.8G : 5725-5850MHz<br\/>-CDMA:851-894MHz<br\/>-4GLTE 700:700-803 ou 790-862MHz<br\/>GPSL1 : 1560-1580MHz<br\/>3G : 2110-2170MHz<br\/>4G2600 ou 2300\uff1a 2500-2690 ou 2300-2400MHz<\/p>&#13;\n<h6>Basic Specifications<\/h6>&#13;\n<p>Puissance de sortie \uff1aTotal 7W\uff0c0.7W chaque bande<br\/>Jam Radius\uff1a2-20meters<br\/>Power Supply\uff1aAC110-240V to DC12V<br\/>Cooling System\uff1aHigh efficiency aluminum alloy radiator, Build-in cooling fan<br\/>Working Time\uff1aBuilt-in battery:7.4V\/8000mAh Fonctionnement continu : plus de 2.0+ heures<br\/>Taille du produit\uff1a160x 83x 46 mm\uff08not Include Antenna\uff09Longueur de l&rsquo;antenne :166mm Gain:2.0dbi<br\/>Poids du produit : appr.1.5kg<\/p>&#13;\n<p><strong>Remarque :<\/strong> l&rsquo;importation de <a href=\"https:\/\/telejammer.com\/fr\/\">brouilleurs de signaux mobiles<\/a> peut \u00eatre interdite dans certains pays en raison de l&rsquo;octroi de licences pour les signaux de radiodiffusion ou d&rsquo;autres restrictions. Veuillez v\u00e9rifier la r\u00e9glementation de votre pays en mati\u00e8re de t\u00e9l\u00e9communications avant de passer votre commande. Nous ajusterons le CDMA \/ GSM \/ DCS \/ PCS pour vous en fonction de la fr\u00e9quence du signal de votre pays.<br\/>La port\u00e9e du brouillage d\u00e9pend de la force du signal provenant de diverses sources, ainsi que des conditions environnementales locales.  <\/p>&#13;\n<h3>Package Included:<\/h3>&#13;\n<ul>&#13;\n<li>*Jammer Host x 1<\/li>&#13;\n<li>*AC Charger x1<\/li>&#13;\n<li>*antenna x10<\/li>&#13;\n<li>*Car Charger x1<\/li>&#13;\n<li>*Nylon Cover x1<\/li>&#13;\n<\/ul>&#13;\n","protected":false},"excerpt":{"rendered":"<p>Il peut \u00eatre utilis\u00e9 dans les salles de r\u00e9union, les salles de conf\u00e9rence, les mus\u00e9es, les galeries, les th\u00e9\u00e2tres, les salles de concert, les \u00e9glises, les temples, les restaurants, les salles de classe, les centres de formation, les usines, les banques, les trains, les bus et autres lieux qui exigent le silence, la confidentialit\u00e9 et la s\u00e9curit\u00e9 des informations<br \/>Pour certains lieux \u00e0 usage sp\u00e9cial tels que les h\u00f4pitaux, les stations-service et autres, veuillez d&rsquo;abord effectuer des essais sur le terrain pour vous assurer qu&rsquo;aucune interf\u00e9rence ne se produit dans le fonctionnement normal de leur \u00e9quipement et de leurs instruments.<\/p>\n","protected":false},"featured_media":4194,"comment_status":"open","ping_status":"closed","template":"","meta":{"_acf_changed":false,"_gspb_post_css":""},"product_cat":[179],"product_tag":[491],"product_brands":[],"class_list":{"0":"post-9304","1":"product","2":"type-product","3":"status-publish","4":"has-post-thumbnail","6":"product_cat-handheld-signal-jammer-fr","7":"product_tag-brouilleur-portable-a-10-antennes","9":"first","10":"instock","11":"sale","12":"shipping-taxable","13":"purchasable","14":"product-type-simple"},"ct_brands":[],"aioseo_notices":[],"acf":[],"_links":{"self":[{"href":"https:\/\/telejammer.com\/fr\/wp-json\/wp\/v2\/product\/9304","targetHints":{"allow":["GET"]}}],"collection":[{"href":"https:\/\/telejammer.com\/fr\/wp-json\/wp\/v2\/product"}],"about":[{"href":"https:\/\/telejammer.com\/fr\/wp-json\/wp\/v2\/types\/product"}],"replies":[{"embeddable":true,"href":"https:\/\/telejammer.com\/fr\/wp-json\/wp\/v2\/comments?post=9304"}],"wp:featuredmedia":[{"embeddable":true,"href":"https:\/\/telejammer.com\/fr\/wp-json\/wp\/v2\/media\/4194"}],"wp:attachment":[{"href":"https:\/\/telejammer.com\/fr\/wp-json\/wp\/v2\/media?parent=9304"}],"wp:term":[{"taxonomy":"product_cat","embeddable":true,"href":"https:\/\/telejammer.com\/fr\/wp-json\/wp\/v2\/product_cat?post=9304"},{"taxonomy":"product_tag","embeddable":true,"href":"https:\/\/telejammer.com\/fr\/wp-json\/wp\/v2\/product_tag?post=9304"},{"taxonomy":"product_brands","embeddable":true,"href":"https:\/\/telejammer.com\/fr\/wp-json\/wp\/v2\/product_brands?post=9304"}],"curies":[{"name":"wp","href":"https:\/\/api.w.org\/{rel}","templated":true}]}}