{"id":9238,"date":"2025-03-12T18:47:41","date_gmt":"2025-03-12T10:47:41","guid":{"rendered":"https:\/\/telejammer.com\/w9-wifi-2-4g-5-2g-5-8g-bloqueur-de-signal\/"},"modified":"2025-03-12T18:47:41","modified_gmt":"2025-03-12T10:47:41","slug":"w9-wifi-2-4g-5-2g-5-8g-bloqueur-de-signal","status":"publish","type":"product","link":"https:\/\/telejammer.com\/fr\/w9-wifi-2-4g-5-2g-5-8g-bloqueur-de-signal\/","title":{"rendered":"W9 WiFi 2.4G 5.2g 5.8g Bloqueur de signal"},"content":{"rendered":"<h1 class=\"sr-proMainInfo-baseInfoH1 J-baseInfo-name\" data-prod-tag=\"\">W9 Handheld 3 Antennas Built in Signal Jammer Device WiFi 2.4G 5.2g 5.8g Signal Blocker<\/h1>\n<h3><strong>Sp\u00e9cification<\/strong><strong>:<\/strong><\/h3>\n<h3>  support fr\u00e9quence personnaliser<\/h3>\n<p>1. Petit, facile \u00e0 cacher, convient aux petites surfaces.<\/p>\n<p>2. uniquement pour le wifi 2.4G+5.2G+5.8G, la couverture de la bande compl\u00e8te n&rsquo;affecte pas le trafic de t\u00e9l\u00e9phonie mobile et le trafic 4G.<\/p>\n<p>3. Le fonctionnement est simple, il suffit de l&rsquo;allumer.<\/p>\n<p>4. Travail silencieux, utilisation s\u00fbre et s\u00e9curis\u00e9e.<\/p>\n<p>5.Dissipation de la chaleur, r\u00e9sistance aux temp\u00e9ratures \u00e9lev\u00e9es<\/p>\n<p>6. double interrupteur, facile \u00e0 contr\u00f4ler le wifi<\/p>\n<p><img loading=\"lazy\" decoding=\"async\" class=\"alignnone size-full wp-image-2384\" src=\"https:\/\/telejammer.com\/wp-content\/uploads\/2025\/03\/%E8%8B%B1%E6%96%87_01-2.jpg\" alt=\"\" width=\"790\" height=\"1146\"> <img loading=\"lazy\" decoding=\"async\" class=\"alignnone size-full wp-image-2385\" src=\"https:\/\/telejammer.com\/wp-content\/uploads\/2025\/03\/%E8%8B%B1%E6%96%87_02-2.jpg\" alt=\"\" width=\"790\" height=\"1229\"> <img loading=\"lazy\" decoding=\"async\" class=\"alignnone size-full wp-image-2386\" src=\"https:\/\/telejammer.com\/wp-content\/uploads\/2025\/03\/%E8%8B%B1%E6%96%87_03-2.jpg\" alt=\"\" width=\"790\" height=\"967\"> <img loading=\"lazy\" decoding=\"async\" class=\"alignnone size-full wp-image-2387\" src=\"https:\/\/telejammer.com\/wp-content\/uploads\/2025\/03\/%E8%8B%B1%E6%96%87_04-2.jpg\" alt=\"\" width=\"790\" height=\"1246\"> <img loading=\"lazy\" decoding=\"async\" class=\"alignnone size-full wp-image-2388\" src=\"https:\/\/telejammer.com\/wp-content\/uploads\/2025\/03\/%E8%8B%B1%E6%96%87_05-2.jpg\" alt=\"\" width=\"790\" height=\"973\"> <img loading=\"lazy\" decoding=\"async\" class=\"alignnone size-full wp-image-2389\" src=\"https:\/\/telejammer.com\/wp-content\/uploads\/2025\/03\/%E8%8B%B1%E6%96%87_06-2.jpg\" alt=\"\" width=\"790\" height=\"850\"> <img loading=\"lazy\" decoding=\"async\" class=\"alignnone size-full wp-image-2390\" src=\"https:\/\/telejammer.com\/wp-content\/uploads\/2025\/03\/%E8%8B%B1%E6%96%87_07-2.jpg\" alt=\"\" width=\"790\" height=\"820\"> <img loading=\"lazy\" decoding=\"async\" class=\"alignnone size-full wp-image-2391\" src=\"https:\/\/telejammer.com\/wp-content\/uploads\/2025\/03\/%E8%8B%B1%E6%96%87_08-2.jpg\" alt=\"\" width=\"790\" height=\"675\"> <img loading=\"lazy\" decoding=\"async\" class=\"alignnone size-full wp-image-2392\" src=\"https:\/\/telejammer.com\/wp-content\/uploads\/2025\/03\/%E8%8B%B1%E6%96%87_09-2.jpg\" alt=\"\" width=\"790\" height=\"1349\"> <img loading=\"lazy\" decoding=\"async\" class=\"alignnone size-full wp-image-2393\" src=\"https:\/\/telejammer.com\/wp-content\/uploads\/2025\/03\/%E8%8B%B1%E6%96%87_10-2.jpg\" alt=\"\" width=\"790\" height=\"1350\"> <img loading=\"lazy\" decoding=\"async\" class=\"alignnone size-full wp-image-2394\" src=\"https:\/\/telejammer.com\/wp-content\/uploads\/2025\/03\/%E8%8B%B1%E6%96%87_11-2.jpg\" alt=\"\" width=\"790\" height=\"1321\"> <img loading=\"lazy\" decoding=\"async\" class=\"alignnone size-full wp-image-2395\" src=\"https:\/\/telejammer.com\/wp-content\/uploads\/2025\/03\/%E8%8B%B1%E6%96%87_12-2.jpg\" alt=\"\" width=\"790\" height=\"1361\"> <img loading=\"lazy\" decoding=\"async\" class=\"alignnone size-full wp-image-2396\" src=\"https:\/\/telejammer.com\/wp-content\/uploads\/2025\/03\/%E8%8B%B1%E6%96%87_13-2.jpg\" alt=\"\" width=\"790\" height=\"1399\"> <img loading=\"lazy\" decoding=\"async\" class=\"alignnone size-full wp-image-2397\" src=\"https:\/\/telejammer.com\/wp-content\/uploads\/2025\/03\/%E8%8B%B1%E6%96%87_14.jpg\" alt=\"\" width=\"790\" height=\"1539\"> <img loading=\"lazy\" decoding=\"async\" class=\"alignnone size-full wp-image-2398\" src=\"https:\/\/telejammer.com\/wp-content\/uploads\/2025\/03\/%E8%8B%B1%E6%96%87_15.jpg\" alt=\"\" width=\"790\" height=\"818\"> <img loading=\"lazy\" decoding=\"async\" class=\"alignnone size-full wp-image-2399\" src=\"https:\/\/telejammer.com\/wp-content\/uploads\/2025\/03\/%E8%8B%B1%E6%96%87_16.jpg\" alt=\"\" width=\"790\" height=\"976\"><\/p>\n","protected":false},"excerpt":{"rendered":"<h1 class=\"sr-proMainInfo-baseInfoH1 J-baseInfo-name\" data-prod-tag=\"\">W9 Handheld 3 Antennas Built in Signal Jammer Device WiFi 2.4G 5.2g 5.8g Signal Blocker<\/h1>\n","protected":false},"featured_media":2401,"comment_status":"open","ping_status":"closed","template":"","meta":{"_acf_changed":false,"_gspb_post_css":""},"product_cat":[179],"product_tag":[441],"product_brands":[],"class_list":{"0":"post-9238","1":"product","2":"type-product","3":"status-publish","4":"has-post-thumbnail","6":"product_cat-handheld-signal-jammer-fr","7":"product_tag-jammer-wifi","9":"first","10":"instock","11":"sale","12":"shipping-taxable","13":"purchasable","14":"product-type-simple"},"ct_brands":[],"aioseo_notices":[],"acf":[],"_links":{"self":[{"href":"https:\/\/telejammer.com\/fr\/wp-json\/wp\/v2\/product\/9238","targetHints":{"allow":["GET"]}}],"collection":[{"href":"https:\/\/telejammer.com\/fr\/wp-json\/wp\/v2\/product"}],"about":[{"href":"https:\/\/telejammer.com\/fr\/wp-json\/wp\/v2\/types\/product"}],"replies":[{"embeddable":true,"href":"https:\/\/telejammer.com\/fr\/wp-json\/wp\/v2\/comments?post=9238"}],"wp:featuredmedia":[{"embeddable":true,"href":"https:\/\/telejammer.com\/fr\/wp-json\/wp\/v2\/media\/2401"}],"wp:attachment":[{"href":"https:\/\/telejammer.com\/fr\/wp-json\/wp\/v2\/media?parent=9238"}],"wp:term":[{"taxonomy":"product_cat","embeddable":true,"href":"https:\/\/telejammer.com\/fr\/wp-json\/wp\/v2\/product_cat?post=9238"},{"taxonomy":"product_tag","embeddable":true,"href":"https:\/\/telejammer.com\/fr\/wp-json\/wp\/v2\/product_tag?post=9238"},{"taxonomy":"product_brands","embeddable":true,"href":"https:\/\/telejammer.com\/fr\/wp-json\/wp\/v2\/product_brands?post=9238"}],"curies":[{"name":"wp","href":"https:\/\/api.w.org\/{rel}","templated":true}]}}