{"id":9401,"date":"2025-02-14T14:57:55","date_gmt":"2025-02-14T06:57:55","guid":{"rendered":"https:\/\/telejammer.com\/conditions-generales-dutilisation\/"},"modified":"2025-03-29T15:39:03","modified_gmt":"2025-03-29T07:39:03","slug":"conditions-generales-dutilisation","status":"publish","type":"page","link":"https:\/\/telejammer.com\/fr\/conditions-generales-dutilisation\/","title":{"rendered":"Conditions g\u00e9n\u00e9rales d&rsquo;utilisation"},"content":{"rendered":"\n<div class=\"wp-block-greenshift-blocks-container gspb_container gspb_container-gsbp-497bc73\" id=\"gspb_container-id-gsbp-497bc73\">\n<p>Les prix et la disponibilit\u00e9 des produits peuvent \u00eatre modifi\u00e9s sans pr\u00e9avis. En cas de prix incorrect d\u00fb \u00e0 une erreur typographique ou \u00e0 des informations de prix incorrectes re\u00e7ues d&rsquo;un fournisseur, Telejammer se r\u00e9serve le droit de refuser ou d&rsquo;annuler toute commande d&rsquo;un produit dont le prix est incorrect, que la commande ait \u00e9t\u00e9 confirm\u00e9e ou que votre paiement ait \u00e9t\u00e9 effectu\u00e9 ou non. Si votre paiement a \u00e9t\u00e9 effectu\u00e9 et que votre commande est annul\u00e9e, <strong>Telejammer<\/strong> vous remboursera imm\u00e9diatement le montant de votre moyen de paiement.  <\/p>\n\n\n\n<p>Tous les \u00e9crans apparaissant sur le site, y compris les graphiques, textes, dessins, boutons, logos, images et ic\u00f4nes, ainsi que la s\u00e9lection, l&rsquo;assemblage et l&rsquo;arrangement, sont la propri\u00e9t\u00e9 exclusive de The Jammer Shop ou de ses fournisseurs et\/ou conc\u00e9dants de licence. Le contenu de ce site web sert uniquement \u00e0 acheter ou \u00e0 passer une commande sur ce site web et ne doit pas \u00eatre utilis\u00e9 \u00e0 d&rsquo;autres fins. Toute autre utilisation sous quelque forme ou par quelque moyen que ce soit, y compris la modification, la reproduction, le t\u00e9l\u00e9chargement, l&rsquo;affichage, la transmission ou la distribution, sans l&rsquo;autorisation \u00e9crite pr\u00e9alable de <strong>Telejammer<\/strong>, est strictement interdite. Tous les logiciels utilis\u00e9s sur le site web sont la propri\u00e9t\u00e9 exclusive de Telejammer ou du logiciel.   <\/p>\n\n\n\n<p><strong>Telejammer<\/strong>.com n&rsquo;offre aucune garantie, expresse ou implicite, concernant les produits vendus sur Telejammer.com. En aucun cas Telejammer.com ne pourra \u00eatre tenu responsable de dommages, et en particulier, Telejammer.com ne pourra \u00eatre tenu responsable de dommages sp\u00e9ciaux, indirects, cons\u00e9cutifs, accessoires ou de perte de biens, de perte de revenus, ou de perte d&rsquo;utilisation, par le site de l&rsquo;ordinateur portable ou les informations qu&rsquo;il contient ou qui y sont li\u00e9es, que ces dommages soient contractuels, de n\u00e9gligence, d\u00e9lictuels, l\u00e9gaux, d&rsquo;\u00e9quit\u00e9, de droit ou autres. <\/p>\n\n\n\n<p>Nous pouvons modifier et mettre \u00e0 jour les conditions d&rsquo;utilisation de temps \u00e0 autre sans pr\u00e9avis. Veuillez prendre connaissance de nos conditions d&rsquo;utilisation pour la collecte, l&rsquo;utilisation et la divulgation des donn\u00e9es. Si vous avez des questions, des pr\u00e9occupations ou des commentaires concernant la pr\u00e9sente politique de confidentialit\u00e9, veuillez nous contacter \u00e0 l&rsquo;adresse suivante : info@Telejammer.com.  <\/p>\n<\/div>\n\n<p><\/p>\n","protected":false},"excerpt":{"rendered":"","protected":false},"author":1,"featured_media":0,"parent":0,"menu_order":0,"comment_status":"closed","ping_status":"closed","template":"","meta":{"_acf_changed":false,"_gspb_post_css":".gspb_container-id-gsbp-497bc73{flex-direction:column;box-sizing:border-box}#gspb_container-id-gsbp-497bc73.gspb_container>p:last-of-type{margin-bottom:0}#gspb_container-id-gsbp-497bc73.gspb_container{position:relative}","footnotes":""},"class_list":["post-9401","page","type-page","status-publish","hentry"],"blocksy_meta":[],"aioseo_notices":[],"acf":[],"_links":{"self":[{"href":"https:\/\/telejammer.com\/fr\/wp-json\/wp\/v2\/pages\/9401","targetHints":{"allow":["GET"]}}],"collection":[{"href":"https:\/\/telejammer.com\/fr\/wp-json\/wp\/v2\/pages"}],"about":[{"href":"https:\/\/telejammer.com\/fr\/wp-json\/wp\/v2\/types\/page"}],"author":[{"embeddable":true,"href":"https:\/\/telejammer.com\/fr\/wp-json\/wp\/v2\/users\/1"}],"replies":[{"embeddable":true,"href":"https:\/\/telejammer.com\/fr\/wp-json\/wp\/v2\/comments?post=9401"}],"version-history":[{"count":1,"href":"https:\/\/telejammer.com\/fr\/wp-json\/wp\/v2\/pages\/9401\/revisions"}],"predecessor-version":[{"id":9403,"href":"https:\/\/telejammer.com\/fr\/wp-json\/wp\/v2\/pages\/9401\/revisions\/9403"}],"wp:attachment":[{"href":"https:\/\/telejammer.com\/fr\/wp-json\/wp\/v2\/media?parent=9401"}],"curies":[{"name":"wp","href":"https:\/\/api.w.org\/{rel}","templated":true}]}}