{"id":9393,"date":"2025-02-14T15:05:45","date_gmt":"2025-02-14T07:05:45","guid":{"rendered":"https:\/\/telejammer.com\/retours-et-remboursements\/"},"modified":"2025-03-29T15:39:03","modified_gmt":"2025-03-29T07:39:03","slug":"retours-et-remboursements","status":"publish","type":"page","link":"https:\/\/telejammer.com\/fr\/retours-et-remboursements\/","title":{"rendered":"Retours et remboursements"},"content":{"rendered":"\n<details class=\"wp-block-details is-layout-flow wp-block-details-is-layout-flow\"><summary>Toutes les commandes de notre magasin <strong>sont exp\u00e9di\u00e9es GRATUITEMENT par voie terrestre. <\/strong><br>Toutes les commandes sont g\u00e9n\u00e9ralement trait\u00e9es dans un d\u00e9lai de 48 \u00e0 72 heures du lundi au vendredi, \u00e0 l&rsquo;exclusion des week-ends et des jours f\u00e9ri\u00e9s.<br>Telejammer accepte les T\/T de banque \u00e0 banque et Western Union<br>Nous acceptons \u00e9galement les cartes de cr\u00e9dit et divers portefeuilles. Vous devez nous contacter pour obtenir votre num\u00e9ro de compte.<br>Tous les mod\u00e8les en promotion sont des ventes finales. Aucun remboursement.<br>Les commandes sont exp\u00e9di\u00e9es par FEDEX, UPS, DHL et 4PX EXPRESS.<br>Les commandes sont livr\u00e9es dans un d\u00e9lai de 5 \u00e0 7 jours ouvrables \u00e0 compter de la date de la commande (\u00e0 l&rsquo;exclusion des week-ends). Les commandes internationales sont exp\u00e9di\u00e9es dans les 5 \u00e0 7 jours ouvrables et peuvent prendre jusqu&rsquo;\u00e0 14 jours ouvrables pour \u00eatre livr\u00e9es en fonction du service d&rsquo;exp\u00e9dition.   <br><strong>EXP\u00c9DITION ET SUIVI<\/strong><br>Une fois que votre commande a quitt\u00e9 notre entrep\u00f4t, nous sommes \u00e0 la merci du transporteur pour l&rsquo;acheminer jusqu&rsquo;\u00e0 vous. <br>Les informations de suivi vous seront envoy\u00e9es par courrier \u00e9lectronique au moment de l&rsquo;exp\u00e9dition. N&rsquo;oubliez pas de suivre votre colis, c&rsquo;est la responsabilit\u00e9 du client.   <strong>*Veuillez v\u00e9rifier le filtre anti-spam !<\/strong><br><strong>EXP\u00c9DITION INTERNATIONALE<\/strong><br>Canada, Australie, Nouvelle-Z\u00e9lande, Royaume-Uni, Mexique, France, Allemagne, Norv\u00e8ge, Su\u00e8de, Danemark, Pays-Bas, Belgique, Autriche, Espagne, Suisse, Irlande, Hong Kong, Japon, Singapour, R\u00e9publique tch\u00e8que, Cor\u00e9e du Sud, Gr\u00e8ce, Isra\u00ebl, Ta\u00efwan, Antigua-et-Barbuda, Aruba, Argentine, Bahamas, Barbade, Belize, Bermudes, \u00celes Ca\u00efmans, Chine, \u00celes Cook, Cuba, Cura\u00e7ao, Dominique, R\u00e9publique dominicaine, Fidji, Finlande, Groenland, Hongrie, Islande, Jama\u00efque, Philippines, Pologne, Costa Rica, Samoa, \u00celes Salomon, Tha\u00eflande, Tonga, \u00celes Turks et Caicos, \u00celes Mineures \u00c9loign\u00e9es des \u00c9tats-Unis, Vi\u00eat Nam, \u00celes Vierges.<br>Les clients internationaux sont responsables de tous les imp\u00f4ts, taxes et frais d&rsquo;exp\u00e9dition dans les deux sens &#8211; exp\u00e9dition et retour.<br>EMPTY HEADING<br><strong>RETOURS ET \u00c9CHANGES<\/strong><br><strong>Vous avez 30 jours pour retourner ou \u00e9changer un article.<\/strong><br>Pour retourner ou \u00e9changer des articles, demandez une AUTORISATION DE RETOUR. <br>Telejammer accepte les retours de marchandises non port\u00e9es, non lav\u00e9es et d\u00e9fectueuses dans les 30 jours suivant l&rsquo;achat. Les articles doivent \u00eatre retourn\u00e9s dans le m\u00eame \u00e9tat que celui dans lequel vous les avez re\u00e7us ; tout signe d&rsquo;usure ne sera pas accept\u00e9 pour le retour ou l&rsquo;\u00e9change. Lorsque vous essayez votre nouvelle acquisition, nous vous demandons d&rsquo;\u00e9viter de porter des huiles essentielles ou des parfums forts et\/ou de faire des c\u00e2lins \u00e0 vos amis \u00e0 fourrure. Cela impr\u00e8gne les v\u00eatements et les rend invendables. Les articles qui nous sont retourn\u00e9s &#8211; sauf s&rsquo;ils ont \u00e9t\u00e9 re\u00e7us d\u00e9fectueux ou endommag\u00e9s &#8211; doivent \u00eatre en \u00e9tat de revente pour pouvoir faire l&rsquo;objet d&rsquo;un cr\u00e9dit.    <br><br>Nous voulons que vous soyez 100% satisfait de votre achat, et nous vous encourageons \u00e0 essayer vos v\u00eatements \u00e0 la maison pour vous assurer qu&rsquo;ils vous vont bien. Nous adh\u00e9rons \u00e0 un protocole d&rsquo;hygi\u00e8ne et de salubrit\u00e9 strict dans notre entrep\u00f4t afin que vous vous sentiez en s\u00e9curit\u00e9 lorsque vous essayez les pi\u00e8ces que vous recevez de notre part. Si vous d\u00e9cidez malgr\u00e9 tout de laver les v\u00eatements avant de les essayer, nous ne pourrons malheureusement plus les accepter pour un retour ou un \u00e9change. Nous vous remercions de votre compr\u00e9hension ! <br>Veuillez joindre votre liste de colisage \u00e0 une note d\u00e9taill\u00e9e afin d&rsquo;acc\u00e9l\u00e9rer le traitement.<br>Les articles Telejammer achet\u00e9s dans des boutiques ind\u00e9pendantes et chez des d\u00e9taillants partenaires doivent \u00eatre retourn\u00e9s \u00e0 l&rsquo;endroit o\u00f9 ils ont \u00e9t\u00e9 achet\u00e9s.   <\/summary>\n<p><\/p>\n<\/details>\n","protected":false},"excerpt":{"rendered":"","protected":false},"author":1,"featured_media":0,"parent":0,"menu_order":0,"comment_status":"closed","ping_status":"closed","template":"","meta":{"_acf_changed":false,"_gspb_post_css":"","footnotes":""},"class_list":["post-9393","page","type-page","status-publish","hentry"],"blocksy_meta":[],"aioseo_notices":[],"acf":[],"_links":{"self":[{"href":"https:\/\/telejammer.com\/fr\/wp-json\/wp\/v2\/pages\/9393","targetHints":{"allow":["GET"]}}],"collection":[{"href":"https:\/\/telejammer.com\/fr\/wp-json\/wp\/v2\/pages"}],"about":[{"href":"https:\/\/telejammer.com\/fr\/wp-json\/wp\/v2\/types\/page"}],"author":[{"embeddable":true,"href":"https:\/\/telejammer.com\/fr\/wp-json\/wp\/v2\/users\/1"}],"replies":[{"embeddable":true,"href":"https:\/\/telejammer.com\/fr\/wp-json\/wp\/v2\/comments?post=9393"}],"version-history":[{"count":1,"href":"https:\/\/telejammer.com\/fr\/wp-json\/wp\/v2\/pages\/9393\/revisions"}],"predecessor-version":[{"id":9395,"href":"https:\/\/telejammer.com\/fr\/wp-json\/wp\/v2\/pages\/9393\/revisions\/9395"}],"wp:attachment":[{"href":"https:\/\/telejammer.com\/fr\/wp-json\/wp\/v2\/media?parent=9393"}],"curies":[{"name":"wp","href":"https:\/\/api.w.org\/{rel}","templated":true}]}}