{"id":9378,"date":"2025-02-14T15:29:36","date_gmt":"2025-02-14T07:29:36","guid":{"rendered":"https:\/\/telejammer.com\/paiements\/"},"modified":"2025-03-29T15:38:48","modified_gmt":"2025-03-29T07:38:48","slug":"paiements","status":"publish","type":"page","link":"https:\/\/telejammer.com\/fr\/paiements\/","title":{"rendered":"Paiements"},"content":{"rendered":"\n<p>Nous acceptons \u00e9galement les <strong>cartes de cr\u00e9dit<\/strong> et <strong>divers portefeuilles<\/strong>. Vous devez nous contacter pour demander votre num\u00e9ro de compte. <\/p>\n\n<p>Nous vous conseillons d&rsquo;effectuer d&rsquo;abord un transfert <strong>Western Union \/ Banque \u00e0 banque.<\/strong> <\/p>\n\n<details class=\"wp-block-details is-layout-flow wp-block-details-is-layout-flow\"><summary><strong>The following is the process you should take to complete your order through bank to bank transfer:<\/strong><br>1. Please go to your bank (through online banking, ATM or going into a branch) and complete the transfer of money. Make sure that the amount you transfer is the exact total of your order. Payment details below:<br>PLEASE NOTE: If you are paying to our Bank, you MUST include the Unique Payment Reference Number (you will receive this directly after paying the order) in the description section when completing payment to help us identify your order.\u00a0<br>\u2013 If your bank is located in a country not listed above you will pay to our HSBC account. The details are below:<br><img loading=\"lazy\" decoding=\"async\" width=\"946\" height=\"432\" src=\"https:\/\/telejammer.com\/wp-content\/uploads\/2024\/11\/17327804254581.png\" alt=\"\"><br>Bank Account:<br>Bank Code:<br>Beneficiary:<br>Bank Name:<br>Bank Address:<br>SWIFT Code:<br>PLEASE NOTE: If you are paying in this way you MUST write your Your name order number in the description section when paying so we can easily recognize your payment.\u00a0<br><strong>2. When this is done, log in to your Yourname \u2018My Account\u2019 and complete the following:<\/strong><br>Click \u2018Order list\u2019<br>Click \u2018Pay\u2019<br>Click \u2018Complete Payment\u2019 and fill in the related information for verification (This is an important step. If the information you have filled in does not match your bank details the payment can not be completed.)<br>Click \u2018Submit\u2019 to finish the procedure.<br><strong>3. You will receive a payment confirmation email from us after your order\u2019s payment has gone through successfully. If you do not receive this email,\u00a0<\/strong><br><strong>please contact us here: <a href=\"mailto:jammersupplier@gmail.com\" target=\"_blank\" rel=\"noreferrer noopener\">jammersupplier@gmail.com<\/a><\/strong> And <strong>info@telejammer.com<\/strong><br>Please note that Yourname or company will begin to handle your items after payment has been cleared.<\/summary>\n<p><\/p>\n<\/details>\n","protected":false},"excerpt":{"rendered":"<p>Nous acceptons \u00e9galement les cartes de cr\u00e9dit et divers portefeuilles. Vous devez nous contacter pour demander votre num\u00e9ro de compte. Nous vous conseillons d&rsquo;effectuer d&rsquo;abord un transfert Western Union \/ Banque \u00e0 banque.<\/p>\n","protected":false},"author":1,"featured_media":0,"parent":0,"menu_order":0,"comment_status":"closed","ping_status":"closed","template":"","meta":{"_acf_changed":false,"_gspb_post_css":"","footnotes":""},"class_list":["post-9378","page","type-page","status-publish","hentry"],"blocksy_meta":[],"aioseo_notices":[],"acf":[],"_links":{"self":[{"href":"https:\/\/telejammer.com\/fr\/wp-json\/wp\/v2\/pages\/9378","targetHints":{"allow":["GET"]}}],"collection":[{"href":"https:\/\/telejammer.com\/fr\/wp-json\/wp\/v2\/pages"}],"about":[{"href":"https:\/\/telejammer.com\/fr\/wp-json\/wp\/v2\/types\/page"}],"author":[{"embeddable":true,"href":"https:\/\/telejammer.com\/fr\/wp-json\/wp\/v2\/users\/1"}],"replies":[{"embeddable":true,"href":"https:\/\/telejammer.com\/fr\/wp-json\/wp\/v2\/comments?post=9378"}],"version-history":[{"count":1,"href":"https:\/\/telejammer.com\/fr\/wp-json\/wp\/v2\/pages\/9378\/revisions"}],"predecessor-version":[{"id":9379,"href":"https:\/\/telejammer.com\/fr\/wp-json\/wp\/v2\/pages\/9378\/revisions\/9379"}],"wp:attachment":[{"href":"https:\/\/telejammer.com\/fr\/wp-json\/wp\/v2\/media?parent=9378"}],"curies":[{"name":"wp","href":"https:\/\/api.w.org\/{rel}","templated":true}]}}