{"id":9832,"date":"2025-03-01T12:37:45","date_gmt":"2025-03-01T04:37:45","guid":{"rendered":"https:\/\/telejammer.com\/24-antenas-emision-de-senal-portatil-jt24\/"},"modified":"2025-03-29T16:17:33","modified_gmt":"2025-03-29T08:17:33","slug":"24-antenas-emision-de-senal-portatil-jt24","status":"publish","type":"product","link":"https:\/\/telejammer.com\/es\/24-antenas-emision-de-senal-portatil-jt24\/","title":{"rendered":"24 Antenas Emisi\u00f3n de Se\u00f1al Port\u00e1til JT24"},"content":{"rendered":"<h1 data-prod-tag=\"\">24 Antenas <a href=\"https:\/\/telejammer.com\/portable-signal-jammer-jt24\/\">Emisi\u00f3n de Se\u00f1al Port\u00e1til JT24<\/a><\/h1>\n<p class=\"sr-proMainInfo-baseInfoH1 J-baseInfo-name\">Nuevo <a href=\"https:\/\/telejammer.com\/es\/\">Jammer inal\u00e1mbrico<\/a> de 24 bandas de mano para se\u00f1ales de RF WiFi GPS de sala VIP<\/p>\n<p>\u00c9ste  <a href=\"https:\/\/telejammer.com\/portable-signal-jammer-jt24\/\">Inhibidor de tel\u00e9fono celular<\/a>  satisface sus necesidades de bloqueo para los tipos de frecuencia afectados m\u00e1s comunes. Y el dise\u00f1o de mano hace que sea f\u00e1cil de transportar.<\/p>\n<p>Los 3 ventiladores de enfriamiento incorporados y el disipador de calor m\u00e1s grande garantizan que el dispositivo funcione de manera segura y continua.<\/p>\n<p><strong>Caracter\u00edsticas t\u00e9cnicas:<\/strong><br \/>\nEst\u00e1ndares de interfaz de cubierta:<br \/>\n JT-24<\/p>\n<p>Banda 1: LOJACK\/VHF: 135-174MHz<br \/>\nBanda 2: GPS L2-L5: 1170-1280MHz<br \/>\nBanda 3: DCS\/ PCS: 1805-1990MHz<br \/>\nBanda 4: RF433: 433 MHz<br \/>\nBanda 5: GPS L1: 1570-1615MHZ<br \/>\nBanda 6: WIFI 2.4G: 2400-2485MHz<br \/>\nBanda 7: 3G: 2110-2170MHz<br \/>\nBanda 8: CDMA\/GSM: 850-960MHz<br \/>\nBanda 9: 4G1: 738-821MHz<br \/>\nBanda 10: RF868: 868MHz<br \/>\nBanda 11: RF315: 315MHz<br \/>\nBanda 12: 3G1: 2010-2035MHz<br \/>\nBanda 13: UHF: 400-470MHz<br \/>\nBanda 14: 4G2: 725-790MHz<br \/>\nBanda 15: 5G1: 3300-3600 MHz<br \/>\nBanda 16: LORA: 900-930MHz<br \/>\nBanda 17: GPS L3-L4: 1370-1390 MHz<br \/>\nBanda 18: WIFI 5.2G: 5100-5680 MHz<\/p>\n<p>Banda 19: 5G2: 3600-3800 MHz<\/p>\n<p>Banda 20: WIFI 5.8G: 5680-5900MHz<\/p>\n<p>Banda 21: 4G: 2620-2690 MHz<\/p>\n<p>Banda 22: 4G4: 2500-2620 MHz<\/p>\n<p>Banda 23: PCS: 1920-1990 MHz<\/p>\n<p>Banda 24: 4G3: 1417-1518 MHz<\/p>\n<p><strong>Tambi\u00e9n podemos personalizar las frecuencias de acuerdo con diferentes requisitos, \u00a1no dude en contactarnos en cualquier momento!<\/strong><\/p>\n<p><strong>Par\u00e1metros:<\/strong><\/p>\n<p>Potencia de salida: 24W<\/p>\n<p>Fuente de alimentaci\u00f3n: AC100-240V a DC12V 10A IN<\/p>\n<p>Peso del juego completo: 3.4 KGS<\/p>\n<p>Tama\u00f1o: 198 * 132 * 68 (no incluye antenas)<\/p>\n<p>Longitud de la antena: 172mm Ganancia: 2.0dbi<\/p>\n<p>Radio de blindaje: 10-25 metros a 70 dBm (depende de la intensidad de la se\u00f1al en el \u00e1rea dada)<\/p>\n<p>Bater\u00eda: Bater\u00eda incorporada de 7,4 V \/ 15000 mAh<\/p>\n<p>Tiempo de trabajo: m\u00e1s de 90 minutos<\/p>\n<p>Sistema de enfriamiento: radiador de aleaci\u00f3n de aluminio de alta eficiencia, ventiladores de enfriamiento incorporados 3x.<\/p>\n<p>&nbsp;<\/p>\n<p><strong>Caracter\u00edsticas y ventajas:<\/strong><\/p>\n<p>1. Con antenas omnidireccionales de ganancia m\u00e1s largas de 2.0dbi.<\/p>\n<p>2. Con el interruptor DIP, admite el ajuste o apagado de cualquier banda individual sin influir en el funcionamiento de las otras bandas.<\/p>\n<p>3. Se puede usar en el autom\u00f3vil directamente mediante el uso del cargador de autom\u00f3vil y el cargador de CA viene con el pedido.<\/p>\n<p>4. En el interior, 3 ventiladores de enfriamiento y un dise\u00f1o de disipador de calor m\u00e1s grande garantizan el funcionamiento continuo del dispositivo.<\/p>\n<p>5. Presione la pantalla de encendido para verificar f\u00e1cilmente el porcentaje de potencia, la corriente, el voltaje y los datos de corriente de trabajo.<\/p>\n<p>6. Admite el trabajo mientras se carga.<\/p>\n<p>7. Los pedidos de ODM son bienvenidos.<\/p>\n<p>8. Se puede ofrecer el servicio de OEM de serigraf\u00eda.<\/p>\n<p>9. Antenas omnidireccionales externas. toda la frecuencia TX cubre solamente el enlace descendente. <\/p>\n<p>10. Dise\u00f1o de tama\u00f1o peque\u00f1o, f\u00e1cil de transportar.<\/p>\n<p>11. La distancia de escalofr\u00edo de hasta 25 m, depende de la intensidad de la se\u00f1al en un \u00e1rea determinada.<\/p>\n<p>12. Bater\u00eda recargable incorporada de 7.4v 15000Mah, tiempo de trabajo de m\u00e1s de 90 minutos.<\/p>\n<p>&nbsp;<\/p>\n<p><strong>Aplicaci\u00f3n:<\/strong><\/p>\n<p>1.It puede aplicarse en salas de reuniones, salas de conferencias, museos, galer\u00edas, teatros, salas de conciertos, iglesias, templos, restaurantes, aulas, centros de formaci\u00f3n, f\u00e1bricas, bancos, trenes, autobuses y mucho m\u00e1s;<\/p>\n<p>2. Para algunas ubicaciones de prop\u00f3sito especial, como hospitales, gasolineras y m\u00e1s, primero realice una prueba de campo para asegurarse de que no haya interferencia en el funcionamiento normal de su equipo e instrumento.<\/p>\n<p><strong>Garant\u00eda: un a\u00f1o a partir de la fecha de entrega.<\/strong><\/p>\n","protected":false},"excerpt":{"rendered":"<h1 class=\"sr-proMainInfo-baseInfoH1 J-baseInfo-name\" data-prod-tag=\"\">Nuevo inhibidor inal\u00e1mbrico de mano de 24 bandas para se\u00f1ales de RF WiFi GPS<\/h1>\n","protected":false},"featured_media":7026,"comment_status":"open","ping_status":"closed","template":"","meta":{"_acf_changed":false,"_gspb_post_css":""},"product_cat":[184],"product_tag":[321],"product_brands":[],"class_list":{"0":"post-9832","1":"product","2":"type-product","3":"status-publish","4":"has-post-thumbnail","6":"product_cat-handheld-signal-jammer-es","7":"product_tag-24-antennas-es","9":"first","10":"instock","11":"sale","12":"shipping-taxable","13":"purchasable","14":"product-type-simple"},"ct_brands":[],"aioseo_notices":[],"acf":[],"_links":{"self":[{"href":"https:\/\/telejammer.com\/es\/wp-json\/wp\/v2\/product\/9832","targetHints":{"allow":["GET"]}}],"collection":[{"href":"https:\/\/telejammer.com\/es\/wp-json\/wp\/v2\/product"}],"about":[{"href":"https:\/\/telejammer.com\/es\/wp-json\/wp\/v2\/types\/product"}],"replies":[{"embeddable":true,"href":"https:\/\/telejammer.com\/es\/wp-json\/wp\/v2\/comments?post=9832"}],"wp:featuredmedia":[{"embeddable":true,"href":"https:\/\/telejammer.com\/es\/wp-json\/wp\/v2\/media\/7026"}],"wp:attachment":[{"href":"https:\/\/telejammer.com\/es\/wp-json\/wp\/v2\/media?parent=9832"}],"wp:term":[{"taxonomy":"product_cat","embeddable":true,"href":"https:\/\/telejammer.com\/es\/wp-json\/wp\/v2\/product_cat?post=9832"},{"taxonomy":"product_tag","embeddable":true,"href":"https:\/\/telejammer.com\/es\/wp-json\/wp\/v2\/product_tag?post=9832"},{"taxonomy":"product_brands","embeddable":true,"href":"https:\/\/telejammer.com\/es\/wp-json\/wp\/v2\/product_brands?post=9832"}],"curies":[{"name":"wp","href":"https:\/\/api.w.org\/{rel}","templated":true}]}}