{"id":9538,"date":"2025-02-20T11:27:03","date_gmt":"2025-02-20T03:27:03","guid":{"rendered":"https:\/\/telejammer.com\/grabacion-de-sonido-anti-audio-d27-emision-de-voz\/"},"modified":"2025-03-29T16:09:43","modified_gmt":"2025-03-29T08:09:43","slug":"grabacion-de-sonido-anti-audio-d27-emision-de-voz","status":"publish","type":"product","link":"https:\/\/telejammer.com\/es\/grabacion-de-sonido-anti-audio-d27-emision-de-voz\/","title":{"rendered":"Grabaci\u00f3n de sonido anti audio D27 Emisi\u00f3n de voz"},"content":{"rendered":"<h1>Grabaci\u00f3n de sonido anti audio D27 Emisi\u00f3n de voz<\/h1>\n<p>Este inhibidor de grabaci\u00f3n port\u00e1til produce ondas ultras\u00f3nicas desde sus 21 transmisores, como se\u00f1ales de interferencia contra dispositivos de escucha como tel\u00e9fonos inteligentes, bol\u00edgrafos de grabaci\u00f3n, monitores, etc., para deshabilitar su funci\u00f3n de grabaci\u00f3n y dejar solo ruido irreparable. Ampliamente se utiliza en entrevistas de oficina, reuniones u otros fines previstos. Adem\u00e1s, debido a su emisi\u00f3n de ondas ultras\u00f3nicas, podr\u00eda usarse como dispositivo de conducci\u00f3n para amenazar a animales molestos como perros, gatos, ratones, etc.  <\/p>\n<p><strong>Par\u00e1metro del producto<\/strong><\/p>\n<p>Objetos que interfieren: tel\u00e9fonos inteligentes, bol\u00edgrafos de grabaci\u00f3n, otros dispositivos de grabaci\u00f3n.<\/p>\n<p>Distancia de interferencia: dentro de los 3 metros con buen efecto desde el transmisor.<\/p>\n<p>Distancia de redacci\u00f3n: dentro de 2-6 metros con buen efecto.<\/p>\n<p>Direcci\u00f3n de interferencia: 270 grados<\/p>\n<p>Presi\u00f3n sonora antigrabaci\u00f3n: 120DB \/ 30CM (m\u00e1x.)<\/p>\n<p>Control de energ\u00eda: bot\u00f3n del cuerpo + control remoto + recontrol por voz<\/p>\n<p>Distancia de trabajo v\u00e1lida del control remoto: dentro de 30 metros<\/p>\n<p>Fuente de alimentaci\u00f3n: bater\u00eda de litio incorporada de 2600 mAh \/ 9 V<\/p>\n<p>Duraci\u00f3n de la bater\u00eda: 3,5 horas despu\u00e9s de una carga completa<\/p>\n<p>Material del cuerpo: ABS<\/p>\n<p>Dimensiones del producto: 195 * 81 * 48 mm<\/p>\n<p>Entrada de energ\u00eda de carga: 9V2A,<\/p>\n<p>Bater\u00eda de litio completamente cargada: 5 horas con el cargador original. No es compatible con ning\u00fan cargador de 5V o 12V. <\/p>\n<p>Ambiente de trabajo: -20 \u00b0C&#8211;45 \u00b0C \/ -13 \u00baF&#8211;113 \u00baF, la humedad debe ser inferior al 90%<\/p>\n<p><strong>Atenciones:<\/strong><\/p>\n<p>1, este es un dispositivo port\u00e1til de producci\u00f3n de ondas ultras\u00f3nicas, no da\u00f1ino para el cuerpo humano. Habr\u00e1 un poco de ruido audible dentro de una habitaci\u00f3n silenciosa de 0,5 metros cuando se encienda. Este es un estado normal, no un problema de calidad.  <\/p>\n<p>2, despu\u00e9s de iniciar su energ\u00eda, no coloque otro objeto en su direcci\u00f3n de ondas ultras\u00f3nicas.<\/p>\n<p>3, despu\u00e9s de un uso prolongado, es normal que su temperatura corporal suba un poco.<\/p>\n<p><strong>Modo de empleo<\/strong><\/p>\n<p>1: Presione el bot\u00f3n &#8216;Interruptor de encendido&#8217; durante 2 segundos para seleccionar Encendido o Apagado.<\/p>\n<p>2: hay dos selecciones de grado de potencia: grado de potencia I que para uso en habitaciones peque\u00f1as como el interior del autom\u00f3vil, y grado de potencia II que para habitaciones grandes como oficinas en oficinas. El grado de energ\u00eda II es el predeterminado despu\u00e9s del encendido. <\/p>\n<p>3, la bater\u00eda de litio incorporada sigue siendo indicador: 100 representa el 100%; 80 es para el 80%; 50 es para el 50% y 20 es para el 20%. Este dispositivo se apagar\u00e1 autom\u00e1ticamente cuando su energ\u00eda restante sea inferior al 20%. <\/p>\n<p>4, uso remoto: 1), el control remoto solo es v\u00e1lido \/ viable solo despu\u00e9s de 2 segundos presione el bot\u00f3n del interruptor para encender con la mano. 2), despu\u00e9s de encender, presione el bot\u00f3n &#8216;apagado&#8217; para que este dispositivo est\u00e9 en estado de espera; Presione el bot\u00f3n &#8216;ON&#8217; nuevamente para que este dispositivo est\u00e9 en estado de encendido. <\/p>\n<p>Sin el control remoto, despu\u00e9s de encenderlo, presione el &#8216;bot\u00f3n del interruptor de encendido&#8217;en resumen, tambi\u00e9n podr\u00eda hacer que este dispositivo entre en estado de espera. Cuando entra en estado de espera, su luz indicadora es una de las luces de grado de potencia que pasar\u00e1 de fuerte a d\u00e9bil, luego nuevamente de fuerte a d\u00e9bil. <\/p>\n<p>5, c\u00f3mo cargar este dispositivo: utilice el cargador original que ofrecemos. Este dispositivo solo es compatible con cargador de 9V. Otros cargadores como 5V o 12V no son compatibles. Cuando se carga con el cargador original, este dispositivo tambi\u00e9n funciona al mismo tiempo.   <\/p>\n<p>Convertidor de enchufe adaptador: ofreceremos juntos de acuerdo con su destino o su requerimiento.<\/p>\n<p>Este inhibidor de grabaci\u00f3n port\u00e1til produce ondas ultras\u00f3nicas desde sus 21 transmisores, como se\u00f1ales de interferencia contra dispositivos de escucha como tel\u00e9fonos inteligentes, bol\u00edgrafos de grabaci\u00f3n, monitores, etc., para deshabilitar su funci\u00f3n de grabaci\u00f3n y dejar solo ruido irreparable. Ampliamente se utiliza en entrevistas de oficina, reuniones u otros fines previstos. Adem\u00e1s, debido a su emisi\u00f3n de ondas ultras\u00f3nicas, podr\u00eda usarse como dispositivo de conducci\u00f3n para amenazar a animales molestos como perros, gatos, ratones, etc.  <\/p>\n<p><strong>Par\u00e1metro del producto<\/strong><\/p>\n<p>Objetos que interfieren: tel\u00e9fonos inteligentes, bol\u00edgrafos de grabaci\u00f3n, otros dispositivos de grabaci\u00f3n.<\/p>\n<p>Distancia de interferencia: dentro de los 3 metros con buen efecto desde el transmisor.<\/p>\n<p>Distancia de redacci\u00f3n: dentro de 2-6 metros con buen efecto.<\/p>\n<p>Direcci\u00f3n de interferencia: 270 grados<\/p>\n<p>Presi\u00f3n sonora antigrabaci\u00f3n: 120DB \/ 30CM (m\u00e1x.)<\/p>\n<p>Control de energ\u00eda: bot\u00f3n del cuerpo + control remoto + recontrol por voz<\/p>\n<p>Distancia de trabajo v\u00e1lida del control remoto: dentro de 30 metros<\/p>\n<p>Fuente de alimentaci\u00f3n: bater\u00eda de litio incorporada de 2600 mAh \/ 9 V<\/p>\n<p>Duraci\u00f3n de la bater\u00eda: 3,5 horas despu\u00e9s de una carga completa<\/p>\n<p>Material del cuerpo: ABS<\/p>\n<p>Dimensiones del producto: 195 * 81 * 48 mm<\/p>\n<p>Entrada de energ\u00eda de carga: 9V2A,<\/p>\n<p>Bater\u00eda de litio completamente cargada: 5 horas con el cargador original. No es compatible con ning\u00fan cargador de 5V o 12V. <\/p>\n<p>Ambiente de trabajo: -20 \u00b0C&#8211;45 \u00b0C \/ -13 \u00baF&#8211;113 \u00baF, la humedad debe ser inferior al 90%<\/p>\n<p><strong>Atenciones:<\/strong><\/p>\n<p>1, este es un dispositivo port\u00e1til de producci\u00f3n de ondas ultras\u00f3nicas, no da\u00f1ino para el cuerpo humano. Habr\u00e1 un poco de ruido audible dentro de una habitaci\u00f3n silenciosa de 0,5 metros cuando se encienda. Este es un estado normal, no un problema de calidad.  <\/p>\n<p>2, despu\u00e9s de iniciar su energ\u00eda, no coloque otro objeto en su direcci\u00f3n de ondas ultras\u00f3nicas.<\/p>\n<p>3, despu\u00e9s de un uso prolongado, es normal que su temperatura corporal suba un poco.<\/p>\n<p><strong>Modo de empleo<\/strong><\/p>\n<p>1: Presione el bot\u00f3n &#8216;Interruptor de encendido&#8217; durante 2 segundos para seleccionar Encendido o Apagado.<\/p>\n<p>2: hay dos selecciones de grado de potencia: grado de potencia I que para uso en habitaciones peque\u00f1as como el interior del autom\u00f3vil, y grado de potencia II que para habitaciones grandes como oficinas en oficinas. El grado de energ\u00eda II es el predeterminado despu\u00e9s del encendido. <\/p>\n<p>3, la bater\u00eda de litio incorporada sigue siendo indicador: 100 representa el 100%; 80 es para el 80%; 50 es para el 50% y 20 es para el 20%. Este dispositivo se apagar\u00e1 autom\u00e1ticamente cuando su energ\u00eda restante sea inferior al 20%. <\/p>\n<p>4, uso remoto: 1), el control remoto solo es v\u00e1lido \/ viable solo despu\u00e9s de 2 segundos presione el bot\u00f3n del interruptor para encender con la mano. 2), despu\u00e9s de encender, presione el bot\u00f3n &#8216;apagado&#8217; para que este dispositivo est\u00e9 en estado de espera; Presione el bot\u00f3n &#8216;ON&#8217; nuevamente para que este dispositivo est\u00e9 en estado de encendido. <\/p>\n<p>Sin el control remoto, despu\u00e9s de encenderlo, presione el &#8216;bot\u00f3n del interruptor de encendido&#8217;en resumen, tambi\u00e9n podr\u00eda hacer que este dispositivo entre en estado de espera. Cuando entra en estado de espera, su luz indicadora es una de las luces de grado de potencia que pasar\u00e1 de fuerte a d\u00e9bil, luego nuevamente de fuerte a d\u00e9bil. <\/p>\n<p>5, c\u00f3mo cargar este dispositivo: utilice el cargador original que ofrecemos. Este dispositivo solo es compatible con cargador de 9V. Otros cargadores como 5V o 12V no son compatibles. Cuando se carga con el cargador original, este dispositivo tambi\u00e9n funciona al mismo tiempo.   <\/p>\n<p>Convertidor de enchufe adaptador: ofreceremos juntos de acuerdo con su destino o su requerimiento.<\/p>\n<figure id=\"attachment_5874\" aria-describedby=\"caption-attachment-5874\" style=\"width: 790px\" class=\"wp-caption alignnone\"><img loading=\"lazy\" decoding=\"async\" class=\"size-full wp-image-1913\" src=\"https:\/\/telejammer.com\/wp-content\/uploads\/2025\/02\/%E8%AF%A6%E6%83%85_13.jpg\" alt=\"Grabaci\u00f3n de sonido anti audio D27 Emisi\u00f3n de voz  \" width=\"790\" height=\"958\"><figcaption id=\"caption-attachment-5874\" class=\"wp-caption-text\">Grabaci\u00f3n de sonido anti audio D27 Emisi\u00f3n de voz<\/figcaption><\/figure>\n<p><img loading=\"lazy\" decoding=\"async\" class=\"alignnone size-full wp-image-1914\" src=\"https:\/\/telejammer.com\/wp-content\/uploads\/2025\/02\/%E8%AF%A6%E6%83%85_01.jpg\" alt=\"\" width=\"790\" height=\"1248\"> <img loading=\"lazy\" decoding=\"async\" class=\"alignnone size-full wp-image-1915\" src=\"https:\/\/telejammer.com\/wp-content\/uploads\/2025\/02\/%E8%AF%A6%E6%83%85_02.jpg\" alt=\"\" width=\"790\" height=\"1274\"> <img loading=\"lazy\" decoding=\"async\" class=\"alignnone size-full wp-image-1916\" src=\"https:\/\/telejammer.com\/wp-content\/uploads\/2025\/02\/%E8%AF%A6%E6%83%85_08.jpg\" alt=\"\" width=\"790\" height=\"1545\"> <img loading=\"lazy\" decoding=\"async\" class=\"alignnone size-full wp-image-1917\" src=\"https:\/\/telejammer.com\/wp-content\/uploads\/2025\/02\/%E8%AF%A6%E6%83%85_09.jpg\" alt=\"\" width=\"790\" height=\"1612\"><\/p>\n","protected":false},"excerpt":{"rendered":"<p>Emisi\u00f3n de voz D27 de grabaci\u00f3n de sonido anti audio, su distancia de interferencia dentro de 3 metros con buen efecto del transmisor.<\/p>\n","protected":false},"featured_media":5865,"comment_status":"open","ping_status":"closed","template":"","meta":{"_acf_changed":false,"_gspb_post_css":""},"product_cat":[149],"product_tag":[674,672],"product_brands":[],"class_list":{"0":"post-9538","1":"product","2":"type-product","3":"status-publish","4":"has-post-thumbnail","6":"product_cat-anti-voice-jammer-es","7":"product_tag-grabacion-anti-sonido","8":"product_tag-inhibidor-de-voz-anti-voz","10":"first","11":"instock","12":"sale","13":"shipping-taxable","14":"purchasable","15":"product-type-simple"},"ct_brands":[],"aioseo_notices":[],"acf":[],"_links":{"self":[{"href":"https:\/\/telejammer.com\/es\/wp-json\/wp\/v2\/product\/9538","targetHints":{"allow":["GET"]}}],"collection":[{"href":"https:\/\/telejammer.com\/es\/wp-json\/wp\/v2\/product"}],"about":[{"href":"https:\/\/telejammer.com\/es\/wp-json\/wp\/v2\/types\/product"}],"replies":[{"embeddable":true,"href":"https:\/\/telejammer.com\/es\/wp-json\/wp\/v2\/comments?post=9538"}],"wp:featuredmedia":[{"embeddable":true,"href":"https:\/\/telejammer.com\/es\/wp-json\/wp\/v2\/media\/5865"}],"wp:attachment":[{"href":"https:\/\/telejammer.com\/es\/wp-json\/wp\/v2\/media?parent=9538"}],"wp:term":[{"taxonomy":"product_cat","embeddable":true,"href":"https:\/\/telejammer.com\/es\/wp-json\/wp\/v2\/product_cat?post=9538"},{"taxonomy":"product_tag","embeddable":true,"href":"https:\/\/telejammer.com\/es\/wp-json\/wp\/v2\/product_tag?post=9538"},{"taxonomy":"product_brands","embeddable":true,"href":"https:\/\/telejammer.com\/es\/wp-json\/wp\/v2\/product_brands?post=9538"}],"curies":[{"name":"wp","href":"https:\/\/api.w.org\/{rel}","templated":true}]}}