{"id":9404,"date":"2025-02-14T14:57:55","date_gmt":"2025-02-14T06:57:55","guid":{"rendered":"https:\/\/telejammer.com\/condiciones-generales\/"},"modified":"2025-03-29T15:39:14","modified_gmt":"2025-03-29T07:39:14","slug":"condiciones-generales","status":"publish","type":"page","link":"https:\/\/telejammer.com\/es\/condiciones-generales\/","title":{"rendered":"Condiciones generales"},"content":{"rendered":"\n<div class=\"wp-block-greenshift-blocks-container gspb_container gspb_container-gsbp-497bc73\" id=\"gspb_container-id-gsbp-497bc73\">\n<p>Los precios y la disponibilidad de los productos est\u00e1n sujetos a cambios sin previo aviso. En caso de precio incorrecto debido a un error tipogr\u00e1fico o a informaci\u00f3n incorrecta sobre precios recibida de un proveedor, Telejammer se reserva el derecho a rechazar o cancelar cualquier pedido de un producto con precio incorrecto, independientemente de si el pedido ha sido confirmado o se ha realizado tu Pago. Si se ha efectuado tu Pago y se cancela tu pedido, <strong>Telejammer<\/strong> te reembolsar\u00e1 inmediatamente el importe de tu Forma de Pago.  <\/p>\n\n\n\n<p>Todas las pantallas que aparecen en el Sitio web, incluidos los gr\u00e1ficos, textos, dise\u00f1os, botones, logotipos, im\u00e1genes e iconos, as\u00ed como la selecci\u00f3n, montaje y disposici\u00f3n, son propiedad exclusiva de The Jammer Shop o de sus proveedores y\/o licenciantes. El contenido de este sitio web es \u00fanicamente para comprar o hacer un pedido en este sitio web y no debe utilizarse para otros fines. Cualquier otro uso en cualquier forma o por cualquier medio, incluida la modificaci\u00f3n, reproducci\u00f3n, carga, publicaci\u00f3n, transmisi\u00f3n o distribuci\u00f3n, sin el permiso previo por escrito de <strong>Telejammer<\/strong> est\u00e1 estrictamente prohibido. Todo el software utilizado en el sitio web es propiedad exclusiva de Telejammer o del software.   <\/p>\n\n\n\n<p>Telejammer.<strong>com<\/strong> no ofrece ninguna declaraci\u00f3n ni garant\u00eda, expresa o impl\u00edcita, con respecto a los productos vendidos en Telejammer.com. En ning\u00fan caso Telejammer.com ser\u00e1 responsable de ning\u00fan da\u00f1o, y en particular, Telejammer.com no ser\u00e1 responsable de ning\u00fan da\u00f1o especial, indirecto, consecuente, incidental o p\u00e9rdida de propiedad, p\u00e9rdida de ingresos, o p\u00e9rdida de uso, por el sitio inform\u00e1tico del cuaderno o la informaci\u00f3n contenida en \u00e9l o relacionada, independientemente de que dichos da\u00f1os sean contractuales, por negligencia, agravio, derecho, equidad, ley o de otro tipo. <\/p>\n\n\n\n<p>Podemos cambiar y actualizar las Condiciones de uso de vez en cuando sin previo aviso. Ten en cuenta nuestras condiciones de recopilaci\u00f3n, uso y divulgaci\u00f3n. Si tienes alguna pregunta, duda o comentario sobre esta Pol\u00edtica de privacidad, ponte en contacto con nosotros en info@Telejammer.com.  <\/p>\n<\/div>\n\n<p><\/p>\n","protected":false},"excerpt":{"rendered":"","protected":false},"author":1,"featured_media":0,"parent":0,"menu_order":0,"comment_status":"closed","ping_status":"closed","template":"","meta":{"_acf_changed":false,"_gspb_post_css":".gspb_container-id-gsbp-497bc73{flex-direction:column;box-sizing:border-box}#gspb_container-id-gsbp-497bc73.gspb_container>p:last-of-type{margin-bottom:0}#gspb_container-id-gsbp-497bc73.gspb_container{position:relative}","footnotes":""},"class_list":["post-9404","page","type-page","status-publish","hentry"],"blocksy_meta":[],"aioseo_notices":[],"acf":[],"_links":{"self":[{"href":"https:\/\/telejammer.com\/es\/wp-json\/wp\/v2\/pages\/9404","targetHints":{"allow":["GET"]}}],"collection":[{"href":"https:\/\/telejammer.com\/es\/wp-json\/wp\/v2\/pages"}],"about":[{"href":"https:\/\/telejammer.com\/es\/wp-json\/wp\/v2\/types\/page"}],"author":[{"embeddable":true,"href":"https:\/\/telejammer.com\/es\/wp-json\/wp\/v2\/users\/1"}],"replies":[{"embeddable":true,"href":"https:\/\/telejammer.com\/es\/wp-json\/wp\/v2\/comments?post=9404"}],"version-history":[{"count":1,"href":"https:\/\/telejammer.com\/es\/wp-json\/wp\/v2\/pages\/9404\/revisions"}],"predecessor-version":[{"id":9406,"href":"https:\/\/telejammer.com\/es\/wp-json\/wp\/v2\/pages\/9404\/revisions\/9406"}],"wp:attachment":[{"href":"https:\/\/telejammer.com\/es\/wp-json\/wp\/v2\/media?parent=9404"}],"curies":[{"name":"wp","href":"https:\/\/api.w.org\/{rel}","templated":true}]}}