{"id":9397,"date":"2025-02-14T15:05:45","date_gmt":"2025-02-14T07:05:45","guid":{"rendered":"https:\/\/telejammer.com\/devoluciones-y-reembolsos\/"},"modified":"2025-03-29T15:39:03","modified_gmt":"2025-03-29T07:39:03","slug":"devoluciones-y-reembolsos","status":"publish","type":"page","link":"https:\/\/telejammer.com\/es\/devoluciones-y-reembolsos\/","title":{"rendered":"Devoluciones y reembolsos"},"content":{"rendered":"\n<details class=\"wp-block-details is-layout-flow wp-block-details-is-layout-flow\"><summary>Todos los pedidos de nuestra tienda <strong>tienen env\u00edo terrestre est\u00e1ndar GRATUITO. <\/strong><br>Todos los pedidos se procesan normalmente en un plazo de 48 a 72 horas de lunes a viernes, excluidos fines de semana y festivos.<br>Telejammer acepta T\/T de banco a banco, y western union<br>Tambi\u00e9n admitimos tarjetas de cr\u00e9dito y varios monederos. Tienes que ponerte en contacto con nosotros para solicitar tu n\u00famero de cuenta.<br>Todos los estilos rebajados son venta final. No se admiten devoluciones.<br>Los pedidos se env\u00edan por FEDEX, UPS,DHL y 4PX EXPRESS.<br>Se estima que los pedidos se entregan en un plazo de 5 a 7 d\u00edas laborables a partir de la fecha del pedido (excluyendo fines de semana). Los pedidos internacionales se env\u00edan en un plazo de 5 a 7 d\u00edas laborables y pueden tardar hasta 14 d\u00edas laborables en entregarse, dependiendo del servicio de env\u00edo.   <br><strong>ENV\u00cdO Y SEGUIMIENTO<\/strong><br>Una vez que tu pedido sale de nuestros almacenes, estamos a merced del transportista para hac\u00e9rtelo llegar. <br>La informaci\u00f3n de seguimiento se enviar\u00e1 por correo electr\u00f3nico en el momento del env\u00edo. Por favor, no olvides hacer el seguimiento de tu paquete, es responsabilidad del cliente.   <strong>*\u00a1por favor, comprueba el filtro de spam!<\/strong><br><strong>ENV\u00cdO INTERNACIONAL<\/strong><br>Canad\u00e1, Australia, Nueva Zelanda, Reino Unido, M\u00e9xico, Francia, Alemania, Noruega, Suecia, Dinamarca, Pa\u00edses Bajos, B\u00e9lgica, Austria, Espa\u00f1a, Suiza, Irlanda, Hong Kong, Jap\u00f3n, Singapur, Rep\u00fablica Checa, Corea del Sur, Grecia, Israel, Taiw\u00e1n, Antigua y Barbuda, Aruba, Argentina, Bahamas, Barbados, Belice, Bermudas, Islas Caim\u00e1n, China, Islas Cook, Cuba, Cura\u00e7ao, Dominica, Rep\u00fablica Dominicana, Fiyi, Finlandia, Groenlandia, Hungr\u00eda, Islandia, Jamaica, Filipinas, Polonia, Costa Rica, Samoa, Islas Salom\u00f3n, Tailandia, Tonga, Islas Turcas y Caicos, Islas Perif\u00e9ricas Menores de Estados Unidos, Vietnam, Islas V\u00edrgenes.<br>Los clientes internacionales son responsables de todos los impuestos, aranceles y gastos de env\u00edo en ambas direcciones -env\u00edos y devoluciones-.<br>ENVIADO VAC\u00cdO<br><strong>DEVOLUCIONES Y CAMBIOS<\/strong><br><strong>Tienes 30 d\u00edas para devolver o cambiar un art\u00edculo.<\/strong><br>Para devolver o cambiar art\u00edculos solicita una AUTORIZACI\u00d3N DE DEVOLUCI\u00d3N. <br>Telejammer acepta devoluciones de art\u00edculos no usados, no lavados y defectuosos en un plazo de 30 d\u00edas a partir de la fecha de compra. Los art\u00edculos deben devolverse en el mismo estado en que los recibiste; no se aceptar\u00e1 la devoluci\u00f3n ni el cambio de ning\u00fan signo de desgaste. Cuando te pruebes tu nueva compra, te pedimos que evites llevar aceites esenciales o fragancias fuertes y\/o abrazar a tus amigos peludos. Esto impregna las prendas y las hace invendibles. Los art\u00edculos que nos devuelvas -a menos que los hayamos recibido defectuosos o da\u00f1ados- deben estar en condiciones de volver a venderse para poder optar a un cr\u00e9dito.    <br><br>Queremos que est\u00e9s 100% entusiasmado con tu compra, y te animamos a que te pruebes las prendas en casa para asegurarte de que te quedan bien. Seguimos un estricto protocolo sanitario en nuestro almac\u00e9n para que te sientas seguro al probarte las prendas que recibes de nosotros. Si aun as\u00ed decides lavar las prendas antes de prob\u00e1rtelas, lamentablemente ya no podremos aceptarlas para devoluci\u00f3n o cambio. Te agradecemos tu comprensi\u00f3n. <br>Por favor, incluye tu lista de paquetes con una nota detallada para agilizar el proceso.<br>Los art\u00edculos de Telejammer comprados en boutiques independientes y socios minoristas deben devolverse al lugar donde se compraron.   <\/summary>\n<p><\/p>\n<\/details>\n","protected":false},"excerpt":{"rendered":"","protected":false},"author":1,"featured_media":0,"parent":0,"menu_order":0,"comment_status":"closed","ping_status":"closed","template":"","meta":{"_acf_changed":false,"_gspb_post_css":"","footnotes":""},"class_list":["post-9397","page","type-page","status-publish","hentry"],"blocksy_meta":[],"aioseo_notices":[],"acf":[],"_links":{"self":[{"href":"https:\/\/telejammer.com\/es\/wp-json\/wp\/v2\/pages\/9397","targetHints":{"allow":["GET"]}}],"collection":[{"href":"https:\/\/telejammer.com\/es\/wp-json\/wp\/v2\/pages"}],"about":[{"href":"https:\/\/telejammer.com\/es\/wp-json\/wp\/v2\/types\/page"}],"author":[{"embeddable":true,"href":"https:\/\/telejammer.com\/es\/wp-json\/wp\/v2\/users\/1"}],"replies":[{"embeddable":true,"href":"https:\/\/telejammer.com\/es\/wp-json\/wp\/v2\/comments?post=9397"}],"version-history":[{"count":1,"href":"https:\/\/telejammer.com\/es\/wp-json\/wp\/v2\/pages\/9397\/revisions"}],"predecessor-version":[{"id":9399,"href":"https:\/\/telejammer.com\/es\/wp-json\/wp\/v2\/pages\/9397\/revisions\/9399"}],"wp:attachment":[{"href":"https:\/\/telejammer.com\/es\/wp-json\/wp\/v2\/media?parent=9397"}],"curies":[{"name":"wp","href":"https:\/\/api.w.org\/{rel}","templated":true}]}}