{"id":9797,"date":"2025-03-01T14:37:49","date_gmt":"2025-03-01T06:37:49","guid":{"rendered":"https:\/\/telejammer.com\/12-antennen-plus-tragbarer-signalstoersender-jp12\/"},"modified":"2025-03-29T16:16:52","modified_gmt":"2025-03-29T08:16:52","slug":"12-antennen-plus-tragbarer-signalstoersender-jp12","status":"publish","type":"product","link":"https:\/\/telejammer.com\/de\/12-antennen-plus-tragbarer-signalstoersender-jp12\/","title":{"rendered":"12 Antennen plus tragbarer Signalst\u00f6rsender JP12"},"content":{"rendered":"<h1>12 Antennen plus <a href=\"https:\/\/telejammer.com\/12-antennas-plus-portable-signal-jammer-jp12\/\">tragbarer Signalst\u00f6rsender JP12<\/a><\/h1>\n<p class=\"sr-proMainInfo-baseInfoH1 J-baseInfo-name\">12 Antennen plus All-in-One-Blockierung 2g 3G 4G 5G GPS WiFi Lojack <a href=\"https:\/\/telejammer.com\/12-antennas-plus-portable-signal-jammer-jp12\/\">Telefonsignalst\u00f6rsender<\/a><\/p>\n<p>1: JYT-1260A schirmt 2G-, 3G-, 4G-, 5G- und GPSL1-, WIFI-Signale f\u00fcr Mobiltelefone ab.<br \/>\n2: JYT-1260B schirmt Mobiltelefone ab 2G, 3G, 4G, 5G und GPSL1, WIFI, LOJACK-Signale.<br \/>\nDieser Handy-St\u00f6rsender erf\u00fcllt Ihre Blockierungsanforderungen f\u00fcr die am h\u00e4ufigsten betroffenen Frequenztypen.<br \/>\nUnd das Handheld-Design macht es einfach zu transportieren.<\/p>\n<p>Eingebaute 3 L\u00fcfter und ein st\u00e4rkerer Hei\u00dfk\u00f6rper sorgen daf\u00fcr, dass das Ger\u00e4t sicher und kontinuierlich arbeitet<\/p>\n<p><strong>Leistungsbeschreibung:<\/strong><br \/>\nSchnittstellenstandards abdecken:<br \/>\n JT-1260A<\/p>\n<p>Band 1: CDMA: 850-894 MHz<br \/>\nBand 2: GSM: 925-960 MHz<\/p>\n<p>Band 3: DCS &amp; PCS: 1805-1990 MHz<br \/>\nBand 4: 3G: 2110-2170 MHz<br \/>\nBand 5: 4G: 2620-2690 MHz<br \/>\nBand 6: 4G1: 738-821 MHz<br \/>\nBand 7: 5,2 G: 5100-5600 MHz<\/p>\n<p>Band 8: 5,8 G: 5600-5900 MHz<br \/>\nBand 9: 5G1: 3300 bis 3600 MHz<\/p>\n<p>Band 10: 5G2: 3600 bis 3800 MHz<\/p>\n<p>Band 11: GPSL1: 1570-1580MHz<\/p>\n<p>Band 12: WIFI: 2400-2485 MHz<\/p>\n<p>JT-1260B<\/p>\n<p>Band 1: CDMA &amp; GSM: 850-960MHz<\/p>\n<p>Band 2: DCS &amp; PCS: 1805-1990 MHz<br \/>\nBand 3: 3G: 2110-2170 MHz<br \/>\nBand 4: 4G: 2620-2690 MHz<br \/>\nBand 5: 4G1: 738-821 MHz<br \/>\nBand 6: 5,2 G WIFI: 5100-5600 MHz<\/p>\n<p>Band 7: 5,8 G WIFI: 5600-5900 MHz<br \/>\nBand 8: 5G1: 3300 bis 3600 MHz<\/p>\n<p>Band 9: 5G2: 3600 bis 3800 MHz<\/p>\n<p>Band 10: GPSL1: 1570-1580MHz<\/p>\n<p>Band 11: WIFI: 2400-2485 MHz<\/p>\n<p>Band 12: Lojack: 165-174MHz<\/p>\n<p><strong>Wir k\u00f6nnen die Frequenzen auch an unterschiedliche Anforderungen anpassen. Bitte z\u00f6gern Sie nicht, uns jederzeit zu kontaktieren!<\/strong><\/p>\n<div><\/div>\n<div>\n<div><strong>Merkmal und Vorteile:<\/strong><\/div>\n<div>\n<p>1. ODM- und OEM-Bestellungen sind willkommen.<br \/>\n2. Kleines Design, leicht zu tragen.<\/p>\n<p>3. Mit dem DIP-Schalter unterst\u00fctzen Sie das Einstellen oder Ausschalten eines einzelnen Bandes, ohne den Betrieb der anderen B\u00e4nder zu beeinflussen.<br \/>\n4. Die Shileding-Entfernung von bis zu 20 m h\u00e4ngt von der Signalst\u00e4rke in einem bestimmten Bereich ab.<br \/>\n5. Externe omnidirektionale Antennen. Die gesamte TX-Frequenz wird nur \u00fcber die Verbindung abgedeckt. <\/p>\n<p>6. Ausgestattet mit einem Autoladeger\u00e4t, das direkt im Auto verwendet werden kann, ist auch eine 12V DC \/ AC-Stromversorgung verf\u00fcgbar.<\/p>\n<p>7. Eingebauter wiederaufladbarer 7,4-V-4600-mAh-Akku, Arbeitszeit bis zu 90 Minuten<br \/>\n8. Siebdruck-OEM-Service kann angeboten werden.<\/p>\n<\/div>\n<p>9. Gutes K\u00fchlsystem mit L\u00fcftern im Inneren und st\u00e4rkerem hei\u00dfem Sink.<\/p>\n<p><strong>Parameter:<\/strong><\/p>\n<p>Ausgangsleistung: 12W<\/p>\n<p>Stromversorgung: AC110-240V bis DC12V<\/p>\n<p>Vollst\u00e4ndiger Satz Gewicht: 2 kg<br \/>\nGr\u00f6\u00dfe: 171 * 98 * 58 (ohne Antennen)<\/p>\n<p>Abschirmradius: 10-20 Meter bei -75 dBm (abh\u00e4ngig von der Signalst\u00e4rke im gegebenen Bereich)<\/p>\n<p>Batterie: Eingebauter Akku 7,4 V \/ 4600 mAh<\/p>\n<p>Arbeitszeit: Mehr als 90 Minuten<br \/>\nK\u00fchlsystem: K\u00fchler aus hocheffizienter Aluminiumlegierung, eingebaute 3x L\u00fcfter<\/p>\n<p><strong>Anwendung:<\/strong><\/p>\n<p>1.It kann in Besprechungsr\u00e4umen, Konferenzr\u00e4umen, Museen, Galerien, Theatern, Konzerts\u00e4len, Kirchen, Tempeln, Restaurants, Klassenzimmern, Schulungszentren, Fabriken, Banken, Z\u00fcgen, Bussen und mehr angewendet werden.<br \/>\n2. F\u00fcr einige Orte mit besonderen Zwecken, wie z. B. Krankenh\u00e4user, Tankstellen und mehr, f\u00fchren Sie bitte zuerst einen Feldtest durch, um sicherzustellen, dass der normale Betrieb ihrer Ger\u00e4te und Instrumente nicht beeintr\u00e4chtigt wurde.<\/p>\n<p><strong>Garantie: ein Jahr ab Lieferdatum.<\/strong><\/p>\n<\/div>\n","protected":false},"excerpt":{"rendered":"<p>12 Antennen plus All-in-One-Blockierung 2g 3G 4G 5G GPS WiFi Lojack Telefonsignalst\u00f6rsender<\/p>\n","protected":false},"featured_media":7246,"comment_status":"open","ping_status":"closed","template":"","meta":{"_acf_changed":false,"_gspb_post_css":""},"product_cat":[182],"product_tag":[226],"product_brands":[],"class_list":{"0":"post-9797","1":"product","2":"type-product","3":"status-publish","4":"has-post-thumbnail","6":"product_cat-handheld-signal-jammer-de","7":"product_tag-12-antennas-de-2","9":"first","10":"instock","11":"sale","12":"shipping-taxable","13":"purchasable","14":"product-type-simple"},"ct_brands":[],"aioseo_notices":[],"acf":[],"_links":{"self":[{"href":"https:\/\/telejammer.com\/de\/wp-json\/wp\/v2\/product\/9797","targetHints":{"allow":["GET"]}}],"collection":[{"href":"https:\/\/telejammer.com\/de\/wp-json\/wp\/v2\/product"}],"about":[{"href":"https:\/\/telejammer.com\/de\/wp-json\/wp\/v2\/types\/product"}],"replies":[{"embeddable":true,"href":"https:\/\/telejammer.com\/de\/wp-json\/wp\/v2\/comments?post=9797"}],"wp:featuredmedia":[{"embeddable":true,"href":"https:\/\/telejammer.com\/de\/wp-json\/wp\/v2\/media\/7246"}],"wp:attachment":[{"href":"https:\/\/telejammer.com\/de\/wp-json\/wp\/v2\/media?parent=9797"}],"wp:term":[{"taxonomy":"product_cat","embeddable":true,"href":"https:\/\/telejammer.com\/de\/wp-json\/wp\/v2\/product_cat?post=9797"},{"taxonomy":"product_tag","embeddable":true,"href":"https:\/\/telejammer.com\/de\/wp-json\/wp\/v2\/product_tag?post=9797"},{"taxonomy":"product_brands","embeddable":true,"href":"https:\/\/telejammer.com\/de\/wp-json\/wp\/v2\/product_brands?post=9797"}],"curies":[{"name":"wp","href":"https:\/\/api.w.org\/{rel}","templated":true}]}}