{"id":9719,"date":"2025-02-18T20:23:22","date_gmt":"2025-02-18T12:23:22","guid":{"rendered":"https:\/\/telejammer.com\/tragbarer-wifi-stoersender-mit-12-antennen-4g-3g-2g-wifi2-4g-5-8g-gpsl1-lojackrc433-315-868\/"},"modified":"2025-03-29T16:13:04","modified_gmt":"2025-03-29T08:13:04","slug":"tragbarer-wifi-stoersender-mit-12-antennen-4g-3g-2g-wifi2-4g-5-8g-gpsl1-lojackrc433-315-868","status":"publish","type":"product","link":"https:\/\/telejammer.com\/de\/tragbarer-wifi-stoersender-mit-12-antennen-4g-3g-2g-wifi2-4g-5-8g-gpsl1-lojackrc433-315-868\/","title":{"rendered":"Tragbarer WIFI-St\u00f6rsender mit 12 Antennen 4G \/ 3G \/ 2G + WiFi2.4G \/ 5.8G + GPSL1 + LOJACK+RC433 315 868"},"content":{"rendered":"<p><strong>Jam-Signaltyp<\/strong>: 1: N12-A: Vollband-Mobiltelefon 4G \/ 3G \/ 2G + WiFi2.4G \/ 5.8G + GPSL1 + LOJACK + RC433 315 868<\/p>\n<p>2: N12-B: Vollband-Mobiltelefon 4G \/ 3G \/ 2G + WiFi2.4G + GPSL1 L2 L5 + LOJACK + RC433 315 868<\/p>\n<p><strong>Ausgangsleistung<\/strong>: Insgesamt 8,4 W, 0,7 W pro Band (Antennen mit einem Gewinn von mehr als 12 Watt hinzuf\u00fcgen)<\/p>\n<p><strong>Stauradius<\/strong>: 2-20 Meter<\/p>\n<p><strong>Stromversorgung<\/strong>: AC110-240V bis DC12V<\/p>\n<p><strong>K\u00fchlsystem<\/strong>: K\u00fchler aus hocheffizienter Aluminiumlegierung, eingebauter 2x L\u00fcfter<\/p>\n<p><strong>Arbeitszeit<\/strong>: Eingebaute Batterie: 7,4 V \/ 10000 mAh Weiterarbeiten: mehr als 2,0+ Stunden<\/p>\n<p><strong>Produktgr\u00f6\u00dfe<\/strong>: 165 x 93 x 46 mm (nicht im Lieferumfang enthalten) L\u00e4nge der Antenne: 166 mm Gewinn: 2,0 dbi<\/p>\n<p><strong>Produktgewicht<\/strong>: ca. 2,0 kg<\/p>\n<p><strong>Packungsinhalt<\/strong>: St\u00f6rsender-Host x 1, AC-Ladeger\u00e4t x1, Antenne x12, Autoladeger\u00e4t x1, Nylonabdeckung x1.<\/p>\n<p><strong>Vorteile:<\/strong><\/p>\n<p>Das neueste Handheld-Design 12 All-in-One-Frequenzen, die alle Mobilfunksignale, LOJACK GPS, Wi-Fi, HF-Signale blockieren<\/p>\n<p>8,4 Watt hohe Ausgangsleistung und Antennen mit hoher Verst\u00e4rkung, St\u00f6rbereich 2 bis 20 Meter (at-75dBm, abh\u00e4ngig von der Signalst\u00e4rke im jeweiligen Bereich)<\/p>\n<p>Gutes K\u00fchlsystem mit L\u00fcftern im Inneren und gr\u00f6\u00dferem Heizk\u00f6rper<\/p>\n<p>Mit dem DIP-Schalter kann jedes Signalband ein- und ausgeschaltet werden, ohne andere B\u00e4nder zu beeinflussen<\/p>\n<p>Mit Autoladeger\u00e4t, kann direkt im Auto verwendet werden, 12V DC\/AC-Netzteil ist auch verf\u00fcgbar<\/p>\n<p>Mit eingebautem gr\u00f6\u00dferem Akku kann mehr als (2,0+ Stunden) 120 Minuten gearbeitet werden, kann wiederholt aufgeladen werden<\/p>\n<p>Nylonabdeckung zum Schutz und zur Tragbarkeit.<\/p>\n<p><strong>OEM kundenspezifischer Service:<\/strong><br \/>\nAngepasst an spezielle Frequenzb\u00e4nder, Wi-Fi5G, drahtlose Kamera 1,2 GHz usw<br \/>\n. Siebdruck-OEM-Service kann angeboten werden<\/p>\n<p><strong>Anwendung<\/strong><strong>:<\/strong><br \/>\n Es kann in Besprechungsr\u00e4umen, Konferenzr\u00e4umen, Museen, Galerien, Theatern, Konzerts\u00e4len, Kirchen, Tempeln, Restaurants, Klassenzimmern, Schulungszentren, Fabriken, Banken, Z\u00fcgen, Bussen und mehr angewendet werden Orte, die Stille, Vertraulichkeit und Informationssicherheit erfordern<\/p>\n<table width=\"99%\">\n<tbody>\n<tr>\n<td colspan=\"4\" width=\"100%\"><strong>Wichtige technische Daten: N12-A<\/strong><\/td>\n<\/tr>\n<tr>\n<td width=\"10%\"><strong>Kanal<\/strong><\/td>\n<td width=\"23%\"><strong>Ausgangsanschluss<\/strong><\/td>\n<td width=\"35%\"><strong>Frequenzbereich<\/strong><\/td>\n<td width=\"30%\"><strong>Durchschnittliche Ausgangsleistung<\/strong><\/td>\n<\/tr>\n<tr>\n<td width=\"10%\">\n 1<\/td>\n<td width=\"23%\">4GLTE 700<\/td>\n<td width=\"35%\">700-803 oder 790-862 MHz<\/td>\n<td width=\"30%\">28,5 dBm\/0,7 W<\/td>\n<\/tr>\n<tr>\n<td width=\"10%\">arabische Ziffer<\/td>\n<td width=\"23%\">CDMA oder RC868<\/td>\n<td width=\"35%\">851-894 oder 868MHz<\/td>\n<td width=\"30%\">28,5 dBm\/0,7 W<\/td>\n<\/tr>\n<tr>\n<td width=\"10%\">\n 3<\/td>\n<td width=\"23%\">GPSL1<\/td>\n<td width=\"35%\">1570-1610MHz<\/td>\n<td width=\"30%\">28,5 dBm\/0,7 W<\/td>\n<\/tr>\n<tr>\n<td width=\"10%\">4<\/td>\n<td width=\"23%\">Wi-Fi 2.4G<\/td>\n<td width=\"35%\">2400-2500 MHz<\/td>\n<td width=\"30%\">28,5 dBm\/0,7 W<\/td>\n<\/tr>\n<tr>\n<td width=\"10%\">\n 5<\/td>\n<td width=\"23%\">3G<\/td>\n<td width=\"35%\">2110-2170MHz<\/td>\n<td width=\"30%\">28,5 dBm\/0,7 W<\/td>\n<\/tr>\n<tr>\n<td width=\"10%\">\n 6<\/td>\n<td width=\"23%\">4G2600 oder 2300<\/td>\n<td width=\"35%\">2500-2690 oder 2300-2400MHz<\/td>\n<td width=\"30%\">28,5 dBm\/0,7 W<\/td>\n<\/tr>\n<tr>\n<td width=\"10%\">\n 7<\/td>\n<td width=\"23%\">LOJACK oder UKW<\/td>\n<td width=\"35%\">167-175 oder 135-175 MHz<\/td>\n<td width=\"30%\">28,5 dBm\/0,7 W<\/td>\n<\/tr>\n<tr>\n<td width=\"10%\">\n 8<\/td>\n<td width=\"23%\">RC315<\/td>\n<td width=\"35%\">315 MHz<\/td>\n<td width=\"30%\">28,5 dBm\/0,7 W<\/td>\n<\/tr>\n<tr>\n<td width=\"10%\">\n 9<\/td>\n<td width=\"23%\">RC433 oder UHF<\/td>\n<td width=\"35%\">433 oder 400-470 MHz<\/td>\n<td width=\"30%\">28,5 dBm\/0,7 W<\/td>\n<\/tr>\n<tr>\n<td width=\"10%\">10<\/td>\n<td width=\"23%\">\n GSM<\/td>\n<td width=\"35%\">925-960 MHz<\/td>\n<td width=\"30%\">28,5 dBm\/0,7 W<\/td>\n<\/tr>\n<tr>\n<td width=\"10%\">11<\/td>\n<td width=\"23%\">DCS oder PCS<\/td>\n<td width=\"35%\">1805-1880 oder 1920-1990 MHz<\/td>\n<td width=\"30%\">28,5 dBm\/0,7 W<\/td>\n<\/tr>\n<tr>\n<td width=\"10%\">12<\/td>\n<td width=\"23%\">Wi-Fi 5,8G<\/td>\n<td width=\"35%\">5725-5850MHz<\/td>\n<td width=\"30%\">28,5 dBm\/0,7 W<\/td>\n<\/tr>\n<tr>\n<td colspan=\"4\" width=\"100%\">Stromversorgung: Adapter 50 auf 60 Hz AC (110-240 V AC\/12 V DC) Kfz-Ladeger\u00e4t: DC12V IN<\/td>\n<\/tr>\n<tr>\n<td colspan=\"4\" width=\"100%\">Abmessungen: (L\u00e4nge, Breite, H\u00f6he) 165 * 96 * 46 mm (ohne Antenne) L\u00e4nge der Antenne: 166 mm Gewinn: 2,0 dbi<\/td>\n<\/tr>\n<tr>\n<td colspan=\"4\" width=\"100%\">Packungsgr\u00f6\u00dfe: 25 * 24 * 8 cm Nettogewicht: 1,5 kg Bruttogewicht: 2,0 kg<\/td>\n<\/tr>\n<tr>\n<td colspan=\"4\" width=\"100%\">Gesamtleistung: 8,4 W<br \/>\nAbschirmradius: (2-20) Meter bei -75 dBm H\u00e4ngt immer noch vom St\u00e4rkesignal in einem bestimmten Bereich<br \/>\nab Eingebaute Batterie: 7,4 V \/ 10000 mAh Weiterarbeiten: mehr als 2,0+ Stunden<\/td>\n<\/tr>\n<tr>\n<td colspan=\"4\" width=\"100%\">Garantie: ein Jahr ab Lieferdatum<\/td>\n<\/tr>\n<\/tbody>\n<\/table>\n<table width=\"99%\">\n<tbody>\n<tr>\n<td colspan=\"4\" width=\"100%\"><strong>Wichtige technische Daten: N12-B<\/strong><\/td>\n<\/tr>\n<tr>\n<td width=\"10%\"><strong>Kanal<\/strong><\/td>\n<td width=\"23%\"><strong>Ausgangsanschluss<\/strong><\/td>\n<td width=\"35%\"><strong>Frequenzbereich<\/strong><\/td>\n<td width=\"30%\"><strong>Durchschnittliche Ausgangsleistung<\/strong><\/td>\n<\/tr>\n<tr>\n<td width=\"10%\">\n 1<\/td>\n<td width=\"23%\">4GLTE 700<\/td>\n<td width=\"35%\">700-803 oder 790-862 MHz<\/td>\n<td width=\"30%\">28,5 dBm\/0,7 W<\/td>\n<\/tr>\n<tr>\n<td width=\"10%\">arabische Ziffer<\/td>\n<td width=\"23%\">CDMA oder RC868<\/td>\n<td width=\"35%\">851-894 oder 868MHz<\/td>\n<td width=\"30%\">28,5 dBm\/0,7 W<\/td>\n<\/tr>\n<tr>\n<td width=\"10%\">\n 3<\/td>\n<td width=\"23%\">GPSL1<\/td>\n<td width=\"35%\">1570-1610MHz<\/td>\n<td width=\"30%\">28,5 dBm\/0,7 W<\/td>\n<\/tr>\n<tr>\n<td width=\"10%\">4<\/td>\n<td width=\"23%\">GPSL2L5 oder PCS<\/td>\n<td width=\"35%\">1170-1280 oder 1920-1990MHz<\/td>\n<td width=\"30%\">28,5 dBm\/0,7 W<\/td>\n<\/tr>\n<tr>\n<td width=\"10%\">\n 5<\/td>\n<td width=\"23%\">3G<\/td>\n<td width=\"35%\">2110-2170MHz<\/td>\n<td width=\"30%\">28,5 dBm\/0,7 W<\/td>\n<\/tr>\n<tr>\n<td width=\"10%\">\n 6<\/td>\n<td width=\"23%\">4G2600 oder 2300<\/td>\n<td width=\"35%\">2500-2690 oder 2300-2400MHz<\/td>\n<td width=\"30%\">28,5 dBm\/0,7 W<\/td>\n<\/tr>\n<tr>\n<td width=\"10%\">\n 7<\/td>\n<td width=\"23%\">LOJACK oder UKW<\/td>\n<td width=\"35%\">167-175 oder 135-175 MHz<\/td>\n<td width=\"30%\">28,5 dBm\/0,7 W<\/td>\n<\/tr>\n<tr>\n<td width=\"10%\">\n 8<\/td>\n<td width=\"23%\">RC315<\/td>\n<td width=\"35%\">315 MHz<\/td>\n<td width=\"30%\">28,5 dBm\/0,7 W<\/td>\n<\/tr>\n<tr>\n<td width=\"10%\">\n 9<\/td>\n<td width=\"23%\">RC433 oder UHF<\/td>\n<td width=\"35%\">433 oder 400-470 MHz<\/td>\n<td width=\"30%\">28,5 dBm\/0,7 W<\/td>\n<\/tr>\n<tr>\n<td width=\"10%\">10<\/td>\n<td width=\"23%\">\n GSM<\/td>\n<td width=\"35%\">925-960 MHz<\/td>\n<td width=\"30%\">28,5 dBm\/0,7 W<\/td>\n<\/tr>\n<tr>\n<td width=\"10%\">11<\/td>\n<td width=\"23%\">DCS oder PCS<\/td>\n<td width=\"35%\">1805-1880 oder 1920-1990 MHz<\/td>\n<td width=\"30%\">28,5 dBm\/0,7 W<\/td>\n<\/tr>\n<tr>\n<td width=\"10%\">12<\/td>\n<td width=\"23%\">Wi-Fi 2.4G<\/td>\n<td width=\"35%\">2400-2500 MHz<\/td>\n<td width=\"30%\">28,5 dBm\/0,7 W<\/td>\n<\/tr>\n<tr>\n<td colspan=\"4\" width=\"100%\">Stromversorgung: Adapter 50 auf 60 Hz AC (110-240 V AC\/12 V DC) Kfz-Ladeger\u00e4t: DC12V IN<\/td>\n<\/tr>\n<tr>\n<td colspan=\"4\" width=\"100%\">Abmessungen: (L\u00e4nge, Breite, H\u00f6he) 165 * 96 * 46 mm (ohne Antenne) L\u00e4nge der Antenne: 166 mm Gewinn: 2,0 dbi<\/td>\n<\/tr>\n<tr>\n<td colspan=\"4\" width=\"100%\">Packungsgr\u00f6\u00dfe: 25 * 24 * 8 cm Nettogewicht: 1,5 kg Bruttogewicht: 2,0 kg<\/td>\n<\/tr>\n<tr>\n<td colspan=\"4\" width=\"100%\">Gesamtleistung: 8,4 W<br \/>\nAbschirmradius: (2-20) Meter bei -75 dBm H\u00e4ngt immer noch vom St\u00e4rkesignal in einem bestimmten Bereich<br \/>\nab Eingebaute Batterie: 7,4 V \/ 10000 mAh Weiterarbeiten: mehr als 2,0+ Stunden<\/td>\n<\/tr>\n<\/tbody>\n<\/table>\n","protected":false},"excerpt":{"rendered":"<p>Die neuesten 12 Antennen plus tragbarer Handy-Signalst\u00f6rer, gr\u00f6\u00dferer Heizk\u00f6rper und Akku 8,4 Watt Jamming bis zu 20 m<\/p>\n","protected":false},"featured_media":4663,"comment_status":"open","ping_status":"closed","template":"","meta":{"_acf_changed":false,"_gspb_post_css":""},"product_cat":[182],"product_tag":[240],"product_brands":[],"class_list":{"0":"post-9719","1":"product","2":"type-product","3":"status-publish","4":"has-post-thumbnail","6":"product_cat-handheld-signal-jammer-de","7":"product_tag-12-antennas-jammer-de","9":"first","10":"instock","11":"sale","12":"shipping-taxable","13":"purchasable","14":"product-type-simple"},"ct_brands":[],"aioseo_notices":[],"acf":[],"_links":{"self":[{"href":"https:\/\/telejammer.com\/de\/wp-json\/wp\/v2\/product\/9719","targetHints":{"allow":["GET"]}}],"collection":[{"href":"https:\/\/telejammer.com\/de\/wp-json\/wp\/v2\/product"}],"about":[{"href":"https:\/\/telejammer.com\/de\/wp-json\/wp\/v2\/types\/product"}],"replies":[{"embeddable":true,"href":"https:\/\/telejammer.com\/de\/wp-json\/wp\/v2\/comments?post=9719"}],"wp:featuredmedia":[{"embeddable":true,"href":"https:\/\/telejammer.com\/de\/wp-json\/wp\/v2\/media\/4663"}],"wp:attachment":[{"href":"https:\/\/telejammer.com\/de\/wp-json\/wp\/v2\/media?parent=9719"}],"wp:term":[{"taxonomy":"product_cat","embeddable":true,"href":"https:\/\/telejammer.com\/de\/wp-json\/wp\/v2\/product_cat?post=9719"},{"taxonomy":"product_tag","embeddable":true,"href":"https:\/\/telejammer.com\/de\/wp-json\/wp\/v2\/product_tag?post=9719"},{"taxonomy":"product_brands","embeddable":true,"href":"https:\/\/telejammer.com\/de\/wp-json\/wp\/v2\/product_brands?post=9719"}],"curies":[{"name":"wp","href":"https:\/\/api.w.org\/{rel}","templated":true}]}}