{"id":9675,"date":"2025-02-18T21:30:14","date_gmt":"2025-02-18T13:30:14","guid":{"rendered":"https:\/\/telejammer.com\/militaerisches-obd-auto-anti-track-gps-stoersender\/"},"modified":"2025-03-29T16:12:13","modified_gmt":"2025-03-29T08:12:13","slug":"militaerisches-obd-auto-anti-track-gps-stoersender","status":"publish","type":"product","link":"https:\/\/telejammer.com\/de\/militaerisches-obd-auto-anti-track-gps-stoersender\/","title":{"rendered":"Milit\u00e4risches OBD-Auto Anti-Track-GPS-St\u00f6rsender"},"content":{"rendered":"<p>Dieser milit\u00e4rische OBD-Auto-Anti-Track-GPS-St\u00f6rsender kann das GPS-Satellitennavigationssignal abschirmen und beeintr\u00e4chtigt die Kommunikation anderer Ger\u00e4te nicht.<\/p>\n<p><img decoding=\"async\" class=\" lazyloaded\" src=\"https:\/\/i.trade-cloud.com.cn\/upload\/6382\/image\/20210619\/11_24630.jpg\" alt=\"\" data-src=\"https:\/\/i.trade-cloud.com.cn\/upload\/6382\/image\/20210619\/11_24630.jpg\"><\/p>\n<p><strong>2. Spezifikation<\/strong><\/p>\n<div class=\"p-bl\">\n<table class=\"p-blas\" border=\"1\" width=\"100%\">\n<tbody>\n<tr>\n<td>Marke<\/td>\n<td>TeXin<\/td>\n<\/tr>\n<tr>\n<td>Modell<\/td>\n<td>TX-OBD<\/td>\n<\/tr>\n<tr>\n<td>Produkttyp<\/td>\n<td>Milit\u00e4rischer OBD-Auto-Anti-Track-GPS-St\u00f6rsender<\/td>\n<\/tr>\n<tr>\n<td>Jamming-Bereich<\/td>\n<td>5-10 Meter<\/td>\n<\/tr>\n<tr>\n<td>Arbeitskan\u00e4le<\/td>\n<td>GPSL1+Glonass: 1560-1620MHz<\/td>\n<\/tr>\n<tr>\n<td>K\u00f6rpergr\u00f6\u00dfe<\/td>\n<td>47 * 43 * 20 mm<\/td>\n<\/tr>\n<tr>\n<td>K\u00f6rpergewicht<\/td>\n<td>ca. 20 g<\/td>\n<\/tr>\n<tr>\n<td>Antenne<\/td>\n<td>Eingebaute omnidirektionale Antenne mit hoher Verst\u00e4rkung<\/td>\n<\/tr>\n<tr>\n<td>Betriebstemperatur<\/td>\n<td>-20 \u00b0C ~ 75 \u00b0C<\/td>\n<\/tr>\n<tr>\nLuftfeuchtigkeit <\/p>\n<td>bei der Arbeit<\/td>\n<td>35 ~ 95%<\/td>\n<\/tr>\n<tr>\n<td>Leistungsaufnahme<\/td>\n<td>\u226448W<\/td>\n<\/tr>\n<tr>\n<td>Eingangsleistung<\/td>\n<td>Gleichstrom12V 100mA<\/td>\n<\/tr>\n<\/tbody>\n<\/table>\n<\/div>\n<p>&nbsp;<\/p>\n<p><strong>3. Produktmerkmal<\/strong><\/p>\n<p>* F\u00fcr den milit\u00e4rischen OBD-Auto-Anti-Track-GPS-St\u00f6rsender<\/p>\n<p>* OBD-Schnittstelle f\u00fcr die Anwendung des Auto-ODD-Anschlusses<\/p>\n<p>* Wasserdichtes, feuerfestes, langlebiges Au\u00dfenschalenmaterial<\/p>\n<p>* Direkte Stromversorgung: 12-36V<\/p>\n<p>* Schildradius: 5-10 Meter, abh\u00e4ngig von der Umgebung<\/p>\n<p>* Ziemlich sch\u00f6ner versteckter Effekt, niemand kann erkennen, dass es sich um einen GPS-Signalst\u00f6rsender handelt<\/p>\n<p><strong>4. Multi-Anwendung<\/strong><\/p>\n<p>* F\u00fcr den milit\u00e4rischen OBD-Auto-Anti-Track-GPS-St\u00f6rsender<\/p>\n<p>* Anti-GPS-Tracking, Anti-GPS-Positionierung, Anti-Tailing, insbesondere selbstfahrende Autos f\u00fcr Frauen<\/p>\n<p>* Milit\u00e4r, Polizeisystem, Armeeanwendung<\/p>\n<p><strong>5.Mehr Foto<\/strong><\/p>\n","protected":false},"excerpt":{"rendered":"<h3>Der Military OBD Car Anti Track GPS-St\u00f6rsender ist ein Anti-Tracking- und Anti-Positionierungsger\u00e4t im OBD-Anschluss des Autos mit einem sch\u00f6nen versteckten Effekt.<\/h3>\n","protected":false},"featured_media":4942,"comment_status":"open","ping_status":"closed","template":"","meta":{"_acf_changed":false,"_gspb_post_css":""},"product_cat":[177],"product_tag":[],"product_brands":[],"class_list":{"0":"post-9675","1":"product","2":"type-product","3":"status-publish","4":"has-post-thumbnail","6":"product_cat-gps-jammer-de","8":"first","9":"instock","10":"sale","11":"shipping-taxable","12":"purchasable","13":"product-type-simple"},"ct_brands":[],"aioseo_notices":[],"acf":[],"_links":{"self":[{"href":"https:\/\/telejammer.com\/de\/wp-json\/wp\/v2\/product\/9675","targetHints":{"allow":["GET"]}}],"collection":[{"href":"https:\/\/telejammer.com\/de\/wp-json\/wp\/v2\/product"}],"about":[{"href":"https:\/\/telejammer.com\/de\/wp-json\/wp\/v2\/types\/product"}],"replies":[{"embeddable":true,"href":"https:\/\/telejammer.com\/de\/wp-json\/wp\/v2\/comments?post=9675"}],"wp:featuredmedia":[{"embeddable":true,"href":"https:\/\/telejammer.com\/de\/wp-json\/wp\/v2\/media\/4942"}],"wp:attachment":[{"href":"https:\/\/telejammer.com\/de\/wp-json\/wp\/v2\/media?parent=9675"}],"wp:term":[{"taxonomy":"product_cat","embeddable":true,"href":"https:\/\/telejammer.com\/de\/wp-json\/wp\/v2\/product_cat?post=9675"},{"taxonomy":"product_tag","embeddable":true,"href":"https:\/\/telejammer.com\/de\/wp-json\/wp\/v2\/product_tag?post=9675"},{"taxonomy":"product_brands","embeddable":true,"href":"https:\/\/telejammer.com\/de\/wp-json\/wp\/v2\/product_brands?post=9675"}],"curies":[{"name":"wp","href":"https:\/\/api.w.org\/{rel}","templated":true}]}}