{"id":9646,"date":"2025-02-19T11:14:30","date_gmt":"2025-02-19T03:14:30","guid":{"rendered":"https:\/\/telejammer.com\/leistungsstarke-18-antennen-2g-3g-4g-5g-gps-wifi-rf-signale-stoersender-ausgangsleistung-142w\/"},"modified":"2025-03-29T16:11:38","modified_gmt":"2025-03-29T08:11:38","slug":"leistungsstarke-18-antennen-2g-3g-4g-5g-gps-wifi-rf-signale-stoersender-ausgangsleistung-142w","status":"publish","type":"product","link":"https:\/\/telejammer.com\/de\/leistungsstarke-18-antennen-2g-3g-4g-5g-gps-wifi-rf-signale-stoersender-ausgangsleistung-142w\/","title":{"rendered":"Leistungsstarke 18 Antennen 2G 3G 4G 5G GPS WIFI RF Signale St\u00f6rsender Ausgangsleistung 142W"},"content":{"rendered":"<h1>Leistungsstarker Signalst\u00f6rsender mit 18 Antennen<\/h1>\n<h2>Leistungsstarke 18 Antennen 2G 3G 4G 5G GPS WIFI, RF Signale St\u00f6rsender 6-10W \/ Band mit 6-7dbi omnidirektionalen Antennen<\/h2>\n<p><img loading=\"lazy\" decoding=\"async\" class=\"size-full wp-image-6076 lazyloaded\" src=\"https:\/\/telejammer.com\/wp-content\/uploads\/2023\/07\/1689500185033.png\" alt=\"Leistungsstarke 18 Antennen 2G 3G 4G 5G GPS WIFI RF Signale St\u00f6rsender Ausgangsleistung 142W\" width=\"977\" height=\"924\" data-src=\"https:\/\/telejammer.com\/wp-content\/uploads\/2023\/07\/1689500185033.png\"><\/p>\n<p>\u260512 Antennendesign, 6-10 Watt pro Band\u2605<br \/>\nHohe Ausgangsleistung, Gesamt bis zu: 142 W, St\u00f6rung bis zu 100 m (H\u00e4ngt immer noch vom St\u00e4rkesignal in einem bestimmten Bereich ab)<br \/>\n \u2605Externe 6-7dbi Omnidirektionale Antennen mit hoher Verst\u00e4rkung decken nur<br \/>\n\u2605die TX-Frequenz ab Link Eingebauter AC110-240V auf 24V Adapter, sicher und einfach zu bedienen.<br \/>\n\u2605Eingebautes gutes K\u00fchlsystem in 8 L\u00fcftern und L\u00fcftern mit Temperaturregelung. Arbeitet ununterbrochen<br \/>\n\u2605Kann jedes einzelne Band einstellen oder ausschalten, ohne den Betrieb<br \/>\n\u2605der anderen B\u00e4nder zu beeinflussen Unabh\u00e4ngiges Moduldesign mit Frequenzquelle jedes Kanals, einfache Wartung (wenn ein besch\u00e4digtes Frequenzband vorhanden ist, ersetzen Sie es direkt durch eine neue Leiterplatte, keine professionelle Ausr\u00fcstung wie Frequenzanalysator erforderlich)<br \/>\n \u2605ODM- und OEM-Bestellungen sind willkommen, Sie k\u00f6nnen beliebige 18 B\u00e4nder f\u00fcr Ihren Bedarf ausw\u00e4hlen.<\/p>\n<p>Arbeitsfrequenz:<br \/>\n 1. CDMA 800: 850-894 MHz 10 W<br \/>\n2. GSM 900: 925-960 MHz 10 W<br \/>\n3. DCS: 1805-1990 MHz 10 W 4. LOJACK: 165-174 MHz 10 W<br \/>\n5,3 G: 2110-2170 MHz 8 W<br \/>\n6,4GLTE: 738-826 MHz 10 W<br \/>\n7,4 GWimax: 2620-2690 MHz 8 W 8. WIFI: 2400-2500 MHz 8 W<br \/>\n9,5,2 G WIFI: 5100-5500 MHz 6 W<br \/>\n10,5,8 G WIFI: 5500-5900 MHz 6 W<br \/>\n11,315: 315 MHz 6 W<br \/>\n12,433: 433 MHz 6 W<\/p>\n<p>13.868:868MHz 6W<\/p>\n<p>14,5G1: 3400-3600 MHz 10 W<\/p>\n<p>15,5G2: 3600-3800 MHz 10 W<\/p>\n<p>16. GPSL1: 1570-1580 MHz 6W<\/p>\n<p>17.GPSL2-L5: 1170-1280MHz 6W<\/p>\n<p>18.GPSL3-L4:1370-1390MHz6W<\/p>\n<p>Ausgangsleistung: 142W Stromversorgung: AC 110V \/ 220V DC 24V<\/p>\n<p>Gr\u00f6\u00dfe: 390 x 290 x 90 mm (ohne Antenne) komplettes Set Gewicht: 9,8 kg<\/p>\n<p>Abschirmradius: 50-100 Meter @-75 DBM (abh\u00e4ngig von der Signalst\u00e4rke im gegebenen Bereich)<\/p>\n<p>Arbeitszeit: Arbeit ohne Unterbrechung, kann 24 Stunden * 7 Tage * 12 Monate arbeiten<\/p>\n","protected":false},"excerpt":{"rendered":"<p>Holen Sie sich den neuen leistungsstarken HF-Signalst\u00f6rsender mit 18 Antennen, der 2G-, 3G-, 4G-, 5G-, GPS- und WIFI-Signale blockieren kann. Mit 6-10 W pro Band und 6-7 dbi omnidirektionalen Antennen bietet es eine effektive Signalst\u00f6rung bis zu 120 Metern <\/p>\n","protected":false},"featured_media":5185,"comment_status":"open","ping_status":"closed","template":"","meta":{"_acf_changed":false,"_gspb_post_css":""},"product_cat":[153,191],"product_tag":[370],"product_brands":[],"class_list":{"0":"post-9646","1":"product","2":"type-product","3":"status-publish","4":"has-post-thumbnail","6":"product_cat-desktop-signal-jammer-de","7":"product_cat-powerful-signal-jammer-de","8":"product_tag-18-antennas-jammer-de-2","10":"first","11":"instock","12":"sale","13":"shipping-taxable","14":"purchasable","15":"product-type-simple"},"ct_brands":[],"aioseo_notices":[],"acf":[],"_links":{"self":[{"href":"https:\/\/telejammer.com\/de\/wp-json\/wp\/v2\/product\/9646","targetHints":{"allow":["GET"]}}],"collection":[{"href":"https:\/\/telejammer.com\/de\/wp-json\/wp\/v2\/product"}],"about":[{"href":"https:\/\/telejammer.com\/de\/wp-json\/wp\/v2\/types\/product"}],"replies":[{"embeddable":true,"href":"https:\/\/telejammer.com\/de\/wp-json\/wp\/v2\/comments?post=9646"}],"wp:featuredmedia":[{"embeddable":true,"href":"https:\/\/telejammer.com\/de\/wp-json\/wp\/v2\/media\/5185"}],"wp:attachment":[{"href":"https:\/\/telejammer.com\/de\/wp-json\/wp\/v2\/media?parent=9646"}],"wp:term":[{"taxonomy":"product_cat","embeddable":true,"href":"https:\/\/telejammer.com\/de\/wp-json\/wp\/v2\/product_cat?post=9646"},{"taxonomy":"product_tag","embeddable":true,"href":"https:\/\/telejammer.com\/de\/wp-json\/wp\/v2\/product_tag?post=9646"},{"taxonomy":"product_brands","embeddable":true,"href":"https:\/\/telejammer.com\/de\/wp-json\/wp\/v2\/product_brands?post=9646"}],"curies":[{"name":"wp","href":"https:\/\/api.w.org\/{rel}","templated":true}]}}