{"id":9624,"date":"2025-02-19T11:38:37","date_gmt":"2025-02-19T03:38:37","guid":{"rendered":"https:\/\/telejammer.com\/14-baender-desktop-all-in-one-signalstoersender-gps-blocker-mit-vollen-frequenzen-35w\/"},"modified":"2025-03-29T16:11:15","modified_gmt":"2025-03-29T08:11:15","slug":"14-baender-desktop-all-in-one-signalstoersender-gps-blocker-mit-vollen-frequenzen-35w","status":"publish","type":"product","link":"https:\/\/telejammer.com\/de\/14-baender-desktop-all-in-one-signalstoersender-gps-blocker-mit-vollen-frequenzen-35w\/","title":{"rendered":"14 B\u00e4nder Desktop All-in-One Signalst\u00f6rsender GPS-Blocker mit vollen Frequenzen 35W"},"content":{"rendered":"<p>Kaufen Sie 14 B\u00e4nder Desktop All in One Full Frequencies Signal Jammer GPS Blocker 35W. Holen Sie sich 14 Bands Desktop All in One Full Frequencies Signal Jammer GPS Blocker 35W zum niedrigsten Preis online. <\/p>\n<h2>14 B\u00e4nder Desktop All-in-One Signalst\u00f6rsender GPS-Blocker mit vollen Frequenzen 35W<\/h2>\n<p>\u2605Gesamtausgangsleistung: 35 W.<br \/>\n\u2605Das neueste Design und gutes K\u00fchlsystem mit 5 L\u00fcftern im Inneren.<br \/>\n\u2605Jamming-Bereich: bis zu 40-70 m, @-75DBM Der Jamming-Radius h\u00e4ngt immer noch vom St\u00e4rkesignal im gegebenen Bereich ab. (15 M f\u00fcr VHF\/ UHF\/315\/433\/868)<br \/>\n\u2605Verwenden Sie st\u00e4rkere und l\u00e4ngere externe omnidirektionale Antennen, die alle TX-Frequenzen nur<br \/>\n\u2605abdecken Verbindung Stromversorgung: AC 100 bis 240 V DC 12 V IN.<br \/>\n\u2605K\u00f6nnte direkt im Auto verwendet werden, mit DC12V Autoladeger\u00e4t.<br \/>\n\u2605Arbeit ohne Unterbrechung, Kann 24 Stunden * 7 Tage * 12 Monate arbeiten.<br \/>\n\u2605Kann jedes einzelne Band anpassen oder deaktivieren, ohne den Betrieb der anderen B\u00e4nder zu beeinflussen.<\/p>\n<p>CDMA 850-894 MHz<br \/>\nGSM 925-960 MHz DCS &amp; PCS 1805-1990 MHz<br \/>\n3G 2110-2170 MHz<br \/>\n4G 2620-2690 MHz<br \/>\n4G LTE 725-770 MHz (amerikanischer Standard)<br \/>\n oder 790-826 MHz (europ\u00e4ischer Standard)<br \/>\n 5.2G 5100-5680 MHz 5.8G 5680-5900 MHz<br \/>\n5G1: 3400-3600 MHz oder Amerika 617-630 MHz<br \/>\n5G2: 3600-3800 MHz oder Amerika 630-652 MHz GPS 1570-1615 MHz WIFI 2400-2485 MHz GPSL2-L5 1170-1280 MHz GPSL3-L4 1370-1390 MHz<\/p>\n<p><strong>Ausgangsleistung<\/strong>: 35W Stromversorgung: AC 110V \/ 220V und 12V Kabel zur Autobatterie<\/p>\n<p><strong>Gr\u00f6\u00dfe<\/strong>: 395 x 238 x 60 mm (ohne Antenne) Produktgewicht: 6,5 kg<\/p>\n<p><strong>Abschirmradius<\/strong>: 40-70 Meter @-75 DBM (abh\u00e4ngig von der Signalst\u00e4rke im gegebenen Bereich)<\/p>\n<p><strong>Arbeitszeit<\/strong>: Arbeit ohne Unterbrechung, kann 24 Stunden * 7 Tage * 12 Monate arbeiten<\/p>\n","protected":false},"excerpt":{"rendered":"<p>Kaufen Sie 14 B\u00e4nder Desktop All in One Full Frequencies <a href=\"https:\/\/telejammer.com\/de\/\">Signal Jammer<\/a> GPS Blocker 35W. Holen Sie sich 14 Bands Desktop All in One Full Frequencies Signal Jammer GPS Blocker 35W zum niedrigsten Preis online. <\/p>\n","protected":false},"featured_media":5338,"comment_status":"open","ping_status":"closed","template":"","meta":{"_acf_changed":false,"_gspb_post_css":""},"product_cat":[153],"product_tag":[272],"product_brands":[],"class_list":{"0":"post-9624","1":"product","2":"type-product","3":"status-publish","4":"has-post-thumbnail","6":"product_cat-desktop-signal-jammer-de","7":"product_tag-14-antennas-jammer-de-2","9":"first","10":"instock","11":"sale","12":"shipping-taxable","13":"purchasable","14":"product-type-simple"},"ct_brands":[],"aioseo_notices":[],"acf":[],"_links":{"self":[{"href":"https:\/\/telejammer.com\/de\/wp-json\/wp\/v2\/product\/9624","targetHints":{"allow":["GET"]}}],"collection":[{"href":"https:\/\/telejammer.com\/de\/wp-json\/wp\/v2\/product"}],"about":[{"href":"https:\/\/telejammer.com\/de\/wp-json\/wp\/v2\/types\/product"}],"replies":[{"embeddable":true,"href":"https:\/\/telejammer.com\/de\/wp-json\/wp\/v2\/comments?post=9624"}],"wp:featuredmedia":[{"embeddable":true,"href":"https:\/\/telejammer.com\/de\/wp-json\/wp\/v2\/media\/5338"}],"wp:attachment":[{"href":"https:\/\/telejammer.com\/de\/wp-json\/wp\/v2\/media?parent=9624"}],"wp:term":[{"taxonomy":"product_cat","embeddable":true,"href":"https:\/\/telejammer.com\/de\/wp-json\/wp\/v2\/product_cat?post=9624"},{"taxonomy":"product_tag","embeddable":true,"href":"https:\/\/telejammer.com\/de\/wp-json\/wp\/v2\/product_tag?post=9624"},{"taxonomy":"product_brands","embeddable":true,"href":"https:\/\/telejammer.com\/de\/wp-json\/wp\/v2\/product_brands?post=9624"}],"curies":[{"name":"wp","href":"https:\/\/api.w.org\/{rel}","templated":true}]}}