{"id":9583,"date":"2025-02-19T17:38:23","date_gmt":"2025-02-19T09:38:23","guid":{"rendered":"https:\/\/telejammer.com\/8-kanal-telefon-wireless-signal-stoersender-mit-80-w-hochleistungs-innenantennen-stoersender-fuer-2g-3g-4g-5g-wifi\/"},"modified":"2025-03-29T16:10:33","modified_gmt":"2025-03-29T08:10:33","slug":"8-kanal-telefon-wireless-signal-stoersender-mit-80-w-hochleistungs-innenantennen-stoersender-fuer-2g-3g-4g-5g-wifi","status":"publish","type":"product","link":"https:\/\/telejammer.com\/de\/8-kanal-telefon-wireless-signal-stoersender-mit-80-w-hochleistungs-innenantennen-stoersender-fuer-2g-3g-4g-5g-wifi\/","title":{"rendered":"8-Kanal-Telefon-Wireless-Signal-St\u00f6rsender mit 80-W-Hochleistungs-Innenantennen-St\u00f6rsender f\u00fcr 2G \/ 3G \/ 4G \/ 5G \/ WiFi"},"content":{"rendered":"<h3>Dieser <a href=\"https:\/\/telejammer.com\/de\/\">Hochleistungs-WLAN-Telefonblocker f\u00fcr<\/a> Schulen wird h\u00e4ufig in Gef\u00e4ngnissen, Schulen, Schlafs\u00e4len, Milit\u00e4rmannschaften, gro\u00dfen Fabriken und Parkpl\u00e4tzen usw. verwendet, um das WLAN-Signal des Telefons in einer Reichweite von 5-50 m abzuschirmen.<\/h3>\n<h3><a href=\"https:\/\/telejammer.com\/product\/8-channel-phone-wireless-signal-jammer-with-80w-high-power-inner-antenna-jammer-for-2g-3g-4g-5g-wifi\/\">Der 8-Kanal-Telefon-Wireless-Signal-Jammer<\/a> ist ein leistungsstarker drahtloser Signalblocker, der mehrere drahtlose Signale gleichzeitig st\u00f6ren kann. Es kann verwendet werden, um das Hacken von Bluetooth-Telefonen, das Abfangen von Telefonen und das Abh\u00f6ren von Telefonen zu verhindern. <\/h3>\n<p><strong>1. Produkteinf\u00fchrung<\/strong><\/p>\n<p>Mit seinen Antennen im Inneren eignet sich dieser leistungsstarke <a href=\"https:\/\/telejammer.com\/de\/\">WLAN-Telefonblocker<\/a> f\u00fcr Schulen perfekt f\u00fcr Besprechungen, Klassenzimmer und andere Innenr\u00e4ume. Es verf\u00fcgt \u00fcber einen hochintegrierten HF-Verst\u00e4rker mit 10 W pro Kanal, insgesamt 80 W, um eine gro\u00dffl\u00e4chige Abdeckung von 300 bis 400 Quadratmetern zu gew\u00e4hrleisten. <\/p>\n<p><b>Spezifikation<\/b><\/p>\n<div class=\"rich-text-table\">\n<table>\n<colgroup>\n<col><\/colgroup>\n<tbody>\n<tr>\n<td>TXtelsig Modul Nr.<\/td>\n<td>TX-T80W<\/td>\n<\/tr>\n<tr>\nGr\u00f6\u00dfe <\/p>\n<td>des Hauptmotors<\/td>\n<td>370 * 145 * 346 mm<\/td>\n<\/tr>\n<tr>\nGewicht <\/p>\n<td>der Hauptmaschine<\/td>\n<td>5KG<\/td>\n<\/tr>\n<tr>\n<td>Betriebstemperatur<\/td>\n<td>-40 bis 55 \u00b0C<\/td>\n<\/tr>\n<tr>\n<td>Relative Luftfeuchtigkeit<\/td>\n<td>&lt;=80 %<\/td>\n<\/tr>\n<tr>\n<td>Stromversorgung<\/td>\n<td>24V 12A<\/td>\n<\/tr>\n<tr>\n<td>Eingangsleistung<\/td>\n<td>Wechselstrom 100-240 V Gleichstrom 24 V<\/td>\n<\/tr>\n<tr>\n<td>Antennen-Daten<\/td>\n<td>eingebaute Orientierungsantenne Gewinn 5-7dBi<\/td>\n<\/tr>\n<tr>\n<td>Schaltersteuerung<\/td>\n<td>Handschalter<\/td>\n<\/tr>\n<tr>\n<td>Garantie<\/td>\n<td>1 Jahr<\/td>\n<\/tr>\n<\/tbody>\n<\/table>\n<\/div>\n<p><b>Details zur St\u00f6rh\u00e4ufigkeit<\/b><\/p>\n<div class=\"rich-text-table\">\n<table>\n<colgroup>\n<col><\/colgroup>\n<tbody>\n<tr>\n<td>Kanal<\/td>\n<td>Arbeitsfrequenz<\/td>\n<td>Ausgangsleistung (\u00b11dBm)<\/td>\n<\/tr>\n<tr>\n<td>GSM900<\/td>\n<td>925-960 MHz<\/td>\n<td>10W<\/td>\n<\/tr>\n<tr>\n<td>\n DCS1800<\/td>\n<td>1805 bis 1850 MHz<\/td>\n<td>10W<\/td>\n<\/tr>\n<tr>\n<td>4G TDD-LTE<\/td>\n<td>1880-1920 MHz<\/td>\n<td>10W<\/td>\n<\/tr>\n<tr>\n<td>3G TD-SCDMA<\/td>\n<td>2010-2170MHZ<\/td>\n<td>10W<\/td>\n<\/tr>\n<tr>\n<td>3G TDD-LTE<\/td>\n<td>2110-2175 MHz<\/td>\n<td>10W<\/td>\n<\/tr>\n<tr>\n<td>4G\/WIFI<\/td>\n<td>2300-2400 MHz<\/td>\n<td>10W<\/td>\n<\/tr>\n<tr>\n<td>4G TDD-LTE<\/td>\n<td>2555 bis 2655 MHz<\/td>\n<td>10W<\/td>\n<\/tr>\n<\/tbody>\n<\/table>\n<\/div>\n<p><img decoding=\"async\" class=\" lazyloaded\" src=\"https:\/\/i.trade-cloud.com.cn\/upload\/6382\/image\/20210405\/111_395292.jpg\" alt=\"\" data-src=\"https:\/\/i.trade-cloud.com.cn\/upload\/6382\/image\/20210405\/111_395292.jpg\"><\/p>\n<p><strong>2. Spezifikation<\/strong><\/p>\n<div class=\"p-bl\">\n<table class=\"p-blas\" border=\"1\" width=\"100%\">\n<tbody>\n<tr>\n<td>Produkttyp<\/td>\n<td>TX-T80W HighpowerschoolWi-FiphoneblockerJammer<\/td>\n<\/tr>\n<tr>\n<td>JammingRange<\/td>\n<td>5-50 Meter Radius<\/td>\n<\/tr>\n<tr>\n<td>Arbeitskan\u00e4le<\/td>\n<td>8kanalkundenspezifisch<\/td>\n<\/tr>\n<tr>\n<td>Durchschnittliche Ausgangsleistung<\/td>\n<td>10W<\/td>\n<\/tr>\n<tr>\n<td>Gesamte Ausgangsleistung<\/td>\n<td>80W<\/td>\n<\/tr>\n<tr>\n<td>K\u00f6rpergr\u00f6\u00dfe<\/td>\n<td>42 * 38 * 7,5 CM<\/td>\n<\/tr>\n<tr>\n<td>K\u00f6rpergewicht<\/td>\n<td>5,3 kg<\/td>\n<\/tr>\n<tr>\n<td>Eingebaute Antenne<\/td>\n<td>Gerichtet95\u00b0horizontal<\/p>\n<p>35\u00b0vertikal<\/td>\n<\/tr>\n<tr>\n<td>Betriebstemperatur<\/td>\n<td>-20 \u00b0C ~ 75 \u00b0C<\/td>\n<\/tr>\n<tr>\nLuftfeuchtigkeit <\/p>\n<td>bei der Arbeit<\/td>\n<td>35 ~ 95%<\/td>\n<\/tr>\n<tr>\n<td>Leistungsaufnahme<\/td>\n<td>\u2264240W<\/td>\n<\/tr>\n<tr>\n<td>Eingangsleistung<\/td>\n<td>AC110V ~ 240V<\/td>\n<\/tr>\n<tr>\n<td>Ausgangsleistung<\/td>\n<td>Gleichstrom 24V\/8A<\/td>\n<\/tr>\n<\/tbody>\n<\/table>\n<\/div>\n<p><strong>3. Produktmerkmal<\/strong><\/p>\n<p>* Pr\u00e4gnante Form mit eingebauter Antennenrichtenne<\/p>\n<p>* Hohe Ausgangsleistung pro Kanal 10 W, insgesamt 80 W<\/p>\n<p>* Schirmreichweite: 5-50 Meter (-75dBm, offener Platz)<\/p>\n<p>* Spezielles Strukturdesign mit Bel\u00fcftungs\u00f6ffnung an zwei Seiten, gr\u00f6\u00dferer Au\u00dfenschale, inneren L\u00fcftern und dickem K\u00fchlk\u00f6rper im Inneren<\/p>\n<p>* Originale elektronische Komponenten und integrierte Schaltkreise, um eine gute Leistung und lange Lebensdauer zu erhalten<\/p>\n<p>* Einfache Installation f\u00fcr Wandhalterung oder Desktop f\u00fcr Hochleistungs-Schul-Wi-Fi-Telefonblocker-St\u00f6rsender<\/p>\n<p><strong>4. Multi-Anwendung<\/strong><\/p>\n<p>F\u00fcr diesen leistungsstarken Wi-Fi-Telefonblocker f\u00fcr Schulen, z. B. Pr\u00fcfungen, Schule, Konferenzraum, Parkplatz, B\u00fcro, Zuhause, Theater, Bibliothek, Schulungsraum usw<br \/>\n. Diese Orte sind verbotenes Telefon, WLAN, GPS-Signal irgendwann oder immer.<\/p>\n","protected":false},"excerpt":{"rendered":"<h3>Dieser <a href=\"https:\/\/telejammer.com\/de\/\">Hochleistungs-WLAN-Telefonblocker f\u00fcr<\/a> Schulen wird h\u00e4ufig in Gef\u00e4ngnissen, Schulen, Schlafs\u00e4len, Milit\u00e4rmannschaften, gro\u00dfen Fabriken und Parkpl\u00e4tzen usw. verwendet, um das WLAN-Signal des Telefons in einer Reichweite von 5-50 m abzuschirmen.<\/h3>\n<p><a href=\"https:\/\/telejammer.com\/de\/\">8-Kanal-Telefon-Wireless-Signal-St\u00f6rsender<\/a>, einfach zu installieren und zu verwenden, 360 Grad drehbare Antenne, hohe Leistung, einfach zu bedienen, geringer Verbrauch, stabile Leistung, hohe Sicherheit. Es ist ein einzigartiges Produkt, das in der Schule, im B\u00fcro, im Supermarkt, im Park, in der Familie und an anderen Orten f\u00fcr Signalstaus weit verbreitet ist <\/p>\n","protected":false},"featured_media":5581,"comment_status":"open","ping_status":"closed","template":"","meta":{"_acf_changed":false,"_gspb_post_css":""},"product_cat":[153],"product_tag":[696],"product_brands":[],"class_list":{"0":"post-9583","1":"product","2":"type-product","3":"status-publish","4":"has-post-thumbnail","6":"product_cat-desktop-signal-jammer-de","7":"product_tag-desktop-storsender","9":"first","10":"instock","11":"sale","12":"shipping-taxable","13":"purchasable","14":"product-type-simple"},"ct_brands":[],"aioseo_notices":[],"acf":[],"_links":{"self":[{"href":"https:\/\/telejammer.com\/de\/wp-json\/wp\/v2\/product\/9583","targetHints":{"allow":["GET"]}}],"collection":[{"href":"https:\/\/telejammer.com\/de\/wp-json\/wp\/v2\/product"}],"about":[{"href":"https:\/\/telejammer.com\/de\/wp-json\/wp\/v2\/types\/product"}],"replies":[{"embeddable":true,"href":"https:\/\/telejammer.com\/de\/wp-json\/wp\/v2\/comments?post=9583"}],"wp:featuredmedia":[{"embeddable":true,"href":"https:\/\/telejammer.com\/de\/wp-json\/wp\/v2\/media\/5581"}],"wp:attachment":[{"href":"https:\/\/telejammer.com\/de\/wp-json\/wp\/v2\/media?parent=9583"}],"wp:term":[{"taxonomy":"product_cat","embeddable":true,"href":"https:\/\/telejammer.com\/de\/wp-json\/wp\/v2\/product_cat?post=9583"},{"taxonomy":"product_tag","embeddable":true,"href":"https:\/\/telejammer.com\/de\/wp-json\/wp\/v2\/product_tag?post=9583"},{"taxonomy":"product_brands","embeddable":true,"href":"https:\/\/telejammer.com\/de\/wp-json\/wp\/v2\/product_brands?post=9583"}],"curies":[{"name":"wp","href":"https:\/\/api.w.org\/{rel}","templated":true}]}}