{"id":9485,"date":"2025-03-01T09:18:28","date_gmt":"2025-03-01T01:18:28","guid":{"rendered":"https:\/\/telejammer.com\/18-antennen-tragbarer-signalstoersender-jt18\/"},"modified":"2025-03-29T16:08:44","modified_gmt":"2025-03-29T08:08:44","slug":"18-antennen-tragbarer-signalstoersender-jt18","status":"publish","type":"product","link":"https:\/\/telejammer.com\/de\/18-antennen-tragbarer-signalstoersender-jt18\/","title":{"rendered":"18 Antennen Tragbarer Signalst\u00f6rsender JT18"},"content":{"rendered":"<h1>18 Antennen <a href=\"https:\/\/telejammer.com\/portable-signal-jammer-jt18\/\">tragbarer Signalst\u00f6rsender<\/a> , der Mobiltelefone 2G, 3G, 4G, 5G, GPS, WIFI, VHF UHF blockiert. Lojack.RF-Signale.<\/h1>\n<p>\u2605Mit l\u00e4ngeren 2,0 dbi Gain Omni-Antennen,<br \/>\n\u2605Mit DIP-Schalter, separater Schalter f\u00fcr jedes Band, begleitet von einem funktionierenden LED-Licht<br \/>\n\u2605Kann direkt im Auto verwendet werden, mit Autoladeger\u00e4t und AC-Ladeger\u00e4t<br \/>\n\u2605Interne L\u00fcfter und ein gr\u00f6\u00dferes K\u00fchlk\u00f6rperdesign sorgen daf\u00fcr, dass das Ger\u00e4t kontinuierlich arbeitet<br \/>\n\u2605 Dr\u00fccken Sie auf das Power-Bildschirm-Display, um den Leistungsprozentsatz, den Strom, die Spannung und die Arbeitsstromdaten einfach zu \u00fcberpr\u00fcfen<br \/>\n\u2605 Unterst\u00fctzung der Arbeit beim Aufladen<\/p>\n<p>1. Lojack \/ UKW: 135-174 MHz<br \/>\n2. GPS L2-L5: 1170-1230 MHz<br \/>\n3. DCS \/ PCS: 1805-1990 MHz<br \/>\n4. RF 433: 433 MHz<br \/>\n5. GPS L1: 1570-1580 MHz<br \/>\n6. WIFI 2.4G: 2400-2500 MHz<br \/>\n7. 3G: 2110-2170 MHz<br \/>\n8. CDMA: 850 ~ 960 MHz<br \/>\n9. 4G LTE: 738-826 MHz<br \/>\n10. HF 868: 868MHz<br \/>\n11. RF 315: 315 MHz<br \/>\n12. 4G WIMAX: 2620-2690 MHz<br \/>\n13. WIFI 5.2G: 5100-5680 MHz<br \/>\n14. WIFI 5.8G: 5680-5900MHz<br \/>\n15. 5G LTE1: 3400-3600 MHz<br \/>\n16. GPS L3-L4: 1370-1390 MHz<br \/>\n17: 5G LTE2: 3600-3800 MHz<br \/>\n18: UHF: 400-470MHz<\/p>\n<p>Ausgangsleistung: 16W Stromversorgung: AC100-240V BIS DC12V IN<\/p>\n<p>Gr\u00f6\u00dfe 195 x 128 x 58 mm (nicht im Lieferumfang enthalten) Vollst\u00e4ndiger Satz Gewicht: 2,25 kg<br \/>\nL\u00e4nge der Antenne: 166 mm Gewinn: 2,0 dbi<\/p>\n<p>Abschirmradius: 5-25 Meter (abh\u00e4ngig von der Signalst\u00e4rke im gegebenen Bereich)<\/p>\n<p>Arbeitszeit: Eingebaute Batterie: 7,4 V \/ 12500 mAh Weiterarbeiten: mehr als 2 Stunden<\/p>\n<p>K\u00fchlsystem: K\u00fchler aus hocheffizienter Aluminiumlegierung, eingebaute 3x L\u00fcfter<\/p>\n<table style=\"border-collapse: collapse; width: 558.02pt;\" border=\"0\" width=\"744\" cellspacing=\"0\" cellpadding=\"0\">\n<tbody>\n<tr style=\"height: 13.50pt;\">\n<td class=\"et3\" style=\"height: 13.50pt; width: 558.00pt;\" colspan=\"3\" width=\"744\" height=\"18\">Bemerkungen:<\/td>\n<\/tr>\n<tr style=\"height: 24.75pt;\">\n<td class=\"et5\" style=\"height: 24.75pt; width: 558.00pt;\" colspan=\"3\" width=\"744\" height=\"33\">1) Der Preis basiert auf dem Fabrikpreis ohne Steuern und Versandkosten, der Endpreis wird nach der Bestellmenge und Ihren speziellen Anforderungen festgelegt.<\/td>\n<\/tr>\n<tr style=\"height: 24.75pt;\">\n<td class=\"et5\" style=\"height: 24.75pt; width: 558.00pt;\" colspan=\"3\" width=\"744\" height=\"33\">2) Wir passen die H\u00e4ufigkeit entsprechend dem Land an, wenn Sie eine Bestellung aufgeben.<\/td>\n<\/tr>\n<tr style=\"height: 24.75pt;\">\n<td class=\"et5\" style=\"height: 24.75pt; width: 558.00pt;\" colspan=\"3\" width=\"744\" height=\"33\">3) G\u00fcltigkeit: 50 Tage nach dem Angebot, bevor Sie eine Bestellung aufgeben, best\u00e4tigen Sie bitte erneut, wenn sich der Markt \u00e4ndert<\/td>\n<\/tr>\n<\/tbody>\n<\/table>\n","protected":false},"excerpt":{"rendered":"<p>Neue <a href=\"https:\/\/telejammer.com\/portable-signal-jammer-jt18\/\">18 Antennen tragbarer Signalst\u00f6rsender<\/a> , der Mobiltelefone 2G, 3G, 4G, 5G, GPS, WIFI, VHF UHF blockiert. Lojack.RF-Signale.<\/p>\n","protected":false},"featured_media":6814,"comment_status":"open","ping_status":"closed","template":"","meta":{"_acf_changed":false,"_gspb_post_css":""},"product_cat":[182],"product_tag":[381,354],"product_brands":[],"class_list":{"0":"post-9485","1":"product","2":"type-product","3":"status-publish","4":"has-post-thumbnail","6":"product_cat-handheld-signal-jammer-de","7":"product_tag-18-antennas-de","8":"product_tag-18-bands-de","10":"first","11":"instock","12":"sale","13":"shipping-taxable","14":"purchasable","15":"product-type-simple"},"ct_brands":[],"aioseo_notices":[],"acf":[],"_links":{"self":[{"href":"https:\/\/telejammer.com\/de\/wp-json\/wp\/v2\/product\/9485","targetHints":{"allow":["GET"]}}],"collection":[{"href":"https:\/\/telejammer.com\/de\/wp-json\/wp\/v2\/product"}],"about":[{"href":"https:\/\/telejammer.com\/de\/wp-json\/wp\/v2\/types\/product"}],"replies":[{"embeddable":true,"href":"https:\/\/telejammer.com\/de\/wp-json\/wp\/v2\/comments?post=9485"}],"wp:featuredmedia":[{"embeddable":true,"href":"https:\/\/telejammer.com\/de\/wp-json\/wp\/v2\/media\/6814"}],"wp:attachment":[{"href":"https:\/\/telejammer.com\/de\/wp-json\/wp\/v2\/media?parent=9485"}],"wp:term":[{"taxonomy":"product_cat","embeddable":true,"href":"https:\/\/telejammer.com\/de\/wp-json\/wp\/v2\/product_cat?post=9485"},{"taxonomy":"product_tag","embeddable":true,"href":"https:\/\/telejammer.com\/de\/wp-json\/wp\/v2\/product_tag?post=9485"},{"taxonomy":"product_brands","embeddable":true,"href":"https:\/\/telejammer.com\/de\/wp-json\/wp\/v2\/product_brands?post=9485"}],"curies":[{"name":"wp","href":"https:\/\/api.w.org\/{rel}","templated":true}]}}