{"id":9457,"date":"2023-10-12T10:01:42","date_gmt":"2023-10-12T02:01:42","guid":{"rendered":"https:\/\/telejammer.com\/neue-hochleistungs-handheld-12-antennen-5g-handy-signalstoersender-mit-nylonabdeckung-die-2g-3g-4g-5g-wi-fi-gps-uhf-vhf-37-watt-blockiert\/"},"modified":"2025-03-29T16:07:55","modified_gmt":"2025-03-29T08:07:55","slug":"neue-hochleistungs-handheld-12-antennen-5g-handy-signalstoersender-mit-nylonabdeckung-die-2g-3g-4g-5g-wi-fi-gps-uhf-vhf-37-watt-blockiert","status":"publish","type":"product","link":"https:\/\/telejammer.com\/de\/neue-hochleistungs-handheld-12-antennen-5g-handy-signalstoersender-mit-nylonabdeckung-die-2g-3g-4g-5g-wi-fi-gps-uhf-vhf-37-watt-blockiert\/","title":{"rendered":"Neue Hochleistungs-Handheld-12-Antennen-5G-Handy-Signalst\u00f6rsender mit Nylonabdeckung, die 2G 3G 4G 5G Wi-Fi GPS UHF VHF 37 Watt blockiert"},"content":{"rendered":"&#13;\n<h1>Handheld 12 Antennas 5G Cellphone Signal Jammer<\/h1>&#13;\n<p>Neue Hochleistungs-37-Watt-12-Antennen-Handhled-Design-Handy-Signal-St\u00f6rsender mit Nylonabdeckung f\u00fcr tragbare, bis zu 45 Meter lange St\u00f6rung f\u00fcr alle Arten von Android-Handys, Tablets, Smartphones, iPhones, Win-Handys usw., die 2G, 3G, 4G, 5G, Block GPS, Wi-Fi 2.4G, 5.2G, 5.8G und LORA, LOJACK usw. verwenden. Die LCD-Anzeige der Batteriekapazit\u00e4t (Kapazit\u00e4tsprozentsatz, Arbeitsspannung\/-strom) ist im Jahr 2023 und in den kommenden Jahren beliebt. <\/p>&#13;\n<p><strong>Grundlegende Spezifikationen<\/strong><br\/>Typ des Jam-Signals:<br\/>1: JT-1290A Mobiltelefon2G.3G .4G.5G.GPSL1.LORA:2.4GWIFI.5.2GWIFI.5.8GWIFI<br\/>2: JT-1290B Mobiltelefon2G.3G .4G.5G.GPSL1.LORA.2.4GWIFI.5.2GWIFI.5.8GWIFI.LOJACK.<\/p>&#13;\n<p><strong>Parameter:<\/strong><\/p>&#13;\n<p><strong>Ausgangsleistung<\/strong>: 37W<\/p>&#13;\n<p><strong>Stromversorgung: <\/strong>AC110-240V auf DC24V<\/p>&#13;\n<p><strong>Komplettes Set Gewicht: <\/strong>3,1 kg<br\/><strong>Gr\u00f6\u00dfe:<\/strong> 198 x 132 x 68 mm (ohne Antenne)<\/p>&#13;\n<p><strong>L\u00e4nge der Antenne: <\/strong>172 mm Gewinn: 2,5 dbi<br\/><strong>Abschirmradius:<\/strong> 10-45 Meter (abh\u00e4ngig von der Signalst\u00e4rke im gegebenen Bereich)<br\/><strong>Arbeitszeit:<\/strong> Eingebauter Akku: 14,8 V \/ 9300 mAh Weiterarbeiten: mehr als 100 Minuten<br\/><strong>K\u00fchlsystem:<\/strong> Hocheffizienter K\u00fchler aus Aluminiumlegierung, eingebauter 3x L\u00fcfter<\/p>&#13;\n<p><strong>Leistungsbeschreibung:<\/strong><br\/><br\/><\/p>&#13;\n<div class=\"rich-text-table\">&#13;\n<table border=\"1\" cellspacing=\"1\" cellpadding=\"1\">&#13;\n<tbody>&#13;\n<tr>&#13;\n<td><b>Key technical specifications: Jt-1290A<\/b><\/td>&#13;\n<\/tr>&#13;\n<\/tbody>&#13;\n<\/table>&#13;\n<\/div>&#13;\n<div class=\"rich-text-table\">&#13;\n<table border=\"1\" cellspacing=\"1\" cellpadding=\"1\">&#13;\n<tbody>&#13;\n<tr>&#13;\n<td><b>Channel\u00a0<\/b><\/td>&#13;\n<td><b>Output port<\/b><\/td>&#13;\n<td><b>Frequency range<\/b><\/td>&#13;\n<td><b>Average out-putting power<\/b><\/td>&#13;\n<\/tr>&#13;\n<\/tbody>&#13;\n<\/table>&#13;\n<\/div>&#13;\n<div class=\"rich-text-table\">&#13;\n<table border=\"1\" cellspacing=\"1\" cellpadding=\"1\">&#13;\n<tbody>&#13;\n<tr>&#13;\n<td>Band 1<\/td>&#13;\n<td>CDMA<\/td>&#13;\n<td>850-894MHz\u00a0<\/td>&#13;\n<td>4W<\/td>&#13;\n<\/tr>&#13;\n<\/tbody>&#13;\n<\/table>&#13;\n<\/div>&#13;\n<div class=\"rich-text-table\">&#13;\n<table border=\"1\" cellspacing=\"1\" cellpadding=\"1\">&#13;\n<tbody>&#13;\n<tr>&#13;\n<td>Band 2<\/td>&#13;\n<td>GSM\/LORA<\/td>&#13;\n<td>925-960MHz<\/td>&#13;\n<td>4W<\/td>&#13;\n<\/tr>&#13;\n<tr>&#13;\n<td>Band 3<\/td>&#13;\n<td>DCS\/PCS<\/td>&#13;\n<td>1,805-1990MHz<\/td>&#13;\n<td>4W<\/td>&#13;\n<\/tr>&#13;\n<tr>&#13;\n<td>Band 4<\/td>&#13;\n<td>3G<\/td>&#13;\n<td>2,110 -2,170MHz<\/td>&#13;\n<td>4W<\/td>&#13;\n<\/tr>&#13;\n<tr>&#13;\n<td>Band 5<\/td>&#13;\n<td>2.4GWi-Fi<\/td>&#13;\n<td>2,400 -2,500MHz<\/td>&#13;\n<td>2W<\/td>&#13;\n<\/tr>&#13;\n<tr>&#13;\n<td>Band 6<\/td>&#13;\n<td>GPSL1<\/td>&#13;\n<td>1570 -1580MHz<\/td>&#13;\n<td>3W<\/td>&#13;\n<\/tr>&#13;\n<tr>&#13;\n<td>Band 7<\/td>&#13;\n<td>4G LTE<\/td>&#13;\n<td>725-770MHz(American standard)Or 738 -826MHz (European standard)\u00a0<\/td>&#13;\n<td>3W<\/td>&#13;\n<\/tr>&#13;\n<tr>&#13;\n<td>Band 8<\/td>&#13;\n<td>4G Wimax<\/td>&#13;\n<td>2345 -2400MHz (American standard) Or 2620 -2690MHz (European standard)<\/td>&#13;\n<td>3W<\/td>&#13;\n<\/tr>&#13;\n<tr>&#13;\n<td>Band 9<\/td>&#13;\n<td>5.2GWIFI<\/td>&#13;\n<td>5100-5680MHz<\/td>&#13;\n<td>2W<\/td>&#13;\n<\/tr>&#13;\n<\/tbody>&#13;\n<\/table>&#13;\n<\/div>&#13;\n<div class=\"rich-text-table\">&#13;\n<table border=\"1\" cellspacing=\"1\" cellpadding=\"1\">&#13;\n<tbody>&#13;\n<tr>&#13;\n<td>Band 10<\/td>&#13;\n<td>5.8GWIFI<\/td>&#13;\n<td>5680-5900MHz<\/td>&#13;\n<td>2W<\/td>&#13;\n<\/tr>&#13;\n<tr>&#13;\n<td>Band 11<\/td>&#13;\n<td>5G1<\/td>&#13;\n<td>617-652MHz(American standard)Or 3400-3600MHz (European standard)\u00a0<\/td>&#13;\n<td>3W<\/td>&#13;\n<\/tr>&#13;\n<tr>&#13;\n<td>Band 12<\/td>&#13;\n<td>5G2<\/td>&#13;\n<td>652-698MHz (American standard) Or 3600-3800MHz (European standard)<\/td>&#13;\n<td>3W<\/td>&#13;\n<\/tr>&#13;\n<\/tbody>&#13;\n<\/table>&#13;\n<\/div>&#13;\n<div class=\"rich-text-table\">&#13;\n<table border=\"1\" cellspacing=\"1\" cellpadding=\"1\">&#13;\n<tbody>&#13;\n<tr>&#13;\n<td><b>Key technical specifications: JT-1290B<\/b><\/td>&#13;\n<\/tr>&#13;\n<\/tbody>&#13;\n<\/table>&#13;\n<\/div>&#13;\n<div class=\"rich-text-table\">&#13;\n<table border=\"1\" cellspacing=\"1\" cellpadding=\"1\">&#13;\n<tbody>&#13;\n<tr>&#13;\n<td><b>Channel\u00a0<\/b><\/td>&#13;\n<td><b>Output port<\/b><\/td>&#13;\n<td><b>Frequency range<\/b><\/td>&#13;\n<td><b>Average out-putting power<\/b><\/td>&#13;\n<\/tr>&#13;\n<tr>&#13;\n<td>Band 1<\/td>&#13;\n<td>CDMA\/GSM\/LORA<\/td>&#13;\n<td>850 -960MHz\u00a0<\/td>&#13;\n<td>4W<\/td>&#13;\n<\/tr>&#13;\n<tr>&#13;\n<td>Band 2<\/td>&#13;\n<td>DCS\/PCS<\/td>&#13;\n<td>1,805-1990MHz<\/td>&#13;\n<td>4W<\/td>&#13;\n<\/tr>&#13;\n<tr>&#13;\n<td>Band 3<\/td>&#13;\n<td>3G<\/td>&#13;\n<td>2,110 -2,170MHz<\/td>&#13;\n<td>4W<\/td>&#13;\n<\/tr>&#13;\n<tr>&#13;\n<td>Band 4<\/td>&#13;\n<td>2.4GWi-Fi<\/td>&#13;\n<td>2,400 -2,500MHz<\/td>&#13;\n<td>2W<\/td>&#13;\n<\/tr>&#13;\n<tr>&#13;\n<td>Band 5<\/td>&#13;\n<td>GPSL1<\/td>&#13;\n<td>1570 -1580MHz<\/td>&#13;\n<td>3W<\/td>&#13;\n<\/tr>&#13;\n<tr>&#13;\n<td>Band 6<\/td>&#13;\n<td>4G LTE<\/td>&#13;\n<td>725-770MHz(American standard)Or 738 -826MHz (European standard)<\/td>&#13;\n<td>3W<\/td>&#13;\n<\/tr>&#13;\n<tr>&#13;\n<td>Band 7<\/td>&#13;\n<td>4G Wimax<\/td>&#13;\n<td>2345 -2400MHz (American standard) Or 2620 -2690MHz (European standard)<\/td>&#13;\n<td>3W<\/td>&#13;\n<\/tr>&#13;\n<\/tbody>&#13;\n<\/table>&#13;\n<\/div>&#13;\n<div class=\"rich-text-table\">&#13;\n<table border=\"1\" cellspacing=\"1\" cellpadding=\"1\">&#13;\n<tbody>&#13;\n<tr>&#13;\n<td>Band 8<\/td>&#13;\n<td>5.2GWIFI<\/td>&#13;\n<td>5100-5680MHz<\/td>&#13;\n<td>2W<\/td>&#13;\n<\/tr>&#13;\n<tr>&#13;\n<td>Band 9<\/td>&#13;\n<td>5.8GWIFI<\/td>&#13;\n<td>5680-5900MHz<\/td>&#13;\n<td>2W<\/td>&#13;\n<\/tr>&#13;\n<tr>&#13;\n<td>Band 10<\/td>&#13;\n<td>5G1<\/td>&#13;\n<td>617-652MHz(American standard)Or 3400-3600MHz (European standard)<\/td>&#13;\n<td>3W<\/td>&#13;\n<\/tr>&#13;\n<tr>&#13;\n<td>Band 11<\/td>&#13;\n<td>5G2<\/td>&#13;\n<td>652-698MHz (American standard) Or 3600-3800MHz (European standard)<\/td>&#13;\n<td>3W<\/td>&#13;\n<\/tr>&#13;\n<tr>&#13;\n<td>Band 12<\/td>&#13;\n<td>LOJACK<\/td>&#13;\n<td>165-174MHz<\/td>&#13;\n<td>4W<\/td>&#13;\n<\/tr>&#13;\n<\/tbody>&#13;\n<\/table>&#13;\n<\/div>&#13;\n<div class=\"rich-text-table\">&#13;\n<table border=\"1\" cellspacing=\"1\" cellpadding=\"1\">&#13;\n<tbody>&#13;\n<tr>&#13;\n<td>Power supply: adapter 50 to 60Hz AC (110-240V AC\/24V DC)\u00a0\u00a0Car Charger: DC24V IN<br\/>Built-in\u00a0battery:14.8V\/9300mAh Continue working: more than 100 minutess<\/td>&#13;\n<\/tr>&#13;\n<\/tbody>&#13;\n<\/table>&#13;\n<\/div>&#13;\n<div class=\"rich-text-table\">&#13;\n<table border=\"1\" cellspacing=\"1\" cellpadding=\"1\">&#13;\n<tbody>&#13;\n<tr>&#13;\n<td>Dimensions: (length ,width, height)\u00a0198 x 132 x 68 mm((not Include Antenna)<br\/><strong>Length of antenna :\u00a0<\/strong>172mm Gain:<b>2.5dbi<\/b><\/td>&#13;\n<\/tr>&#13;\n<\/tbody>&#13;\n<\/table>&#13;\n<\/div>&#13;\n<div class=\"rich-text-table\">&#13;\n<table border=\"1\" cellspacing=\"1\" cellpadding=\"1\">&#13;\n<tbody>&#13;\n<tr>&#13;\n<td><strong>Full set Weight:\u00a0<\/strong>3.1KG<\/td>&#13;\n<\/tr>&#13;\n<\/tbody>&#13;\n<\/table>&#13;\n<\/div>&#13;\n<div class=\"rich-text-table\">&#13;\n<table border=\"1\" cellspacing=\"1\" cellpadding=\"1\">&#13;\n<tbody>&#13;\n<tr>&#13;\n<td><strong>Shielding Radius:<\/strong>\u00a010-45meters (depends on the signal strength in the given area)<\/td>&#13;\n<\/tr>&#13;\n<\/tbody>&#13;\n<\/table>&#13;\n<\/div>&#13;\n<div class=\"rich-text-table\">&#13;\n<table border=\"1\" cellspacing=\"1\" cellpadding=\"1\">&#13;\n<tbody>&#13;\n<tr>&#13;\n<td>Warranty: one year from delivery date<\/td>&#13;\n<\/tr>&#13;\n<\/tbody>&#13;\n<\/table>&#13;\n<\/div>&#13;\n<p><strong>1. ODM- und OEM-Bestellungen sind willkommen<br\/>2. Gesamtausgangsleistung: 34 W, kleines Design, jedes Band kann auf Ein- oder Ausschaltleistung eingestellt werden<br\/>3. Jamming-Reichweite: Bis zu 45 m, der Jamming-Radius h\u00e4ngt immer noch vom St\u00e4rkesignal in einem bestimmten Bereich ab<br\/>3. Externe omnidirektionale Antennen decken nur die gesamte TX-Frequenz ab<br\/>5. Stromversorgung: 50 bis 60 Hz, 100 bis 240 V AC<br\/>6. Mit Netzteil (AC100-240V-DC24V), 14,8 V 9300 mAh-Akku betr\u00e4gt die vollst\u00e4ndig aufgeladene Zeit ca. 7 Stunden.<\/strong><br\/><br\/><br\/><strong>Anwendung:<\/strong><br\/>Es kann in Besprechungsr\u00e4umen, Konferenzr\u00e4umen, Museen, Galerien, Theatern, Konzerts\u00e4len, Kirchen, Tempeln, Restaurants, Klassenzimmern, Schulungszentren, Fabriken, Banken, Z\u00fcgen, Bussen und mehr angewendet werden. Orte, die Ruhe, Vertraulichkeit und Informationssicherheit erfordern<br\/>o F\u00fcr einige Orte mit besonderen Zwecken, wie z. B. Krankenh\u00e4user, Tankstellen und mehr, f\u00fchren Sie bitte zuerst einen Feldtest durch, um sicherzustellen, dass der normale Betrieb der Ger\u00e4te und Instrumente nicht beeintr\u00e4chtigt wurde.<\/p>&#13;\n","protected":false},"excerpt":{"rendered":"<p>Neuer tragbarer 12-Band-St\u00f6rsender mit 12 Antennen, der alle Handy-5G-4G-3G-2G-LORA-LOJACK-GPS-WLAN-HF-Signale blockiert<\/p>\n<p>37 Watt hohe Ausgangsleistung<\/p>\n","protected":false},"featured_media":4033,"comment_status":"open","ping_status":"closed","template":"","meta":{"_acf_changed":false,"_gspb_post_css":""},"product_cat":[182,177],"product_tag":[568,567],"product_brands":[],"class_list":{"0":"post-9457","1":"product","2":"type-product","3":"status-publish","4":"has-post-thumbnail","6":"product_cat-handheld-signal-jammer-de","7":"product_cat-gps-jammer-de","8":"product_tag-leistungsstarker-signalstorsender","9":"product_tag-leistungsstarker-storsender-mit-12-antennen","11":"first","12":"instock","13":"sale","14":"shipping-taxable","15":"purchasable","16":"product-type-simple"},"ct_brands":[],"aioseo_notices":[],"acf":[],"_links":{"self":[{"href":"https:\/\/telejammer.com\/de\/wp-json\/wp\/v2\/product\/9457","targetHints":{"allow":["GET"]}}],"collection":[{"href":"https:\/\/telejammer.com\/de\/wp-json\/wp\/v2\/product"}],"about":[{"href":"https:\/\/telejammer.com\/de\/wp-json\/wp\/v2\/types\/product"}],"replies":[{"embeddable":true,"href":"https:\/\/telejammer.com\/de\/wp-json\/wp\/v2\/comments?post=9457"}],"wp:featuredmedia":[{"embeddable":true,"href":"https:\/\/telejammer.com\/de\/wp-json\/wp\/v2\/media\/4033"}],"wp:attachment":[{"href":"https:\/\/telejammer.com\/de\/wp-json\/wp\/v2\/media?parent=9457"}],"wp:term":[{"taxonomy":"product_cat","embeddable":true,"href":"https:\/\/telejammer.com\/de\/wp-json\/wp\/v2\/product_cat?post=9457"},{"taxonomy":"product_tag","embeddable":true,"href":"https:\/\/telejammer.com\/de\/wp-json\/wp\/v2\/product_tag?post=9457"},{"taxonomy":"product_brands","embeddable":true,"href":"https:\/\/telejammer.com\/de\/wp-json\/wp\/v2\/product_brands?post=9457"}],"curies":[{"name":"wp","href":"https:\/\/api.w.org\/{rel}","templated":true}]}}