{"id":9453,"date":"2023-10-12T10:02:45","date_gmt":"2023-10-12T02:02:45","guid":{"rendered":"https:\/\/telejammer.com\/neuer-wifi-signalstoerer-der-wifi-blockiert-2-4g-5-2g-5-8g-2w-pro-kanal\/"},"modified":"2025-03-29T16:07:54","modified_gmt":"2025-03-29T08:07:54","slug":"neuer-wifi-signalstoerer-der-wifi-blockiert-2-4g-5-2g-5-8g-2w-pro-kanal","status":"publish","type":"product","link":"https:\/\/telejammer.com\/de\/neuer-wifi-signalstoerer-der-wifi-blockiert-2-4g-5-2g-5-8g-2w-pro-kanal\/","title":{"rendered":"Neuer WiFi-Signalst\u00f6rer, der WiFi blockiert 2.4G 5.2G 5.8G 2W pro Kanal"},"content":{"rendered":"&#13;\n<h2><strong>Neuer WiFi-Signalst\u00f6rer, der WiFi blockiert 2.4G 5.2G 5.8G 2W pro Kanal<\/strong><\/h2>&#13;\n<p><b>Funktionen:<\/b><\/p>&#13;\n<p>1. Ein gro\u00dfer Bereich von 100-150 Quadratmetern, WIFI-St\u00f6rsender<\/p>&#13;\n<p>2. Hochleistungsdesign, Einzelleistung 2 W, maximale Gesamtleistung bis zu 6 W<\/p>&#13;\n<p>3. Eingebaute omnidirektionale Antenne, Abschirmbereich bezieht sich auf den kreisf\u00f6rmigen Bereich, der auf der Maschine zentriert ist. Das abgeschirmte Signal wird vom Host ausgesendet und breitet sich von stark nach schwach nach au\u00dfen aus. <\/p>&#13;\n<p>4. Konvektives Bel\u00fcftungsloch und eingebauter effizienter K\u00fchlk\u00f6rper und L\u00fcfter verhindern lokale W\u00e4rmeansammlungen und effiziente W\u00e4rmeabfuhr<\/p>&#13;\n<p>5. Eingebaute Lithiumbatterie 12V 4ah, jederzeit und \u00fcberall verf\u00fcgbar, leicht zu transportieren<\/p>&#13;\n<p><b>Das Signalfrequenzband kann angepasst werden.<\/b><\/p>&#13;\n<p><b>Die niedrigere Frequenz ist die herk\u00f6mmliche Versandfrequenz (WIFI2.4G, 5.2G, 5.8G), und die Frequenz kann angepasst werden  <\/b><\/p>&#13;\n<p>Frequenz des Signals<\/p>&#13;\n<p>WIFI2.4G 2400-2480MHz 33dBm 33dBm \/ 30KHz (min)<\/p>&#13;\n<p>WIFI5.2G 5150-5350MHz 33dBm 33dBm \/ 30KHz (min)<\/p>&#13;\n<p>WIFI5.8G 5720-5850MHz 33dBm 33dBm \/ 30KHz (min)<\/p>&#13;\n<p>Stromversorgung: AC110~240V 50\/60MHz<\/p>&#13;\n<p>Eingebaute Batterie: 12V 4ah Referenzentfernung: 10-15 m (abh\u00e4ngig von der Signalst\u00e4rke von WIFI mit dem Blocker)<\/p>&#13;\n<p>Leistungsaufnahme: 15W Gewicht 0,5 kg Gr\u00f6\u00dfe: 215 * 43 * 90 mm (H\u00f6he * Breite * L\u00e4nge)<\/p>&#13;\n","protected":false},"excerpt":{"rendered":"<p><!-- wp:paragraph --><\/p>\n<p><b>Neue 3 Antennen Tragbarer Handheld 6W WIFI Signal Jammer WIFI Unterbrecher  <\/b><\/p>\n<p><!-- \/wp:paragraph --><\/p>\n","protected":false},"featured_media":3952,"comment_status":"open","ping_status":"closed","template":"","meta":{"_acf_changed":false,"_gspb_post_css":""},"product_cat":[182],"product_tag":[555],"product_brands":[],"class_list":{"0":"post-9453","1":"product","2":"type-product","3":"status-publish","4":"has-post-thumbnail","6":"product_cat-handheld-signal-jammer-de","7":"product_tag-wifi-signal-storsender","9":"first","10":"instock","11":"sale","12":"shipping-taxable","13":"purchasable","14":"product-type-simple"},"ct_brands":[],"aioseo_notices":[],"acf":[],"_links":{"self":[{"href":"https:\/\/telejammer.com\/de\/wp-json\/wp\/v2\/product\/9453","targetHints":{"allow":["GET"]}}],"collection":[{"href":"https:\/\/telejammer.com\/de\/wp-json\/wp\/v2\/product"}],"about":[{"href":"https:\/\/telejammer.com\/de\/wp-json\/wp\/v2\/types\/product"}],"replies":[{"embeddable":true,"href":"https:\/\/telejammer.com\/de\/wp-json\/wp\/v2\/comments?post=9453"}],"wp:featuredmedia":[{"embeddable":true,"href":"https:\/\/telejammer.com\/de\/wp-json\/wp\/v2\/media\/3952"}],"wp:attachment":[{"href":"https:\/\/telejammer.com\/de\/wp-json\/wp\/v2\/media?parent=9453"}],"wp:term":[{"taxonomy":"product_cat","embeddable":true,"href":"https:\/\/telejammer.com\/de\/wp-json\/wp\/v2\/product_cat?post=9453"},{"taxonomy":"product_tag","embeddable":true,"href":"https:\/\/telejammer.com\/de\/wp-json\/wp\/v2\/product_tag?post=9453"},{"taxonomy":"product_brands","embeddable":true,"href":"https:\/\/telejammer.com\/de\/wp-json\/wp\/v2\/product_brands?post=9453"}],"curies":[{"name":"wp","href":"https:\/\/api.w.org\/{rel}","templated":true}]}}