{"id":9248,"date":"2025-03-12T16:54:33","date_gmt":"2025-03-12T08:54:33","guid":{"rendered":"https:\/\/telejammer.com\/usb-wifi-2-4g-5-2g-5-8g-signalblocker\/"},"modified":"2025-03-12T16:54:33","modified_gmt":"2025-03-12T08:54:33","slug":"usb-wifi-2-4g-5-2g-5-8g-signalblocker","status":"publish","type":"product","link":"https:\/\/telejammer.com\/de\/usb-wifi-2-4g-5-2g-5-8g-signalblocker\/","title":{"rendered":"USB WiFi 2.4G 5.2G 5.8G Signalblocker"},"content":{"rendered":"<h1>USB WiFi 2.4G 5.2G 5.8G Signalblocker<\/h1>\n<p><b>Tragbarer USB Flash Disk WiFi 2.4G 5.2g 5.8g Signal Blocker Verhindert Kinder spielen Spiel USB Mini WiFi Signal Jammer<\/b><\/p>\n<p><strong>Features:<\/strong><br \/>\nPers\u00f6nliche Sicherheit erwartet, Privatsph\u00e4re denfender.<br \/>\nUSB-Mini-Typ Aussehen<br \/>\nSolange es USB 3,7-6v Stromversorgung Schnittstelle alle k\u00f6nnen verwendet werden.<br \/>\nUnterst\u00fctzung Mobile Power Port Versorgung arbeiten<br \/>\nUm Ihre Privatsph\u00e4re zu sch\u00fctzen, wo und Informationen vertraulich<br \/>\nZum Blockieren GPS-Satellitenortung Tracking<br \/>\nNicht beeintr\u00e4chtigen Handys und andere elektronische Ger\u00e4te arbeiten<br \/>\nKleine Gr\u00f6\u00dfe, geringes Gewicht, leicht zu tragen<\/p>\n<p><strong>Anwendungen:<\/strong><br \/>\nAnti WIFI Signal<\/p>\n<p><strong>Technische Daten:<\/strong><\/p>\n<p>Arbeitsfrequenzbereich: <b>WIFI 2.4G 5.2G 5.8G<\/b><br \/>\nEffektive Reichweite von 5-10m(Blockradius)<br \/>\nBetriebstemperatur: -30~60\u00baC<br \/>\nRelative Luftfeuchtigkeit:5~95%<br \/>\nLagertemperatur:-50~+60\u00baC<br \/>\nGewicht: 50G<br \/>\nAbmessungen: 65X20X10MM<br \/>\nStromversorgung: DC 3.7-6V<br \/>\nUnterst\u00fctzung von Stromanschl\u00fcssen: Handy-Ladeger\u00e4t, mobile Powerbank, Android-Handy, PC, USB-Anschluss und so weiter.<\/p>\n","protected":false},"excerpt":{"rendered":"<h3>Home Tragbare USB Flash Disk WiFi 2.4G 5.2g 5.8g Signal Blocker Verhindert Kinder spielen Spiel USB Mini WiFi Signal Jammer<\/h3>\n","protected":false},"featured_media":2382,"comment_status":"open","ping_status":"closed","template":"","meta":{"_acf_changed":false,"_gspb_post_css":""},"product_cat":[182],"product_tag":[442],"product_brands":[],"class_list":{"0":"post-9248","1":"product","2":"type-product","3":"status-publish","4":"has-post-thumbnail","6":"product_cat-handheld-signal-jammer-de","7":"product_tag-wifi-jammer-de","9":"first","10":"instock","11":"sale","12":"shipping-taxable","13":"purchasable","14":"product-type-simple"},"ct_brands":[],"aioseo_notices":[],"acf":[],"_links":{"self":[{"href":"https:\/\/telejammer.com\/de\/wp-json\/wp\/v2\/product\/9248","targetHints":{"allow":["GET"]}}],"collection":[{"href":"https:\/\/telejammer.com\/de\/wp-json\/wp\/v2\/product"}],"about":[{"href":"https:\/\/telejammer.com\/de\/wp-json\/wp\/v2\/types\/product"}],"replies":[{"embeddable":true,"href":"https:\/\/telejammer.com\/de\/wp-json\/wp\/v2\/comments?post=9248"}],"wp:featuredmedia":[{"embeddable":true,"href":"https:\/\/telejammer.com\/de\/wp-json\/wp\/v2\/media\/2382"}],"wp:attachment":[{"href":"https:\/\/telejammer.com\/de\/wp-json\/wp\/v2\/media?parent=9248"}],"wp:term":[{"taxonomy":"product_cat","embeddable":true,"href":"https:\/\/telejammer.com\/de\/wp-json\/wp\/v2\/product_cat?post=9248"},{"taxonomy":"product_tag","embeddable":true,"href":"https:\/\/telejammer.com\/de\/wp-json\/wp\/v2\/product_tag?post=9248"},{"taxonomy":"product_brands","embeddable":true,"href":"https:\/\/telejammer.com\/de\/wp-json\/wp\/v2\/product_brands?post=9248"}],"curies":[{"name":"wp","href":"https:\/\/api.w.org\/{rel}","templated":true}]}}