{"id":9408,"date":"2025-02-14T14:57:55","date_gmt":"2025-02-14T06:57:55","guid":{"rendered":"https:\/\/telejammer.com\/bedingungen-konditionen\/"},"modified":"2025-03-29T15:39:14","modified_gmt":"2025-03-29T07:39:14","slug":"bedingungen-konditionen","status":"publish","type":"page","link":"https:\/\/telejammer.com\/de\/bedingungen-konditionen\/","title":{"rendered":"Bedingungen &amp; Konditionen"},"content":{"rendered":"\n<div class=\"wp-block-greenshift-blocks-container gspb_container gspb_container-gsbp-497bc73\" id=\"gspb_container-id-gsbp-497bc73\">\n<p>Produktpreise und Verf\u00fcgbarkeit k\u00f6nnen ohne vorherige Ank\u00fcndigung ge\u00e4ndert werden. Im Falle falscher Preisangaben aufgrund eines Druckfehlers oder falscher Preisinformationen von einem Lieferanten beh\u00e4lt sich Telejammer das Recht vor, jede Bestellung f\u00fcr ein Produkt mit falschem Preis abzulehnen oder zu stornieren, unabh\u00e4ngig davon, ob die Bestellung best\u00e4tigt oder Ihre Zahlung ausgef\u00fchrt wurde. Wenn Ihre Zahlung bereits erfolgt ist und Ihre Bestellung storniert wird, erstattet <strong>Telejammer<\/strong> Ihnen unverz\u00fcglich den Betrag auf Ihrem Zahlungsweg.  <\/p>\n\n\n\n<p>Alle auf der Website erscheinenden Bildschirme, einschlie\u00dflich Grafiken, Texte, Designs, Schaltfl\u00e4chen, Logos, Bilder und Icons sowie deren Auswahl, Zusammenstellung und Anordnung, sind das ausschlie\u00dfliche Eigentum von The Jammer Shop oder seiner Lieferanten und\/oder Lizenzgeber. Der Inhalt dieser Website ist nur f\u00fcr den Einkauf oder die Bestellung auf dieser Website bestimmt und darf nicht f\u00fcr andere Zwecke verwendet werden. Jede andere Verwendung in jeglicher Form oder mit jeglichen Mitteln, einschlie\u00dflich der \u00c4nderung, Vervielf\u00e4ltigung, des Hochladens, Versendens, \u00dcbertragens oder Verteilens, ist ohne die vorherige schriftliche Genehmigung von <strong>Telejammer<\/strong> strengstens untersagt. Die gesamte auf der Website verwendete Software ist das alleinige Eigentum von Telejammer oder der Software.   <\/p>\n\n\n\n<p><strong>Telejammer.com<\/strong> gibt keine ausdr\u00fccklichen oder stillschweigenden Zusicherungen oder Garantien in Bezug auf die auf Telejammer.com verkauften Produkte. In keinem Fall ist Telejammer.com f\u00fcr irgendwelche Sch\u00e4den haftbar, und insbesondere haftet Telejammer.com nicht f\u00fcr besondere, indirekte oder zuf\u00e4llige Sch\u00e4den oder f\u00fcr den Verlust von Eigentum, Einkommensverlust oder Nutzungsausfall durch die Notebook-Computer-Site oder die darin enthaltenen oder damit verbundenen Informationen, unabh\u00e4ngig davon, ob diese Sch\u00e4den durch Vertrag, Fahrl\u00e4ssigkeit, unerlaubte Handlung, Gesetz, Billigkeitsrecht oder auf andere Weise entstanden sind. <\/p>\n\n\n\n<p>Wir k\u00f6nnen die Nutzungsbedingungen von Zeit zu Zeit ohne Ank\u00fcndigung \u00e4ndern und aktualisieren. Bitte beachten Sie unsere Nutzungsbedingungen f\u00fcr die Erfassung, Verwendung und Weitergabe von Daten. Wenn Sie Fragen, Bedenken oder Kommentare zu dieser Datenschutzrichtlinie haben, kontaktieren Sie uns bitte unter info@Telejammer.com  <\/p>\n<\/div>\n\n<p><\/p>\n","protected":false},"excerpt":{"rendered":"","protected":false},"author":1,"featured_media":0,"parent":0,"menu_order":0,"comment_status":"closed","ping_status":"closed","template":"","meta":{"_acf_changed":false,"_gspb_post_css":".gspb_container-id-gsbp-497bc73{flex-direction:column;box-sizing:border-box}#gspb_container-id-gsbp-497bc73.gspb_container>p:last-of-type{margin-bottom:0}#gspb_container-id-gsbp-497bc73.gspb_container{position:relative}","footnotes":""},"class_list":["post-9408","page","type-page","status-publish","hentry"],"blocksy_meta":[],"aioseo_notices":[],"acf":[],"_links":{"self":[{"href":"https:\/\/telejammer.com\/de\/wp-json\/wp\/v2\/pages\/9408","targetHints":{"allow":["GET"]}}],"collection":[{"href":"https:\/\/telejammer.com\/de\/wp-json\/wp\/v2\/pages"}],"about":[{"href":"https:\/\/telejammer.com\/de\/wp-json\/wp\/v2\/types\/page"}],"author":[{"embeddable":true,"href":"https:\/\/telejammer.com\/de\/wp-json\/wp\/v2\/users\/1"}],"replies":[{"embeddable":true,"href":"https:\/\/telejammer.com\/de\/wp-json\/wp\/v2\/comments?post=9408"}],"version-history":[{"count":1,"href":"https:\/\/telejammer.com\/de\/wp-json\/wp\/v2\/pages\/9408\/revisions"}],"predecessor-version":[{"id":9410,"href":"https:\/\/telejammer.com\/de\/wp-json\/wp\/v2\/pages\/9408\/revisions\/9410"}],"wp:attachment":[{"href":"https:\/\/telejammer.com\/de\/wp-json\/wp\/v2\/media?parent=9408"}],"curies":[{"name":"wp","href":"https:\/\/api.w.org\/{rel}","templated":true}]}}