{"id":9400,"date":"2025-02-14T15:05:45","date_gmt":"2025-02-14T07:05:45","guid":{"rendered":"https:\/\/telejammer.com\/ruecksendungen-rueckerstattungen\/"},"modified":"2025-03-29T15:39:03","modified_gmt":"2025-03-29T07:39:03","slug":"ruecksendungen-rueckerstattungen","status":"publish","type":"page","link":"https:\/\/telejammer.com\/de\/ruecksendungen-rueckerstattungen\/","title":{"rendered":"R\u00fccksendungen &amp; R\u00fcckerstattungen"},"content":{"rendered":"\n<details class=\"wp-block-details is-layout-flow wp-block-details-is-layout-flow\"><summary>Alle Bestellungen in unserem Shop <strong>werden KOSTENLOS per Standardversand verschickt. <\/strong><br>Alle Bestellungen werden in der Regel innerhalb von 48 bis 72 Stunden von Montag bis Freitag bearbeitet, au\u00dfer an Wochenenden und Feiertagen.<br>Telejammer akzeptiert T\/T Bank zu Bank und Western Union<br>Wir unterst\u00fctzen auch Kreditkarten und verschiedene Geldb\u00f6rsen. Sie m\u00fcssen sich mit uns in Verbindung setzen, um Ihre Kontonummer zu erfragen.<br>Alle reduzierten Modelle sind Endverk\u00e4ufe. Keine R\u00fcckerstattung.<br>Bestellungen werden mit FEDEX, UPS, DHL und 4PX EXPRESS versandt.<br>Bestellungen werden voraussichtlich innerhalb von 5-7 Werktagen ab Bestelldatum geliefert (Wochenenden ausgeschlossen). Internationale Bestellungen werden innerhalb von 5 bis 7 Werktagen versandt und k\u00f6nnen je nach Versanddienstleister bis zu 14 Werktage in Anspruch nehmen.   <br><strong>SHIPPING &amp; TRACKING<\/strong><br>Sobald Ihre Bestellung unser Lager verl\u00e4sst, sind wir auf die Gnade des ausliefernden Spediteurs angewiesen, um sie zu Ihnen zu bringen. <br>Die Informationen zur Sendungsverfolgung werden Ihnen bei Versand per E-Mail zugesandt. Bitte vergessen Sie nicht, Ihr Paket zu verfolgen, daf\u00fcr ist der Kunde verantwortlich.   <strong>*Bitte pr\u00fcfen Sie den Spamfilter!<\/strong><br><strong>INTERNATIONALER VERSAND<\/strong><br>Kanada, Australien, Neuseeland, Vereinigtes K\u00f6nigreich, Mexiko, Frankreich, Deutschland, Norwegen, Schweden, D\u00e4nemark, Niederlande, Belgien, \u00d6sterreich, Spanien, Schweiz, Irland, Hongkong, Japan, Singapur, Tschechische Republik, S\u00fcdkorea, Griechenland, Israel, Taiwan, Antigua und Barbuda, Aruba, Argentinien, Bahamas, Barbados, Belize, Bermuda, Cayman-Inseln, China, Cook-Inseln, Kuba, Cura\u00e7ao, Dominica, Dominikanische Republik, Fidschi, Finnland, Gr\u00f6nland, Ungarn, Island, Jamaika, Philippinen, Polen, Costa Rica, Samoa, Salomonen, Thailand, Tonga, Turks- und Caicos-Inseln, United States Minor Outlying Islands, Vietnam, Virgin Islands.<br>Internationale Kunden sind f\u00fcr alle Steuern, Z\u00f6lle und Versandkosten in beide Richtungen &#8211; Versand und R\u00fccksendung &#8211; verantwortlich.<br>LEERE KOPFZEILE<br><strong>R\u00dcCKGABE &amp; UMTAUSCH<\/strong><br><strong>Sie haben 30 Tage Zeit, einen Artikel zur\u00fcckzugeben oder umzutauschen.<\/strong><br>Um Artikel zur\u00fcckzugeben oder umzutauschen, fordern Sie eine RETURN AUTHORIZATION an. <br>Telejammer akzeptiert die R\u00fcckgabe von ungetragener, ungewaschener und defekter Ware innerhalb von 30 Tagen nach dem Kauf. Die Artikel m\u00fcssen in demselben Zustand zur\u00fcckgegeben werden, in dem Sie sie erhalten haben; jegliche Anzeichen von Abnutzung werden nicht f\u00fcr die R\u00fcckgabe oder den Umtausch akzeptiert. Wenn Sie Ihre neue Ware anprobieren, bitten wir Sie, keine \u00e4therischen \u00d6le oder starken D\u00fcfte zu verwenden und\/oder Ihre pelzigen Freunde zu umarmen. Dies dringt in die Kleidungsst\u00fccke ein und macht sie unverk\u00e4uflich. Artikel, die an uns zur\u00fcckgeschickt werden &#8211; es sei denn, sie wurden defekt oder besch\u00e4digt geliefert &#8211; m\u00fcssen sich in einem wiederverkaufsf\u00e4higen Zustand befinden, damit wir Ihnen eine Gutschrift gew\u00e4hren k\u00f6nnen.    <br><br>Wir m\u00f6chten, dass Sie mit Ihrem Kauf zu 100% zufrieden sind, und empfehlen Ihnen, die Kleidungsst\u00fccke zu Hause anzuprobieren, um sicherzustellen, dass sie gut passen. Wir halten uns in unserem Lager an strenge Gesundheits- und Hygienevorschriften, damit Sie sich sicher f\u00fchlen k\u00f6nnen, wenn Sie die Kleidungsst\u00fccke anprobieren, die Sie von uns erhalten. Sollten Sie sich dennoch entscheiden, die Kleidungsst\u00fccke vor der Anprobe zu waschen, k\u00f6nnen wir sie leider nicht mehr zur\u00fccknehmen oder umtauschen. Wir danken Ihnen f\u00fcr Ihr Verst\u00e4ndnis! <br>Bitte f\u00fcgen Sie Ihrer Packliste eine detaillierte Notiz bei, um die Bearbeitung zu beschleunigen.<br>Telejammer-Artikel, die in unabh\u00e4ngigen Boutiquen und bei Einzelhandelspartnern gekauft wurden, m\u00fcssen an den Ort zur\u00fcckgegeben werden, an dem sie gekauft wurden.   <\/summary>\n<p><\/p>\n<\/details>\n","protected":false},"excerpt":{"rendered":"","protected":false},"author":1,"featured_media":0,"parent":0,"menu_order":0,"comment_status":"closed","ping_status":"closed","template":"","meta":{"_acf_changed":false,"_gspb_post_css":"","footnotes":""},"class_list":["post-9400","page","type-page","status-publish","hentry"],"blocksy_meta":[],"aioseo_notices":[],"acf":[],"_links":{"self":[{"href":"https:\/\/telejammer.com\/de\/wp-json\/wp\/v2\/pages\/9400","targetHints":{"allow":["GET"]}}],"collection":[{"href":"https:\/\/telejammer.com\/de\/wp-json\/wp\/v2\/pages"}],"about":[{"href":"https:\/\/telejammer.com\/de\/wp-json\/wp\/v2\/types\/page"}],"author":[{"embeddable":true,"href":"https:\/\/telejammer.com\/de\/wp-json\/wp\/v2\/users\/1"}],"replies":[{"embeddable":true,"href":"https:\/\/telejammer.com\/de\/wp-json\/wp\/v2\/comments?post=9400"}],"version-history":[{"count":1,"href":"https:\/\/telejammer.com\/de\/wp-json\/wp\/v2\/pages\/9400\/revisions"}],"predecessor-version":[{"id":9402,"href":"https:\/\/telejammer.com\/de\/wp-json\/wp\/v2\/pages\/9400\/revisions\/9402"}],"wp:attachment":[{"href":"https:\/\/telejammer.com\/de\/wp-json\/wp\/v2\/media?parent=9400"}],"curies":[{"name":"wp","href":"https:\/\/api.w.org\/{rel}","templated":true}]}}